
{"id":9782,"date":"2022-02-26T22:22:26","date_gmt":"2022-02-26T21:22:26","guid":{"rendered":"https:\/\/trinidad.salesianos.edu\/humanitates\/?page_id=9782"},"modified":"2023-06-02T17:25:14","modified_gmt":"2023-06-02T15:25:14","slug":"relatos-2","status":"publish","type":"page","link":"https:\/\/trinidad.salesianos.edu\/humanitates\/relatos-2\/","title":{"rendered":"Relatos"},"content":{"rendered":"<p>[et_pb_section fb_built=\u00bb1&#8243; fullwidth=\u00bbon\u00bb _builder_version=\u00bb4.16&#8243; _module_preset=\u00bbdefault\u00bb box_shadow_style=\u00bbpreset2&#8243; global_colors_info=\u00bb{}\u00bb][et_pb_fullwidth_header _builder_version=\u00bb4.16&#8243; _module_preset=\u00bbdefault\u00bb title_font=\u00bbABeeZee|||on|||||\u00bb title_text_align=\u00bbcenter\u00bb title_font_size=\u00bb63px\u00bb content_font=\u00bbPlayfair Display|900|||||||\u00bb content_text_align=\u00bbcenter\u00bb content_font_size=\u00bb60px\u00bb content_link_font=\u00bbAcme||||||||\u00bb background_color=\u00bbrgba(0,0,0,0.32)\u00bb background_image=\u00bbhttps:\/\/trinidad.salesianos.edu\/humanitates\/wp-content\/uploads\/sites\/18\/2022\/02\/relatos-scaled.jpg\u00bb background_blend=\u00bbmultiply\u00bb content_font_size_tablet=\u00bb60px\u00bb content_font_size_phone=\u00bb37px\u00bb content_font_size_last_edited=\u00bbon|phone\u00bb global_colors_info=\u00bb{}\u00bb]<\/p>\n<p>&nbsp;<\/p>\n<p>&nbsp;<\/p>\n<p>&nbsp;<\/p>\n<p>&nbsp;<\/p>\n<p>&nbsp;<\/p>\n<p>Relatos<\/p>\n<p>&nbsp;<\/p>\n<p>&nbsp;<\/p>\n<p>&nbsp;<\/p>\n<p>&nbsp;<\/p>\n<p>&nbsp;<\/p>\n<p>&nbsp;<\/p>\n<p>&nbsp;<\/p>\n<p>&nbsp;<\/p>\n<p>&nbsp;<\/p>\n<p>[\/et_pb_fullwidth_header][\/et_pb_section][et_pb_section fb_built=\u00bb1&#8243; _builder_version=\u00bb4.16&#8243; _module_preset=\u00bbdefault\u00bb global_colors_info=\u00bb{}\u00bb][et_pb_row _builder_version=\u00bb4.16&#8243; _module_preset=\u00bbdefault\u00bb global_colors_info=\u00bb{}\u00bb][et_pb_column type=\u00bb4_4&#8243; _builder_version=\u00bb4.16&#8243; _module_preset=\u00bbdefault\u00bb global_colors_info=\u00bb{}\u00bb][et_pb_text _builder_version=\u00bb4.21.0&#8243; _module_preset=\u00bbdefault\u00bb text_font=\u00bbOpen Sans||||||||\u00bb header_3_font=\u00bbPlayfair Display SC|900|||||||\u00bb header_3_font_size=\u00bb35px\u00bb hover_enabled=\u00bb0&#8243; global_colors_info=\u00bb{}\u00bb sticky_enabled=\u00bb0&#8243;]<\/p>\n<h3 style=\"text-align: right;\">En busca de la Obra: Cap\u00edtulo 4<\/h3>\n<p>[\/et_pb_text][et_pb_code raw_content_tablet=\u00bb<\/p>\n<div style=%22width: 100%;%22>\n<div style=%22position: relative; padding-bottom: 56.25%; padding-top: 0; height: 0;%22><iframe title=%22Copia - HUMANITATES 5 (HORIZONTAL)%22 frameborder=%220%22 width=%221200%22 height=%22675%22 style=%22position: absolute; top: 0; left: 0; width: 100%; height: 100%;%22 src=%22https:\/\/view.genial.ly\/6467acf560ff830011943f61%22 type=%22text\/html%22 allowscriptaccess=%22always%22 allowfullscreen=%22true%22 scrolling=%22yes%22 allownetworking=%22all%22><\/iframe> <\/div>\n<\/p><\/div>\n<p>  \u00bb raw_content_phone=\u00bb<\/p>\n<div style=%22width: 100%;%22>\n<div style=%22position: relative; padding-bottom: 200.00%; padding-top: 0; height: 0;%22><iframe title=%22Copia - HUMANITATES 5 (VERTICAL%22 frameborder=%220%22 width=%22800%22 height=%221600%22 style=%22position: absolute; top: 0; left: 0; width: 100%; height: 100%;%22 src=%22https:\/\/view.genial.ly\/6467acedc0de850019f292bd%22 type=%22text\/html%22 allowscriptaccess=%22always%22 allowfullscreen=%22true%22 scrolling=%22yes%22 allownetworking=%22all%22><\/iframe> <\/div>\n<\/p><\/div>\n<p>  \u00bb raw_content_last_edited=\u00bbon|tablet\u00bb _builder_version=\u00bb4.21.0&#8243; _module_preset=\u00bbdefault\u00bb hover_enabled=\u00bb0&#8243; border_radii=\u00bbon|15px|15px|15px|15px\u00bb box_shadow_style=\u00bbpreset2&#8243; global_colors_info=\u00bb{}\u00bb sticky_enabled=\u00bb0&#8243;]<\/p>\n<div style=\"width: 100%;\">\n<div style=\"position: relative; padding-bottom: 56.25%; padding-top: 0; height: 0;\"><iframe loading=\"lazy\" title=\"Copia - HUMANITATES 5 (HORIZONTAL)\" frameborder=\"0\" width=\"1200\" height=\"675\" style=\"position: absolute; top: 0; left: 0; width: 100%; height: 100%;\" src=\"https:\/\/view.genial.ly\/6467acf560ff830011943f61\" type=\"text\/html\" allowscriptaccess=\"always\" allowfullscreen=\"true\" scrolling=\"yes\" allownetworking=\"all\"><\/iframe> <\/div>\n<\/p><\/div>\n<p>  [\/et_pb_code][\/et_pb_column][\/et_pb_row][et_pb_row _builder_version=\u00bb4.16&#8243; _module_preset=\u00bbdefault\u00bb global_colors_info=\u00bb{}\u00bb][et_pb_column type=\u00bb4_4&#8243; _builder_version=\u00bb4.16&#8243; _module_preset=\u00bbdefault\u00bb global_colors_info=\u00bb{}\u00bb][et_pb_text _builder_version=\u00bb4.21.0&#8243; _module_preset=\u00bbdefault\u00bb text_font=\u00bbOpen Sans||||||||\u00bb header_3_font=\u00bbPlayfair Display SC|900|||||||\u00bb header_3_font_size=\u00bb35px\u00bb global_colors_info=\u00bb{}\u00bb]<\/p>\n<h3 style=\"text-align: left;\">En busca de la Obra: Cap\u00edtulo 3<\/h3>\n<p>[\/et_pb_text][et_pb_code raw_content_tablet=\u00bb<\/p>\n<div style=%22width: 100%;%22>\n<div style=%22position: relative; padding-bottom: 56.25%; padding-top: 0; height: 0;%22><iframe title=%22HUMANITATES 4 (HORIZONTAL)%22 frameborder=%220%22 width=%221200%22 height=%22675%22 style=%22position: absolute; top: 0; left: 0; width: 100%; height: 100%;%22 src=%22https:\/\/view.genial.ly\/64456dc65beb2c0018fb9d89%22 type=%22text\/html%22 allowscriptaccess=%22always%22 allowfullscreen=%22true%22 scrolling=%22yes%22 allownetworking=%22all%22><\/iframe> <\/div>\n<\/p><\/div>\n<p>\u00bb raw_content_phone=\u00bb<\/p>\n<div style=%22width: 100%;%22>\n<div style=%22position: relative; padding-bottom: 200.00%; padding-top: 0; height: 0;%22><iframe title=%22HUMANITATES 4 (VERTICAL%22 frameborder=%220%22 width=%22800%22 height=%221600%22 style=%22position: absolute; top: 0; left: 0; width: 100%; height: 100%;%22 src=%22https:\/\/view.genial.ly\/64456ddf402e81001820d495%22 type=%22text\/html%22 allowscriptaccess=%22always%22 allowfullscreen=%22true%22 scrolling=%22yes%22 allownetworking=%22all%22><\/iframe> <\/div>\n<\/p><\/div>\n<p> \u00bb raw_content_last_edited=\u00bbon|tablet\u00bb _builder_version=\u00bb4.21.0&#8243; _module_preset=\u00bbdefault\u00bb hover_enabled=\u00bb0&#8243; border_radii=\u00bbon|15px|15px|15px|15px\u00bb box_shadow_style=\u00bbpreset2&#8243; global_colors_info=\u00bb{}\u00bb sticky_enabled=\u00bb0&#8243;]<\/p>\n<div style=\"width: 100%;\">\n<div style=\"position: relative; padding-bottom: 56.25%; padding-top: 0; height: 0;\"><iframe loading=\"lazy\" title=\"HUMANITATES 4 (HORIZONTAL)\" frameborder=\"0\" width=\"1200\" height=\"675\" style=\"position: absolute; top: 0; left: 0; width: 100%; height: 100%;\" src=\"https:\/\/view.genial.ly\/64456dc65beb2c0018fb9d89\" type=\"text\/html\" allowscriptaccess=\"always\" allowfullscreen=\"true\" scrolling=\"yes\" allownetworking=\"all\"><\/iframe> <\/div>\n<\/p><\/div>\n<p>[\/et_pb_code][\/et_pb_column][\/et_pb_row][et_pb_row _builder_version=\u00bb4.16&#8243; _module_preset=\u00bbdefault\u00bb global_colors_info=\u00bb{}\u00bb][et_pb_column type=\u00bb4_4&#8243; _builder_version=\u00bb4.16&#8243; _module_preset=\u00bbdefault\u00bb global_colors_info=\u00bb{}\u00bb][et_pb_text _builder_version=\u00bb4.20.2&#8243; _module_preset=\u00bbdefault\u00bb text_font=\u00bbOpen Sans||||||||\u00bb header_3_font=\u00bbPlayfair Display SC|900|||||||\u00bb header_3_font_size=\u00bb35px\u00bb global_colors_info=\u00bb{}\u00bb]<\/p>\n<h3 style=\"text-align: right;\">En busca de la Obra: Cap\u00edtulo 2<\/h3>\n<p>[\/et_pb_text][et_pb_code raw_content_tablet=\u00bb<\/p>\n<div style=%22width: 100%;%22>\n<div style=%22position: relative; padding-bottom: 56.25%; padding-top: 0; height: 0;%22><iframe title=%22Genially sin t\u00edtulo%22 frameborder=%220%22 width=%221200%22 height=%22675%22 style=%22position: absolute; top: 0; left: 0; width: 100%; height: 100%;%22 src=%22https:\/\/view.genial.ly\/6415a38e27c73900198d4e6b%22 type=%22text\/html%22 allowscriptaccess=%22always%22 allowfullscreen=%22true%22 scrolling=%22yes%22 allownetworking=%22all%22><\/iframe> <\/div>\n<\/p><\/div>\n<p>\u00bb raw_content_phone=\u00bb<\/p>\n<div style=%22width: 100%;%22>\n<div style=%22position: relative; padding-bottom: 200.00%; padding-top: 0; height: 0;%22><iframe title=%22Genially sin t\u00edtulo%22 frameborder=%220%22 width=%22800%22 height=%221600%22 style=%22position: absolute; top: 0; left: 0; width: 100%; height: 100%;%22 src=%22https:\/\/view.genial.ly\/6415b7815ee32800196a0302%22 type=%22text\/html%22 allowscriptaccess=%22always%22 allowfullscreen=%22true%22 scrolling=%22yes%22 allownetworking=%22all%22><\/iframe> <\/div>\n<\/p><\/div>\n<p> \u00bb raw_content_last_edited=\u00bbon|phone\u00bb _builder_version=\u00bb4.20.2&#8243; _module_preset=\u00bbdefault\u00bb border_radii=\u00bbon|15px|15px|15px|15px\u00bb box_shadow_style=\u00bbpreset2&#8243; global_colors_info=\u00bb{}\u00bb]<\/p>\n<div style=\"width: 100%;\">\n<div style=\"position: relative; padding-bottom: 56.25%; padding-top: 0; height: 0;\"><iframe loading=\"lazy\" title=\"Genially sin t\u00edtulo\" frameborder=\"0\" width=\"1200\" height=\"675\" style=\"position: absolute; top: 0; left: 0; width: 100%; height: 100%;\" src=\"https:\/\/view.genial.ly\/6415a38e27c73900198d4e6b\" type=\"text\/html\" allowscriptaccess=\"always\" allowfullscreen=\"true\" scrolling=\"yes\" allownetworking=\"all\"><\/iframe> <\/div>\n<\/p><\/div>\n<p>[\/et_pb_code][\/et_pb_column][\/et_pb_row][et_pb_row _builder_version=\u00bb4.16&#8243; _module_preset=\u00bbdefault\u00bb global_colors_info=\u00bb{}\u00bb][et_pb_column type=\u00bb4_4&#8243; _builder_version=\u00bb4.16&#8243; _module_preset=\u00bbdefault\u00bb global_colors_info=\u00bb{}\u00bb][et_pb_text _builder_version=\u00bb4.20.2&#8243; _module_preset=\u00bbdefault\u00bb text_font=\u00bbOpen Sans||||||||\u00bb header_3_font=\u00bbPlayfair Display SC|900|||||||\u00bb header_3_font_size=\u00bb35px\u00bb global_colors_info=\u00bb{}\u00bb]<\/p>\n<h3 style=\"text-align: left;\">En busca de la Obra: Cap\u00edtulo 1<\/h3>\n<p>[\/et_pb_text][et_pb_code raw_content_tablet=\u00bb<\/p>\n<div style=%22width: 100%;%22>\n<div style=%22position: relative; padding-bottom: 56.25%; padding-top: 0; height: 0;%22><iframe title=%22EN BUSCA DE LA OBRA%22 frameborder=%220%22 width=%221200%22 height=%22675%22 style=%22position: absolute; top: 0; left: 0; width: 100%; height: 100%;%22 src=%22https:\/\/view.genial.ly\/63ed0d248669000011744ec7%22 type=%22text\/html%22 allowscriptaccess=%22always%22 allowfullscreen=%22true%22 scrolling=%22yes%22 allownetworking=%22all%22><\/iframe> <\/div>\n<\/p><\/div>\n<p>\u00bb raw_content_phone=\u00bb<\/p>\n<div style=%22width: 100%;%22>\n<div style=%22position: relative; padding-bottom: 177.78%; padding-top: 0; height: 0;%22><iframe title=%22EN BUSCA DE LA OBRA%22 frameborder=%220%22 width=%221080%22 height=%221920%22 style=%22position: absolute; top: 0; left: 0; width: 100%; height: 100%;%22 src=%22https:\/\/view.genial.ly\/63f65571218869001341661e%22 type=%22text\/html%22 allowscriptaccess=%22always%22 allowfullscreen=%22true%22 scrolling=%22yes%22 allownetworking=%22all%22><\/iframe> <\/div>\n<\/p><\/div>\n<p>\u00bb raw_content_last_edited=\u00bbon|tablet\u00bb _builder_version=\u00bb4.20.2&#8243; _module_preset=\u00bbdefault\u00bb border_radii=\u00bbon|15px|15px|15px|15px\u00bb box_shadow_style=\u00bbpreset2&#8243; global_colors_info=\u00bb{}\u00bb]<\/p>\n<div style=\"width: 100%;\">\n<div style=\"position: relative; padding-bottom: 56.25%; padding-top: 0; height: 0;\"><iframe loading=\"lazy\" title=\"EN BUSCA DE LA OBRA\" frameborder=\"0\" width=\"1200\" height=\"675\" style=\"position: absolute; top: 0; left: 0; width: 100%; height: 100%;\" src=\"https:\/\/view.genial.ly\/63ed0d248669000011744ec7\" type=\"text\/html\" allowscriptaccess=\"always\" allowfullscreen=\"true\" scrolling=\"yes\" allownetworking=\"all\"><\/iframe> <\/div>\n<\/p><\/div>\n<p>[\/et_pb_code][\/et_pb_column][\/et_pb_row][et_pb_row _builder_version=\u00bb4.16&#8243; _module_preset=\u00bbdefault\u00bb global_colors_info=\u00bb{}\u00bb][et_pb_column type=\u00bb4_4&#8243; _builder_version=\u00bb4.16&#8243; _module_preset=\u00bbdefault\u00bb global_colors_info=\u00bb{}\u00bb][et_pb_text _builder_version=\u00bb4.17.4&#8243; _module_preset=\u00bbdefault\u00bb text_font=\u00bbOpen Sans||||||||\u00bb header_3_font=\u00bbPlayfair Display SC|900|||||||\u00bb header_3_font_size=\u00bb37px\u00bb global_colors_info=\u00bb{}\u00bb]<\/p>\n<h3 style=\"text-align: right;\">Un bajo coste<\/h3>\n<p>[\/et_pb_text][et_pb_text _builder_version=\u00bb4.18.0&#8243; _module_preset=\u00bbdefault\u00bb text_font=\u00bbOpen Sans||||||||\u00bb global_colors_info=\u00bb{}\u00bb]<\/p>\n<p dir=\"ltr\" style=\"text-align: right;\"><em>Relato escrito por David Lorenzana<\/em><\/p>\n<p>A veces en la vida pasamos por momentos en aquellos a quienes ser expresivos nos averg\u00fcenza, como un <em>te quiero<\/em> despu\u00e9s de un abrazo o como un perd\u00f3n tras una discusi\u00f3n. Eso pasa miles y miles de veces a lo largo de nuestras vidas, seguro que alguna vez te has arrepentido por quedarte con las ganas de decir un \u00faltimo adi\u00f3s porque no sab\u00edas que no iba a ser un hasta luego, as\u00ed por el resto de nuestra vida\/existencia vamos dejando deudas en forma de besos, favores, perdones, risas y l\u00e1grimas, aun teniendo tanto dinero para saldarlas en forma de <em>te quieros<\/em>, chistes, burlas sanas \u2026<\/p>\n<p>[\/et_pb_text][\/et_pb_column][\/et_pb_row][et_pb_row _builder_version=\u00bb4.16&#8243; _module_preset=\u00bbdefault\u00bb global_colors_info=\u00bb{}\u00bb][et_pb_column type=\u00bb4_4&#8243; _builder_version=\u00bb4.16&#8243; _module_preset=\u00bbdefault\u00bb global_colors_info=\u00bb{}\u00bb][et_pb_text _builder_version=\u00bb4.16&#8243; _module_preset=\u00bbdefault\u00bb text_font=\u00bbOpen Sans||||||||\u00bb header_3_font=\u00bbPlayfair Display SC|900|||||||\u00bb header_3_font_size=\u00bb37px\u00bb global_colors_info=\u00bb{}\u00bb]<\/p>\n<h3>La gota que colm\u00f3 el vaso<\/h3>\n<p>[\/et_pb_text][et_pb_text _builder_version=\u00bb4.16&#8243; _module_preset=\u00bbdefault\u00bb text_font=\u00bbOpen Sans||||||||\u00bb global_colors_info=\u00bb{}\u00bb]<\/p>\n<p dir=\"ltr\" style=\"text-align: right;\"><em>Relato escrito por David Zamorano<\/em><\/p>\n<p dir=\"ltr\" style=\"text-align: justify;\"><span>Era una tarde de verano. Una chica con mirada t\u00edmida a punto de romper en llanto, se observaba a s\u00ed misma en el espejo. Con su dedo se\u00f1alaba cada parte de ella que deseaba cambiar; d\u00eda tras d\u00eda repet\u00eda esa acci\u00f3n despu\u00e9s de darse un ba\u00f1o, pero, poco a poco, se fue aceptando hasta que al fin lo consigui\u00f3. Una ma\u00f1ana decidi\u00f3 dar un paseo por la costa. Todos la miraban de arriba a abajo y eso la incomodaba, pero no fren\u00f3 su paseo. Al rato pas\u00f3 un grupo de adolescentes de su misma edad a su lado y cuando se alejaron le grit\u00f3 uno de ellos en voz alta \u201cChica, a ver si comemos menos\u201d. Ella rompi\u00f3 a llorar y fue corriendo a su casa. Mientras cerraba la puerta de su habitaci\u00f3n se desplom\u00f3 poco a poco hasta quedarse tirada en el suelo, donde dej\u00f3 una nota en la que pon\u00eda \u201c\u00a1Qu\u00e9 bonita me ve\u00eda hasta que me dijeron lo fea que me ven!\u201d. Tras hacer esto traspas\u00f3 su piel con un solo corte. A partir de esa ma\u00f1ana no se supo nada m\u00e1s de ella.<\/span><\/p>\n<p dir=\"ltr\" style=\"text-align: justify;\"><span>Cuida tus palabras. Son capaces de derrumbar a alguien.<\/span><\/p>\n<p>[\/et_pb_text][\/et_pb_column][\/et_pb_row][\/et_pb_section]<\/p>\n","protected":false},"excerpt":{"rendered":"<p>&nbsp; &nbsp; &nbsp; &nbsp; &nbsp; Relatos &nbsp; &nbsp; &nbsp; &nbsp; &nbsp; &nbsp; &nbsp; &nbsp; &nbsp;En busca de la Obra: Cap\u00edtulo 4En busca de la Obra: Cap\u00edtulo 3En busca de la Obra: Cap\u00edtulo 2En busca de la Obra: Cap\u00edtulo 1Un bajo costeRelato escrito por David Lorenzana A veces en la vida pasamos por momentos en aquellos [&hellip;]<\/p>\n","protected":false},"author":3,"featured_media":0,"parent":0,"menu_order":0,"comment_status":"closed","ping_status":"closed","template":"","meta":{"_et_pb_use_builder":"on","_et_pb_old_content":"","_et_gb_content_width":"","footnotes":""},"class_list":["post-9782","page","type-page","status-publish","hentry"],"yoast_head":"<!-- This site is optimized with the Yoast SEO plugin v27.3 - https:\/\/yoast.com\/product\/yoast-seo-wordpress\/ -->\n<title>Relatos - Humanitates<\/title>\n<meta name=\"robots\" content=\"index, follow, max-snippet:-1, max-image-preview:large, max-video-preview:-1\" \/>\n<link rel=\"canonical\" href=\"https:\/\/trinidad.salesianos.edu\/humanitates\/relatos-2\/\" \/>\n<meta property=\"og:locale\" content=\"es_ES\" \/>\n<meta property=\"og:type\" content=\"article\" \/>\n<meta property=\"og:title\" content=\"Relatos - Humanitates\" \/>\n<meta property=\"og:description\" content=\"&nbsp; &nbsp; &nbsp; &nbsp; &nbsp; Relatos &nbsp; &nbsp; &nbsp; &nbsp; &nbsp; &nbsp; &nbsp; &nbsp; &nbsp;En busca de la Obra: Cap\u00edtulo 4En busca de la Obra: Cap\u00edtulo 3En busca de la Obra: Cap\u00edtulo 2En busca de la Obra: Cap\u00edtulo 1Un bajo costeRelato escrito por David Lorenzana A veces en la vida pasamos por momentos en aquellos [&hellip;]\" \/>\n<meta property=\"og:url\" content=\"https:\/\/trinidad.salesianos.edu\/humanitates\/relatos-2\/\" \/>\n<meta property=\"og:site_name\" content=\"Humanitates\" \/>\n<meta property=\"article:modified_time\" content=\"2023-06-02T15:25:14+00:00\" \/>\n<meta name=\"twitter:card\" content=\"summary_large_image\" \/>\n<meta name=\"twitter:label1\" content=\"Tiempo de lectura\" \/>\n\t<meta name=\"twitter:data1\" content=\"5 minutos\" \/>\n<script type=\"application\/ld+json\" class=\"yoast-schema-graph\">{\"@context\":\"https:\\\/\\\/schema.org\",\"@graph\":[{\"@type\":\"WebPage\",\"@id\":\"https:\\\/\\\/trinidad.salesianos.edu\\\/humanitates\\\/relatos-2\\\/\",\"url\":\"https:\\\/\\\/trinidad.salesianos.edu\\\/humanitates\\\/relatos-2\\\/\",\"name\":\"Relatos - Humanitates\",\"isPartOf\":{\"@id\":\"https:\\\/\\\/trinidad.salesianos.edu\\\/humanitates\\\/#website\"},\"datePublished\":\"2022-02-26T21:22:26+00:00\",\"dateModified\":\"2023-06-02T15:25:14+00:00\",\"breadcrumb\":{\"@id\":\"https:\\\/\\\/trinidad.salesianos.edu\\\/humanitates\\\/relatos-2\\\/#breadcrumb\"},\"inLanguage\":\"es\",\"potentialAction\":[{\"@type\":\"ReadAction\",\"target\":[\"https:\\\/\\\/trinidad.salesianos.edu\\\/humanitates\\\/relatos-2\\\/\"]}]},{\"@type\":\"BreadcrumbList\",\"@id\":\"https:\\\/\\\/trinidad.salesianos.edu\\\/humanitates\\\/relatos-2\\\/#breadcrumb\",\"itemListElement\":[{\"@type\":\"ListItem\",\"position\":1,\"name\":\"Portada\",\"item\":\"https:\\\/\\\/trinidad.salesianos.edu\\\/humanitates\\\/\"},{\"@type\":\"ListItem\",\"position\":2,\"name\":\"Relatos\"}]},{\"@type\":\"WebSite\",\"@id\":\"https:\\\/\\\/trinidad.salesianos.edu\\\/humanitates\\\/#website\",\"url\":\"https:\\\/\\\/trinidad.salesianos.edu\\\/humanitates\\\/\",\"name\":\"Humanitates\",\"description\":\"\",\"potentialAction\":[{\"@type\":\"SearchAction\",\"target\":{\"@type\":\"EntryPoint\",\"urlTemplate\":\"https:\\\/\\\/trinidad.salesianos.edu\\\/humanitates\\\/?s={search_term_string}\"},\"query-input\":{\"@type\":\"PropertyValueSpecification\",\"valueRequired\":true,\"valueName\":\"search_term_string\"}}],\"inLanguage\":\"es\"}]}<\/script>\n<!-- \/ Yoast SEO plugin. -->","yoast_head_json":{"title":"Relatos - Humanitates","robots":{"index":"index","follow":"follow","max-snippet":"max-snippet:-1","max-image-preview":"max-image-preview:large","max-video-preview":"max-video-preview:-1"},"canonical":"https:\/\/trinidad.salesianos.edu\/humanitates\/relatos-2\/","og_locale":"es_ES","og_type":"article","og_title":"Relatos - Humanitates","og_description":"&nbsp; &nbsp; &nbsp; &nbsp; &nbsp; Relatos &nbsp; &nbsp; &nbsp; &nbsp; &nbsp; &nbsp; &nbsp; &nbsp; &nbsp;En busca de la Obra: Cap\u00edtulo 4En busca de la Obra: Cap\u00edtulo 3En busca de la Obra: Cap\u00edtulo 2En busca de la Obra: Cap\u00edtulo 1Un bajo costeRelato escrito por David Lorenzana A veces en la vida pasamos por momentos en aquellos [&hellip;]","og_url":"https:\/\/trinidad.salesianos.edu\/humanitates\/relatos-2\/","og_site_name":"Humanitates","article_modified_time":"2023-06-02T15:25:14+00:00","twitter_card":"summary_large_image","twitter_misc":{"Tiempo de lectura":"5 minutos"},"schema":{"@context":"https:\/\/schema.org","@graph":[{"@type":"WebPage","@id":"https:\/\/trinidad.salesianos.edu\/humanitates\/relatos-2\/","url":"https:\/\/trinidad.salesianos.edu\/humanitates\/relatos-2\/","name":"Relatos - Humanitates","isPartOf":{"@id":"https:\/\/trinidad.salesianos.edu\/humanitates\/#website"},"datePublished":"2022-02-26T21:22:26+00:00","dateModified":"2023-06-02T15:25:14+00:00","breadcrumb":{"@id":"https:\/\/trinidad.salesianos.edu\/humanitates\/relatos-2\/#breadcrumb"},"inLanguage":"es","potentialAction":[{"@type":"ReadAction","target":["https:\/\/trinidad.salesianos.edu\/humanitates\/relatos-2\/"]}]},{"@type":"BreadcrumbList","@id":"https:\/\/trinidad.salesianos.edu\/humanitates\/relatos-2\/#breadcrumb","itemListElement":[{"@type":"ListItem","position":1,"name":"Portada","item":"https:\/\/trinidad.salesianos.edu\/humanitates\/"},{"@type":"ListItem","position":2,"name":"Relatos"}]},{"@type":"WebSite","@id":"https:\/\/trinidad.salesianos.edu\/humanitates\/#website","url":"https:\/\/trinidad.salesianos.edu\/humanitates\/","name":"Humanitates","description":"","potentialAction":[{"@type":"SearchAction","target":{"@type":"EntryPoint","urlTemplate":"https:\/\/trinidad.salesianos.edu\/humanitates\/?s={search_term_string}"},"query-input":{"@type":"PropertyValueSpecification","valueRequired":true,"valueName":"search_term_string"}}],"inLanguage":"es"}]}},"_links":{"self":[{"href":"https:\/\/trinidad.salesianos.edu\/humanitates\/wp-json\/wp\/v2\/pages\/9782","targetHints":{"allow":["GET"]}}],"collection":[{"href":"https:\/\/trinidad.salesianos.edu\/humanitates\/wp-json\/wp\/v2\/pages"}],"about":[{"href":"https:\/\/trinidad.salesianos.edu\/humanitates\/wp-json\/wp\/v2\/types\/page"}],"author":[{"embeddable":true,"href":"https:\/\/trinidad.salesianos.edu\/humanitates\/wp-json\/wp\/v2\/users\/3"}],"replies":[{"embeddable":true,"href":"https:\/\/trinidad.salesianos.edu\/humanitates\/wp-json\/wp\/v2\/comments?post=9782"}],"version-history":[{"count":15,"href":"https:\/\/trinidad.salesianos.edu\/humanitates\/wp-json\/wp\/v2\/pages\/9782\/revisions"}],"predecessor-version":[{"id":10278,"href":"https:\/\/trinidad.salesianos.edu\/humanitates\/wp-json\/wp\/v2\/pages\/9782\/revisions\/10278"}],"wp:attachment":[{"href":"https:\/\/trinidad.salesianos.edu\/humanitates\/wp-json\/wp\/v2\/media?parent=9782"}],"curies":[{"name":"wp","href":"https:\/\/api.w.org\/{rel}","templated":true}]}}