
{"id":9741,"date":"2022-02-26T21:14:53","date_gmt":"2022-02-26T20:14:53","guid":{"rendered":"https:\/\/trinidad.salesianos.edu\/humanitates\/?page_id=9741"},"modified":"2022-02-28T17:14:09","modified_gmt":"2022-02-28T16:14:09","slug":"el-legado-de-los-clasicos","status":"publish","type":"page","link":"https:\/\/trinidad.salesianos.edu\/humanitates\/el-legado-de-los-clasicos\/","title":{"rendered":"El legado de los cl\u00e1sicos"},"content":{"rendered":"<p>[et_pb_section fb_built=\u00bb1&#8243; fullwidth=\u00bbon\u00bb _builder_version=\u00bb4.14.8&#8243; _module_preset=\u00bbdefault\u00bb box_shadow_style=\u00bbpreset2&#8243; global_colors_info=\u00bb{}\u00bb][et_pb_fullwidth_header _builder_version=\u00bb4.14.8&#8243; _module_preset=\u00bbdefault\u00bb title_font=\u00bbABeeZee|||on|||||\u00bb title_text_align=\u00bbcenter\u00bb title_font_size=\u00bb63px\u00bb content_font=\u00bbPlayfair Display|900|||||||\u00bb content_text_align=\u00bbcenter\u00bb content_font_size=\u00bb61px\u00bb content_letter_spacing=\u00bb4px\u00bb content_link_font=\u00bbAcme||||||||\u00bb background_color=\u00bbrgba(0,0,0,0.32)\u00bb background_image=\u00bbhttps:\/\/trinidad.salesianos.edu\/humanitates\/wp-content\/uploads\/sites\/18\/2022\/02\/legado-de-los-clasicos-1-scaled.jpg\u00bb background_blend=\u00bbmultiply\u00bb hover_enabled=\u00bb0&#8243; content_font_size_tablet=\u00bb61px\u00bb content_font_size_phone=\u00bb53px\u00bb content_font_size_last_edited=\u00bbon|phone\u00bb content_line_height_tablet=\u00bb0.7em\u00bb content_line_height_phone=\u00bb1em\u00bb content_line_height_last_edited=\u00bbon|tablet\u00bb global_colors_info=\u00bb{}\u00bb sticky_enabled=\u00bb0&#8243;]<\/p>\n<p>&nbsp;<\/p>\n<p>&nbsp;<\/p>\n<p>&nbsp;<\/p>\n<p>&nbsp;<\/p>\n<p>&nbsp;<\/p>\n<p>El legado de los cl\u00e1sicos<\/p>\n<p>&nbsp;<\/p>\n<p>&nbsp;<\/p>\n<p>&nbsp;<\/p>\n<p>&nbsp;<\/p>\n<p>&nbsp;<\/p>\n<p>&nbsp;<\/p>\n<p>&nbsp;<\/p>\n<p>&nbsp;<\/p>\n<p>[\/et_pb_fullwidth_header][\/et_pb_section][et_pb_section fb_built=\u00bb1&#8243; _builder_version=\u00bb4.14.8&#8243; _module_preset=\u00bbdefault\u00bb global_colors_info=\u00bb{}\u00bb][et_pb_row _builder_version=\u00bb4.14.8&#8243; _module_preset=\u00bbdefault\u00bb global_colors_info=\u00bb{}\u00bb][et_pb_column type=\u00bb4_4&#8243; _builder_version=\u00bb4.14.8&#8243; _module_preset=\u00bbdefault\u00bb global_colors_info=\u00bb{}\u00bb][et_pb_text _builder_version=\u00bb4.14.8&#8243; _module_preset=\u00bbdefault\u00bb text_font=\u00bbOpen Sans||||||||\u00bb header_3_font=\u00bbPlayfair Display SC|900|||||||\u00bb header_3_font_size=\u00bb37px\u00bb header_3_font_size_tablet=\u00bb37px\u00bb header_3_font_size_phone=\u00bb37px\u00bb header_3_font_size_last_edited=\u00bbon|desktop\u00bb global_colors_info=\u00bb{}\u00bb]<\/p>\n<div class=\"oKdM2c Kzv0Me\">\n<div id=\"h.286b6cf211998731_40\" class=\"hJDwNd-AhqUyc-zQtlcf jXK9ad D2fZ2 OjCsFc GNzUNc\">\n<div class=\"jXK9ad-SmKAyb\">\n<div class=\"tyJCtd mGzaTb baZpAe\">\n<h3 jscontroller=\"Ae65rd\" jsaction=\"touchstart:UrsOsc; click:KjsqPd; focusout:QZoaZ; mouseover:y0pDld; mouseout:dq0hvd;fv1Rjc:jbFSOd;CrfLRd:SzACGe;\" class=\"CjVfdc\"><span><strong>El origen de la fiesta de San Valent\u00edn<\/strong><\/span><\/h3>\n<\/div>\n<\/div>\n<\/div>\n<\/div>\n<p>[\/et_pb_text][et_pb_text _builder_version=\u00bb4.14.8&#8243; _module_preset=\u00bbdefault\u00bb text_font=\u00bbOpen Sans||||||||\u00bb header_3_font=\u00bbPlayfair Display SC|900|||||||\u00bb header_3_font_size=\u00bb25px\u00bb global_colors_info=\u00bb{}\u00bb]<\/p>\n<div class=\"oKdM2c\">\n<div id=\"h.286b6cf211998731_42\" class=\"hJDwNd-AhqUyc-zQtlcf jXK9ad D2fZ2 wHaque GNzUNc\">\n<div class=\"jXK9ad-SmKAyb\">\n<div class=\"tyJCtd mGzaTb baZpAe\">\n<p dir=\"ltr\" class=\"CDt4Ke zfr3Q\" style=\"text-align: right;\"><em>Juan Gregorio Mora<\/em><\/p>\n<p dir=\"ltr\" class=\"CDt4Ke zfr3Q\" style=\"text-align: justify;\"><span>En el d\u00eda de hoy voy a contar el origen de la fiesta de San Valent\u00edn, que como una gran cantidad de festividades actuales, tiene su origen en Roma.<\/span><\/p>\n<p dir=\"ltr\" class=\"CDt4Ke zfr3Q\" style=\"text-align: justify;\"><span>Esta fiesta tiene su origen en la Lupercalia romana. La Lupercalia era una fiesta que se celebraba entre el 13 y el 15 de febrero en honor a Luperco, el dios de los pastores. Las lupercales absorbieron a Februa, un ritual de limpieza m\u00e1s antiguo que se celebraba al principio de la primavera y que dio nombre al mes de Febrero (<\/span><span><em>Februarius\u00a0<\/em><\/span><span>en lat\u00edn).<\/span><\/p>\n<p dir=\"ltr\" class=\"CDt4Ke zfr3Q\" style=\"text-align: justify;\"><span>La fiesta de la lupercalia consist\u00eda en un grupo de muchachos (Que eran elegidos) iban por el bosque disfrazados de animal, el d\u00eda 14 se reun\u00edan todos los lupercos en la higuera Ruminalis (Seg\u00fan la tradici\u00f3n romana, es el sitio donde la loba Luperca amamant\u00f3 a R\u00f3mulo y Remo) con una cabra, a la cual primero orde\u00f1aban, despu\u00e9s la cabra era inmolada y los lupercos se untaban con la sangre de la cabra, le arrancaban la lana de la cabra para mojarla en su leche y quitarse la sangre, luego desollaban la cabra para vestirse con trozos de su piel, luego los lupercos desfilaban hacia Roma dando azotes con l\u00e1tigos fabricados con trozos de la piel de la cabra y mojados en su sangre. Se dec\u00eda que este ritual aumentaba la fertilidad.<\/span><\/p>\n<p dir=\"ltr\" class=\"CDt4Ke zfr3Q\" style=\"text-align: justify;\"><span>Esta fiesta se celebr\u00f3 hasta que el papa Gelasio I la prohibi\u00f3 por considerarlo una conducta poco adecuada y dedicarle esa festividad del d\u00eda 14 a San Valent\u00edn, un m\u00e1rtir de la Iglesia Cat\u00f3lica, en su momento, nadie quer\u00eda celebrar San Valent\u00edn, hasta que 1000 a\u00f1os despu\u00e9s, el poeta Geoffrey Chaucer escribi\u00f3 un poema sobre San Valent\u00edn que hizo que la popularidad de la fiesta aumentara r\u00e1pidamente.<\/span><\/p>\n<\/div>\n<\/div>\n<\/div>\n<\/div>\n<p>[\/et_pb_text][et_pb_text _builder_version=\u00bb4.14.8&#8243; _module_preset=\u00bbdefault\u00bb global_colors_info=\u00bb{}\u00bb]<\/p>\n<p><span>Este video explica un poco mejor esta fiesta:<\/span><\/p>\n<p>[\/et_pb_text][\/et_pb_column][\/et_pb_row][et_pb_row _builder_version=\u00bb4.14.8&#8243; _module_preset=\u00bbdefault\u00bb global_colors_info=\u00bb{}\u00bb][et_pb_column type=\u00bb4_4&#8243; _builder_version=\u00bb4.14.8&#8243; _module_preset=\u00bbdefault\u00bb global_colors_info=\u00bb{}\u00bb][et_pb_code _builder_version=\u00bb4.14.8&#8243; _module_preset=\u00bbdefault\u00bb global_colors_info=\u00bb{}\u00bb]<iframe loading=\"lazy\" width=\"900\" height=\"506\" src=\"https:\/\/www.youtube.com\/embed\/n7puqyrz_uo\" title=\"YouTube video player\" frameborder=\"0\" allow=\"accelerometer; autoplay; clipboard-write; encrypted-media; gyroscope; picture-in-picture\" allowfullscreen><\/iframe>[\/et_pb_code][\/et_pb_column][\/et_pb_row][\/et_pb_section]<\/p>\n","protected":false},"excerpt":{"rendered":"<p>&nbsp; &nbsp; &nbsp; &nbsp; &nbsp; El legado de los cl\u00e1sicos &nbsp; &nbsp; &nbsp; &nbsp; &nbsp; &nbsp; &nbsp; &nbsp; El origen de la fiesta de San Valent\u00edn Juan Gregorio Mora En el d\u00eda de hoy voy a contar el origen de la fiesta de San Valent\u00edn, que como una gran cantidad de festividades actuales, tiene su [&hellip;]<\/p>\n","protected":false},"author":3,"featured_media":0,"parent":0,"menu_order":0,"comment_status":"closed","ping_status":"closed","template":"","meta":{"_et_pb_use_builder":"on","_et_pb_old_content":"","_et_gb_content_width":"","footnotes":""},"class_list":["post-9741","page","type-page","status-publish","hentry"],"yoast_head":"<!-- This site is optimized with the Yoast SEO plugin v27.3 - https:\/\/yoast.com\/product\/yoast-seo-wordpress\/ -->\n<title>El legado de los cl\u00e1sicos - Humanitates<\/title>\n<meta name=\"robots\" content=\"index, follow, max-snippet:-1, max-image-preview:large, max-video-preview:-1\" \/>\n<link rel=\"canonical\" href=\"https:\/\/trinidad.salesianos.edu\/humanitates\/el-legado-de-los-clasicos\/\" \/>\n<meta property=\"og:locale\" content=\"es_ES\" \/>\n<meta property=\"og:type\" content=\"article\" \/>\n<meta property=\"og:title\" content=\"El legado de los cl\u00e1sicos - Humanitates\" \/>\n<meta property=\"og:description\" content=\"&nbsp; &nbsp; &nbsp; &nbsp; &nbsp; El legado de los cl\u00e1sicos &nbsp; &nbsp; &nbsp; &nbsp; &nbsp; &nbsp; &nbsp; &nbsp; El origen de la fiesta de San Valent\u00edn Juan Gregorio Mora En el d\u00eda de hoy voy a contar el origen de la fiesta de San Valent\u00edn, que como una gran cantidad de festividades actuales, tiene su [&hellip;]\" \/>\n<meta property=\"og:url\" content=\"https:\/\/trinidad.salesianos.edu\/humanitates\/el-legado-de-los-clasicos\/\" \/>\n<meta property=\"og:site_name\" content=\"Humanitates\" \/>\n<meta property=\"article:modified_time\" content=\"2022-02-28T16:14:09+00:00\" \/>\n<meta name=\"twitter:card\" content=\"summary_large_image\" \/>\n<meta name=\"twitter:label1\" content=\"Tiempo de lectura\" \/>\n\t<meta name=\"twitter:data1\" content=\"3 minutos\" \/>\n<script type=\"application\/ld+json\" class=\"yoast-schema-graph\">{\"@context\":\"https:\\\/\\\/schema.org\",\"@graph\":[{\"@type\":\"WebPage\",\"@id\":\"https:\\\/\\\/trinidad.salesianos.edu\\\/humanitates\\\/el-legado-de-los-clasicos\\\/\",\"url\":\"https:\\\/\\\/trinidad.salesianos.edu\\\/humanitates\\\/el-legado-de-los-clasicos\\\/\",\"name\":\"El legado de los cl\u00e1sicos - Humanitates\",\"isPartOf\":{\"@id\":\"https:\\\/\\\/trinidad.salesianos.edu\\\/humanitates\\\/#website\"},\"datePublished\":\"2022-02-26T20:14:53+00:00\",\"dateModified\":\"2022-02-28T16:14:09+00:00\",\"breadcrumb\":{\"@id\":\"https:\\\/\\\/trinidad.salesianos.edu\\\/humanitates\\\/el-legado-de-los-clasicos\\\/#breadcrumb\"},\"inLanguage\":\"es\",\"potentialAction\":[{\"@type\":\"ReadAction\",\"target\":[\"https:\\\/\\\/trinidad.salesianos.edu\\\/humanitates\\\/el-legado-de-los-clasicos\\\/\"]}]},{\"@type\":\"BreadcrumbList\",\"@id\":\"https:\\\/\\\/trinidad.salesianos.edu\\\/humanitates\\\/el-legado-de-los-clasicos\\\/#breadcrumb\",\"itemListElement\":[{\"@type\":\"ListItem\",\"position\":1,\"name\":\"Portada\",\"item\":\"https:\\\/\\\/trinidad.salesianos.edu\\\/humanitates\\\/\"},{\"@type\":\"ListItem\",\"position\":2,\"name\":\"El legado de los cl\u00e1sicos\"}]},{\"@type\":\"WebSite\",\"@id\":\"https:\\\/\\\/trinidad.salesianos.edu\\\/humanitates\\\/#website\",\"url\":\"https:\\\/\\\/trinidad.salesianos.edu\\\/humanitates\\\/\",\"name\":\"Humanitates\",\"description\":\"\",\"potentialAction\":[{\"@type\":\"SearchAction\",\"target\":{\"@type\":\"EntryPoint\",\"urlTemplate\":\"https:\\\/\\\/trinidad.salesianos.edu\\\/humanitates\\\/?s={search_term_string}\"},\"query-input\":{\"@type\":\"PropertyValueSpecification\",\"valueRequired\":true,\"valueName\":\"search_term_string\"}}],\"inLanguage\":\"es\"}]}<\/script>\n<!-- \/ Yoast SEO plugin. -->","yoast_head_json":{"title":"El legado de los cl\u00e1sicos - Humanitates","robots":{"index":"index","follow":"follow","max-snippet":"max-snippet:-1","max-image-preview":"max-image-preview:large","max-video-preview":"max-video-preview:-1"},"canonical":"https:\/\/trinidad.salesianos.edu\/humanitates\/el-legado-de-los-clasicos\/","og_locale":"es_ES","og_type":"article","og_title":"El legado de los cl\u00e1sicos - Humanitates","og_description":"&nbsp; &nbsp; &nbsp; &nbsp; &nbsp; El legado de los cl\u00e1sicos &nbsp; &nbsp; &nbsp; &nbsp; &nbsp; &nbsp; &nbsp; &nbsp; El origen de la fiesta de San Valent\u00edn Juan Gregorio Mora En el d\u00eda de hoy voy a contar el origen de la fiesta de San Valent\u00edn, que como una gran cantidad de festividades actuales, tiene su [&hellip;]","og_url":"https:\/\/trinidad.salesianos.edu\/humanitates\/el-legado-de-los-clasicos\/","og_site_name":"Humanitates","article_modified_time":"2022-02-28T16:14:09+00:00","twitter_card":"summary_large_image","twitter_misc":{"Tiempo de lectura":"3 minutos"},"schema":{"@context":"https:\/\/schema.org","@graph":[{"@type":"WebPage","@id":"https:\/\/trinidad.salesianos.edu\/humanitates\/el-legado-de-los-clasicos\/","url":"https:\/\/trinidad.salesianos.edu\/humanitates\/el-legado-de-los-clasicos\/","name":"El legado de los cl\u00e1sicos - Humanitates","isPartOf":{"@id":"https:\/\/trinidad.salesianos.edu\/humanitates\/#website"},"datePublished":"2022-02-26T20:14:53+00:00","dateModified":"2022-02-28T16:14:09+00:00","breadcrumb":{"@id":"https:\/\/trinidad.salesianos.edu\/humanitates\/el-legado-de-los-clasicos\/#breadcrumb"},"inLanguage":"es","potentialAction":[{"@type":"ReadAction","target":["https:\/\/trinidad.salesianos.edu\/humanitates\/el-legado-de-los-clasicos\/"]}]},{"@type":"BreadcrumbList","@id":"https:\/\/trinidad.salesianos.edu\/humanitates\/el-legado-de-los-clasicos\/#breadcrumb","itemListElement":[{"@type":"ListItem","position":1,"name":"Portada","item":"https:\/\/trinidad.salesianos.edu\/humanitates\/"},{"@type":"ListItem","position":2,"name":"El legado de los cl\u00e1sicos"}]},{"@type":"WebSite","@id":"https:\/\/trinidad.salesianos.edu\/humanitates\/#website","url":"https:\/\/trinidad.salesianos.edu\/humanitates\/","name":"Humanitates","description":"","potentialAction":[{"@type":"SearchAction","target":{"@type":"EntryPoint","urlTemplate":"https:\/\/trinidad.salesianos.edu\/humanitates\/?s={search_term_string}"},"query-input":{"@type":"PropertyValueSpecification","valueRequired":true,"valueName":"search_term_string"}}],"inLanguage":"es"}]}},"_links":{"self":[{"href":"https:\/\/trinidad.salesianos.edu\/humanitates\/wp-json\/wp\/v2\/pages\/9741","targetHints":{"allow":["GET"]}}],"collection":[{"href":"https:\/\/trinidad.salesianos.edu\/humanitates\/wp-json\/wp\/v2\/pages"}],"about":[{"href":"https:\/\/trinidad.salesianos.edu\/humanitates\/wp-json\/wp\/v2\/types\/page"}],"author":[{"embeddable":true,"href":"https:\/\/trinidad.salesianos.edu\/humanitates\/wp-json\/wp\/v2\/users\/3"}],"replies":[{"embeddable":true,"href":"https:\/\/trinidad.salesianos.edu\/humanitates\/wp-json\/wp\/v2\/comments?post=9741"}],"version-history":[{"count":12,"href":"https:\/\/trinidad.salesianos.edu\/humanitates\/wp-json\/wp\/v2\/pages\/9741\/revisions"}],"predecessor-version":[{"id":9844,"href":"https:\/\/trinidad.salesianos.edu\/humanitates\/wp-json\/wp\/v2\/pages\/9741\/revisions\/9844"}],"wp:attachment":[{"href":"https:\/\/trinidad.salesianos.edu\/humanitates\/wp-json\/wp\/v2\/media?parent=9741"}],"curies":[{"name":"wp","href":"https:\/\/api.w.org\/{rel}","templated":true}]}}