
{"id":9729,"date":"2022-02-26T21:02:06","date_gmt":"2022-02-26T20:02:06","guid":{"rendered":"https:\/\/trinidad.salesianos.edu\/humanitates\/?page_id=9729"},"modified":"2023-06-02T16:51:14","modified_gmt":"2023-06-02T14:51:14","slug":"cultura-de-hoy-y-de-ayer","status":"publish","type":"page","link":"https:\/\/trinidad.salesianos.edu\/humanitates\/cultura-de-hoy-y-de-ayer\/","title":{"rendered":"Cultura de hoy y de ayer"},"content":{"rendered":"<p>[et_pb_section fb_built=\u00bb1&#8243; fullwidth=\u00bbon\u00bb _builder_version=\u00bb4.16&#8243; _module_preset=\u00bbdefault\u00bb box_shadow_style=\u00bbpreset2&#8243; global_colors_info=\u00bb{}\u00bb][et_pb_fullwidth_header _builder_version=\u00bb4.16&#8243; _module_preset=\u00bbdefault\u00bb title_font=\u00bbABeeZee|||on|||||\u00bb title_text_align=\u00bbcenter\u00bb title_font_size=\u00bb63px\u00bb content_font=\u00bbPlayfair Display|900|||||||\u00bb content_text_align=\u00bbcenter\u00bb content_font_size=\u00bb60px\u00bb content_letter_spacing=\u00bb3px\u00bb content_link_font=\u00bbAcme||||||||\u00bb background_color=\u00bbrgba(0,0,0,0.11)\u00bb background_image=\u00bbhttps:\/\/trinidad.salesianos.edu\/humanitates\/wp-content\/uploads\/sites\/18\/2022\/02\/cultura-scaled.jpg\u00bb background_blend=\u00bbmultiply\u00bb content_font_size_tablet=\u00bb60px\u00bb content_font_size_phone=\u00bb37px\u00bb content_font_size_last_edited=\u00bbon|phone\u00bb content_line_height_tablet=\u00bb\u00bb content_line_height_phone=\u00bb0.9em\u00bb content_line_height_last_edited=\u00bbon|phone\u00bb background_last_edited=\u00bbon|tablet\u00bb global_colors_info=\u00bb{}\u00bb]<\/p>\n<p>&nbsp;<\/p>\n<p>&nbsp;<\/p>\n<p>&nbsp;<\/p>\n<p>Cultura de ayer y hoy<\/p>\n<p>&nbsp;<\/p>\n<p>&nbsp;<\/p>\n<p>&nbsp;<\/p>\n<p>&nbsp;<\/p>\n<p>&nbsp;<\/p>\n<p>&nbsp;<\/p>\n<p>&nbsp;<\/p>\n<p>&nbsp;<\/p>\n<p>&nbsp;<\/p>\n<p>&nbsp;<\/p>\n<p>&nbsp;<\/p>\n<p>[\/et_pb_fullwidth_header][\/et_pb_section][et_pb_section fb_built=\u00bb1&#8243; _builder_version=\u00bb4.16&#8243; _module_preset=\u00bbdefault\u00bb global_colors_info=\u00bb{}\u00bb][et_pb_row _builder_version=\u00bb4.16&#8243; _module_preset=\u00bbdefault\u00bb global_colors_info=\u00bb{}\u00bb][et_pb_column type=\u00bb4_4&#8243; _builder_version=\u00bb4.16&#8243; _module_preset=\u00bbdefault\u00bb global_colors_info=\u00bb{}\u00bb][et_pb_text _builder_version=\u00bb4.19.5&#8243; _module_preset=\u00bbdefault\u00bb text_font=\u00bbOpen Sans|700|||||||\u00bb text_orientation=\u00bbcenter\u00bb global_colors_info=\u00bb{}\u00bb]<\/p>\n<p dir=\"ltr\"><span>Nuestros alumnos nos hablan de series, canciones, novelas, pel\u00edculas, etc. que tienen conexiones con la antig\u00fcedad grecolatina.\u00a0<\/span><\/p>\n<p>[\/et_pb_text][\/et_pb_column][\/et_pb_row][et_pb_row column_structure=\u00bb1_5,1_5,1_5,1_5,1_5&#8243; _builder_version=\u00bb4.16&#8243; _module_preset=\u00bbdefault\u00bb global_colors_info=\u00bb{}\u00bb][et_pb_column type=\u00bb1_5&#8243; _builder_version=\u00bb4.16&#8243; _module_preset=\u00bbdefault\u00bb global_colors_info=\u00bb{}\u00bb][et_pb_text _builder_version=\u00bb4.19.5&#8243; _module_preset=\u00bbdefault\u00bb text_font=\u00bbPlayfair Display SC|800||||on|||\u00bb text_text_color=\u00bb#E02B20&#8243; text_font_size=\u00bb26px\u00bb text_orientation=\u00bbcenter\u00bb global_colors_info=\u00bb{}\u00bb]<\/p>\n<p dir=\"ltr\">enero<\/p>\n<p>[\/et_pb_text][et_pb_image src=\u00bbhttps:\/\/trinidad.salesianos.edu\/humanitates\/wp-content\/uploads\/sites\/18\/2023\/02\/Humanitates-1.png\u00bb title_text=\u00bbHumanitates (1)\u00bb url=\u00bbhttps:\/\/trinidad.salesianos.edu\/humanitates\/wp-content\/uploads\/sites\/18\/2023\/02\/3_H1-Actualidad-Jaime-Lopez.pdf\u00bb url_new_window=\u00bbon\u00bb _builder_version=\u00bb4.21.0&#8243; _module_preset=\u00bbdefault\u00bb width=\u00bb100%\u00bb module_alignment=\u00bbcenter\u00bb hover_enabled=\u00bb0&#8243; border_radii=\u00bbon|75px|75px|75px|75px\u00bb border_color_all=\u00bb#6c9bc1&#8243; box_shadow_style=\u00bbpreset2&#8243; global_colors_info=\u00bb{}\u00bb sticky_enabled=\u00bb0&#8243;][\/et_pb_image][et_pb_text _builder_version=\u00bb4.19.5&#8243; _module_preset=\u00bbdefault\u00bb text_font=\u00bbOpen Sans||||||||\u00bb global_colors_info=\u00bb{}\u00bb]<\/p>\n<p dir=\"ltr\" style=\"text-align: center;\">Es com\u00fan hoy en d\u00eda preguntarse sobre del papel de las humanidades en la actualidad.<br \/>\u00bfSiguen vigentes a d\u00eda de hoy?\u00bfD\u00f3nde podemos encontrar rastro de ellas?<\/p>\n<p dir=\"ltr\"><span><\/span><\/p>\n<p>[\/et_pb_text][\/et_pb_column][et_pb_column type=\u00bb1_5&#8243; _builder_version=\u00bb4.16&#8243; _module_preset=\u00bbdefault\u00bb global_colors_info=\u00bb{}\u00bb][et_pb_text _builder_version=\u00bb4.20.0&#8243; _module_preset=\u00bbdefault\u00bb text_font=\u00bbPlayfair Display SC|800||||on|||\u00bb text_text_color=\u00bb#E02B20&#8243; text_font_size=\u00bb26px\u00bb text_orientation=\u00bbcenter\u00bb global_colors_info=\u00bb{}\u00bb]<\/p>\n<p dir=\"ltr\">febrero<\/p>\n<p>[\/et_pb_text][et_pb_image src=\u00bbhttps:\/\/trinidad.salesianos.edu\/humanitates\/wp-content\/uploads\/sites\/18\/2023\/02\/Humanitates-2.png\u00bb title_text=\u00bbHumanitates (1)\u00bb url=\u00bbhttps:\/\/trinidad.salesianos.edu\/humanitates\/wp-content\/uploads\/sites\/18\/2023\/02\/H2-CULTURA-DE-AYER-Y-HOY-Jaime-Lopez.pdf\u00bb url_new_window=\u00bbon\u00bb _builder_version=\u00bb4.21.0&#8243; _module_preset=\u00bbdefault\u00bb width=\u00bb100%\u00bb module_alignment=\u00bbcenter\u00bb border_radii=\u00bbon|75px|75px|75px|75px\u00bb border_color_all=\u00bb#6c9bc1&#8243; box_shadow_style=\u00bbpreset2&#8243; global_colors_info=\u00bb{}\u00bb][\/et_pb_image][et_pb_text _builder_version=\u00bb4.20.0&#8243; _module_preset=\u00bbdefault\u00bb text_font=\u00bbOpen Sans||||||||\u00bb global_colors_info=\u00bb{}\u00bb]<\/p>\n<p dir=\"ltr\" style=\"text-align: center;\">En esta nueva entrega nos centraremos en una pel\u00edcula y os mostrar\u00e9 uno de los sitios m\u00e1s hist\u00f3ricos de toda Sevilla donde pod\u00e9is ver plasmado el rastro de las humanidades.<\/p>\n<p dir=\"ltr\"><span><\/span><\/p>\n<p>[\/et_pb_text][\/et_pb_column][et_pb_column type=\u00bb1_5&#8243; _builder_version=\u00bb4.21.0&#8243; _module_preset=\u00bbdefault\u00bb global_colors_info=\u00bb{}\u00bb][et_pb_text _builder_version=\u00bb4.21.0&#8243; _module_preset=\u00bbdefault\u00bb text_font=\u00bbPlayfair Display SC|800||||on|||\u00bb text_text_color=\u00bb#E02B20&#8243; text_font_size=\u00bb26px\u00bb text_orientation=\u00bbcenter\u00bb global_colors_info=\u00bb{}\u00bb]<\/p>\n<p dir=\"ltr\">marzo<\/p>\n<p>[\/et_pb_text][et_pb_image src=\u00bbhttps:\/\/trinidad.salesianos.edu\/humanitates\/wp-content\/uploads\/sites\/18\/2023\/03\/Humanitates.jpg\u00bb title_text=\u00bbHumanitates (1)\u00bb url=\u00bbhttps:\/\/trinidad.salesianos.edu\/humanitates\/wp-content\/uploads\/sites\/18\/2023\/03\/CULTURA-DE-AYER-Y-HOY-3.pdf\u00bb url_new_window=\u00bbon\u00bb _builder_version=\u00bb4.21.0&#8243; _module_preset=\u00bbdefault\u00bb width=\u00bb100%\u00bb module_alignment=\u00bbcenter\u00bb border_radii=\u00bbon|75px|75px|75px|75px\u00bb border_color_all=\u00bb#6c9bc1&#8243; box_shadow_style=\u00bbpreset2&#8243; global_colors_info=\u00bb{}\u00bb][\/et_pb_image][et_pb_text _builder_version=\u00bb4.21.0&#8243; _module_preset=\u00bbdefault\u00bb text_font=\u00bbOpen Sans||||||||\u00bb hover_enabled=\u00bb0&#8243; global_colors_info=\u00bb{}\u00bb sticky_enabled=\u00bb0&#8243;]<\/p>\n<p dir=\"ltr\" style=\"text-align: center;\">En el mes en el que se celebra el D\u00eda Internacional de la Mujer, nuestro responsable de la secci\u00f3n nos presenta a mujeres importantes en la Antig\u00fcedad como Hypatia y en la actualidad como la psiquiatra Marian Rojas Estap\u00e9<\/p>\n<p dir=\"ltr\"><span><\/span><\/p>\n<p>[\/et_pb_text][\/et_pb_column][et_pb_column type=\u00bb1_5&#8243; _builder_version=\u00bb4.21.0&#8243; _module_preset=\u00bbdefault\u00bb global_colors_info=\u00bb{}\u00bb][et_pb_text _builder_version=\u00bb4.21.0&#8243; _module_preset=\u00bbdefault\u00bb text_font=\u00bbPlayfair Display SC|800||||on|||\u00bb text_text_color=\u00bb#E02B20&#8243; text_font_size=\u00bb26px\u00bb text_orientation=\u00bbcenter\u00bb global_colors_info=\u00bb{}\u00bb]<\/p>\n<p dir=\"ltr\">abril<\/p>\n<p>[\/et_pb_text][et_pb_image src=\u00bbhttps:\/\/trinidad.salesianos.edu\/humanitates\/wp-content\/uploads\/sites\/18\/2023\/05\/Humanitates-3.jpg\u00bb title_text=\u00bbHumanitates (1)\u00bb url=\u00bbhttps:\/\/trinidad.salesianos.edu\/humanitates\/wp-content\/uploads\/sites\/18\/2023\/05\/Actualidad-por-Jaime.pdf\u00bb url_new_window=\u00bbon\u00bb _builder_version=\u00bb4.21.0&#8243; _module_preset=\u00bbdefault\u00bb width=\u00bb100%\u00bb module_alignment=\u00bbcenter\u00bb border_radii=\u00bbon|75px|75px|75px|75px\u00bb border_color_all=\u00bb#6c9bc1&#8243; box_shadow_style=\u00bbpreset2&#8243; global_colors_info=\u00bb{}\u00bb sticky_enabled=\u00bb0&#8243;][\/et_pb_image][et_pb_text _builder_version=\u00bb4.21.0&#8243; _module_preset=\u00bbdefault\u00bb text_font=\u00bbOpen Sans||||||||\u00bb global_colors_info=\u00bb{}\u00bb]<\/p>\n<p dir=\"ltr\" style=\"text-align: center;\">Para esta ocasi\u00f3n, nuestro responsable de la secci\u00f3n nos presenta un par de opciones literiarias, donde una de ellas, en su adaptaci\u00f3n al cine se convirti\u00f3 en un \u00e9xito en taquillas.<\/p>\n<p>[\/et_pb_text][\/et_pb_column][et_pb_column type=\u00bb1_5&#8243; _builder_version=\u00bb4.21.0&#8243; _module_preset=\u00bbdefault\u00bb global_colors_info=\u00bb{}\u00bb][et_pb_text _builder_version=\u00bb4.21.0&#8243; _module_preset=\u00bbdefault\u00bb text_font=\u00bbPlayfair Display SC|800||||on|||\u00bb text_text_color=\u00bb#E02B20&#8243; text_font_size=\u00bb26px\u00bb text_orientation=\u00bbcenter\u00bb hover_enabled=\u00bb0&#8243; global_colors_info=\u00bb{}\u00bb sticky_enabled=\u00bb0&#8243;]<\/p>\n<p dir=\"ltr\">mayo<\/p>\n<p>[\/et_pb_text][et_pb_image src=\u00bbhttps:\/\/trinidad.salesianos.edu\/humanitates\/wp-content\/uploads\/sites\/18\/2023\/06\/Humanitates-2.jpg\u00bb title_text=\u00bbHumanitates (2)\u00bb url=\u00bbhttps:\/\/trinidad.salesianos.edu\/humanitates\/wp-content\/uploads\/sites\/18\/2023\/06\/Actualidad-por-Jaime-Lopez.pdf\u00bb url_new_window=\u00bbon\u00bb _builder_version=\u00bb4.21.0&#8243; _module_preset=\u00bbdefault\u00bb width=\u00bb100%\u00bb module_alignment=\u00bbcenter\u00bb border_radii=\u00bbon|75px|75px|75px|75px\u00bb border_color_all=\u00bb#6c9bc1&#8243; box_shadow_style=\u00bbpreset2&#8243; global_colors_info=\u00bb{}\u00bb sticky_enabled=\u00bb0&#8243; hover_enabled=\u00bb0&#8243;][\/et_pb_image][et_pb_text _builder_version=\u00bb4.21.0&#8243; _module_preset=\u00bbdefault\u00bb text_font=\u00bbOpen Sans||||||||\u00bb hover_enabled=\u00bb0&#8243; global_colors_info=\u00bb{}\u00bb sticky_enabled=\u00bb0&#8243;]<\/p>\n<p dir=\"ltr\" style=\"text-align: center;\">Por el D\u00eda de la Madre, el responsable de la secci\u00f3n se ha centrado en el tema de la maternidad; una condici\u00f3n que en la antigua Roma era algo que en muchas ocasiones estaba entre la vida o la muerte. \u00a1No os perd\u00e1is la propuesta cinematogr\u00e1fica y literaria!<\/p>\n<p>[\/et_pb_text][\/et_pb_column][\/et_pb_row][\/et_pb_section][et_pb_section fb_built=\u00bb1&#8243; fullwidth=\u00bbon\u00bb _builder_version=\u00bb4.19.5&#8243; _module_preset=\u00bbdefault\u00bb global_colors_info=\u00bb{}\u00bb][et_pb_fullwidth_header title=\u00bbEdici\u00f3n curso 21-22&#8243; text_orientation=\u00bbright\u00bb button_one_text=\u00bbEntrar \u00bb button_one_url=\u00bbhttps:\/\/trinidad.salesianos.edu\/humanitates\/cultura-de-ayer-y-de-hoy-curso-21-22\/\u00bb _builder_version=\u00bb4.19.5&#8243; _module_preset=\u00bbdefault\u00bb title_font=\u00bbPlayfair Display SC||||||||\u00bb title_text_align=\u00bbright\u00bb title_text_color=\u00bb#4e0bc1&#8243; title_font_size=\u00bb41px\u00bb background_enable_color=\u00bboff\u00bb background_image=\u00bbhttps:\/\/trinidad.salesianos.edu\/humanitates\/wp-content\/uploads\/sites\/18\/2022\/02\/cultura-scaled.jpg\u00bb background_size=\u00bbinitial\u00bb background_position=\u00bbcenter_right\u00bb background_enable_mask_style=\u00bbon\u00bb background_mask_style=\u00bbdiagonal-pills\u00bb background_mask_aspect_ratio=\u00bbportrait\u00bb background_mask_size=\u00bbcover\u00bb custom_button_one=\u00bbon\u00bb button_one_text_color=\u00bb#FFFFFF\u00bb button_one_bg_color=\u00bb#0b33c4&#8243; button_one_border_color=\u00bbRGBA(255,255,255,0)\u00bb button_one_border_radius=\u00bb10px\u00bb button_one_font=\u00bbPlayfair Display||||||||\u00bb button_one_icon=\u00bb&#xe050;||divi||400&#8243; min_height=\u00bb381.2px\u00bb custom_margin=\u00bb17px|||||\u00bb custom_padding=\u00bb||74px|||\u00bb background_last_edited=\u00bbon|phone\u00bb background_size_tablet=\u00bbcover\u00bb background_mask_aspect_ratio_tablet=\u00bblandscape\u00bb background_mask_aspect_ratio_phone=\u00bbportrait\u00bb box_shadow_style_button_one=\u00bbpreset1&#8243; global_colors_info=\u00bb{}\u00bb][\/et_pb_fullwidth_header][\/et_pb_section]<\/p>\n","protected":false},"excerpt":{"rendered":"<p>&nbsp; &nbsp; &nbsp; Cultura de ayer y hoy &nbsp; &nbsp; &nbsp; &nbsp; &nbsp; &nbsp; &nbsp; &nbsp; &nbsp; &nbsp; &nbsp;Nuestros alumnos nos hablan de series, canciones, novelas, pel\u00edculas, etc. que tienen conexiones con la antig\u00fcedad grecolatina.\u00a0eneroEs com\u00fan hoy en d\u00eda preguntarse sobre del papel de las humanidades en la actualidad.\u00bfSiguen vigentes a d\u00eda de hoy?\u00bfD\u00f3nde podemos [&hellip;]<\/p>\n","protected":false},"author":3,"featured_media":0,"parent":0,"menu_order":0,"comment_status":"closed","ping_status":"closed","template":"","meta":{"_et_pb_use_builder":"on","_et_pb_old_content":"","_et_gb_content_width":"","footnotes":""},"class_list":["post-9729","page","type-page","status-publish","hentry"],"yoast_head":"<!-- This site is optimized with the Yoast SEO plugin v27.3 - https:\/\/yoast.com\/product\/yoast-seo-wordpress\/ -->\n<title>Cultura de hoy y de ayer - Humanitates<\/title>\n<meta name=\"robots\" content=\"index, follow, max-snippet:-1, max-image-preview:large, max-video-preview:-1\" \/>\n<link rel=\"canonical\" href=\"https:\/\/trinidad.salesianos.edu\/humanitates\/cultura-de-hoy-y-de-ayer\/\" \/>\n<meta property=\"og:locale\" content=\"es_ES\" \/>\n<meta property=\"og:type\" content=\"article\" \/>\n<meta property=\"og:title\" content=\"Cultura de hoy y de ayer - Humanitates\" \/>\n<meta property=\"og:description\" content=\"&nbsp; &nbsp; &nbsp; Cultura de ayer y hoy &nbsp; &nbsp; &nbsp; &nbsp; &nbsp; &nbsp; &nbsp; &nbsp; &nbsp; &nbsp; &nbsp;Nuestros alumnos nos hablan de series, canciones, novelas, pel\u00edculas, etc. que tienen conexiones con la antig\u00fcedad grecolatina.\u00a0eneroEs com\u00fan hoy en d\u00eda preguntarse sobre del papel de las humanidades en la actualidad.\u00bfSiguen vigentes a d\u00eda de hoy?\u00bfD\u00f3nde podemos [&hellip;]\" \/>\n<meta property=\"og:url\" content=\"https:\/\/trinidad.salesianos.edu\/humanitates\/cultura-de-hoy-y-de-ayer\/\" \/>\n<meta property=\"og:site_name\" content=\"Humanitates\" \/>\n<meta property=\"article:modified_time\" content=\"2023-06-02T14:51:14+00:00\" \/>\n<meta name=\"twitter:card\" content=\"summary_large_image\" \/>\n<meta name=\"twitter:label1\" content=\"Tiempo de lectura\" \/>\n\t<meta name=\"twitter:data1\" content=\"6 minutos\" \/>\n<script type=\"application\/ld+json\" class=\"yoast-schema-graph\">{\"@context\":\"https:\\\/\\\/schema.org\",\"@graph\":[{\"@type\":\"WebPage\",\"@id\":\"https:\\\/\\\/trinidad.salesianos.edu\\\/humanitates\\\/cultura-de-hoy-y-de-ayer\\\/\",\"url\":\"https:\\\/\\\/trinidad.salesianos.edu\\\/humanitates\\\/cultura-de-hoy-y-de-ayer\\\/\",\"name\":\"Cultura de hoy y de ayer - Humanitates\",\"isPartOf\":{\"@id\":\"https:\\\/\\\/trinidad.salesianos.edu\\\/humanitates\\\/#website\"},\"datePublished\":\"2022-02-26T20:02:06+00:00\",\"dateModified\":\"2023-06-02T14:51:14+00:00\",\"breadcrumb\":{\"@id\":\"https:\\\/\\\/trinidad.salesianos.edu\\\/humanitates\\\/cultura-de-hoy-y-de-ayer\\\/#breadcrumb\"},\"inLanguage\":\"es\",\"potentialAction\":[{\"@type\":\"ReadAction\",\"target\":[\"https:\\\/\\\/trinidad.salesianos.edu\\\/humanitates\\\/cultura-de-hoy-y-de-ayer\\\/\"]}]},{\"@type\":\"BreadcrumbList\",\"@id\":\"https:\\\/\\\/trinidad.salesianos.edu\\\/humanitates\\\/cultura-de-hoy-y-de-ayer\\\/#breadcrumb\",\"itemListElement\":[{\"@type\":\"ListItem\",\"position\":1,\"name\":\"Portada\",\"item\":\"https:\\\/\\\/trinidad.salesianos.edu\\\/humanitates\\\/\"},{\"@type\":\"ListItem\",\"position\":2,\"name\":\"Cultura de hoy y de ayer\"}]},{\"@type\":\"WebSite\",\"@id\":\"https:\\\/\\\/trinidad.salesianos.edu\\\/humanitates\\\/#website\",\"url\":\"https:\\\/\\\/trinidad.salesianos.edu\\\/humanitates\\\/\",\"name\":\"Humanitates\",\"description\":\"\",\"potentialAction\":[{\"@type\":\"SearchAction\",\"target\":{\"@type\":\"EntryPoint\",\"urlTemplate\":\"https:\\\/\\\/trinidad.salesianos.edu\\\/humanitates\\\/?s={search_term_string}\"},\"query-input\":{\"@type\":\"PropertyValueSpecification\",\"valueRequired\":true,\"valueName\":\"search_term_string\"}}],\"inLanguage\":\"es\"}]}<\/script>\n<!-- \/ Yoast SEO plugin. -->","yoast_head_json":{"title":"Cultura de hoy y de ayer - Humanitates","robots":{"index":"index","follow":"follow","max-snippet":"max-snippet:-1","max-image-preview":"max-image-preview:large","max-video-preview":"max-video-preview:-1"},"canonical":"https:\/\/trinidad.salesianos.edu\/humanitates\/cultura-de-hoy-y-de-ayer\/","og_locale":"es_ES","og_type":"article","og_title":"Cultura de hoy y de ayer - Humanitates","og_description":"&nbsp; &nbsp; &nbsp; Cultura de ayer y hoy &nbsp; &nbsp; &nbsp; &nbsp; &nbsp; &nbsp; &nbsp; &nbsp; &nbsp; &nbsp; &nbsp;Nuestros alumnos nos hablan de series, canciones, novelas, pel\u00edculas, etc. que tienen conexiones con la antig\u00fcedad grecolatina.\u00a0eneroEs com\u00fan hoy en d\u00eda preguntarse sobre del papel de las humanidades en la actualidad.\u00bfSiguen vigentes a d\u00eda de hoy?\u00bfD\u00f3nde podemos [&hellip;]","og_url":"https:\/\/trinidad.salesianos.edu\/humanitates\/cultura-de-hoy-y-de-ayer\/","og_site_name":"Humanitates","article_modified_time":"2023-06-02T14:51:14+00:00","twitter_card":"summary_large_image","twitter_misc":{"Tiempo de lectura":"6 minutos"},"schema":{"@context":"https:\/\/schema.org","@graph":[{"@type":"WebPage","@id":"https:\/\/trinidad.salesianos.edu\/humanitates\/cultura-de-hoy-y-de-ayer\/","url":"https:\/\/trinidad.salesianos.edu\/humanitates\/cultura-de-hoy-y-de-ayer\/","name":"Cultura de hoy y de ayer - Humanitates","isPartOf":{"@id":"https:\/\/trinidad.salesianos.edu\/humanitates\/#website"},"datePublished":"2022-02-26T20:02:06+00:00","dateModified":"2023-06-02T14:51:14+00:00","breadcrumb":{"@id":"https:\/\/trinidad.salesianos.edu\/humanitates\/cultura-de-hoy-y-de-ayer\/#breadcrumb"},"inLanguage":"es","potentialAction":[{"@type":"ReadAction","target":["https:\/\/trinidad.salesianos.edu\/humanitates\/cultura-de-hoy-y-de-ayer\/"]}]},{"@type":"BreadcrumbList","@id":"https:\/\/trinidad.salesianos.edu\/humanitates\/cultura-de-hoy-y-de-ayer\/#breadcrumb","itemListElement":[{"@type":"ListItem","position":1,"name":"Portada","item":"https:\/\/trinidad.salesianos.edu\/humanitates\/"},{"@type":"ListItem","position":2,"name":"Cultura de hoy y de ayer"}]},{"@type":"WebSite","@id":"https:\/\/trinidad.salesianos.edu\/humanitates\/#website","url":"https:\/\/trinidad.salesianos.edu\/humanitates\/","name":"Humanitates","description":"","potentialAction":[{"@type":"SearchAction","target":{"@type":"EntryPoint","urlTemplate":"https:\/\/trinidad.salesianos.edu\/humanitates\/?s={search_term_string}"},"query-input":{"@type":"PropertyValueSpecification","valueRequired":true,"valueName":"search_term_string"}}],"inLanguage":"es"}]}},"_links":{"self":[{"href":"https:\/\/trinidad.salesianos.edu\/humanitates\/wp-json\/wp\/v2\/pages\/9729","targetHints":{"allow":["GET"]}}],"collection":[{"href":"https:\/\/trinidad.salesianos.edu\/humanitates\/wp-json\/wp\/v2\/pages"}],"about":[{"href":"https:\/\/trinidad.salesianos.edu\/humanitates\/wp-json\/wp\/v2\/types\/page"}],"author":[{"embeddable":true,"href":"https:\/\/trinidad.salesianos.edu\/humanitates\/wp-json\/wp\/v2\/users\/3"}],"replies":[{"embeddable":true,"href":"https:\/\/trinidad.salesianos.edu\/humanitates\/wp-json\/wp\/v2\/comments?post=9729"}],"version-history":[{"count":23,"href":"https:\/\/trinidad.salesianos.edu\/humanitates\/wp-json\/wp\/v2\/pages\/9729\/revisions"}],"predecessor-version":[{"id":10263,"href":"https:\/\/trinidad.salesianos.edu\/humanitates\/wp-json\/wp\/v2\/pages\/9729\/revisions\/10263"}],"wp:attachment":[{"href":"https:\/\/trinidad.salesianos.edu\/humanitates\/wp-json\/wp\/v2\/media?parent=9729"}],"curies":[{"name":"wp","href":"https:\/\/api.w.org\/{rel}","templated":true}]}}