
{"id":9707,"date":"2022-02-26T20:26:29","date_gmt":"2022-02-26T19:26:29","guid":{"rendered":"https:\/\/trinidad.salesianos.edu\/humanitates\/?page_id=9707"},"modified":"2022-03-29T17:16:34","modified_gmt":"2022-03-29T15:16:34","slug":"presentacion","status":"publish","type":"page","link":"https:\/\/trinidad.salesianos.edu\/humanitates\/presentacion\/","title":{"rendered":"Presentaci\u00f3n"},"content":{"rendered":"<p>[et_pb_section fb_built=\u00bb1&#8243; fullwidth=\u00bbon\u00bb _builder_version=\u00bb4.15&#8243; _module_preset=\u00bbdefault\u00bb box_shadow_style=\u00bbpreset2&#8243; global_colors_info=\u00bb{}\u00bb][et_pb_fullwidth_header _builder_version=\u00bb4.15.1&#8243; _module_preset=\u00bbdefault\u00bb title_font=\u00bbABeeZee|||on|||||\u00bb title_text_align=\u00bbcenter\u00bb title_font_size=\u00bb63px\u00bb content_font=\u00bbPlayfair Display|900|||||||\u00bb content_text_align=\u00bbcenter\u00bb content_font_size=\u00bb60px\u00bb content_link_font=\u00bbAcme||||||||\u00bb background_color=\u00bbrgba(0,0,0,0.32)\u00bb background_image=\u00bbhttps:\/\/trinidad.salesianos.edu\/humanitates\/wp-content\/uploads\/sites\/18\/2022\/03\/presentacion-2.JPG-scaled.jpg\u00bb background_blend=\u00bbmultiply\u00bb hover_enabled=\u00bb0&#8243; content_font_size_tablet=\u00bb60px\u00bb content_font_size_phone=\u00bb36px\u00bb content_font_size_last_edited=\u00bbon|phone\u00bb global_colors_info=\u00bb{}\u00bb title_text=\u00bbpresentaci\u00f3n (2).JPG\u00bb background_position=\u00bbtop_center\u00bb sticky_enabled=\u00bb0&#8243;]<\/p>\n<p>&nbsp;<\/p>\n<p>&nbsp;<\/p>\n<p>&nbsp;<\/p>\n<p>&nbsp;<\/p>\n<p>&nbsp;<\/p>\n<p>Presentaci\u00f3n<\/p>\n<p>&nbsp;<\/p>\n<p>&nbsp;<\/p>\n<p>&nbsp;<\/p>\n<p>&nbsp;<\/p>\n<p>&nbsp;<\/p>\n<p>&nbsp;<\/p>\n<p>[\/et_pb_fullwidth_header][\/et_pb_section][et_pb_section fb_built=\u00bb1&#8243; _builder_version=\u00bb4.15&#8243; _module_preset=\u00bbdefault\u00bb global_colors_info=\u00bb{}\u00bb][et_pb_row _builder_version=\u00bb4.15&#8243; _module_preset=\u00bbdefault\u00bb global_colors_info=\u00bb{}\u00bb][et_pb_column type=\u00bb4_4&#8243; _builder_version=\u00bb4.15&#8243; _module_preset=\u00bbdefault\u00bb global_colors_info=\u00bb{}\u00bb][et_pb_text _builder_version=\u00bb4.15&#8243; _module_preset=\u00bbdefault\u00bb text_font=\u00bbOpen Sans||||||||\u00bb global_colors_info=\u00bb{}\u00bb]<\/p>\n<p dir=\"ltr\" style=\"text-align: justify;\"><em>Humanitates<\/em><span> es un espacio digital que pretende implicar a los alumnos de 4\u00ba de ESO y Bachillerato en la defensa y difusi\u00f3n de las Humanidades en general y de la cultura cl\u00e1sica grecolatina en particular. Por ese motivo, el subt\u00edtulo de este espacio digital es \u00abel rinc\u00f3n de las Humanidades\u00bb. Pero no se trata de arrinconar, sino de reservar un espacio abierto de comunicaci\u00f3n, una ventana a la cultura.<\/span><\/p>\n<p dir=\"ltr\" style=\"text-align: justify;\"><span>Creemos que los alumnos deben tener un espacio propio para liderar parte de la actividad cultural de nuestro colegio. Debemos \u201cexplotar\u201d las capacidades e intereses de nuestros alumnos m\u00e1s sensibles y creativos. Y con ellos abanderar una campa\u00f1a de difusi\u00f3n del arte y la cultura en general.<\/span><\/p>\n<p dir=\"ltr\" style=\"text-align: justify;\"><span>Quien visite este blog podr\u00e1 encontrar propuestas culturales, art\u00edculos, cr\u00f3nicas, relatos, poemas\u2026 Este espacio nace con la vocaci\u00f3n de ser un instrumento de expresi\u00f3n y comunicaci\u00f3n.<\/span><\/p>\n<p dir=\"ltr\" style=\"text-align: justify;\"><span>Aunque esta propuesta est\u00e1 coordinada por el profesorado, los protagonistas son los alumnos y los primeros destinatarios, tambi\u00e9n.<\/span><\/p>\n<p>[\/et_pb_text][\/et_pb_column][\/et_pb_row][\/et_pb_section]<\/p>\n","protected":false},"excerpt":{"rendered":"<p>&nbsp; &nbsp; &nbsp; &nbsp; &nbsp; Presentaci\u00f3n &nbsp; &nbsp; &nbsp; &nbsp; &nbsp; &nbsp;Humanitates es un espacio digital que pretende implicar a los alumnos de 4\u00ba de ESO y Bachillerato en la defensa y difusi\u00f3n de las Humanidades en general y de la cultura cl\u00e1sica grecolatina en particular. Por ese motivo, el subt\u00edtulo de este espacio digital [&hellip;]<\/p>\n","protected":false},"author":3,"featured_media":0,"parent":0,"menu_order":0,"comment_status":"closed","ping_status":"closed","template":"","meta":{"_et_pb_use_builder":"on","_et_pb_old_content":"","_et_gb_content_width":"","footnotes":""},"class_list":["post-9707","page","type-page","status-publish","hentry"],"yoast_head":"<!-- This site is optimized with the Yoast SEO plugin v27.3 - https:\/\/yoast.com\/product\/yoast-seo-wordpress\/ -->\n<title>Presentaci\u00f3n - Humanitates<\/title>\n<meta name=\"robots\" content=\"index, follow, max-snippet:-1, max-image-preview:large, max-video-preview:-1\" \/>\n<link rel=\"canonical\" href=\"https:\/\/trinidad.salesianos.edu\/humanitates\/presentacion\/\" \/>\n<meta property=\"og:locale\" content=\"es_ES\" \/>\n<meta property=\"og:type\" content=\"article\" \/>\n<meta property=\"og:title\" content=\"Presentaci\u00f3n - Humanitates\" \/>\n<meta property=\"og:description\" content=\"&nbsp; &nbsp; &nbsp; &nbsp; &nbsp; Presentaci\u00f3n &nbsp; &nbsp; &nbsp; &nbsp; &nbsp; &nbsp;Humanitates es un espacio digital que pretende implicar a los alumnos de 4\u00ba de ESO y Bachillerato en la defensa y difusi\u00f3n de las Humanidades en general y de la cultura cl\u00e1sica grecolatina en particular. Por ese motivo, el subt\u00edtulo de este espacio digital [&hellip;]\" \/>\n<meta property=\"og:url\" content=\"https:\/\/trinidad.salesianos.edu\/humanitates\/presentacion\/\" \/>\n<meta property=\"og:site_name\" content=\"Humanitates\" \/>\n<meta property=\"article:modified_time\" content=\"2022-03-29T15:16:34+00:00\" \/>\n<meta name=\"twitter:card\" content=\"summary_large_image\" \/>\n<meta name=\"twitter:label1\" content=\"Tiempo de lectura\" \/>\n\t<meta name=\"twitter:data1\" content=\"2 minutos\" \/>\n<script type=\"application\/ld+json\" class=\"yoast-schema-graph\">{\"@context\":\"https:\\\/\\\/schema.org\",\"@graph\":[{\"@type\":\"WebPage\",\"@id\":\"https:\\\/\\\/trinidad.salesianos.edu\\\/humanitates\\\/presentacion\\\/\",\"url\":\"https:\\\/\\\/trinidad.salesianos.edu\\\/humanitates\\\/presentacion\\\/\",\"name\":\"Presentaci\u00f3n - Humanitates\",\"isPartOf\":{\"@id\":\"https:\\\/\\\/trinidad.salesianos.edu\\\/humanitates\\\/#website\"},\"datePublished\":\"2022-02-26T19:26:29+00:00\",\"dateModified\":\"2022-03-29T15:16:34+00:00\",\"breadcrumb\":{\"@id\":\"https:\\\/\\\/trinidad.salesianos.edu\\\/humanitates\\\/presentacion\\\/#breadcrumb\"},\"inLanguage\":\"es\",\"potentialAction\":[{\"@type\":\"ReadAction\",\"target\":[\"https:\\\/\\\/trinidad.salesianos.edu\\\/humanitates\\\/presentacion\\\/\"]}]},{\"@type\":\"BreadcrumbList\",\"@id\":\"https:\\\/\\\/trinidad.salesianos.edu\\\/humanitates\\\/presentacion\\\/#breadcrumb\",\"itemListElement\":[{\"@type\":\"ListItem\",\"position\":1,\"name\":\"Portada\",\"item\":\"https:\\\/\\\/trinidad.salesianos.edu\\\/humanitates\\\/\"},{\"@type\":\"ListItem\",\"position\":2,\"name\":\"Presentaci\u00f3n\"}]},{\"@type\":\"WebSite\",\"@id\":\"https:\\\/\\\/trinidad.salesianos.edu\\\/humanitates\\\/#website\",\"url\":\"https:\\\/\\\/trinidad.salesianos.edu\\\/humanitates\\\/\",\"name\":\"Humanitates\",\"description\":\"\",\"potentialAction\":[{\"@type\":\"SearchAction\",\"target\":{\"@type\":\"EntryPoint\",\"urlTemplate\":\"https:\\\/\\\/trinidad.salesianos.edu\\\/humanitates\\\/?s={search_term_string}\"},\"query-input\":{\"@type\":\"PropertyValueSpecification\",\"valueRequired\":true,\"valueName\":\"search_term_string\"}}],\"inLanguage\":\"es\"}]}<\/script>\n<!-- \/ Yoast SEO plugin. -->","yoast_head_json":{"title":"Presentaci\u00f3n - Humanitates","robots":{"index":"index","follow":"follow","max-snippet":"max-snippet:-1","max-image-preview":"max-image-preview:large","max-video-preview":"max-video-preview:-1"},"canonical":"https:\/\/trinidad.salesianos.edu\/humanitates\/presentacion\/","og_locale":"es_ES","og_type":"article","og_title":"Presentaci\u00f3n - Humanitates","og_description":"&nbsp; &nbsp; &nbsp; &nbsp; &nbsp; Presentaci\u00f3n &nbsp; &nbsp; &nbsp; &nbsp; &nbsp; &nbsp;Humanitates es un espacio digital que pretende implicar a los alumnos de 4\u00ba de ESO y Bachillerato en la defensa y difusi\u00f3n de las Humanidades en general y de la cultura cl\u00e1sica grecolatina en particular. Por ese motivo, el subt\u00edtulo de este espacio digital [&hellip;]","og_url":"https:\/\/trinidad.salesianos.edu\/humanitates\/presentacion\/","og_site_name":"Humanitates","article_modified_time":"2022-03-29T15:16:34+00:00","twitter_card":"summary_large_image","twitter_misc":{"Tiempo de lectura":"2 minutos"},"schema":{"@context":"https:\/\/schema.org","@graph":[{"@type":"WebPage","@id":"https:\/\/trinidad.salesianos.edu\/humanitates\/presentacion\/","url":"https:\/\/trinidad.salesianos.edu\/humanitates\/presentacion\/","name":"Presentaci\u00f3n - Humanitates","isPartOf":{"@id":"https:\/\/trinidad.salesianos.edu\/humanitates\/#website"},"datePublished":"2022-02-26T19:26:29+00:00","dateModified":"2022-03-29T15:16:34+00:00","breadcrumb":{"@id":"https:\/\/trinidad.salesianos.edu\/humanitates\/presentacion\/#breadcrumb"},"inLanguage":"es","potentialAction":[{"@type":"ReadAction","target":["https:\/\/trinidad.salesianos.edu\/humanitates\/presentacion\/"]}]},{"@type":"BreadcrumbList","@id":"https:\/\/trinidad.salesianos.edu\/humanitates\/presentacion\/#breadcrumb","itemListElement":[{"@type":"ListItem","position":1,"name":"Portada","item":"https:\/\/trinidad.salesianos.edu\/humanitates\/"},{"@type":"ListItem","position":2,"name":"Presentaci\u00f3n"}]},{"@type":"WebSite","@id":"https:\/\/trinidad.salesianos.edu\/humanitates\/#website","url":"https:\/\/trinidad.salesianos.edu\/humanitates\/","name":"Humanitates","description":"","potentialAction":[{"@type":"SearchAction","target":{"@type":"EntryPoint","urlTemplate":"https:\/\/trinidad.salesianos.edu\/humanitates\/?s={search_term_string}"},"query-input":{"@type":"PropertyValueSpecification","valueRequired":true,"valueName":"search_term_string"}}],"inLanguage":"es"}]}},"_links":{"self":[{"href":"https:\/\/trinidad.salesianos.edu\/humanitates\/wp-json\/wp\/v2\/pages\/9707","targetHints":{"allow":["GET"]}}],"collection":[{"href":"https:\/\/trinidad.salesianos.edu\/humanitates\/wp-json\/wp\/v2\/pages"}],"about":[{"href":"https:\/\/trinidad.salesianos.edu\/humanitates\/wp-json\/wp\/v2\/types\/page"}],"author":[{"embeddable":true,"href":"https:\/\/trinidad.salesianos.edu\/humanitates\/wp-json\/wp\/v2\/users\/3"}],"replies":[{"embeddable":true,"href":"https:\/\/trinidad.salesianos.edu\/humanitates\/wp-json\/wp\/v2\/comments?post=9707"}],"version-history":[{"count":11,"href":"https:\/\/trinidad.salesianos.edu\/humanitates\/wp-json\/wp\/v2\/pages\/9707\/revisions"}],"predecessor-version":[{"id":9922,"href":"https:\/\/trinidad.salesianos.edu\/humanitates\/wp-json\/wp\/v2\/pages\/9707\/revisions\/9922"}],"wp:attachment":[{"href":"https:\/\/trinidad.salesianos.edu\/humanitates\/wp-json\/wp\/v2\/media?parent=9707"}],"curies":[{"name":"wp","href":"https:\/\/api.w.org\/{rel}","templated":true}]}}