
{"id":10099,"date":"2023-02-05T12:39:22","date_gmt":"2023-02-05T11:39:22","guid":{"rendered":"https:\/\/trinidad.salesianos.edu\/humanitates\/?page_id=10099"},"modified":"2023-02-05T12:39:22","modified_gmt":"2023-02-05T11:39:22","slug":"cultura-de-ayer-y-de-hoy-curso-21-22","status":"publish","type":"page","link":"https:\/\/trinidad.salesianos.edu\/humanitates\/cultura-de-ayer-y-de-hoy-curso-21-22\/","title":{"rendered":"Cultura de ayer y de hoy (curso 21-22)"},"content":{"rendered":"<p>[et_pb_section fb_built=\u00bb1&#8243; fullwidth=\u00bbon\u00bb _builder_version=\u00bb4.16&#8243; _module_preset=\u00bbdefault\u00bb box_shadow_style=\u00bbpreset2&#8243; global_colors_info=\u00bb{}\u00bb][et_pb_fullwidth_header _builder_version=\u00bb4.19.5&#8243; _module_preset=\u00bbdefault\u00bb title_font=\u00bbABeeZee|||on|||||\u00bb title_text_align=\u00bbcenter\u00bb title_font_size=\u00bb63px\u00bb content_font=\u00bbPlayfair Display|900|||||||\u00bb content_text_align=\u00bbcenter\u00bb content_font_size=\u00bb60px\u00bb content_letter_spacing=\u00bb3px\u00bb content_link_font=\u00bbAcme||||||||\u00bb background_color=\u00bbrgba(0,0,0,0.11)\u00bb background_image=\u00bbhttps:\/\/trinidad.salesianos.edu\/humanitates\/wp-content\/uploads\/sites\/18\/2022\/02\/cultura-scaled.jpg\u00bb background_blend=\u00bbmultiply\u00bb hover_enabled=\u00bb0&#8243; content_font_size_tablet=\u00bb60px\u00bb content_font_size_phone=\u00bb37px\u00bb content_font_size_last_edited=\u00bbon|phone\u00bb content_line_height_tablet=\u00bb\u00bb content_line_height_phone=\u00bb0.9em\u00bb content_line_height_last_edited=\u00bbon|phone\u00bb background_last_edited=\u00bbon|tablet\u00bb global_colors_info=\u00bb{}\u00bb sticky_enabled=\u00bb0&#8243;]<\/p>\n<p>&nbsp;<\/p>\n<p>&nbsp;<\/p>\n<p>&nbsp;<\/p>\n<p>Cultura de ayer y hoy (Curso 21-22)<\/p>\n<p>&nbsp;<\/p>\n<p>&nbsp;<\/p>\n<p>&nbsp;<\/p>\n<p>&nbsp;<\/p>\n<p>&nbsp;<\/p>\n<p>&nbsp;<\/p>\n<p>&nbsp;<\/p>\n<p>&nbsp;<\/p>\n<p>&nbsp;<\/p>\n<p>&nbsp;<\/p>\n<p>&nbsp;<\/p>\n<p>[\/et_pb_fullwidth_header][\/et_pb_section][et_pb_section fb_built=\u00bb1&#8243; _builder_version=\u00bb4.16&#8243; _module_preset=\u00bbdefault\u00bb global_colors_info=\u00bb{}\u00bb][et_pb_row _builder_version=\u00bb4.16&#8243; _module_preset=\u00bbdefault\u00bb global_colors_info=\u00bb{}\u00bb][et_pb_column type=\u00bb4_4&#8243; _builder_version=\u00bb4.16&#8243; _module_preset=\u00bbdefault\u00bb global_colors_info=\u00bb{}\u00bb][et_pb_text _builder_version=\u00bb4.17.4&#8243; _module_preset=\u00bbdefault\u00bb text_font=\u00bbOpen Sans|700|||||||\u00bb text_orientation=\u00bbcenter\u00bb global_colors_info=\u00bb{}\u00bb]<\/p>\n<p dir=\"ltr\"><span>Irene Carmona y Paula Fern\u00e1ndez nos hablan de series, canciones y novelas que tienen conexiones con la antig\u00fcedad grecolatina.\u00a0<\/span><\/p>\n<p>[\/et_pb_text][\/et_pb_column][\/et_pb_row][et_pb_row column_structure=\u00bb1_2,1_2&#8243; _builder_version=\u00bb4.16&#8243; _module_preset=\u00bbdefault\u00bb global_colors_info=\u00bb{}\u00bb][et_pb_column type=\u00bb1_2&#8243; _builder_version=\u00bb4.16&#8243; _module_preset=\u00bbdefault\u00bb global_colors_info=\u00bb{}\u00bb][et_pb_text _builder_version=\u00bb4.17.4&#8243; _module_preset=\u00bbdefault\u00bb text_font=\u00bbPlayfair Display SC|800||||on|||\u00bb text_text_color=\u00bb#E02B20&#8243; text_font_size=\u00bb26px\u00bb text_orientation=\u00bbcenter\u00bb global_colors_info=\u00bb{}\u00bb]<\/p>\n<p dir=\"ltr\">Mayo<\/p>\n<p>[\/et_pb_text][et_pb_text _builder_version=\u00bb4.17.4&#8243; _module_preset=\u00bbdefault\u00bb text_font=\u00bbOpen Sans||||||||\u00bb global_colors_info=\u00bb{}\u00bb]<\/p>\n<p style=\"text-align: center;\"><span>En este n\u00famero y teniendo en cuenta que est\u00e1n cerquita las vacaciones nos hemos centrado en aquellas cosas que podemos disfrutar en este periodo estival\u00a0<sup><\/sup><\/span><\/p>\n<p style=\"text-align: center;\"><span><\/span><\/p>\n<p>[\/et_pb_text][et_pb_image src=\u00bbhttps:\/\/trinidad.salesianos.edu\/humanitates\/wp-content\/uploads\/sites\/18\/2022\/06\/Humanitates-1.png\u00bb url=\u00bbhttps:\/\/trinidad.salesianos.edu\/humanitates\/wp-content\/uploads\/sites\/18\/2022\/06\/Cultura-de-ayer-y-hoy.pdf\u00bb url_new_window=\u00bbon\u00bb _builder_version=\u00bb4.17.4&#8243; _module_preset=\u00bbdefault\u00bb width=\u00bb52%\u00bb module_alignment=\u00bbcenter\u00bb border_radii=\u00bbon|100px|100px|100px|100px\u00bb border_color_all=\u00bb#6c9bc1&#8243; box_shadow_style=\u00bbpreset2&#8243; global_colors_info=\u00bb{}\u00bb][\/et_pb_image][et_pb_text _builder_version=\u00bb4.16&#8243; _module_preset=\u00bbdefault\u00bb text_font=\u00bbPlayfair Display SC|800||||on|||\u00bb text_text_color=\u00bb#E02B20&#8243; text_font_size=\u00bb26px\u00bb text_orientation=\u00bbcenter\u00bb global_colors_info=\u00bb{}\u00bb]<\/p>\n<p dir=\"ltr\">Marzo<\/p>\n<p>[\/et_pb_text][et_pb_text _builder_version=\u00bb4.17.3&#8243; _module_preset=\u00bbdefault\u00bb text_font=\u00bbOpen Sans||||||||\u00bb global_colors_info=\u00bb{}\u00bb]<\/p>\n<p dir=\"ltr\" style=\"text-align: center;\">La mitolog\u00eda griega sin duda es una de las mejores creaciones que el ser humano ha sido capaz de sacar a la luz y esto ha sido la base de infinidad de obras. \u00a1Echa un vistazo!<\/p>\n<p>[\/et_pb_text][et_pb_image src=\u00bbhttps:\/\/trinidad.salesianos.edu\/humanitates\/wp-content\/uploads\/sites\/18\/2022\/03\/1.jpg\u00bb url=\u00bbhttps:\/\/trinidad.salesianos.edu\/humanitates\/wp-content\/uploads\/sites\/18\/2022\/03\/3_Actividad-cultural-Humanitates-II.pdf\u00bb url_new_window=\u00bbon\u00bb _builder_version=\u00bb4.17.3&#8243; _module_preset=\u00bbdefault\u00bb width=\u00bb52%\u00bb module_alignment=\u00bbcenter\u00bb border_radii=\u00bbon|100px|100px|100px|100px\u00bb border_color_all=\u00bb#6c9bc1&#8243; box_shadow_style=\u00bbpreset2&#8243; global_colors_info=\u00bb{}\u00bb][\/et_pb_image][\/et_pb_column][et_pb_column type=\u00bb1_2&#8243; _builder_version=\u00bb4.17.3&#8243; _module_preset=\u00bbdefault\u00bb global_colors_info=\u00bb{}\u00bb][et_pb_text _builder_version=\u00bb4.17.3&#8243; _module_preset=\u00bbdefault\u00bb text_font=\u00bbPlayfair Display SC|800||||on|||\u00bb text_text_color=\u00bb#E02B20&#8243; text_font_size=\u00bb26px\u00bb text_orientation=\u00bbcenter\u00bb global_colors_info=\u00bb{}\u00bb]<\/p>\n<p dir=\"ltr\">Abril<\/p>\n<p>[\/et_pb_text][et_pb_text _builder_version=\u00bb4.17.3&#8243; _module_preset=\u00bbdefault\u00bb text_font=\u00bbOpen Sans||||||||\u00bb global_colors_info=\u00bb{}\u00bb]<\/p>\n<p style=\"text-align: center;\"><span>Este n\u00famero \u00a0hemos querido sorprenderos con nuevos temas, tales como moda y sitios que visitar. Os aseguro que os sorprender\u00e1 como la mitolog\u00eda es inspiraci\u00f3n en cualquier \u00e1mbito. \u00a1Disfrutad!<sup><\/sup><\/span><\/p>\n<p>[\/et_pb_text][et_pb_image src=\u00bbhttps:\/\/trinidad.salesianos.edu\/humanitates\/wp-content\/uploads\/sites\/18\/2022\/04\/Humanitates.jpg\u00bb url=\u00bbhttps:\/\/trinidad.salesianos.edu\/humanitates\/wp-content\/uploads\/sites\/18\/2022\/04\/Humanitates-III.pdf\u00bb url_new_window=\u00bbon\u00bb _builder_version=\u00bb4.17.3&#8243; _module_preset=\u00bbdefault\u00bb width=\u00bb52%\u00bb module_alignment=\u00bbcenter\u00bb border_radii=\u00bbon|100px|100px|100px|100px\u00bb border_color_all=\u00bb#6c9bc1&#8243; box_shadow_style=\u00bbpreset2&#8243; global_colors_info=\u00bb{}\u00bb][\/et_pb_image][et_pb_text _builder_version=\u00bb4.16&#8243; _module_preset=\u00bbdefault\u00bb text_font=\u00bbPlayfair Display SC|800||||on|||\u00bb text_text_color=\u00bb#E02B20&#8243; text_font_size=\u00bb26px\u00bb text_orientation=\u00bbcenter\u00bb global_colors_info=\u00bb{}\u00bb]<\/p>\n<p dir=\"ltr\">Febrero<\/p>\n<p>[\/et_pb_text][et_pb_text _builder_version=\u00bb4.17.3&#8243; _module_preset=\u00bbdefault\u00bb text_font=\u00bbOpen Sans||||||||\u00bb global_colors_info=\u00bb{}\u00bb]<\/p>\n<p dir=\"ltr\" style=\"text-align: center;\"><span>Por ejemplo, te sorprender\u00e1 descubrir que<\/span><span><em>\u00a0Juego de Tronos<\/em><\/span><span> se inspir\u00f3 en el Imperio Romano. Pincha en la imagen para saber m\u00e1s<\/span><\/p>\n<p dir=\"ltr\"><span><\/span><\/p>\n<p>[\/et_pb_text][et_pb_image src=\u00bbhttps:\/\/trinidad.salesianos.edu\/humanitates\/wp-content\/uploads\/sites\/18\/2022\/03\/2.jpg\u00bb url=\u00bbhttps:\/\/trinidad.salesianos.edu\/humanitates\/wp-content\/uploads\/sites\/18\/2022\/02\/Actividad-cultural-Humanitates.pdf\u00bb url_new_window=\u00bbon\u00bb _builder_version=\u00bb4.16&#8243; _module_preset=\u00bbdefault\u00bb width=\u00bb52%\u00bb module_alignment=\u00bbcenter\u00bb border_radii=\u00bbon|100px|100px|100px|100px\u00bb border_color_all=\u00bb#6c9bc1&#8243; box_shadow_style=\u00bbpreset2&#8243; global_colors_info=\u00bb{}\u00bb][\/et_pb_image][\/et_pb_column][\/et_pb_row][et_pb_row _builder_version=\u00bb4.16&#8243; _module_preset=\u00bbdefault\u00bb global_colors_info=\u00bb{}\u00bb][et_pb_column type=\u00bb4_4&#8243; _builder_version=\u00bb4.16&#8243; _module_preset=\u00bbdefault\u00bb global_colors_info=\u00bb{}\u00bb][et_pb_blurb title=\u00bbPonte los cascos y disfruta \u00bb url=\u00bbhttps:\/\/open.spotify.com\/playlist\/0FnBoYn0LFOlQo23FkCN3e?si=517aff007fbd485a\u00bb url_new_window=\u00bbon\u00bb use_icon=\u00bbon\u00bb font_icon=\u00bb&#xe0a8;||divi||400&#8243; icon_placement=\u00bbleft\u00bb _builder_version=\u00bb4.16&#8243; _module_preset=\u00bbdefault\u00bb header_font=\u00bbPlayfair Display SC|700|||||||\u00bb header_text_align=\u00bbleft\u00bb header_font_size=\u00bb21px\u00bb custom_padding=\u00bb|||83px|false|false\u00bb link_option_url=\u00bbhttps:\/\/open.spotify.com\/playlist\/0FnBoYn0LFOlQo23FkCN3e?si=517aff007fbd485a\u00bb link_option_url_new_window=\u00bbon\u00bb global_colors_info=\u00bb{}\u00bb][\/et_pb_blurb][et_pb_text _builder_version=\u00bb4.16&#8243; _module_preset=\u00bbdefault\u00bb text_font=\u00bbOpen Sans||||||||\u00bb text_orientation=\u00bbcenter\u00bb global_colors_info=\u00bb{}\u00bb]<\/p>\n<p dir=\"ltr\"><span>Tambi\u00e9n puedes acceder a la <\/span><span><em>playlist\u00a0<\/em><\/span><span>de Spotify que proponen con las canciones que van comentando.<\/span><\/p>\n<p>[\/et_pb_text][\/et_pb_column][\/et_pb_row][\/et_pb_section]<\/p>\n","protected":false},"excerpt":{"rendered":"<p>&nbsp; &nbsp; &nbsp; Cultura de ayer y hoy (Curso 21-22) &nbsp; &nbsp; &nbsp; &nbsp; &nbsp; &nbsp; &nbsp; &nbsp; &nbsp; &nbsp; &nbsp;Irene Carmona y Paula Fern\u00e1ndez nos hablan de series, canciones y novelas que tienen conexiones con la antig\u00fcedad grecolatina.\u00a0MayoEn este n\u00famero y teniendo en cuenta que est\u00e1n cerquita las vacaciones nos hemos centrado en aquellas [&hellip;]<\/p>\n","protected":false},"author":3,"featured_media":0,"parent":0,"menu_order":0,"comment_status":"closed","ping_status":"closed","template":"","meta":{"_et_pb_use_builder":"on","_et_pb_old_content":"","_et_gb_content_width":"","footnotes":""},"class_list":["post-10099","page","type-page","status-publish","hentry"],"yoast_head":"<!-- This site is optimized with the Yoast SEO plugin v27.3 - https:\/\/yoast.com\/product\/yoast-seo-wordpress\/ -->\n<title>Cultura de ayer y de hoy (curso 21-22) - Humanitates<\/title>\n<meta name=\"robots\" content=\"index, follow, max-snippet:-1, max-image-preview:large, max-video-preview:-1\" \/>\n<link rel=\"canonical\" href=\"https:\/\/trinidad.salesianos.edu\/humanitates\/cultura-de-ayer-y-de-hoy-curso-21-22\/\" \/>\n<meta property=\"og:locale\" content=\"es_ES\" \/>\n<meta property=\"og:type\" content=\"article\" \/>\n<meta property=\"og:title\" content=\"Cultura de ayer y de hoy (curso 21-22) - Humanitates\" \/>\n<meta property=\"og:description\" content=\"&nbsp; &nbsp; &nbsp; Cultura de ayer y hoy (Curso 21-22) &nbsp; &nbsp; &nbsp; &nbsp; &nbsp; &nbsp; &nbsp; &nbsp; &nbsp; &nbsp; &nbsp;Irene Carmona y Paula Fern\u00e1ndez nos hablan de series, canciones y novelas que tienen conexiones con la antig\u00fcedad grecolatina.\u00a0MayoEn este n\u00famero y teniendo en cuenta que est\u00e1n cerquita las vacaciones nos hemos centrado en aquellas [&hellip;]\" \/>\n<meta property=\"og:url\" content=\"https:\/\/trinidad.salesianos.edu\/humanitates\/cultura-de-ayer-y-de-hoy-curso-21-22\/\" \/>\n<meta property=\"og:site_name\" content=\"Humanitates\" \/>\n<meta name=\"twitter:card\" content=\"summary_large_image\" \/>\n<script type=\"application\/ld+json\" class=\"yoast-schema-graph\">{\"@context\":\"https:\\\/\\\/schema.org\",\"@graph\":[{\"@type\":\"WebPage\",\"@id\":\"https:\\\/\\\/trinidad.salesianos.edu\\\/humanitates\\\/cultura-de-ayer-y-de-hoy-curso-21-22\\\/\",\"url\":\"https:\\\/\\\/trinidad.salesianos.edu\\\/humanitates\\\/cultura-de-ayer-y-de-hoy-curso-21-22\\\/\",\"name\":\"Cultura de ayer y de hoy (curso 21-22) - Humanitates\",\"isPartOf\":{\"@id\":\"https:\\\/\\\/trinidad.salesianos.edu\\\/humanitates\\\/#website\"},\"datePublished\":\"2023-02-05T11:39:22+00:00\",\"breadcrumb\":{\"@id\":\"https:\\\/\\\/trinidad.salesianos.edu\\\/humanitates\\\/cultura-de-ayer-y-de-hoy-curso-21-22\\\/#breadcrumb\"},\"inLanguage\":\"es\",\"potentialAction\":[{\"@type\":\"ReadAction\",\"target\":[\"https:\\\/\\\/trinidad.salesianos.edu\\\/humanitates\\\/cultura-de-ayer-y-de-hoy-curso-21-22\\\/\"]}]},{\"@type\":\"BreadcrumbList\",\"@id\":\"https:\\\/\\\/trinidad.salesianos.edu\\\/humanitates\\\/cultura-de-ayer-y-de-hoy-curso-21-22\\\/#breadcrumb\",\"itemListElement\":[{\"@type\":\"ListItem\",\"position\":1,\"name\":\"Portada\",\"item\":\"https:\\\/\\\/trinidad.salesianos.edu\\\/humanitates\\\/\"},{\"@type\":\"ListItem\",\"position\":2,\"name\":\"Cultura de ayer y de hoy (curso 21-22)\"}]},{\"@type\":\"WebSite\",\"@id\":\"https:\\\/\\\/trinidad.salesianos.edu\\\/humanitates\\\/#website\",\"url\":\"https:\\\/\\\/trinidad.salesianos.edu\\\/humanitates\\\/\",\"name\":\"Humanitates\",\"description\":\"\",\"potentialAction\":[{\"@type\":\"SearchAction\",\"target\":{\"@type\":\"EntryPoint\",\"urlTemplate\":\"https:\\\/\\\/trinidad.salesianos.edu\\\/humanitates\\\/?s={search_term_string}\"},\"query-input\":{\"@type\":\"PropertyValueSpecification\",\"valueRequired\":true,\"valueName\":\"search_term_string\"}}],\"inLanguage\":\"es\"}]}<\/script>\n<!-- \/ Yoast SEO plugin. -->","yoast_head_json":{"title":"Cultura de ayer y de hoy (curso 21-22) - Humanitates","robots":{"index":"index","follow":"follow","max-snippet":"max-snippet:-1","max-image-preview":"max-image-preview:large","max-video-preview":"max-video-preview:-1"},"canonical":"https:\/\/trinidad.salesianos.edu\/humanitates\/cultura-de-ayer-y-de-hoy-curso-21-22\/","og_locale":"es_ES","og_type":"article","og_title":"Cultura de ayer y de hoy (curso 21-22) - Humanitates","og_description":"&nbsp; &nbsp; &nbsp; Cultura de ayer y hoy (Curso 21-22) &nbsp; &nbsp; &nbsp; &nbsp; &nbsp; &nbsp; &nbsp; &nbsp; &nbsp; &nbsp; &nbsp;Irene Carmona y Paula Fern\u00e1ndez nos hablan de series, canciones y novelas que tienen conexiones con la antig\u00fcedad grecolatina.\u00a0MayoEn este n\u00famero y teniendo en cuenta que est\u00e1n cerquita las vacaciones nos hemos centrado en aquellas [&hellip;]","og_url":"https:\/\/trinidad.salesianos.edu\/humanitates\/cultura-de-ayer-y-de-hoy-curso-21-22\/","og_site_name":"Humanitates","twitter_card":"summary_large_image","schema":{"@context":"https:\/\/schema.org","@graph":[{"@type":"WebPage","@id":"https:\/\/trinidad.salesianos.edu\/humanitates\/cultura-de-ayer-y-de-hoy-curso-21-22\/","url":"https:\/\/trinidad.salesianos.edu\/humanitates\/cultura-de-ayer-y-de-hoy-curso-21-22\/","name":"Cultura de ayer y de hoy (curso 21-22) - Humanitates","isPartOf":{"@id":"https:\/\/trinidad.salesianos.edu\/humanitates\/#website"},"datePublished":"2023-02-05T11:39:22+00:00","breadcrumb":{"@id":"https:\/\/trinidad.salesianos.edu\/humanitates\/cultura-de-ayer-y-de-hoy-curso-21-22\/#breadcrumb"},"inLanguage":"es","potentialAction":[{"@type":"ReadAction","target":["https:\/\/trinidad.salesianos.edu\/humanitates\/cultura-de-ayer-y-de-hoy-curso-21-22\/"]}]},{"@type":"BreadcrumbList","@id":"https:\/\/trinidad.salesianos.edu\/humanitates\/cultura-de-ayer-y-de-hoy-curso-21-22\/#breadcrumb","itemListElement":[{"@type":"ListItem","position":1,"name":"Portada","item":"https:\/\/trinidad.salesianos.edu\/humanitates\/"},{"@type":"ListItem","position":2,"name":"Cultura de ayer y de hoy (curso 21-22)"}]},{"@type":"WebSite","@id":"https:\/\/trinidad.salesianos.edu\/humanitates\/#website","url":"https:\/\/trinidad.salesianos.edu\/humanitates\/","name":"Humanitates","description":"","potentialAction":[{"@type":"SearchAction","target":{"@type":"EntryPoint","urlTemplate":"https:\/\/trinidad.salesianos.edu\/humanitates\/?s={search_term_string}"},"query-input":{"@type":"PropertyValueSpecification","valueRequired":true,"valueName":"search_term_string"}}],"inLanguage":"es"}]}},"_links":{"self":[{"href":"https:\/\/trinidad.salesianos.edu\/humanitates\/wp-json\/wp\/v2\/pages\/10099","targetHints":{"allow":["GET"]}}],"collection":[{"href":"https:\/\/trinidad.salesianos.edu\/humanitates\/wp-json\/wp\/v2\/pages"}],"about":[{"href":"https:\/\/trinidad.salesianos.edu\/humanitates\/wp-json\/wp\/v2\/types\/page"}],"author":[{"embeddable":true,"href":"https:\/\/trinidad.salesianos.edu\/humanitates\/wp-json\/wp\/v2\/users\/3"}],"replies":[{"embeddable":true,"href":"https:\/\/trinidad.salesianos.edu\/humanitates\/wp-json\/wp\/v2\/comments?post=10099"}],"version-history":[{"count":3,"href":"https:\/\/trinidad.salesianos.edu\/humanitates\/wp-json\/wp\/v2\/pages\/10099\/revisions"}],"predecessor-version":[{"id":10102,"href":"https:\/\/trinidad.salesianos.edu\/humanitates\/wp-json\/wp\/v2\/pages\/10099\/revisions\/10102"}],"wp:attachment":[{"href":"https:\/\/trinidad.salesianos.edu\/humanitates\/wp-json\/wp\/v2\/media?parent=10099"}],"curies":[{"name":"wp","href":"https:\/\/api.w.org\/{rel}","templated":true}]}}