
{"id":17233,"date":"2024-10-07T16:36:03","date_gmt":"2024-10-07T14:36:03","guid":{"rendered":"https:\/\/trinidad.salesianos.edu\/colegio\/?page_id=17233"},"modified":"2024-11-27T20:43:06","modified_gmt":"2024-11-27T19:43:06","slug":"noticias-huerto-acuponico","status":"publish","type":"page","link":"https:\/\/trinidad.salesianos.edu\/colegio\/noticias-huerto-acuponico\/","title":{"rendered":"Noticias-Huerto acuap\u00f3nico"},"content":{"rendered":"<p>[et_pb_section fb_built=\u00bb1&#8243; admin_label=\u00bbPage Title Section\u00bb _builder_version=\u00bb4.27.2&#8243; use_background_color_gradient=\u00bbon\u00bb background_color_gradient_direction=\u00bb120deg\u00bb background_color_gradient_stops=\u00bb#000000 0%|rgba(0,0,0,0) 100%\u00bb background_color_gradient_overlays_image=\u00bbon\u00bb background_color_gradient_start=\u00bb#000000&#8243; background_color_gradient_end=\u00bbrgba(0,0,0,0)\u00bb background_image=\u00bbhttps:\/\/trinidad.salesianos.edu\/colegio\/wp-content\/uploads\/sites\/11\/2024\/10\/young-asian-woman-worker-checking-quality-of-veget-2023-11-27-05-08-14-utc-scaled.jpg\u00bb background_position=\u00bbcenter_right\u00bb background_horizontal_offset=\u00bb0%\u00bb custom_padding=\u00bb110px||153px|||\u00bb global_colors_info=\u00bb{}\u00bb][et_pb_row column_structure=\u00bb3_5,2_5&#8243; admin_label=\u00bbPage Title Area\u00bb _builder_version=\u00bb4.16&#8243; background_size=\u00bbinitial\u00bb background_position=\u00bbtop_left\u00bb background_repeat=\u00bbrepeat\u00bb global_colors_info=\u00bb{}\u00bb][et_pb_column type=\u00bb3_5&#8243; _builder_version=\u00bb4.16&#8243; custom_padding=\u00bb|||\u00bb global_colors_info=\u00bb{}\u00bb custom_padding__hover=\u00bb|||\u00bb][et_pb_text admin_label=\u00bbTitle\u00bb _builder_version=\u00bb4.27.2&#8243; text_font=\u00bb||||||||\u00bb header_font=\u00bbPoppins|600|||||||\u00bb header_font_size=\u00bb60px\u00bb header_line_height=\u00bb1.2em\u00bb header_2_font=\u00bb||||||||\u00bb header_2_font_size=\u00bb60px\u00bb background_layout=\u00bbdark\u00bb custom_margin=\u00bb||20px|\u00bb custom_padding=\u00bb|||\u00bb animation_style=\u00bbfade\u00bb header_font_size_tablet=\u00bb\u00bb header_font_size_phone=\u00bb40px\u00bb header_font_size_last_edited=\u00bbon|phone\u00bb global_colors_info=\u00bb{}\u00bb]<\/p>\n<h1>Nuestras noticias<\/h1>\n<p>[\/et_pb_text][et_pb_text admin_label=\u00bbPage Subtitle\u00bb _builder_version=\u00bb4.27.4&#8243; text_font=\u00bbPoppins||||||||\u00bb text_font_size=\u00bb18px\u00bb text_line_height=\u00bb1.8em\u00bb header_font=\u00bb||||||||\u00bb background_layout=\u00bbdark\u00bb animation_style=\u00bbfade\u00bb hover_enabled=\u00bb0&#8243; global_colors_info=\u00bb{}\u00bb sticky_enabled=\u00bb0&#8243;]<\/p>\n<div class=\"flex max-w-full flex-col flex-grow\">\n<div data-message-author-role=\"assistant\" data-message-id=\"ed0993a1-1926-44e3-bb6a-297f391f4772\" dir=\"auto\" class=\"min-h-8 text-message flex w-full flex-col items-end gap-2 whitespace-normal break-words [.text-message+&amp;]:mt-5\">\n<div class=\"flex w-full flex-col gap-1 empty:hidden first:pt-[3px]\">\n<div class=\"markdown prose w-full break-words dark:prose-invert light\">\n<p>Te damos la bienvenida a nuestra secci\u00f3n de noticias, donde encontrar\u00e1s las \u00faltimas actualizaciones y avances sobre el proyecto de huerto acuap\u00f3nico en nuestro colegio.<\/p>\n<\/div>\n<\/div>\n<\/div>\n<\/div>\n<p>[\/et_pb_text][\/et_pb_column][et_pb_column type=\u00bb2_5&#8243; _builder_version=\u00bb4.16&#8243; custom_padding=\u00bb|||\u00bb global_colors_info=\u00bb{}\u00bb custom_padding__hover=\u00bb|||\u00bb][\/et_pb_column][\/et_pb_row][\/et_pb_section][et_pb_section fb_built=\u00bb1&#8243; admin_label=\u00bbClass Details Section\u00bb _builder_version=\u00bb4.27.4&#8243; background_color=\u00bb#efe9e4&#8243; custom_padding=\u00bb90px||0px|||\u00bb hover_enabled=\u00bb0&#8243; global_colors_info=\u00bb{}\u00bb sticky_enabled=\u00bb0&#8243;][et_pb_row _builder_version=\u00bb4.16&#8243; global_colors_info=\u00bb{}\u00bb][et_pb_column type=\u00bb4_4&#8243; _builder_version=\u00bb4.16&#8243; custom_padding=\u00bb|||\u00bb global_colors_info=\u00bb{}\u00bb custom_padding__hover=\u00bb|||\u00bb][et_pb_blog fullwidth=\u00bboff\u00bb posts_number=\u00bb3&#8243; include_categories=\u00bb85&#8243; show_author=\u00bboff\u00bb show_categories=\u00bboff\u00bb _builder_version=\u00bb4.27.4&#8243; header_font=\u00bbPoppins|600|||||||\u00bb header_text_color=\u00bb#fc982d\u00bb header_font_size=\u00bb18px\u00bb header_line_height=\u00bb1.4em\u00bb body_font=\u00bbPoppins||||||||\u00bb body_font_size=\u00bb16px\u00bb body_line_height=\u00bb1.8em\u00bb meta_font=\u00bbPoppins||||||||\u00bb meta_text_color=\u00bb#a0a0a0&#8243; meta_font_size=\u00bb14px\u00bb meta_line_height=\u00bb1.8em\u00bb pagination_font=\u00bbPoppins||||||||\u00bb pagination_text_color=\u00bb#000000&#8243; pagination_font_size=\u00bb16px\u00bb hover_enabled=\u00bb0&#8243; border_width_all=\u00bb0px\u00bb box_shadow_style=\u00bbpreset2&#8243; box_shadow_horizontal=\u00bb0px\u00bb box_shadow_vertical=\u00bb15px\u00bb box_shadow_blur=\u00bb25px\u00bb box_shadow_color=\u00bbrgba(0,0,0,0.05)\u00bb global_colors_info=\u00bb{}\u00bb sticky_enabled=\u00bb0&#8243;][\/et_pb_blog][\/et_pb_column][\/et_pb_row][\/et_pb_section][et_pb_section fb_built=\u00bb1&#8243; _builder_version=\u00bb4.27.2&#8243; _module_preset=\u00bbdefault\u00bb global_colors_info=\u00bb{}\u00bb][et_pb_row _builder_version=\u00bb4.27.2&#8243; _module_preset=\u00bbdefault\u00bb global_colors_info=\u00bb{}\u00bb theme_builder_area=\u00bbpost_content\u00bb][et_pb_column type=\u00bb4_4&#8243; _builder_version=\u00bb4.27.2&#8243; _module_preset=\u00bbdefault\u00bb global_colors_info=\u00bb{}\u00bb theme_builder_area=\u00bbpost_content\u00bb][et_pb_heading title=\u00bb\u00bfA d\u00f3nde quieres ir ahora?\u00bb _builder_version=\u00bb4.27.4&#8243; _module_preset=\u00bbdefault\u00bb title_font=\u00bbPoppins|900|||||||\u00bb title_text_align=\u00bbcenter\u00bb title_text_color=\u00bb#074402&#8243; title_font_size=\u00bb41px\u00bb title_font_size_tablet=\u00bb41px\u00bb title_font_size_phone=\u00bb30px\u00bb title_font_size_last_edited=\u00bbon|phone\u00bb global_colors_info=\u00bb{}\u00bb theme_builder_area=\u00bbpost_content\u00bb][\/et_pb_heading][et_pb_text _builder_version=\u00bb4.27.4&#8243; _module_preset=\u00bbdefault\u00bb text_font=\u00bbPoppins||||||||\u00bb text_font_size=\u00bb17px\u00bb text_orientation=\u00bbcenter\u00bb text_font_size_tablet=\u00bb17px\u00bb text_font_size_phone=\u00bb14px\u00bb text_font_size_last_edited=\u00bbon|phone\u00bb global_colors_info=\u00bb{}\u00bb theme_builder_area=\u00bbpost_content\u00bb]<\/p>\n<div class=\"flex max-w-full flex-col flex-grow\">\n<div data-message-author-role=\"assistant\" data-message-id=\"38f09391-ed84-45bd-88fe-96cb8c504f21\" dir=\"auto\" class=\"min-h-8 text-message flex w-full flex-col items-end gap-2 whitespace-normal break-words [.text-message+&amp;]:mt-5\" data-message-model-slug=\"gpt-4o\">\n<div class=\"flex w-full flex-col gap-1 empty:hidden first:pt-[3px]\">\n<div class=\"markdown prose w-full break-words dark:prose-invert light\">\n<p><span>Has llegado al final de la p\u00e1gina, pero a\u00fan hay mucho m\u00e1s por descubrir. Te invitamos a seguir explorando nuestro sitio y conocer todas las secciones que hemos preparado para ti. \u00a1Sigue navegando y no te pierdas nada!<\/span><\/p>\n<\/div>\n<\/div>\n<\/div>\n<\/div>\n<div class=\"mb-2 flex gap-3 empty:hidden -ml-2\">\n<div class=\"items-center justify-start rounded-xl p-1 flex\">\n<div class=\"flex items-center justify-center rounded-lg text-token-text-secondary\"><\/div>\n<\/div>\n<\/div>\n<p>[\/et_pb_text][et_pb_divimenus hide_button=\u00bbon\u00bb central_item_icon_font_size_tablet=\u00bb\u00bb central_item_icon_font_size_phone=\u00bb\u00bb central_item_icon_font_size_last_edited=\u00bbon|phone\u00bb central_item_image_size_tablet=\u00bb57&#8243; central_item_image_size_phone=\u00bb57&#8243; menu_item_icon_font_size_tablet=\u00bb\u00bb menu_item_icon_font_size_phone=\u00bb14px\u00bb menu_item_icon_font_size_last_edited=\u00bbon|phone\u00bb menu_item_distance_tablet=\u00bb\u00bb menu_item_distance_phone=\u00bb15px\u00bb menu_item_distance_last_edited=\u00bbon|phone\u00bb _builder_version=\u00bb4.27.4&#8243; _module_preset=\u00bbdefault\u00bb tooltip_font=\u00bbPoppins|800|||||||\u00bb tooltip_text_color=\u00bb#074402&#8243; tooltip_font_size=\u00bb15px\u00bb hover_enabled=\u00bb0&#8243; global_colors_info=\u00bb{}\u00bb central_item_image_height=\u00bb57&#8243; central_item_image_height_t=\u00bb57&#8243; central_item_image_height_p=\u00bb57&#8243; theme_builder_area=\u00bbpost_content\u00bb sticky_enabled=\u00bb0&#8243;][et_pb_divimenus_item title=\u00bbInicio\u00bb item_font_icon=\u00bb&#xe009;||divi||400&#8243; item_use_custom=\u00bbon\u00bb item_circle_color=\u00bb#074402&#8243; item_icon_color=\u00bb#FFFFFF\u00bb url=\u00bbhttps:\/\/trinidad.salesianos.edu\/colegio\/huerto-escolar\/\u00bb url_new_window=\u00bbon\u00bb link_type=\u00bburl\u00bb item_icon_font_size_tablet=\u00bb\u00bb item_icon_font_size_phone=\u00bb25px\u00bb item_icon_font_size_last_edited=\u00bbon|phone\u00bb _builder_version=\u00bb4.27.4&#8243; _module_preset=\u00bbdefault\u00bb global_colors_info=\u00bb{}\u00bb theme_builder_area=\u00bbpost_content\u00bb disable_items=\u00bboff\u00bb menu_item_font_icon=\u00bb%%43%%\u00bb menu_item_image=\u00bbdata:image\/svg+xml;base64,PHN2ZyB3aWR0aD0iNTQwIiBoZWlnaHQ9IjU0MCIgdmlld0JveD0iMCAwIDU0MCA1NDAiIHhtbG5zPSJodHRwOi8vd3d3LnczLm9yZy8yMDAwL3N2ZyI+CiAgICA8ZyBmaWxsPSJub25lIiBmaWxsLXJ1bGU9ImV2ZW5vZGQiPgogICAgICAgIDxwYXRoIGZpbGw9IiNFQkVCRUIiIGQ9Ik0wIDBoMTA4MHY1NDBIMHoiLz4KICAgICAgICA8cGF0aCBkPSJNNDQ1LjY0OSA1NDBoLTk4Ljk5NUwxNDQuNjQ5IDMzNy45OTUgMCA0ODIuNjQ0di05OC45OTVsMTE2LjM2NS0xMTYuMzY1YzE1LjYyLTE1LjYyIDQwLjk0Ny0xNS42MiA1Ni41NjggMEw0NDUuNjUgNTQweiIgZmlsbC1vcGFjaXR5PSIuMSIgZmlsbD0iIzAwMCIgZmlsbC1ydWxlPSJub256ZXJvIi8+CiAgICAgICAgPGNpcmNsZSBmaWxsLW9wYWNpdHk9Ii4wNSIgZmlsbD0iIzAwMCIgY3g9IjMzMSIgY3k9IjE0OCIgcj0iNzAiLz4KICAgICAgICA8cGF0aCBkPSJNMTA4MCAzNzl2MTEzLjEzN0w3MjguMTYyIDE0MC4zIDMyOC40NjIgNTQwSDIxNS4zMjRMNjk5Ljg3OCA1NS40NDZjMTUuNjItMTUuNjIgNDAuOTQ4LTE1LjYyIDU2LjU2OCAwTDEwODAgMzc5eiIgZmlsbC1vcGFjaXR5PSIuMiIgZmlsbD0iIzAwMCIgZmlsbC1ydWxlPSJub256ZXJvIi8+CiAgICA8L2c+Cjwvc3ZnPgo=\u00bb menu_item_show_title=\u00bbon\u00bb menu_item_equal_size=\u00bbon\u00bb menu_item_select=\u00bbicon_option\u00bb menu_item_use_border=\u00bboff\u00bb title_clickable=\u00bboff\u00bb tooltip_use_background=\u00bboff\u00bb tooltip_behavior=\u00bbhover\u00bb child_order=\u00bb0&#8243; item_padding_lr=\u00bb15&#8243; item_padding_tb=\u00bb15&#8243; item_padding_lr_t=\u00bb15&#8243; item_padding_tb_t=\u00bb15&#8243; item_padding_lr_p=\u00bb15&#8243; item_padding_tb_p=\u00bb15&#8243;][\/et_pb_divimenus_item][et_pb_divimenus_item title=\u00bb\u00bfQu\u00e9 es un huerto acuap\u00f3nico?\u00bb item_font_icon=\u00bb&#x75;||divi||400&#8243; item_use_custom=\u00bbon\u00bb item_circle_color=\u00bb#074402&#8243; item_icon_color=\u00bb#FFFFFF\u00bb url=\u00bbhttps:\/\/trinidad.salesianos.edu\/colegio\/huerto-acuaponico-que-es\/\u00bb url_new_window=\u00bbon\u00bb item_icon_font_size_tablet=\u00bb\u00bb item_icon_font_size_phone=\u00bb25px\u00bb item_icon_font_size_last_edited=\u00bbon|phone\u00bb _builder_version=\u00bb4.27.4&#8243; _module_preset=\u00bbdefault\u00bb hover_enabled=\u00bb0&#8243; global_colors_info=\u00bb{}\u00bb theme_builder_area=\u00bbpost_content\u00bb disable_items=\u00bboff\u00bb menu_item_font_icon=\u00bb%%43%%\u00bb menu_item_image=\u00bbdata:image\/svg+xml;base64,PHN2ZyB3aWR0aD0iNTQwIiBoZWlnaHQ9IjU0MCIgdmlld0JveD0iMCAwIDU0MCA1NDAiIHhtbG5zPSJodHRwOi8vd3d3LnczLm9yZy8yMDAwL3N2ZyI+CiAgICA8ZyBmaWxsPSJub25lIiBmaWxsLXJ1bGU9ImV2ZW5vZGQiPgogICAgICAgIDxwYXRoIGZpbGw9IiNFQkVCRUIiIGQ9Ik0wIDBoMTA4MHY1NDBIMHoiLz4KICAgICAgICA8cGF0aCBkPSJNNDQ1LjY0OSA1NDBoLTk4Ljk5NUwxNDQuNjQ5IDMzNy45OTUgMCA0ODIuNjQ0di05OC45OTVsMTE2LjM2NS0xMTYuMzY1YzE1LjYyLTE1LjYyIDQwLjk0Ny0xNS42MiA1Ni41NjggMEw0NDUuNjUgNTQweiIgZmlsbC1vcGFjaXR5PSIuMSIgZmlsbD0iIzAwMCIgZmlsbC1ydWxlPSJub256ZXJvIi8+CiAgICAgICAgPGNpcmNsZSBmaWxsLW9wYWNpdHk9Ii4wNSIgZmlsbD0iIzAwMCIgY3g9IjMzMSIgY3k9IjE0OCIgcj0iNzAiLz4KICAgICAgICA8cGF0aCBkPSJNMTA4MCAzNzl2MTEzLjEzN0w3MjguMTYyIDE0MC4zIDMyOC40NjIgNTQwSDIxNS4zMjRMNjk5Ljg3OCA1NS40NDZjMTUuNjItMTUuNjIgNDAuOTQ4LTE1LjYyIDU2LjU2OCAwTDEwODAgMzc5eiIgZmlsbC1vcGFjaXR5PSIuMiIgZmlsbD0iIzAwMCIgZmlsbC1ydWxlPSJub256ZXJvIi8+CiAgICA8L2c+Cjwvc3ZnPgo=\u00bb menu_item_show_title=\u00bbon\u00bb menu_item_equal_size=\u00bbon\u00bb menu_item_select=\u00bbicon_option\u00bb menu_item_use_border=\u00bboff\u00bb title_clickable=\u00bboff\u00bb tooltip_use_background=\u00bboff\u00bb tooltip_behavior=\u00bbhover\u00bb child_order=\u00bb1&#8243; item_padding_lr=\u00bb15&#8243; item_padding_tb=\u00bb15&#8243; item_padding_lr_t=\u00bb15&#8243; item_padding_tb_t=\u00bb15&#8243; item_padding_lr_p=\u00bb15&#8243; item_padding_tb_p=\u00bb15&#8243; sticky_enabled=\u00bb0&#8243;][\/et_pb_divimenus_item][et_pb_divimenus_item title=\u00bbHistoria\u00bb item_font_icon=\u00bb&#xe60d;||divi||400&#8243; item_use_custom=\u00bbon\u00bb item_circle_color=\u00bb#074402&#8243; item_icon_color=\u00bb#FFFFFF\u00bb url=\u00bbhttps:\/\/trinidad.salesianos.edu\/colegio\/huerto-acuaponico-historia\/\u00bb url_new_window=\u00bbon\u00bb item_icon_font_size_tablet=\u00bb\u00bb item_icon_font_size_phone=\u00bb25px\u00bb item_icon_font_size_last_edited=\u00bbon|phone\u00bb _builder_version=\u00bb4.27.4&#8243; _module_preset=\u00bbdefault\u00bb global_colors_info=\u00bb{}\u00bb theme_builder_area=\u00bbpost_content\u00bb disable_items=\u00bboff\u00bb menu_item_font_icon=\u00bb%%43%%\u00bb menu_item_image=\u00bbdata:image\/svg+xml;base64,PHN2ZyB3aWR0aD0iNTQwIiBoZWlnaHQ9IjU0MCIgdmlld0JveD0iMCAwIDU0MCA1NDAiIHhtbG5zPSJodHRwOi8vd3d3LnczLm9yZy8yMDAwL3N2ZyI+CiAgICA8ZyBmaWxsPSJub25lIiBmaWxsLXJ1bGU9ImV2ZW5vZGQiPgogICAgICAgIDxwYXRoIGZpbGw9IiNFQkVCRUIiIGQ9Ik0wIDBoMTA4MHY1NDBIMHoiLz4KICAgICAgICA8cGF0aCBkPSJNNDQ1LjY0OSA1NDBoLTk4Ljk5NUwxNDQuNjQ5IDMzNy45OTUgMCA0ODIuNjQ0di05OC45OTVsMTE2LjM2NS0xMTYuMzY1YzE1LjYyLTE1LjYyIDQwLjk0Ny0xNS42MiA1Ni41NjggMEw0NDUuNjUgNTQweiIgZmlsbC1vcGFjaXR5PSIuMSIgZmlsbD0iIzAwMCIgZmlsbC1ydWxlPSJub256ZXJvIi8+CiAgICAgICAgPGNpcmNsZSBmaWxsLW9wYWNpdHk9Ii4wNSIgZmlsbD0iIzAwMCIgY3g9IjMzMSIgY3k9IjE0OCIgcj0iNzAiLz4KICAgICAgICA8cGF0aCBkPSJNMTA4MCAzNzl2MTEzLjEzN0w3MjguMTYyIDE0MC4zIDMyOC40NjIgNTQwSDIxNS4zMjRMNjk5Ljg3OCA1NS40NDZjMTUuNjItMTUuNjIgNDAuOTQ4LTE1LjYyIDU2LjU2OCAwTDEwODAgMzc5eiIgZmlsbC1vcGFjaXR5PSIuMiIgZmlsbD0iIzAwMCIgZmlsbC1ydWxlPSJub256ZXJvIi8+CiAgICA8L2c+Cjwvc3ZnPgo=\u00bb menu_item_show_title=\u00bbon\u00bb menu_item_equal_size=\u00bbon\u00bb menu_item_select=\u00bbicon_option\u00bb menu_item_use_border=\u00bboff\u00bb title_clickable=\u00bboff\u00bb tooltip_use_background=\u00bboff\u00bb tooltip_behavior=\u00bbhover\u00bb child_order=\u00bb2&#8243; item_padding_lr=\u00bb15&#8243; item_padding_tb=\u00bb15&#8243; item_padding_lr_t=\u00bb15&#8243; item_padding_tb_t=\u00bb15&#8243; item_padding_lr_p=\u00bb15&#8243; item_padding_tb_p=\u00bb15&#8243;][\/et_pb_divimenus_item][et_pb_divimenus_item title=\u00bbAcuapon\u00eda y educaci\u00f3n\u00bb item_font_icon=\u00bb&#xf19d;||fa||900&#8243; item_use_custom=\u00bbon\u00bb item_circle_color=\u00bb#074402&#8243; item_icon_color=\u00bb#FFFFFF\u00bb url=\u00bbhttps:\/\/trinidad.salesianos.edu\/colegio\/huerto-acuaponico-y-educacion\/\u00bb url_new_window=\u00bbon\u00bb item_icon_font_size_tablet=\u00bb\u00bb item_icon_font_size_phone=\u00bb25px\u00bb item_icon_font_size_last_edited=\u00bbon|phone\u00bb _builder_version=\u00bb4.27.4&#8243; _module_preset=\u00bbdefault\u00bb hover_enabled=\u00bb0&#8243; global_colors_info=\u00bb{}\u00bb theme_builder_area=\u00bbpost_content\u00bb disable_items=\u00bboff\u00bb menu_item_font_icon=\u00bb%%43%%\u00bb menu_item_image=\u00bbdata:image\/svg+xml;base64,PHN2ZyB3aWR0aD0iNTQwIiBoZWlnaHQ9IjU0MCIgdmlld0JveD0iMCAwIDU0MCA1NDAiIHhtbG5zPSJodHRwOi8vd3d3LnczLm9yZy8yMDAwL3N2ZyI+CiAgICA8ZyBmaWxsPSJub25lIiBmaWxsLXJ1bGU9ImV2ZW5vZGQiPgogICAgICAgIDxwYXRoIGZpbGw9IiNFQkVCRUIiIGQ9Ik0wIDBoMTA4MHY1NDBIMHoiLz4KICAgICAgICA8cGF0aCBkPSJNNDQ1LjY0OSA1NDBoLTk4Ljk5NUwxNDQuNjQ5IDMzNy45OTUgMCA0ODIuNjQ0di05OC45OTVsMTE2LjM2NS0xMTYuMzY1YzE1LjYyLTE1LjYyIDQwLjk0Ny0xNS42MiA1Ni41NjggMEw0NDUuNjUgNTQweiIgZmlsbC1vcGFjaXR5PSIuMSIgZmlsbD0iIzAwMCIgZmlsbC1ydWxlPSJub256ZXJvIi8+CiAgICAgICAgPGNpcmNsZSBmaWxsLW9wYWNpdHk9Ii4wNSIgZmlsbD0iIzAwMCIgY3g9IjMzMSIgY3k9IjE0OCIgcj0iNzAiLz4KICAgICAgICA8cGF0aCBkPSJNMTA4MCAzNzl2MTEzLjEzN0w3MjguMTYyIDE0MC4zIDMyOC40NjIgNTQwSDIxNS4zMjRMNjk5Ljg3OCA1NS40NDZjMTUuNjItMTUuNjIgNDAuOTQ4LTE1LjYyIDU2LjU2OCAwTDEwODAgMzc5eiIgZmlsbC1vcGFjaXR5PSIuMiIgZmlsbD0iIzAwMCIgZmlsbC1ydWxlPSJub256ZXJvIi8+CiAgICA8L2c+Cjwvc3ZnPgo=\u00bb menu_item_show_title=\u00bbon\u00bb menu_item_equal_size=\u00bbon\u00bb menu_item_select=\u00bbicon_option\u00bb menu_item_use_border=\u00bboff\u00bb title_clickable=\u00bboff\u00bb tooltip_use_background=\u00bboff\u00bb tooltip_behavior=\u00bbhover\u00bb child_order=\u00bb3&#8243; item_padding_lr=\u00bb15&#8243; item_padding_tb=\u00bb15&#8243; item_padding_lr_t=\u00bb15&#8243; item_padding_tb_t=\u00bb15&#8243; item_padding_lr_p=\u00bb15&#8243; item_padding_tb_p=\u00bb15&#8243; sticky_enabled=\u00bb0&#8243;][\/et_pb_divimenus_item][et_pb_divimenus_item title=\u00bbGaler\u00eda de fotos\u00bb item_font_icon=\u00bb&#xf083;||fa||900&#8243; item_use_custom=\u00bbon\u00bb item_circle_color=\u00bb#074402&#8243; item_icon_color=\u00bb#FFFFFF\u00bb url=\u00bbhttps:\/\/trinidad.salesianos.edu\/colegio\/huerto-acuaponico-galeria\/\u00bb url_new_window=\u00bbon\u00bb item_icon_font_size_tablet=\u00bb\u00bb item_icon_font_size_phone=\u00bb25px\u00bb item_icon_font_size_last_edited=\u00bbon|phone\u00bb _builder_version=\u00bb4.27.4&#8243; _module_preset=\u00bbdefault\u00bb global_colors_info=\u00bb{}\u00bb theme_builder_area=\u00bbpost_content\u00bb disable_items=\u00bboff\u00bb menu_item_font_icon=\u00bb%%43%%\u00bb menu_item_image=\u00bbdata:image\/svg+xml;base64,PHN2ZyB3aWR0aD0iNTQwIiBoZWlnaHQ9IjU0MCIgdmlld0JveD0iMCAwIDU0MCA1NDAiIHhtbG5zPSJodHRwOi8vd3d3LnczLm9yZy8yMDAwL3N2ZyI+CiAgICA8ZyBmaWxsPSJub25lIiBmaWxsLXJ1bGU9ImV2ZW5vZGQiPgogICAgICAgIDxwYXRoIGZpbGw9IiNFQkVCRUIiIGQ9Ik0wIDBoMTA4MHY1NDBIMHoiLz4KICAgICAgICA8cGF0aCBkPSJNNDQ1LjY0OSA1NDBoLTk4Ljk5NUwxNDQuNjQ5IDMzNy45OTUgMCA0ODIuNjQ0di05OC45OTVsMTE2LjM2NS0xMTYuMzY1YzE1LjYyLTE1LjYyIDQwLjk0Ny0xNS42MiA1Ni41NjggMEw0NDUuNjUgNTQweiIgZmlsbC1vcGFjaXR5PSIuMSIgZmlsbD0iIzAwMCIgZmlsbC1ydWxlPSJub256ZXJvIi8+CiAgICAgICAgPGNpcmNsZSBmaWxsLW9wYWNpdHk9Ii4wNSIgZmlsbD0iIzAwMCIgY3g9IjMzMSIgY3k9IjE0OCIgcj0iNzAiLz4KICAgICAgICA8cGF0aCBkPSJNMTA4MCAzNzl2MTEzLjEzN0w3MjguMTYyIDE0MC4zIDMyOC40NjIgNTQwSDIxNS4zMjRMNjk5Ljg3OCA1NS40NDZjMTUuNjItMTUuNjIgNDAuOTQ4LTE1LjYyIDU2LjU2OCAwTDEwODAgMzc5eiIgZmlsbC1vcGFjaXR5PSIuMiIgZmlsbD0iIzAwMCIgZmlsbC1ydWxlPSJub256ZXJvIi8+CiAgICA8L2c+Cjwvc3ZnPgo=\u00bb menu_item_show_title=\u00bbon\u00bb menu_item_equal_size=\u00bbon\u00bb menu_item_select=\u00bbicon_option\u00bb menu_item_use_border=\u00bboff\u00bb title_clickable=\u00bboff\u00bb tooltip_use_background=\u00bboff\u00bb tooltip_behavior=\u00bbhover\u00bb child_order=\u00bb4&#8243; item_padding_lr=\u00bb15&#8243; item_padding_tb=\u00bb15&#8243; item_padding_lr_t=\u00bb15&#8243; item_padding_tb_t=\u00bb15&#8243; item_padding_lr_p=\u00bb15&#8243; item_padding_tb_p=\u00bb15&#8243;][\/et_pb_divimenus_item][\/et_pb_divimenus][\/et_pb_column][\/et_pb_row][\/et_pb_section]<\/p>\n","protected":false},"excerpt":{"rendered":"<p>Nuestras noticias Te damos la bienvenida a nuestra secci\u00f3n de noticias, donde encontrar\u00e1s las \u00faltimas actualizaciones y avances sobre el proyecto de huerto acuap\u00f3nico en nuestro colegio. Has llegado al final de la p\u00e1gina, pero a\u00fan hay mucho m\u00e1s por descubrir. Te invitamos a seguir explorando nuestro sitio y conocer todas las secciones que hemos [&hellip;]<\/p>\n","protected":false},"author":3,"featured_media":0,"parent":0,"menu_order":0,"comment_status":"closed","ping_status":"closed","template":"","meta":{"_et_pb_use_builder":"on","_et_pb_old_content":"","_et_gb_content_width":"","footnotes":""},"class_list":["post-17233","page","type-page","status-publish","hentry"],"yoast_head":"<!-- This site is optimized with the Yoast SEO plugin v27.3 - https:\/\/yoast.com\/product\/yoast-seo-wordpress\/ -->\n<title>Noticias-Huerto acuap\u00f3nico - Colegio Salesianos Sant\u00edsima Trinidad<\/title>\n<meta name=\"robots\" content=\"index, follow, max-snippet:-1, max-image-preview:large, max-video-preview:-1\" \/>\n<link rel=\"canonical\" href=\"https:\/\/trinidad.salesianos.edu\/colegio\/noticias-huerto-acuponico\/\" \/>\n<meta property=\"og:locale\" content=\"es_ES\" \/>\n<meta property=\"og:type\" content=\"article\" \/>\n<meta property=\"og:title\" content=\"Noticias-Huerto acuap\u00f3nico - Colegio Salesianos Sant\u00edsima Trinidad\" \/>\n<meta property=\"og:description\" content=\"Nuestras noticias Te damos la bienvenida a nuestra secci\u00f3n de noticias, donde encontrar\u00e1s las \u00faltimas actualizaciones y avances sobre el proyecto de huerto acuap\u00f3nico en nuestro colegio. Has llegado al final de la p\u00e1gina, pero a\u00fan hay mucho m\u00e1s por descubrir. Te invitamos a seguir explorando nuestro sitio y conocer todas las secciones que hemos [&hellip;]\" \/>\n<meta property=\"og:url\" content=\"https:\/\/trinidad.salesianos.edu\/colegio\/noticias-huerto-acuponico\/\" \/>\n<meta property=\"og:site_name\" content=\"Colegio Salesianos Sant\u00edsima Trinidad\" \/>\n<meta property=\"article:modified_time\" content=\"2024-11-27T19:43:06+00:00\" \/>\n<meta name=\"twitter:card\" content=\"summary_large_image\" \/>\n<meta name=\"twitter:label1\" content=\"Tiempo de lectura\" \/>\n\t<meta name=\"twitter:data1\" content=\"2 minutos\" \/>\n<script type=\"application\/ld+json\" class=\"yoast-schema-graph\">{\"@context\":\"https:\\\/\\\/schema.org\",\"@graph\":[{\"@type\":\"WebPage\",\"@id\":\"https:\\\/\\\/trinidad.salesianos.edu\\\/colegio\\\/noticias-huerto-acuponico\\\/\",\"url\":\"https:\\\/\\\/trinidad.salesianos.edu\\\/colegio\\\/noticias-huerto-acuponico\\\/\",\"name\":\"Noticias-Huerto acuap\u00f3nico - Colegio Salesianos Sant\u00edsima Trinidad\",\"isPartOf\":{\"@id\":\"https:\\\/\\\/trinidad.salesianos.edu\\\/colegio\\\/#website\"},\"datePublished\":\"2024-10-07T14:36:03+00:00\",\"dateModified\":\"2024-11-27T19:43:06+00:00\",\"breadcrumb\":{\"@id\":\"https:\\\/\\\/trinidad.salesianos.edu\\\/colegio\\\/noticias-huerto-acuponico\\\/#breadcrumb\"},\"inLanguage\":\"es\",\"potentialAction\":[{\"@type\":\"ReadAction\",\"target\":[\"https:\\\/\\\/trinidad.salesianos.edu\\\/colegio\\\/noticias-huerto-acuponico\\\/\"]}]},{\"@type\":\"BreadcrumbList\",\"@id\":\"https:\\\/\\\/trinidad.salesianos.edu\\\/colegio\\\/noticias-huerto-acuponico\\\/#breadcrumb\",\"itemListElement\":[{\"@type\":\"ListItem\",\"position\":1,\"name\":\"Portada\",\"item\":\"https:\\\/\\\/trinidad.salesianos.edu\\\/colegio\\\/\"},{\"@type\":\"ListItem\",\"position\":2,\"name\":\"Noticias-Huerto acuap\u00f3nico\"}]},{\"@type\":\"WebSite\",\"@id\":\"https:\\\/\\\/trinidad.salesianos.edu\\\/colegio\\\/#website\",\"url\":\"https:\\\/\\\/trinidad.salesianos.edu\\\/colegio\\\/\",\"name\":\"Colegio Salesianos Sant\u00edsima Trinidad\",\"description\":\"P\u00e1gina oficial Salesianos Trinidad\",\"potentialAction\":[{\"@type\":\"SearchAction\",\"target\":{\"@type\":\"EntryPoint\",\"urlTemplate\":\"https:\\\/\\\/trinidad.salesianos.edu\\\/colegio\\\/?s={search_term_string}\"},\"query-input\":{\"@type\":\"PropertyValueSpecification\",\"valueRequired\":true,\"valueName\":\"search_term_string\"}}],\"inLanguage\":\"es\"}]}<\/script>\n<!-- \/ Yoast SEO plugin. -->","yoast_head_json":{"title":"Noticias-Huerto acuap\u00f3nico - Colegio Salesianos Sant\u00edsima Trinidad","robots":{"index":"index","follow":"follow","max-snippet":"max-snippet:-1","max-image-preview":"max-image-preview:large","max-video-preview":"max-video-preview:-1"},"canonical":"https:\/\/trinidad.salesianos.edu\/colegio\/noticias-huerto-acuponico\/","og_locale":"es_ES","og_type":"article","og_title":"Noticias-Huerto acuap\u00f3nico - Colegio Salesianos Sant\u00edsima Trinidad","og_description":"Nuestras noticias Te damos la bienvenida a nuestra secci\u00f3n de noticias, donde encontrar\u00e1s las \u00faltimas actualizaciones y avances sobre el proyecto de huerto acuap\u00f3nico en nuestro colegio. Has llegado al final de la p\u00e1gina, pero a\u00fan hay mucho m\u00e1s por descubrir. Te invitamos a seguir explorando nuestro sitio y conocer todas las secciones que hemos [&hellip;]","og_url":"https:\/\/trinidad.salesianos.edu\/colegio\/noticias-huerto-acuponico\/","og_site_name":"Colegio Salesianos Sant\u00edsima Trinidad","article_modified_time":"2024-11-27T19:43:06+00:00","twitter_card":"summary_large_image","twitter_misc":{"Tiempo de lectura":"2 minutos"},"schema":{"@context":"https:\/\/schema.org","@graph":[{"@type":"WebPage","@id":"https:\/\/trinidad.salesianos.edu\/colegio\/noticias-huerto-acuponico\/","url":"https:\/\/trinidad.salesianos.edu\/colegio\/noticias-huerto-acuponico\/","name":"Noticias-Huerto acuap\u00f3nico - Colegio Salesianos Sant\u00edsima Trinidad","isPartOf":{"@id":"https:\/\/trinidad.salesianos.edu\/colegio\/#website"},"datePublished":"2024-10-07T14:36:03+00:00","dateModified":"2024-11-27T19:43:06+00:00","breadcrumb":{"@id":"https:\/\/trinidad.salesianos.edu\/colegio\/noticias-huerto-acuponico\/#breadcrumb"},"inLanguage":"es","potentialAction":[{"@type":"ReadAction","target":["https:\/\/trinidad.salesianos.edu\/colegio\/noticias-huerto-acuponico\/"]}]},{"@type":"BreadcrumbList","@id":"https:\/\/trinidad.salesianos.edu\/colegio\/noticias-huerto-acuponico\/#breadcrumb","itemListElement":[{"@type":"ListItem","position":1,"name":"Portada","item":"https:\/\/trinidad.salesianos.edu\/colegio\/"},{"@type":"ListItem","position":2,"name":"Noticias-Huerto acuap\u00f3nico"}]},{"@type":"WebSite","@id":"https:\/\/trinidad.salesianos.edu\/colegio\/#website","url":"https:\/\/trinidad.salesianos.edu\/colegio\/","name":"Colegio Salesianos Sant\u00edsima Trinidad","description":"P\u00e1gina oficial Salesianos Trinidad","potentialAction":[{"@type":"SearchAction","target":{"@type":"EntryPoint","urlTemplate":"https:\/\/trinidad.salesianos.edu\/colegio\/?s={search_term_string}"},"query-input":{"@type":"PropertyValueSpecification","valueRequired":true,"valueName":"search_term_string"}}],"inLanguage":"es"}]}},"_links":{"self":[{"href":"https:\/\/trinidad.salesianos.edu\/colegio\/wp-json\/wp\/v2\/pages\/17233","targetHints":{"allow":["GET"]}}],"collection":[{"href":"https:\/\/trinidad.salesianos.edu\/colegio\/wp-json\/wp\/v2\/pages"}],"about":[{"href":"https:\/\/trinidad.salesianos.edu\/colegio\/wp-json\/wp\/v2\/types\/page"}],"author":[{"embeddable":true,"href":"https:\/\/trinidad.salesianos.edu\/colegio\/wp-json\/wp\/v2\/users\/3"}],"replies":[{"embeddable":true,"href":"https:\/\/trinidad.salesianos.edu\/colegio\/wp-json\/wp\/v2\/comments?post=17233"}],"version-history":[{"count":16,"href":"https:\/\/trinidad.salesianos.edu\/colegio\/wp-json\/wp\/v2\/pages\/17233\/revisions"}],"predecessor-version":[{"id":18141,"href":"https:\/\/trinidad.salesianos.edu\/colegio\/wp-json\/wp\/v2\/pages\/17233\/revisions\/18141"}],"wp:attachment":[{"href":"https:\/\/trinidad.salesianos.edu\/colegio\/wp-json\/wp\/v2\/media?parent=17233"}],"curies":[{"name":"wp","href":"https:\/\/api.w.org\/{rel}","templated":true}]}}