
{"id":17061,"date":"2024-09-13T19:45:10","date_gmt":"2024-09-13T17:45:10","guid":{"rendered":"https:\/\/trinidad.salesianos.edu\/colegio\/?page_id=17061"},"modified":"2025-08-18T19:34:30","modified_gmt":"2025-08-18T17:34:30","slug":"seguro-escolar","status":"publish","type":"page","link":"https:\/\/trinidad.salesianos.edu\/colegio\/seguro-escolar\/","title":{"rendered":"Seguro escolar"},"content":{"rendered":"<p>[et_pb_section fb_built=\u00bb1&#8243; fullwidth=\u00bbon\u00bb _builder_version=\u00bb4.16&#8243; global_colors_info=\u00bb{}\u00bb][et_pb_fullwidth_header title=\u00bbSeguro escolar\u00bb title_font_color=\u00bb#ffffff\u00bb module_class=\u00bbpagina-imagen-cabecera\u00bb _builder_version=\u00bb4.27.0&#8243; title_text_align=\u00bbright\u00bb title_text_color=\u00bb#ffffff\u00bb title_font_size=\u00bb40px\u00bb background_color=\u00bb#ffffff\u00bb background_image=\u00bbhttps:\/\/trinidad.salesianos.edu\/colegio\/wp-content\/uploads\/sites\/11\/2024\/09\/hands-2847508-scaled.jpg\u00bb background_blend=\u00bbmultiply\u00bb background_layout=\u00bblight\u00bb max_width_tablet=\u00bb50px\u00bb title_text_shadow_style=\u00bbpreset1&#8243; background_url=\u00bbhttps:\/\/alicante.salesianos.edu\/colegio\/wp-content\/uploads\/sites\/2\/2017\/03\/Archivo_003-1.jpeg\u00bb button_one_letter_spacing_hover=\u00bb0&#8243; button_two_letter_spacing_hover=\u00bb0&#8243; global_colors_info=\u00bb{}\u00bb button_one_text_size__hover_enabled=\u00bboff\u00bb button_two_text_size__hover_enabled=\u00bboff\u00bb button_one_text_color__hover_enabled=\u00bboff\u00bb button_two_text_color__hover_enabled=\u00bboff\u00bb button_one_border_width__hover_enabled=\u00bboff\u00bb button_two_border_width__hover_enabled=\u00bboff\u00bb button_one_border_color__hover_enabled=\u00bboff\u00bb button_two_border_color__hover_enabled=\u00bboff\u00bb button_one_border_radius__hover_enabled=\u00bboff\u00bb button_two_border_radius__hover_enabled=\u00bboff\u00bb button_one_letter_spacing__hover_enabled=\u00bbon\u00bb button_one_letter_spacing__hover=\u00bb0&#8243; button_two_letter_spacing__hover_enabled=\u00bbon\u00bb button_two_letter_spacing__hover=\u00bb0&#8243; button_one_bg_color__hover_enabled=\u00bboff\u00bb button_two_bg_color__hover_enabled=\u00bboff\u00bb]<\/p>\n<p>&nbsp;<\/p>\n<p>&nbsp;<\/p>\n<p>&nbsp;<\/p>\n<p>&nbsp;<\/p>\n<p>&nbsp;<\/p>\n<p>&nbsp;<\/p>\n<p>&nbsp;<\/p>\n<p>&nbsp;<\/p>\n<p>&nbsp;<\/p>\n<p>[\/et_pb_fullwidth_header][\/et_pb_section][et_pb_section fb_built=\u00bb1&#8243; module_class=\u00bbpagina-seccion-contenido\u00bb _builder_version=\u00bb4.16&#8243; custom_margin=\u00bb10px||||false|false\u00bb custom_padding=\u00bb10px|0px|||false|false\u00bb global_colors_info=\u00bb{}\u00bb][et_pb_row _builder_version=\u00bb4.16&#8243; custom_padding=\u00bb25.734375px|0px|0px|0px\u00bb global_colors_info=\u00bb{}\u00bb][et_pb_column type=\u00bb4_4&#8243; _builder_version=\u00bb4.16&#8243; custom_padding=\u00bb|||\u00bb global_colors_info=\u00bb{}\u00bb custom_padding__hover=\u00bb|||\u00bb][et_pb_text _builder_version=\u00bb4.27.0&#8243; text_font=\u00bbActor||||||||\u00bb header_font=\u00bb||||\u00bb header_2_text_align=\u00bbcenter\u00bb header_2_text_color=\u00bb#545454&#8243; header_2_font_size=\u00bb27px\u00bb global_colors_info=\u00bb{}\u00bb]<\/p>\n<p>&nbsp;<\/p>\n<h2>\u00bfCon qu\u00e9 seguros cuenta el centro?<\/h2>\n<p>[\/et_pb_text][\/et_pb_column][\/et_pb_row][et_pb_row admin_label=\u00bbrow\u00bb _builder_version=\u00bb4.22.1&#8243; background_size=\u00bbinitial\u00bb background_position=\u00bbtop_left\u00bb background_repeat=\u00bbrepeat\u00bb custom_padding=\u00bb50px|0px|25.734375px|0px|false|false\u00bb global_colors_info=\u00bb{}\u00bb][et_pb_column type=\u00bb4_4&#8243; _builder_version=\u00bb4.16&#8243; custom_padding=\u00bb|||\u00bb global_colors_info=\u00bb{}\u00bb custom_padding__hover=\u00bb|||\u00bb][et_pb_text _builder_version=\u00bb4.27.0&#8243; text_font=\u00bbActor||||||||\u00bb text_font_size=\u00bb18px\u00bb header_font=\u00bb||||\u00bb header_2_text_align=\u00bbcenter\u00bb header_2_text_color=\u00bb#545454&#8243; header_2_font_size=\u00bb24px\u00bb text_orientation=\u00bbcenter\u00bb global_colors_info=\u00bb{}\u00bb]<\/p>\n<p>Seg\u00fan las edades y los cursos, existen dos tipos de seguros para el alumnado de nuestro colegio: el voluntario y el obligatorio.\u00a0Si vuestro hijo\/a se encuentra\u00a0<span><strong>entre Educaci\u00f3n Primaria y 2\u00ba de la E.S.O. inclusive<\/strong><\/span>, el seguro es<span>\u00a0<\/span><span><strong>voluntario, pero muy recomendable<\/strong><\/span>.\u00a0Si, en cambio, su hijo\/a es de<span>\u00a0<\/span><span><strong>3\u00ba de la E.S.O. en adelante<\/strong><\/span>, el seguro es\u00a0<span><strong>obligatorio<\/strong><\/span><span><strong>\u00a0por normativa oficial<\/strong><\/span>.<\/p>\n<p>A continuaci\u00f3n encontrar\u00e1s informaci\u00f3n m\u00e1s detallada sobre cada uno de ellos:<\/p>\n<p>[\/et_pb_text][\/et_pb_column][\/et_pb_row][et_pb_row column_structure=\u00bb1_2,1_2&#8243; custom_padding_last_edited=\u00bbon|phone\u00bb admin_label=\u00bbrow\u00bb _builder_version=\u00bb4.27.0&#8243; background_size=\u00bbinitial\u00bb background_position=\u00bbtop_left\u00bb background_repeat=\u00bbrepeat\u00bb custom_padding=\u00bb50px|100px|25.734375px|100px|false|false\u00bb custom_padding_tablet=\u00bb|0px||0px|false|false\u00bb custom_padding_phone=\u00bb|0px||0px|false|false\u00bb global_colors_info=\u00bb{}\u00bb][et_pb_column type=\u00bb1_2&#8243; _builder_version=\u00bb4.27.0&#8243; background_color=\u00bbrgba(196,196,196,0.42)\u00bb custom_padding=\u00bb25px||25px|0px|false|false\u00bb border_radii=\u00bbon|50px|50px|50px|50px\u00bb box_shadow_style=\u00bbpreset2&#8243; global_colors_info=\u00bb{}\u00bb custom_padding__hover=\u00bb|||\u00bb][et_pb_blurb title=\u00bbSeguro voluntario\u00bb url_new_window=\u00bbon\u00bb image=\u00bbhttps:\/\/trinidad.salesianos.edu\/colegio\/wp-content\/uploads\/sites\/11\/2024\/09\/Recurso-1.png\u00bb image_icon_width=\u00bb63%\u00bb image_icon_width_tablet=\u00bb63%\u00bb image_icon_width_phone=\u00bb44%\u00bb image_icon_width_last_edited=\u00bbon|desktop\u00bb _builder_version=\u00bb4.27.0&#8243; _module_preset=\u00bbdefault\u00bb header_level=\u00bbh3&#8243; header_font=\u00bbActor|800|||||||\u00bb header_text_align=\u00bbcenter\u00bb header_text_color=\u00bb#E02B20&#8243; header_font_size=\u00bb32px\u00bb body_text_align=\u00bbcenter\u00bb body_line_height=\u00bb1.5em\u00bb link_option_url_new_window=\u00bbon\u00bb border_width_all_image=\u00bb1px\u00bb border_color_all_image=\u00bbRGBA(255,255,255,0)\u00bb global_colors_info=\u00bb{}\u00bb border_width_all_image__hover=\u00bb5px\u00bb border_width_all_image__hover_enabled=\u00bbon|hover\u00bb][\/et_pb_blurb][et_pb_text _builder_version=\u00bb4.27.4&#8243; text_font=\u00bbActor||||||||\u00bb text_text_color=\u00bbgcid-body-color\u00bb text_font_size=\u00bb18px\u00bb header_font=\u00bb||||\u00bb header_2_text_align=\u00bbcenter\u00bb header_2_text_color=\u00bb#545454&#8243; header_2_font_size=\u00bb24px\u00bb text_orientation=\u00bbcenter\u00bb custom_margin=\u00bb|15px||15px|false|false\u00bb hover_enabled=\u00bb0&#8243; global_colors_info=\u00bb{%22gcid-body-color%22:%91%22text_text_color%22%93}\u00bb sticky_enabled=\u00bb0&#8243;]<\/p>\n<p><strong>Para alumnos de Primaria y 1\u00ba-2\u00ba de la E.S.O.<\/strong><\/p>\n<p>Puedes consultar toda la informaci\u00f3n al respecto pinchando en el bot\u00f3n que encontrar\u00e1s m\u00e1s abajo.<\/p>\n<p>[\/et_pb_text][et_pb_button button_url=\u00bbhttps:\/\/trinidad.salesianos.edu\/colegio\/wp-content\/uploads\/sites\/11\/2024\/09\/Informacion-sobre-Seguro-voluntario.pdf\u00bb url_new_window=\u00bbon\u00bb button_text=\u00bbM\u00e1s informaci\u00f3n\u00bb button_alignment=\u00bbcenter\u00bb _builder_version=\u00bb4.27.0&#8243; _module_preset=\u00bbdefault\u00bb custom_button=\u00bbon\u00bb button_text_size=\u00bb20px\u00bb button_text_color=\u00bb#5b5b5b\u00bb button_bg_color=\u00bb#FFFFFF\u00bb button_border_width=\u00bb0px\u00bb button_border_radius=\u00bb25px\u00bb button_font=\u00bbActor|700|||||||\u00bb button_use_icon=\u00bboff\u00bb custom_padding=\u00bb10px|25px|10px|25px|false|false\u00bb global_colors_info=\u00bb{}\u00bb][\/et_pb_button][et_pb_toggle title=\u00bbContrataci\u00f3n\u00bb closed_toggle_background_color=\u00bb#FFFFFF\u00bb icon_color=\u00bb#5b5b5b\u00bb use_icon_font_size=\u00bbon\u00bb icon_font_size=\u00bb17px\u00bb open_icon_color=\u00bb#E02B20&#8243; open_use_icon_font_size=\u00bbon\u00bb _builder_version=\u00bb4.27.0&#8243; _module_preset=\u00bbdefault\u00bb title_font=\u00bbActor||||||||\u00bb title_text_align=\u00bbcenter\u00bb title_font_size=\u00bb22px\u00bb body_font=\u00bbActor||||||||\u00bb body_text_align=\u00bbleft\u00bb body_font_size=\u00bb15px\u00bb body_line_height=\u00bb1.3em\u00bb width=\u00bb47%\u00bb width_tablet=\u00bb71%\u00bb width_phone=\u00bb78%\u00bb width_last_edited=\u00bbon|phone\u00bb module_alignment=\u00bbcenter\u00bb border_radii=\u00bbon|30px|30px|30px|30px\u00bb global_colors_info=\u00bb{}\u00bb]<\/p>\n<p><b>Rellena el siguiente formulario que te puedes descargar <a href=\"https:\/\/trinidad.salesianos.edu\/colegio\/download\/formulario-de-inscripcion-seguro-voluntario\/\" title=\"Formulario de inscripci\u00f3n seguro escolar voluntario\">pinchando aqu\u00ed <\/a>y entr\u00e9galo en el centro.<\/b><\/p>\n<p>[\/et_pb_toggle][\/et_pb_column][et_pb_column type=\u00bb1_2&#8243; _builder_version=\u00bb4.27.0&#8243; background_color=\u00bbrgba(196,196,196,0.42)\u00bb custom_padding=\u00bb25px||25px|0px|false|false\u00bb border_radii=\u00bbon|50px|50px|50px|50px\u00bb box_shadow_style=\u00bbpreset2&#8243; global_colors_info=\u00bb{}\u00bb custom_padding__hover=\u00bb|||\u00bb][et_pb_blurb title=\u00bbSeguro obligatorio\u00bb url_new_window=\u00bbon\u00bb image=\u00bbhttps:\/\/trinidad.salesianos.edu\/colegio\/wp-content\/uploads\/sites\/11\/2024\/09\/Recurso-2.png\u00bb image_icon_width=\u00bb63%\u00bb image_icon_width_tablet=\u00bb63%\u00bb image_icon_width_phone=\u00bb44%\u00bb image_icon_width_last_edited=\u00bbon|desktop\u00bb _builder_version=\u00bb4.27.0&#8243; _module_preset=\u00bbdefault\u00bb header_level=\u00bbh3&#8243; header_font=\u00bbActor|800|||||||\u00bb header_text_align=\u00bbcenter\u00bb header_text_color=\u00bb#E02B20&#8243; header_font_size=\u00bb32px\u00bb body_text_align=\u00bbcenter\u00bb body_line_height=\u00bb1.5em\u00bb link_option_url_new_window=\u00bbon\u00bb border_width_all_image=\u00bb1px\u00bb border_color_all_image=\u00bbRGBA(255,255,255,0)\u00bb global_colors_info=\u00bb{}\u00bb border_width_all_image__hover=\u00bb5px\u00bb border_width_all_image__hover_enabled=\u00bbon|hover\u00bb][\/et_pb_blurb][et_pb_text _builder_version=\u00bb4.27.0&#8243; text_font=\u00bbActor||||||||\u00bb text_text_color=\u00bbgcid-body-color\u00bb text_font_size=\u00bb18px\u00bb header_font=\u00bb||||\u00bb header_2_text_align=\u00bbcenter\u00bb header_2_text_color=\u00bb#545454&#8243; header_2_font_size=\u00bb24px\u00bb text_orientation=\u00bbcenter\u00bb custom_margin=\u00bb|15px||15px|false|false\u00bb global_colors_info=\u00bb{%22gcid-body-color%22:%91%22text_text_color%22%93}\u00bb]<\/p>\n<p class=\"\"><strong>Para alumnos de 3\u00ba de la E.S.O. en adelante.<\/strong><\/p>\n<p class=\"\"><span>Es un seguro escolar obligatorio con la seguridad social. Pincha en el bot\u00f3n para descargar el folleto informativo del Ministerio con toda la informaci\u00f3n pertinente.<\/span><\/p>\n<p>[\/et_pb_text][et_pb_button button_url=\u00bbhttps:\/\/trinidad.salesianos.edu\/colegio\/wp-content\/uploads\/sites\/11\/2024\/09\/seguro-escolar-obligatorio-prestaciones-inss.pdf\u00bb url_new_window=\u00bbon\u00bb button_text=\u00bbM\u00e1s informaci\u00f3n\u00bb button_alignment=\u00bbcenter\u00bb _builder_version=\u00bb4.27.0&#8243; _module_preset=\u00bbdefault\u00bb custom_button=\u00bbon\u00bb button_text_size=\u00bb20px\u00bb button_text_color=\u00bb#5b5b5b\u00bb button_bg_color=\u00bb#FFFFFF\u00bb button_border_width=\u00bb0px\u00bb button_border_radius=\u00bb25px\u00bb button_font=\u00bbActor|700|||||||\u00bb button_use_icon=\u00bboff\u00bb custom_padding=\u00bb10px|25px|10px|25px|false|false\u00bb global_colors_info=\u00bb{}\u00bb][\/et_pb_button][\/et_pb_column][\/et_pb_row][et_pb_row _builder_version=\u00bb4.16&#8243; custom_padding=\u00bb25.734375px|0px|0px|0px\u00bb global_colors_info=\u00bb{}\u00bb][et_pb_column type=\u00bb4_4&#8243; _builder_version=\u00bb4.16&#8243; custom_padding=\u00bb|||\u00bb global_colors_info=\u00bb{}\u00bb custom_padding__hover=\u00bb|||\u00bb][et_pb_text _builder_version=\u00bb4.27.0&#8243; text_font=\u00bbActor||||||||\u00bb header_font=\u00bb||||\u00bb header_2_text_align=\u00bbcenter\u00bb header_2_text_color=\u00bb#545454&#8243; header_2_font_size=\u00bb27px\u00bb global_colors_info=\u00bb{}\u00bb]<\/p>\n<p>&nbsp;<\/p>\n<div class=\"et_pb_module et_pb_text et_pb_text_2  et_pb_text_align_left et_pb_bg_layout_light\">\n<div class=\"et_pb_text_inner\">\n<h2>Procedimiento de actuaci\u00f3n<\/h2>\n<\/div>\n<\/div>\n<div class=\"et_pb_module et_pb_text et_pb_text_3  et_pb_text_align_justified et_pb_bg_layout_light\">\n<div class=\"et_pb_text_inner\"><\/div>\n<\/div>\n<p>[\/et_pb_text][et_pb_text _builder_version=\u00bb4.27.0&#8243; text_font=\u00bbActor||||||||\u00bb text_font_size=\u00bb18px\u00bb header_font=\u00bb||||\u00bb header_2_text_align=\u00bbcenter\u00bb header_2_text_color=\u00bb#545454&#8243; header_2_font_size=\u00bb24px\u00bb text_orientation=\u00bbcenter\u00bb global_colors_info=\u00bb{}\u00bb]<\/p>\n<p>En circunstancias ordinarias, cuando no reviste especial gravedad, el alumno\/a ser\u00e1 atendido por un facultativo. El departamento de administraci\u00f3n, rellenar\u00e1 el<span>\u00a0<\/span><strong>parte de accidente<\/strong><span>\u00a0<\/span>que se deber\u00e1 presentar en el centro de atenci\u00f3n correspondiente.<\/p>\n<p>En caso de revestir gravedad, el centro se pondr\u00e1 en contacto con la familia para que recojan al ni\u00f1o accidentado y lo trasladen a su centro de salud\/hospital.<\/p>\n<p>[\/et_pb_text][\/et_pb_column][\/et_pb_row][\/et_pb_section]<\/p>\n","protected":false},"excerpt":{"rendered":"<p>&nbsp; &nbsp; &nbsp; &nbsp; &nbsp; &nbsp; &nbsp; &nbsp; &nbsp;&nbsp; \u00bfCon qu\u00e9 seguros cuenta el centro?Seg\u00fan las edades y los cursos, existen dos tipos de seguros para el alumnado de nuestro colegio: el voluntario y el obligatorio.\u00a0Si vuestro hijo\/a se encuentra\u00a0entre Educaci\u00f3n Primaria y 2\u00ba de la E.S.O. inclusive, el seguro es\u00a0voluntario, pero muy recomendable.\u00a0Si, en [&hellip;]<\/p>\n","protected":false},"author":3,"featured_media":0,"parent":0,"menu_order":0,"comment_status":"closed","ping_status":"closed","template":"","meta":{"_et_pb_use_builder":"on","_et_pb_old_content":"","_et_gb_content_width":"","footnotes":""},"class_list":["post-17061","page","type-page","status-publish","hentry"],"yoast_head":"<!-- This site is optimized with the Yoast SEO plugin v27.3 - https:\/\/yoast.com\/product\/yoast-seo-wordpress\/ -->\n<title>Seguro escolar - Colegio Salesianos Sant\u00edsima Trinidad<\/title>\n<meta name=\"robots\" content=\"index, follow, max-snippet:-1, max-image-preview:large, max-video-preview:-1\" \/>\n<link rel=\"canonical\" href=\"https:\/\/trinidad.salesianos.edu\/colegio\/seguro-escolar\/\" \/>\n<meta property=\"og:locale\" content=\"es_ES\" \/>\n<meta property=\"og:type\" content=\"article\" \/>\n<meta property=\"og:title\" content=\"Seguro escolar - Colegio Salesianos Sant\u00edsima Trinidad\" \/>\n<meta property=\"og:description\" content=\"&nbsp; &nbsp; &nbsp; &nbsp; &nbsp; &nbsp; &nbsp; &nbsp; &nbsp;&nbsp; \u00bfCon qu\u00e9 seguros cuenta el centro?Seg\u00fan las edades y los cursos, existen dos tipos de seguros para el alumnado de nuestro colegio: el voluntario y el obligatorio.\u00a0Si vuestro hijo\/a se encuentra\u00a0entre Educaci\u00f3n Primaria y 2\u00ba de la E.S.O. inclusive, el seguro es\u00a0voluntario, pero muy recomendable.\u00a0Si, en [&hellip;]\" \/>\n<meta property=\"og:url\" content=\"https:\/\/trinidad.salesianos.edu\/colegio\/seguro-escolar\/\" \/>\n<meta property=\"og:site_name\" content=\"Colegio Salesianos Sant\u00edsima Trinidad\" \/>\n<meta property=\"article:modified_time\" content=\"2025-08-18T17:34:30+00:00\" \/>\n<meta name=\"twitter:card\" content=\"summary_large_image\" \/>\n<meta name=\"twitter:label1\" content=\"Tiempo de lectura\" \/>\n\t<meta name=\"twitter:data1\" content=\"2 minutos\" \/>\n<script type=\"application\/ld+json\" class=\"yoast-schema-graph\">{\"@context\":\"https:\\\/\\\/schema.org\",\"@graph\":[{\"@type\":\"WebPage\",\"@id\":\"https:\\\/\\\/trinidad.salesianos.edu\\\/colegio\\\/seguro-escolar\\\/\",\"url\":\"https:\\\/\\\/trinidad.salesianos.edu\\\/colegio\\\/seguro-escolar\\\/\",\"name\":\"Seguro escolar - Colegio Salesianos Sant\u00edsima Trinidad\",\"isPartOf\":{\"@id\":\"https:\\\/\\\/trinidad.salesianos.edu\\\/colegio\\\/#website\"},\"datePublished\":\"2024-09-13T17:45:10+00:00\",\"dateModified\":\"2025-08-18T17:34:30+00:00\",\"breadcrumb\":{\"@id\":\"https:\\\/\\\/trinidad.salesianos.edu\\\/colegio\\\/seguro-escolar\\\/#breadcrumb\"},\"inLanguage\":\"es\",\"potentialAction\":[{\"@type\":\"ReadAction\",\"target\":[\"https:\\\/\\\/trinidad.salesianos.edu\\\/colegio\\\/seguro-escolar\\\/\"]}]},{\"@type\":\"BreadcrumbList\",\"@id\":\"https:\\\/\\\/trinidad.salesianos.edu\\\/colegio\\\/seguro-escolar\\\/#breadcrumb\",\"itemListElement\":[{\"@type\":\"ListItem\",\"position\":1,\"name\":\"Portada\",\"item\":\"https:\\\/\\\/trinidad.salesianos.edu\\\/colegio\\\/\"},{\"@type\":\"ListItem\",\"position\":2,\"name\":\"Seguro escolar\"}]},{\"@type\":\"WebSite\",\"@id\":\"https:\\\/\\\/trinidad.salesianos.edu\\\/colegio\\\/#website\",\"url\":\"https:\\\/\\\/trinidad.salesianos.edu\\\/colegio\\\/\",\"name\":\"Colegio Salesianos Sant\u00edsima Trinidad\",\"description\":\"P\u00e1gina oficial Salesianos Trinidad\",\"potentialAction\":[{\"@type\":\"SearchAction\",\"target\":{\"@type\":\"EntryPoint\",\"urlTemplate\":\"https:\\\/\\\/trinidad.salesianos.edu\\\/colegio\\\/?s={search_term_string}\"},\"query-input\":{\"@type\":\"PropertyValueSpecification\",\"valueRequired\":true,\"valueName\":\"search_term_string\"}}],\"inLanguage\":\"es\"}]}<\/script>\n<!-- \/ Yoast SEO plugin. -->","yoast_head_json":{"title":"Seguro escolar - Colegio Salesianos Sant\u00edsima Trinidad","robots":{"index":"index","follow":"follow","max-snippet":"max-snippet:-1","max-image-preview":"max-image-preview:large","max-video-preview":"max-video-preview:-1"},"canonical":"https:\/\/trinidad.salesianos.edu\/colegio\/seguro-escolar\/","og_locale":"es_ES","og_type":"article","og_title":"Seguro escolar - Colegio Salesianos Sant\u00edsima Trinidad","og_description":"&nbsp; &nbsp; &nbsp; &nbsp; &nbsp; &nbsp; &nbsp; &nbsp; &nbsp;&nbsp; \u00bfCon qu\u00e9 seguros cuenta el centro?Seg\u00fan las edades y los cursos, existen dos tipos de seguros para el alumnado de nuestro colegio: el voluntario y el obligatorio.\u00a0Si vuestro hijo\/a se encuentra\u00a0entre Educaci\u00f3n Primaria y 2\u00ba de la E.S.O. inclusive, el seguro es\u00a0voluntario, pero muy recomendable.\u00a0Si, en [&hellip;]","og_url":"https:\/\/trinidad.salesianos.edu\/colegio\/seguro-escolar\/","og_site_name":"Colegio Salesianos Sant\u00edsima Trinidad","article_modified_time":"2025-08-18T17:34:30+00:00","twitter_card":"summary_large_image","twitter_misc":{"Tiempo de lectura":"2 minutos"},"schema":{"@context":"https:\/\/schema.org","@graph":[{"@type":"WebPage","@id":"https:\/\/trinidad.salesianos.edu\/colegio\/seguro-escolar\/","url":"https:\/\/trinidad.salesianos.edu\/colegio\/seguro-escolar\/","name":"Seguro escolar - Colegio Salesianos Sant\u00edsima Trinidad","isPartOf":{"@id":"https:\/\/trinidad.salesianos.edu\/colegio\/#website"},"datePublished":"2024-09-13T17:45:10+00:00","dateModified":"2025-08-18T17:34:30+00:00","breadcrumb":{"@id":"https:\/\/trinidad.salesianos.edu\/colegio\/seguro-escolar\/#breadcrumb"},"inLanguage":"es","potentialAction":[{"@type":"ReadAction","target":["https:\/\/trinidad.salesianos.edu\/colegio\/seguro-escolar\/"]}]},{"@type":"BreadcrumbList","@id":"https:\/\/trinidad.salesianos.edu\/colegio\/seguro-escolar\/#breadcrumb","itemListElement":[{"@type":"ListItem","position":1,"name":"Portada","item":"https:\/\/trinidad.salesianos.edu\/colegio\/"},{"@type":"ListItem","position":2,"name":"Seguro escolar"}]},{"@type":"WebSite","@id":"https:\/\/trinidad.salesianos.edu\/colegio\/#website","url":"https:\/\/trinidad.salesianos.edu\/colegio\/","name":"Colegio Salesianos Sant\u00edsima Trinidad","description":"P\u00e1gina oficial Salesianos Trinidad","potentialAction":[{"@type":"SearchAction","target":{"@type":"EntryPoint","urlTemplate":"https:\/\/trinidad.salesianos.edu\/colegio\/?s={search_term_string}"},"query-input":{"@type":"PropertyValueSpecification","valueRequired":true,"valueName":"search_term_string"}}],"inLanguage":"es"}]}},"_links":{"self":[{"href":"https:\/\/trinidad.salesianos.edu\/colegio\/wp-json\/wp\/v2\/pages\/17061","targetHints":{"allow":["GET"]}}],"collection":[{"href":"https:\/\/trinidad.salesianos.edu\/colegio\/wp-json\/wp\/v2\/pages"}],"about":[{"href":"https:\/\/trinidad.salesianos.edu\/colegio\/wp-json\/wp\/v2\/types\/page"}],"author":[{"embeddable":true,"href":"https:\/\/trinidad.salesianos.edu\/colegio\/wp-json\/wp\/v2\/users\/3"}],"replies":[{"embeddable":true,"href":"https:\/\/trinidad.salesianos.edu\/colegio\/wp-json\/wp\/v2\/comments?post=17061"}],"version-history":[{"count":14,"href":"https:\/\/trinidad.salesianos.edu\/colegio\/wp-json\/wp\/v2\/pages\/17061\/revisions"}],"predecessor-version":[{"id":18654,"href":"https:\/\/trinidad.salesianos.edu\/colegio\/wp-json\/wp\/v2\/pages\/17061\/revisions\/18654"}],"wp:attachment":[{"href":"https:\/\/trinidad.salesianos.edu\/colegio\/wp-json\/wp\/v2\/media?parent=17061"}],"curies":[{"name":"wp","href":"https:\/\/api.w.org\/{rel}","templated":true}]}}