
{"id":15877,"date":"2023-09-11T19:37:48","date_gmt":"2023-09-11T17:37:48","guid":{"rendered":"https:\/\/trinidad.salesianos.edu\/colegio\/?page_id=15877"},"modified":"2025-11-13T07:13:39","modified_gmt":"2025-11-13T06:13:39","slug":"directorio","status":"publish","type":"page","link":"https:\/\/trinidad.salesianos.edu\/colegio\/directorio\/","title":{"rendered":"Directorio"},"content":{"rendered":"<p>[et_pb_section fb_built=\u00bb1&#8243; fullwidth=\u00bbon\u00bb _builder_version=\u00bb4.17.6&#8243; _module_preset=\u00bbdefault\u00bb global_colors_info=\u00bb{}\u00bb][et_pb_fullwidth_header title=\u00bbContacta con nosotros\u00bb content_tablet=\u00bb<\/p>\n<\/p>\n<\/p>\n<\/p>\n<p>\u00bb content_phone=\u00bb<\/p>\n<\/p>\n<\/p>\n<\/p>\n<p>\u00bb content_last_edited=\u00bbon|phone\u00bb _builder_version=\u00bb4.22.1&#8243; _module_preset=\u00bbdefault\u00bb title_text_align=\u00bbright\u00bb title_text_color=\u00bb#FFFFFF\u00bb title_font_size=\u00bb40px\u00bb background_enable_color=\u00bboff\u00bb background_image=\u00bbhttps:\/\/trinidad.salesianos.edu\/colegio\/wp-content\/uploads\/sites\/11\/2023\/09\/top-view-of-yellow-email-sign-on-pink-background-2022-12-16-19-27-03-utc-scaled.jpg\u00bb title_text_shadow_style=\u00bbpreset2&#8243; global_colors_info=\u00bb{}\u00bb]<\/p>\n<p>&nbsp;<\/p>\n<p>&nbsp;<\/p>\n<p>&nbsp;<\/p>\n<p>&nbsp;<\/p>\n<p>&nbsp;<\/p>\n<p>&nbsp;<\/p>\n<p>&nbsp;<\/p>\n<p>&nbsp;<\/p>\n<p>&nbsp;<\/p>\n<p>&nbsp;<\/p>\n<p>&nbsp;<\/p>\n<p>[\/et_pb_fullwidth_header][\/et_pb_section][et_pb_section fb_built=\u00bb1&#8243; _builder_version=\u00bb4.22.1&#8243; _module_preset=\u00bbdefault\u00bb background_enable_image=\u00bboff\u00bb global_colors_info=\u00bb{}\u00bb][et_pb_row _builder_version=\u00bb4.17.6&#8243; _module_preset=\u00bbdefault\u00bb global_colors_info=\u00bb{}\u00bb][et_pb_column type=\u00bb4_4&#8243; _builder_version=\u00bb4.17.6&#8243; _module_preset=\u00bbdefault\u00bb global_colors_info=\u00bb{}\u00bb][et_pb_text _builder_version=\u00bb4.22.1&#8243; _module_preset=\u00bbdefault\u00bb text_font=\u00bb|800|||||||\u00bb text_font_size=\u00bb29px\u00bb global_colors_info=\u00bb{}\u00bb]<\/p>\n<p style=\"text-align: center;\">Estamos aqu\u00ed para ayudarte<\/p>\n<p>[\/et_pb_text][et_pb_text _builder_version=\u00bb4.22.1&#8243; _module_preset=\u00bbdefault\u00bb text_font=\u00bb|700|||||||\u00bb text_font_size=\u00bb19px\u00bb text_orientation=\u00bbcenter\u00bb global_colors_info=\u00bb{}\u00bb]<\/p>\n<p><span style=\"color: #494949; font-family: Open Sans, Arial, sans-serif;\">Si quieres contactar con nososotros, siempre puedes hacerlo desde diferentes canales que podr\u00e1s ver en nuestra secci\u00f3n de contacto o pinchando <a href=\"https:\/\/trinidad.salesianos.edu\/colegio\/contactar\/\" target=\"_blank\" rel=\"noopener\">aqu\u00ed.<\/a> <\/span><\/p>\n<p><span style=\"color: #494949; font-family: Open Sans, Arial, sans-serif;\">O si lo prefieres puedes escribirnos a estas direcciones: <\/span><\/p>\n<p>[\/et_pb_text][\/et_pb_column][\/et_pb_row][et_pb_row column_structure=\u00bb1_3,1_3,1_3&#8243; _builder_version=\u00bb4.22.1&#8243; _module_preset=\u00bbdefault\u00bb global_colors_info=\u00bb{}\u00bb][et_pb_column type=\u00bb1_3&#8243; _builder_version=\u00bb4.22.1&#8243; _module_preset=\u00bbdefault\u00bb global_colors_info=\u00bb{}\u00bb][et_pb_blurb image=\u00bbhttps:\/\/trinidad.salesianos.edu\/colegio\/wp-content\/uploads\/sites\/11\/2023\/09\/1-1.png\u00bb image_icon_width=\u00bb50%\u00bb _builder_version=\u00bb4.22.1&#8243; _module_preset=\u00bbdefault\u00bb body_font=\u00bb|800|||||||\u00bb body_text_align=\u00bbcenter\u00bb link_option_url=\u00bbmailto:direcciontitular@trinidad.salesianos.edu\u00bb link_option_url_new_window=\u00bbon\u00bb body_font_size_tablet=\u00bb\u00bb body_font_size_phone=\u00bb13px\u00bb body_font_size_last_edited=\u00bbon|phone\u00bb border_radii_image=\u00bbon|150px|150px|150px|150px\u00bb border_width_all_image=\u00bb1px\u00bb border_color_all_image=\u00bb#E02B20&#8243; box_shadow_style_image=\u00bbpreset2&#8243; global_colors_info=\u00bb{}\u00bb border_width_all_image__hover_enabled=\u00bbon|hover\u00bb border_width_all_image__hover=\u00bb5px\u00bb]<\/p>\n<p><a href=\"mailto:direcciontitular@trinidad.salesianos.edu\" target=\"_blank\" rel=\"noopener\">direcciontitular@<wbr \/>trinidad.salesianos.edu<\/a><\/p>\n<p>[\/et_pb_blurb][\/et_pb_column][et_pb_column type=\u00bb1_3&#8243; _builder_version=\u00bb4.22.1&#8243; _module_preset=\u00bbdefault\u00bb global_colors_info=\u00bb{}\u00bb][et_pb_blurb image=\u00bbhttps:\/\/trinidad.salesianos.edu\/colegio\/wp-content\/uploads\/sites\/11\/2023\/09\/3-1.png\u00bb image_icon_width=\u00bb50%\u00bb _builder_version=\u00bb4.22.1&#8243; _module_preset=\u00bbdefault\u00bb body_font=\u00bb|800|||||||\u00bb body_text_align=\u00bbcenter\u00bb link_option_url=\u00bbmailto:direccion@trinidad.salesianos.edu \u00bb link_option_url_new_window=\u00bbon\u00bb body_font_size_tablet=\u00bb\u00bb body_font_size_phone=\u00bb13px\u00bb body_font_size_last_edited=\u00bbon|phone\u00bb border_radii_image=\u00bbon|150px|150px|150px|150px\u00bb border_width_all_image=\u00bb1px\u00bb border_color_all_image=\u00bb#E02B20&#8243; box_shadow_style_image=\u00bbpreset2&#8243; global_colors_info=\u00bb{}\u00bb border_width_all_image__hover=\u00bb5px\u00bb border_width_all_image__hover_enabled=\u00bbon|hover\u00bb]<\/p>\n<p><a href=\"mailto:direccion@trinidad.salesianos.edu\" target=\"_blank\" rel=\"noopener\">direccion@trinidad.<wbr \/>salesianos.edu<\/a><span>\u00a0<\/span><\/p>\n<p>[\/et_pb_blurb][\/et_pb_column][et_pb_column type=\u00bb1_3&#8243; _builder_version=\u00bb4.22.1&#8243; _module_preset=\u00bbdefault\u00bb global_colors_info=\u00bb{}\u00bb][et_pb_blurb image=\u00bbhttps:\/\/trinidad.salesianos.edu\/colegio\/wp-content\/uploads\/sites\/11\/2023\/09\/5.png\u00bb image_icon_width=\u00bb50%\u00bb _builder_version=\u00bb4.22.1&#8243; _module_preset=\u00bbdefault\u00bb body_font=\u00bb|800|||||||\u00bb body_text_align=\u00bbcenter\u00bb link_option_url=\u00bbmailto:subdireccion@trinidad.salesianos.edu\u00bb link_option_url_new_window=\u00bbon\u00bb body_font_size_tablet=\u00bb\u00bb body_font_size_phone=\u00bb13px\u00bb body_font_size_last_edited=\u00bbon|phone\u00bb border_radii_image=\u00bbon|150px|150px|150px|150px\u00bb border_width_all_image=\u00bb1px\u00bb border_color_all_image=\u00bb#E02B20&#8243; box_shadow_style_image=\u00bbpreset2&#8243; global_colors_info=\u00bb{}\u00bb border_width_all_image__hover=\u00bb5px\u00bb border_width_all_image__hover_enabled=\u00bbon|hover\u00bb]<\/p>\n<p><a href=\"mailto:subdireccion@trinidad.salesianos.edu\" target=\"_blank\" rel=\"noopener\">subdireccion@<wbr \/>trinidad.salesianos.edu<\/a><\/p>\n<p>[\/et_pb_blurb][\/et_pb_column][\/et_pb_row][et_pb_row column_structure=\u00bb1_3,1_3,1_3&#8243; _builder_version=\u00bb4.22.1&#8243; _module_preset=\u00bbdefault\u00bb global_colors_info=\u00bb{}\u00bb][et_pb_column type=\u00bb1_3&#8243; _builder_version=\u00bb4.22.1&#8243; _module_preset=\u00bbdefault\u00bb global_colors_info=\u00bb{}\u00bb][et_pb_blurb image=\u00bbhttps:\/\/trinidad.salesianos.edu\/colegio\/wp-content\/uploads\/sites\/11\/2023\/09\/17.png\u00bb image_icon_width=\u00bb50%\u00bb _builder_version=\u00bb4.22.1&#8243; _module_preset=\u00bbdefault\u00bb body_font=\u00bb|800|||||||\u00bb body_text_align=\u00bbcenter\u00bb link_option_url=\u00bbmailto:jefaturaprimaria@trinidad.salesianos.edu\u00bb body_font_size_tablet=\u00bb\u00bb body_font_size_phone=\u00bb13px\u00bb body_font_size_last_edited=\u00bbon|phone\u00bb border_radii_image=\u00bbon|150px|150px|150px|150px\u00bb border_width_all_image=\u00bb1px\u00bb border_color_all_image=\u00bb#E02B20&#8243; box_shadow_style_image=\u00bbpreset2&#8243; global_colors_info=\u00bb{}\u00bb border_width_all_image__hover_enabled=\u00bbon|hover\u00bb border_width_all_image__hover=\u00bb5px\u00bb]<\/p>\n<p><a href=\"mailto:jefaturaprimaria@trinidad.salesianos.edu\" target=\"_blank\" rel=\"noopener\">jefaturaprimaria@<wbr \/>trinidad.salesianos.edu<\/a><\/p>\n<p>[\/et_pb_blurb][\/et_pb_column][et_pb_column type=\u00bb1_3&#8243; _builder_version=\u00bb4.22.1&#8243; _module_preset=\u00bbdefault\u00bb global_colors_info=\u00bb{}\u00bb][et_pb_blurb image=\u00bbhttps:\/\/trinidad.salesianos.edu\/colegio\/wp-content\/uploads\/sites\/11\/2023\/09\/19.png\u00bb image_icon_width=\u00bb50%\u00bb _builder_version=\u00bb4.22.1&#8243; _module_preset=\u00bbdefault\u00bb body_font=\u00bb|800|||||||\u00bb body_text_align=\u00bbcenter\u00bb link_option_url=\u00bbmailto:jefaturadebach@trinidad.salesianos.edu\u00bb body_font_size_tablet=\u00bb\u00bb body_font_size_phone=\u00bb13px\u00bb body_font_size_last_edited=\u00bbon|phone\u00bb border_radii_image=\u00bbon|150px|150px|150px|150px\u00bb border_width_all_image=\u00bb1px\u00bb border_color_all_image=\u00bb#E02B20&#8243; box_shadow_style_image=\u00bbpreset2&#8243; global_colors_info=\u00bb{}\u00bb border_width_all_image__hover=\u00bb5px\u00bb border_width_all_image__hover_enabled=\u00bbon|hover\u00bb]<\/p>\n<p><a href=\"mailto:jefaturadebach@trinidad.salesianos.edu\" target=\"_blank\" rel=\"noopener\">jefaturadebach@<wbr \/>trinidad.salesianos.edu<\/a><\/p>\n<p>[\/et_pb_blurb][\/et_pb_column][et_pb_column type=\u00bb1_3&#8243; _builder_version=\u00bb4.22.1&#8243; _module_preset=\u00bbdefault\u00bb global_colors_info=\u00bb{}\u00bb][et_pb_blurb image=\u00bbhttps:\/\/trinidad.salesianos.edu\/colegio\/wp-content\/uploads\/sites\/11\/2023\/09\/Botones-pagina-directorio.png\u00bb image_icon_width=\u00bb50%\u00bb _builder_version=\u00bb4.22.1&#8243; _module_preset=\u00bbdefault\u00bb body_font=\u00bb|800|||||||\u00bb body_text_align=\u00bbcenter\u00bb link_option_url=\u00bbmailto:joseantonio-melendez@trinidad.salesianos.edu\u00bb link_option_url_new_window=\u00bbon\u00bb body_font_size_tablet=\u00bb\u00bb body_font_size_phone=\u00bb13px\u00bb body_font_size_last_edited=\u00bbon|phone\u00bb border_radii_image=\u00bbon|150px|150px|150px|150px\u00bb border_width_all_image=\u00bb1px\u00bb border_color_all_image=\u00bb#E02B20&#8243; box_shadow_style_image=\u00bbpreset2&#8243; global_colors_info=\u00bb{}\u00bb border_width_all_image__hover=\u00bb5px\u00bb border_width_all_image__hover_enabled=\u00bbon|hover\u00bb]<\/p>\n<p><a href=\"mailto:joseantonio-melendez@trinidad.salesianos.edu%20\">joseantonio-melendez@trinidad.salesianos.edu<\/a><\/p>\n<p>[\/et_pb_blurb][\/et_pb_column][\/et_pb_row][et_pb_row column_structure=\u00bb1_3,1_3,1_3&#8243; _builder_version=\u00bb4.22.1&#8243; _module_preset=\u00bbdefault\u00bb global_colors_info=\u00bb{}\u00bb][et_pb_column type=\u00bb1_3&#8243; _builder_version=\u00bb4.22.1&#8243; _module_preset=\u00bbdefault\u00bb global_colors_info=\u00bb{}\u00bb][et_pb_blurb image=\u00bbhttps:\/\/trinidad.salesianos.edu\/colegio\/wp-content\/uploads\/sites\/11\/2023\/09\/7.png\u00bb image_icon_width=\u00bb50%\u00bb _builder_version=\u00bb4.22.1&#8243; _module_preset=\u00bbdefault\u00bb body_font=\u00bb|800|||||||\u00bb body_text_align=\u00bbcenter\u00bb link_option_url=\u00bbmailto:administracion.sevillatrd@salesianos.edu\u00bb link_option_url_new_window=\u00bbon\u00bb body_font_size_tablet=\u00bb\u00bb body_font_size_phone=\u00bb13px\u00bb body_font_size_last_edited=\u00bbon|phone\u00bb border_radii_image=\u00bbon|150px|150px|150px|150px\u00bb border_width_all_image=\u00bb1px\u00bb border_color_all_image=\u00bb#E02B20&#8243; box_shadow_style_image=\u00bbpreset2&#8243; global_colors_info=\u00bb{}\u00bb border_width_all_image__hover_enabled=\u00bbon|hover\u00bb border_width_all_image__hover=\u00bb5px\u00bb]<\/p>\n<p><a href=\"mailto:administracion.sevillatrd@salesianos.edu\" target=\"_blank\" rel=\"noopener\">administracion<wbr \/>.sevillatrd@salesianos.edu<\/a><\/p>\n<p>[\/et_pb_blurb][\/et_pb_column][et_pb_column type=\u00bb1_3&#8243; _builder_version=\u00bb4.22.1&#8243; _module_preset=\u00bbdefault\u00bb global_colors_info=\u00bb{}\u00bb][et_pb_blurb image=\u00bbhttps:\/\/trinidad.salesianos.edu\/colegio\/wp-content\/uploads\/sites\/11\/2023\/09\/11.png\u00bb image_icon_width=\u00bb50%\u00bb _builder_version=\u00bb4.22.1&#8243; _module_preset=\u00bbdefault\u00bb body_font=\u00bb|800|||||||\u00bb body_text_align=\u00bbcenter\u00bb link_option_url=\u00bbmailto:contabilidad.sevillatrd@salesianos.edu\u00bb link_option_url_new_window=\u00bbon\u00bb body_font_size_tablet=\u00bb\u00bb body_font_size_phone=\u00bb13px\u00bb body_font_size_last_edited=\u00bbon|phone\u00bb border_radii_image=\u00bbon|150px|150px|150px|150px\u00bb border_width_all_image=\u00bb1px\u00bb border_color_all_image=\u00bb#E02B20&#8243; box_shadow_style_image=\u00bbpreset2&#8243; global_colors_info=\u00bb{}\u00bb border_width_all_image__hover=\u00bb5px\u00bb border_width_all_image__hover_enabled=\u00bbon|hover\u00bb]<\/p>\n<p><a href=\"mailto:contabilidad.sevillatrd@salesianos.edu\" target=\"_blank\" rel=\"noopener\">contabi<wbr \/>lidad.sevillatrd@salesianos.<wbr \/>edu<\/a><\/p>\n<p>[\/et_pb_blurb][\/et_pb_column][et_pb_column type=\u00bb1_3&#8243; _builder_version=\u00bb4.22.1&#8243; _module_preset=\u00bbdefault\u00bb global_colors_info=\u00bb{}\u00bb][et_pb_blurb image=\u00bbhttps:\/\/trinidad.salesianos.edu\/colegio\/wp-content\/uploads\/sites\/11\/2023\/09\/9.png\u00bb image_icon_width=\u00bb50%\u00bb _builder_version=\u00bb4.22.1&#8243; _module_preset=\u00bbdefault\u00bb body_font=\u00bb|800|||||||\u00bb body_text_align=\u00bbcenter\u00bb link_option_url=\u00bbmailto:secretaria.sevillatrd@salesianos.edu\u00bb link_option_url_new_window=\u00bbon\u00bb border_radii_image=\u00bbon|150px|150px|150px|150px\u00bb border_width_all_image=\u00bb1px\u00bb border_color_all_image=\u00bb#E02B20&#8243; box_shadow_style_image=\u00bbpreset2&#8243; global_colors_info=\u00bb{}\u00bb border_width_all_image__hover=\u00bb5px\u00bb border_width_all_image__hover_enabled=\u00bbon|hover\u00bb]<\/p>\n<p><a href=\"mailto:secretaria.sevillatrd@salesianos.edu\" target=\"_blank\" rel=\"noopener\">secretaria.<wbr \/>sevillatrd@salesianos.edu<\/a><\/p>\n<p>[\/et_pb_blurb][\/et_pb_column][\/et_pb_row][et_pb_row column_structure=\u00bb1_3,1_3,1_3&#8243; _builder_version=\u00bb4.22.1&#8243; _module_preset=\u00bbdefault\u00bb global_colors_info=\u00bb{}\u00bb][et_pb_column type=\u00bb1_3&#8243; _builder_version=\u00bb4.22.1&#8243; _module_preset=\u00bbdefault\u00bb global_colors_info=\u00bb{}\u00bb][et_pb_blurb image=\u00bbhttps:\/\/trinidad.salesianos.edu\/colegio\/wp-content\/uploads\/sites\/11\/2023\/09\/13.png\u00bb image_icon_width=\u00bb50%\u00bb _builder_version=\u00bb4.27.4&#8243; _module_preset=\u00bbdefault\u00bb body_font=\u00bb|800|||||||\u00bb body_text_align=\u00bbcenter\u00bb link_option_url=\u00bbmailto:orientacion@trinidad.salesianos.edu\u00bb link_option_url_new_window=\u00bbon\u00bb hover_enabled=\u00bb0&#8243; body_font_size_tablet=\u00bb\u00bb body_font_size_phone=\u00bb13px\u00bb body_font_size_last_edited=\u00bbon|phone\u00bb border_radii_image=\u00bbon|150px|150px|150px|150px\u00bb border_width_all_image=\u00bb1px\u00bb border_color_all_image=\u00bb#E02B20&#8243; box_shadow_style_image=\u00bbpreset2&#8243; global_colors_info=\u00bb{}\u00bb border_width_all_image__hover_enabled=\u00bbon|hover\u00bb border_width_all_image__hover=\u00bb5px\u00bb sticky_enabled=\u00bb0&#8243;]<\/p>\n<p><a href=\"mailto:orientacion@trinidad.salesianos.edu\" target=\"_blank\" rel=\"noopener\">orientacion@trinidad.<wbr \/>salesianos.edu<\/a><\/p>\n<p>[\/et_pb_blurb][\/et_pb_column][et_pb_column type=\u00bb1_3&#8243; _builder_version=\u00bb4.22.1&#8243; _module_preset=\u00bbdefault\u00bb global_colors_info=\u00bb{}\u00bb][et_pb_blurb image=\u00bbhttps:\/\/trinidad.salesianos.edu\/colegio\/wp-content\/uploads\/sites\/11\/2025\/05\/Copia-de-Botones-pagina-directorio.jpg\u00bb image_icon_width=\u00bb50%\u00bb _builder_version=\u00bb4.27.4&#8243; _module_preset=\u00bbdefault\u00bb body_font=\u00bb|800|||||||\u00bb body_text_align=\u00bbcenter\u00bb link_option_url=\u00bbmailto:bolsadetrabajo@trinidad.salesianos.edu\u00bb link_option_url_new_window=\u00bbon\u00bb body_font_size_tablet=\u00bb\u00bb body_font_size_phone=\u00bb13px\u00bb body_font_size_last_edited=\u00bbon|phone\u00bb border_radii_image=\u00bbon|150px|150px|150px|150px\u00bb border_width_all_image=\u00bb1px\u00bb border_color_all_image=\u00bb#E02B20&#8243; box_shadow_style_image=\u00bbpreset2&#8243; global_colors_info=\u00bb{}\u00bb border_width_all_image__hover=\u00bb5px\u00bb border_width_all_image__hover_enabled=\u00bbon|hover\u00bb]<\/p>\n<p><a href=\"mailto:bolsadetrabajo@trinidad.salesianos.edu\" target=\"_blank\" rel=\"noopener\">bolsadetrabajo@trinidad.<wbr \/>salesianos.edu<\/a><\/p>\n<p>[\/et_pb_blurb][\/et_pb_column][et_pb_column type=\u00bb1_3&#8243; _builder_version=\u00bb4.22.1&#8243; _module_preset=\u00bbdefault\u00bb global_colors_info=\u00bb{}\u00bb][et_pb_blurb image=\u00bbhttps:\/\/trinidad.salesianos.edu\/colegio\/wp-content\/uploads\/sites\/11\/2023\/09\/15.png\u00bb image_icon_width=\u00bb50%\u00bb _builder_version=\u00bb4.22.1&#8243; _module_preset=\u00bbdefault\u00bb body_font=\u00bb|800|||||||\u00bb body_text_align=\u00bbcenter\u00bb link_option_url=\u00bbmailto:pastoral@trinidad.salesianos.edu\u00bb link_option_url_new_window=\u00bbon\u00bb body_font_size_tablet=\u00bb\u00bb body_font_size_phone=\u00bb13px\u00bb body_font_size_last_edited=\u00bbon|phone\u00bb border_radii_image=\u00bbon|150px|150px|150px|150px\u00bb border_width_all_image=\u00bb1px\u00bb border_color_all_image=\u00bb#E02B20&#8243; box_shadow_style_image=\u00bbpreset2&#8243; global_colors_info=\u00bb{}\u00bb border_width_all_image__hover=\u00bb5px\u00bb border_width_all_image__hover_enabled=\u00bbon|hover\u00bb]<\/p>\n<p><a href=\"mailto:pastoral@trinidad.salesianos.edu\">pastoral@trinidad.salesianos.edu<\/a><\/p>\n<p>[\/et_pb_blurb][\/et_pb_column][\/et_pb_row][\/et_pb_section]<\/p>\n","protected":false},"excerpt":{"rendered":"<p>&nbsp; &nbsp; &nbsp; &nbsp; &nbsp; &nbsp; &nbsp; &nbsp; &nbsp; &nbsp; &nbsp;Estamos aqu\u00ed para ayudarteSi quieres contactar con nososotros, siempre puedes hacerlo desde diferentes canales que podr\u00e1s ver en nuestra secci\u00f3n de contacto o pinchando aqu\u00ed. O si lo prefieres puedes escribirnos a estas direcciones: direcciontitular@trinidad.salesianos.edudireccion@trinidad.salesianos.edu\u00a0subdireccion@trinidad.salesianos.edujefaturaprimaria@trinidad.salesianos.edujefaturadebach@trinidad.salesianos.edujoseantonio-melendez@trinidad.salesianos.eduadministracion.sevillatrd@salesianos.educontabilidad.sevillatrd@salesianos.edusecretaria.sevillatrd@salesianos.eduorientacion@trinidad.salesianos.edubolsadetrabajo@trinidad.salesianos.edupastoral@trinidad.salesianos.edu<\/p>\n","protected":false},"author":3,"featured_media":0,"parent":0,"menu_order":0,"comment_status":"closed","ping_status":"closed","template":"","meta":{"_et_pb_use_builder":"on","_et_pb_old_content":"","_et_gb_content_width":"","footnotes":""},"class_list":["post-15877","page","type-page","status-publish","hentry"],"yoast_head":"<!-- This site is optimized with the Yoast SEO plugin v27.3 - https:\/\/yoast.com\/product\/yoast-seo-wordpress\/ -->\n<title>Directorio - Colegio Salesianos Sant\u00edsima Trinidad<\/title>\n<meta name=\"robots\" content=\"index, follow, max-snippet:-1, max-image-preview:large, max-video-preview:-1\" \/>\n<link rel=\"canonical\" href=\"https:\/\/trinidad.salesianos.edu\/colegio\/directorio\/\" \/>\n<meta property=\"og:locale\" content=\"es_ES\" \/>\n<meta property=\"og:type\" content=\"article\" \/>\n<meta property=\"og:title\" content=\"Directorio - Colegio Salesianos Sant\u00edsima Trinidad\" \/>\n<meta property=\"og:description\" content=\"&nbsp; &nbsp; &nbsp; &nbsp; &nbsp; &nbsp; &nbsp; &nbsp; &nbsp; &nbsp; &nbsp;Estamos aqu\u00ed para ayudarteSi quieres contactar con nososotros, siempre puedes hacerlo desde diferentes canales que podr\u00e1s ver en nuestra secci\u00f3n de contacto o pinchando aqu\u00ed. O si lo prefieres puedes escribirnos a estas direcciones: direcciontitular@trinidad.salesianos.edudireccion@trinidad.salesianos.edu\u00a0subdireccion@trinidad.salesianos.edujefaturaprimaria@trinidad.salesianos.edujefaturadebach@trinidad.salesianos.edujoseantonio-melendez@trinidad.salesianos.eduadministracion.sevillatrd@salesianos.educontabilidad.sevillatrd@salesianos.edusecretaria.sevillatrd@salesianos.eduorientacion@trinidad.salesianos.edubolsadetrabajo@trinidad.salesianos.edupastoral@trinidad.salesianos.edu\" \/>\n<meta property=\"og:url\" content=\"https:\/\/trinidad.salesianos.edu\/colegio\/directorio\/\" \/>\n<meta property=\"og:site_name\" content=\"Colegio Salesianos Sant\u00edsima Trinidad\" \/>\n<meta property=\"article:modified_time\" content=\"2025-11-13T06:13:39+00:00\" \/>\n<meta name=\"twitter:card\" content=\"summary_large_image\" \/>\n<meta name=\"twitter:label1\" content=\"Tiempo de lectura\" \/>\n\t<meta name=\"twitter:data1\" content=\"2 minutos\" \/>\n<script type=\"application\/ld+json\" class=\"yoast-schema-graph\">{\"@context\":\"https:\\\/\\\/schema.org\",\"@graph\":[{\"@type\":\"WebPage\",\"@id\":\"https:\\\/\\\/trinidad.salesianos.edu\\\/colegio\\\/directorio\\\/\",\"url\":\"https:\\\/\\\/trinidad.salesianos.edu\\\/colegio\\\/directorio\\\/\",\"name\":\"Directorio - Colegio Salesianos Sant\u00edsima Trinidad\",\"isPartOf\":{\"@id\":\"https:\\\/\\\/trinidad.salesianos.edu\\\/colegio\\\/#website\"},\"datePublished\":\"2023-09-11T17:37:48+00:00\",\"dateModified\":\"2025-11-13T06:13:39+00:00\",\"breadcrumb\":{\"@id\":\"https:\\\/\\\/trinidad.salesianos.edu\\\/colegio\\\/directorio\\\/#breadcrumb\"},\"inLanguage\":\"es\",\"potentialAction\":[{\"@type\":\"ReadAction\",\"target\":[\"https:\\\/\\\/trinidad.salesianos.edu\\\/colegio\\\/directorio\\\/\"]}]},{\"@type\":\"BreadcrumbList\",\"@id\":\"https:\\\/\\\/trinidad.salesianos.edu\\\/colegio\\\/directorio\\\/#breadcrumb\",\"itemListElement\":[{\"@type\":\"ListItem\",\"position\":1,\"name\":\"Portada\",\"item\":\"https:\\\/\\\/trinidad.salesianos.edu\\\/colegio\\\/\"},{\"@type\":\"ListItem\",\"position\":2,\"name\":\"Directorio\"}]},{\"@type\":\"WebSite\",\"@id\":\"https:\\\/\\\/trinidad.salesianos.edu\\\/colegio\\\/#website\",\"url\":\"https:\\\/\\\/trinidad.salesianos.edu\\\/colegio\\\/\",\"name\":\"Colegio Salesianos Sant\u00edsima Trinidad\",\"description\":\"P\u00e1gina oficial Salesianos Trinidad\",\"potentialAction\":[{\"@type\":\"SearchAction\",\"target\":{\"@type\":\"EntryPoint\",\"urlTemplate\":\"https:\\\/\\\/trinidad.salesianos.edu\\\/colegio\\\/?s={search_term_string}\"},\"query-input\":{\"@type\":\"PropertyValueSpecification\",\"valueRequired\":true,\"valueName\":\"search_term_string\"}}],\"inLanguage\":\"es\"}]}<\/script>\n<!-- \/ Yoast SEO plugin. -->","yoast_head_json":{"title":"Directorio - Colegio Salesianos Sant\u00edsima Trinidad","robots":{"index":"index","follow":"follow","max-snippet":"max-snippet:-1","max-image-preview":"max-image-preview:large","max-video-preview":"max-video-preview:-1"},"canonical":"https:\/\/trinidad.salesianos.edu\/colegio\/directorio\/","og_locale":"es_ES","og_type":"article","og_title":"Directorio - Colegio Salesianos Sant\u00edsima Trinidad","og_description":"&nbsp; &nbsp; &nbsp; &nbsp; &nbsp; &nbsp; &nbsp; &nbsp; &nbsp; &nbsp; &nbsp;Estamos aqu\u00ed para ayudarteSi quieres contactar con nososotros, siempre puedes hacerlo desde diferentes canales que podr\u00e1s ver en nuestra secci\u00f3n de contacto o pinchando aqu\u00ed. O si lo prefieres puedes escribirnos a estas direcciones: direcciontitular@trinidad.salesianos.edudireccion@trinidad.salesianos.edu\u00a0subdireccion@trinidad.salesianos.edujefaturaprimaria@trinidad.salesianos.edujefaturadebach@trinidad.salesianos.edujoseantonio-melendez@trinidad.salesianos.eduadministracion.sevillatrd@salesianos.educontabilidad.sevillatrd@salesianos.edusecretaria.sevillatrd@salesianos.eduorientacion@trinidad.salesianos.edubolsadetrabajo@trinidad.salesianos.edupastoral@trinidad.salesianos.edu","og_url":"https:\/\/trinidad.salesianos.edu\/colegio\/directorio\/","og_site_name":"Colegio Salesianos Sant\u00edsima Trinidad","article_modified_time":"2025-11-13T06:13:39+00:00","twitter_card":"summary_large_image","twitter_misc":{"Tiempo de lectura":"2 minutos"},"schema":{"@context":"https:\/\/schema.org","@graph":[{"@type":"WebPage","@id":"https:\/\/trinidad.salesianos.edu\/colegio\/directorio\/","url":"https:\/\/trinidad.salesianos.edu\/colegio\/directorio\/","name":"Directorio - Colegio Salesianos Sant\u00edsima Trinidad","isPartOf":{"@id":"https:\/\/trinidad.salesianos.edu\/colegio\/#website"},"datePublished":"2023-09-11T17:37:48+00:00","dateModified":"2025-11-13T06:13:39+00:00","breadcrumb":{"@id":"https:\/\/trinidad.salesianos.edu\/colegio\/directorio\/#breadcrumb"},"inLanguage":"es","potentialAction":[{"@type":"ReadAction","target":["https:\/\/trinidad.salesianos.edu\/colegio\/directorio\/"]}]},{"@type":"BreadcrumbList","@id":"https:\/\/trinidad.salesianos.edu\/colegio\/directorio\/#breadcrumb","itemListElement":[{"@type":"ListItem","position":1,"name":"Portada","item":"https:\/\/trinidad.salesianos.edu\/colegio\/"},{"@type":"ListItem","position":2,"name":"Directorio"}]},{"@type":"WebSite","@id":"https:\/\/trinidad.salesianos.edu\/colegio\/#website","url":"https:\/\/trinidad.salesianos.edu\/colegio\/","name":"Colegio Salesianos Sant\u00edsima Trinidad","description":"P\u00e1gina oficial Salesianos Trinidad","potentialAction":[{"@type":"SearchAction","target":{"@type":"EntryPoint","urlTemplate":"https:\/\/trinidad.salesianos.edu\/colegio\/?s={search_term_string}"},"query-input":{"@type":"PropertyValueSpecification","valueRequired":true,"valueName":"search_term_string"}}],"inLanguage":"es"}]}},"_links":{"self":[{"href":"https:\/\/trinidad.salesianos.edu\/colegio\/wp-json\/wp\/v2\/pages\/15877","targetHints":{"allow":["GET"]}}],"collection":[{"href":"https:\/\/trinidad.salesianos.edu\/colegio\/wp-json\/wp\/v2\/pages"}],"about":[{"href":"https:\/\/trinidad.salesianos.edu\/colegio\/wp-json\/wp\/v2\/types\/page"}],"author":[{"embeddable":true,"href":"https:\/\/trinidad.salesianos.edu\/colegio\/wp-json\/wp\/v2\/users\/3"}],"replies":[{"embeddable":true,"href":"https:\/\/trinidad.salesianos.edu\/colegio\/wp-json\/wp\/v2\/comments?post=15877"}],"version-history":[{"count":16,"href":"https:\/\/trinidad.salesianos.edu\/colegio\/wp-json\/wp\/v2\/pages\/15877\/revisions"}],"predecessor-version":[{"id":18736,"href":"https:\/\/trinidad.salesianos.edu\/colegio\/wp-json\/wp\/v2\/pages\/15877\/revisions\/18736"}],"wp:attachment":[{"href":"https:\/\/trinidad.salesianos.edu\/colegio\/wp-json\/wp\/v2\/media?parent=15877"}],"curies":[{"name":"wp","href":"https:\/\/api.w.org\/{rel}","templated":true}]}}