
{"id":14914,"date":"2022-11-29T19:07:30","date_gmt":"2022-11-29T18:07:30","guid":{"rendered":"https:\/\/trinidad.salesianos.edu\/colegio\/?page_id=14914"},"modified":"2025-10-26T09:03:36","modified_gmt":"2025-10-26T08:03:36","slug":"bienestar","status":"publish","type":"page","link":"https:\/\/trinidad.salesianos.edu\/colegio\/bienestar\/","title":{"rendered":"Bienestar"},"content":{"rendered":"<p>[et_pb_section fb_built=\u00bb1&#8243; fullwidth=\u00bbon\u00bb _builder_version=\u00bb4.17.6&#8243; _module_preset=\u00bbdefault\u00bb global_colors_info=\u00bb{}\u00bb][et_pb_fullwidth_header title=\u00bbCoordinaci\u00f3n de bienestar\u00bb _builder_version=\u00bb4.19.1&#8243; _module_preset=\u00bbdefault\u00bb title_text_align=\u00bbright\u00bb title_text_color=\u00bb#FFFFFF\u00bb title_font_size=\u00bb40px\u00bb background_color=\u00bb#E02B20&#8243; background_image=\u00bbhttps:\/\/trinidad.salesianos.edu\/colegio\/wp-content\/uploads\/sites\/11\/2022\/11\/cabecera-ok-scaled.jpg\u00bb title_text_shadow_style=\u00bbpreset2&#8243; global_colors_info=\u00bb{}\u00bb]<\/p>\n<p>&nbsp;<\/p>\n<p>&nbsp;<\/p>\n<p>&nbsp;<\/p>\n<p>&nbsp;<\/p>\n<p>&nbsp;<\/p>\n<p>&nbsp;<\/p>\n<p>&nbsp;<\/p>\n<p>&nbsp;<\/p>\n<p>&nbsp;<\/p>\n<p>&nbsp;<\/p>\n<p>[\/et_pb_fullwidth_header][\/et_pb_section][et_pb_section fb_built=\u00bb1&#8243; _builder_version=\u00bb4.17.6&#8243; _module_preset=\u00bbdefault\u00bb global_colors_info=\u00bb{}\u00bb][et_pb_row _builder_version=\u00bb4.17.6&#8243; _module_preset=\u00bbdefault\u00bb global_colors_info=\u00bb{}\u00bb][et_pb_column type=\u00bb4_4&#8243; _builder_version=\u00bb4.17.6&#8243; _module_preset=\u00bbdefault\u00bb global_colors_info=\u00bb{}\u00bb][et_pb_text _builder_version=\u00bb4.19.1&#8243; _module_preset=\u00bbdefault\u00bb text_font=\u00bb|800|||||||\u00bb text_font_size=\u00bb29px\u00bb global_colors_info=\u00bb{}\u00bb]<\/p>\n<p style=\"text-align: center;\">\u00bfQu\u00e9 es un coordinador\/a de bienestar?<\/p>\n<p>[\/et_pb_text][et_pb_text _builder_version=\u00bb4.19.1&#8243; _module_preset=\u00bbdefault\u00bb global_colors_info=\u00bb{}\u00bb]<\/p>\n<div style=\"text-align: justify;\">De acuerdo con los Reglamentos Org\u00e1nicos de los centros docentes de Andaluc\u00eda, la direcci\u00f3n y el equipo directivo tienen encomendado el cuidado de la convivencia escolar y la seguridad en los centros escolares, debiendo contemplar en su Plan de Centro un Plan de convivencia que recoja todas aquellas actuaciones y estructuras de organizaci\u00f3n encaminadas a asegurar el cuidado de la convivencia, la promoci\u00f3n de los valores de una ciudadan\u00eda democr\u00e1tica y la implicaci\u00f3n de las familias y el entorno en la vida del centro, as\u00ed como la resoluci\u00f3n pac\u00edfica de conflictos, el recurso de la mediaci\u00f3n y la adecuada aplicaci\u00f3n de los protocolos en materia de prevenci\u00f3n y protecci\u00f3n ante cualquier forma de violencia.<\/div>\n<p>[\/et_pb_text][\/et_pb_column][\/et_pb_row][et_pb_row _builder_version=\u00bb4.17.6&#8243; _module_preset=\u00bbdefault\u00bb global_colors_info=\u00bb{}\u00bb][et_pb_column type=\u00bb4_4&#8243; _builder_version=\u00bb4.17.6&#8243; _module_preset=\u00bbdefault\u00bb global_colors_info=\u00bb{}\u00bb][et_pb_text _builder_version=\u00bb4.19.1&#8243; _module_preset=\u00bbdefault\u00bb text_font=\u00bb|800|||||||\u00bb text_font_size=\u00bb29px\u00bb global_colors_info=\u00bb{}\u00bb]<\/p>\n<p style=\"text-align: center;\">\u00bfQu\u00e9 funciones tiene?<\/p>\n<p>[\/et_pb_text][et_pb_text _builder_version=\u00bb4.19.1&#8243; _module_preset=\u00bbdefault\u00bb global_colors_info=\u00bb{}\u00bb]<\/p>\n<div style=\"text-align: justify;\">De conformidad con el art\u00edculo 35.2 de la Ley Org\u00e1nica 8\/2021, de 4 de junio, la coordinaci\u00f3n de bienestar y protecci\u00f3n en los centros docentes tendr\u00e1 las siguientes funciones:<\/div>\n<p>[\/et_pb_text][\/et_pb_column][\/et_pb_row][et_pb_row column_structure=\u00bb1_4,1_4,1_4,1_4&#8243; _builder_version=\u00bb4.19.1&#8243; _module_preset=\u00bbdefault\u00bb global_colors_info=\u00bb{}\u00bb][et_pb_column type=\u00bb1_4&#8243; _builder_version=\u00bb4.19.1&#8243; _module_preset=\u00bbdefault\u00bb global_colors_info=\u00bb{}\u00bb][et_pb_blurb image=\u00bbhttps:\/\/trinidad.salesianos.edu\/colegio\/wp-content\/uploads\/sites\/11\/2022\/11\/1.png\u00bb image_icon_width=\u00bb60%\u00bb image_icon_width_tablet=\u00bb48%\u00bb image_icon_width_phone=\u00bb49%\u00bb image_icon_width_last_edited=\u00bbon|desktop\u00bb _builder_version=\u00bb4.19.1&#8243; _module_preset=\u00bbdefault\u00bb border_radii_image=\u00bbon|100px|100px|100px|100px\u00bb global_colors_info=\u00bb{}\u00bb]<\/p>\n<p style=\"text-align: center;\">Coordinar con la direcci\u00f3n del centro educativo el plan de convivencia.<\/p>\n<p>[\/et_pb_blurb][\/et_pb_column][et_pb_column type=\u00bb1_4&#8243; _builder_version=\u00bb4.19.1&#8243; _module_preset=\u00bbdefault\u00bb global_colors_info=\u00bb{}\u00bb][et_pb_blurb image=\u00bbhttps:\/\/trinidad.salesianos.edu\/colegio\/wp-content\/uploads\/sites\/11\/2022\/11\/2.png\u00bb image_icon_width=\u00bb60%\u00bb image_icon_width_tablet=\u00bb48%\u00bb image_icon_width_phone=\u00bb49%\u00bb image_icon_width_last_edited=\u00bbon|desktop\u00bb _builder_version=\u00bb4.19.1&#8243; _module_preset=\u00bbdefault\u00bb border_radii_image=\u00bbon|100px|100px|100px|100px\u00bb global_colors_info=\u00bb{}\u00bb]<\/p>\n<p style=\"text-align: center;\">Promover medidas que aseguren el m\u00e1ximo bienestar del alumnado, as\u00ed como la cultura del buen trato a los mismos.<\/p>\n<p>[\/et_pb_blurb][\/et_pb_column][et_pb_column type=\u00bb1_4&#8243; _builder_version=\u00bb4.19.1&#8243; _module_preset=\u00bbdefault\u00bb global_colors_info=\u00bb{}\u00bb][et_pb_blurb image=\u00bbhttps:\/\/trinidad.salesianos.edu\/colegio\/wp-content\/uploads\/sites\/11\/2022\/11\/3.png\u00bb image_icon_width=\u00bb60%\u00bb image_icon_width_tablet=\u00bb48%\u00bb image_icon_width_phone=\u00bb49%\u00bb image_icon_width_last_edited=\u00bbon|desktop\u00bb _builder_version=\u00bb4.19.1&#8243; _module_preset=\u00bbdefault\u00bb border_radii_image=\u00bbon|100px|100px|100px|100px\u00bb global_colors_info=\u00bb{}\u00bb]<\/p>\n<p style=\"text-align: center;\">Fomentar entre el personal del centro y el alumnado la utilizaci\u00f3n de m\u00e9todos alternativos de resoluci\u00f3n pac\u00edfica de conflictos.<\/p>\n<p>[\/et_pb_blurb][\/et_pb_column][et_pb_column type=\u00bb1_4&#8243; _builder_version=\u00bb4.19.1&#8243; _module_preset=\u00bbdefault\u00bb global_colors_info=\u00bb{}\u00bb][et_pb_blurb image=\u00bbhttps:\/\/trinidad.salesianos.edu\/colegio\/wp-content\/uploads\/sites\/11\/2022\/11\/4.png\u00bb image_icon_width=\u00bb60%\u00bb image_icon_width_tablet=\u00bb48%\u00bb image_icon_width_phone=\u00bb49%\u00bb image_icon_width_last_edited=\u00bbon|desktop\u00bb _builder_version=\u00bb4.19.1&#8243; _module_preset=\u00bbdefault\u00bb border_radii_image=\u00bbon|100px|100px|100px|100px\u00bb global_colors_info=\u00bb{}\u00bb]<\/p>\n<p style=\"text-align: center;\">Fomentar el respeto a los alumnos y alumnas con discapacidad o cualquier otra circunstancia de especial vulnerabilidad o diversidad.<\/p>\n<p>[\/et_pb_blurb][\/et_pb_column][\/et_pb_row][et_pb_row column_structure=\u00bb1_4,1_4,1_4,1_4&#8243; _builder_version=\u00bb4.19.1&#8243; _module_preset=\u00bbdefault\u00bb global_colors_info=\u00bb{}\u00bb][et_pb_column type=\u00bb1_4&#8243; _builder_version=\u00bb4.19.1&#8243; _module_preset=\u00bbdefault\u00bb global_colors_info=\u00bb{}\u00bb][et_pb_blurb image=\u00bbhttps:\/\/trinidad.salesianos.edu\/colegio\/wp-content\/uploads\/sites\/11\/2022\/11\/5.png\u00bb image_icon_width=\u00bb60%\u00bb image_icon_width_tablet=\u00bb48%\u00bb image_icon_width_phone=\u00bb49%\u00bb image_icon_width_last_edited=\u00bbon|desktop\u00bb _builder_version=\u00bb4.19.1&#8243; _module_preset=\u00bbdefault\u00bb border_radii_image=\u00bbon|100px|100px|100px|100px\u00bb global_colors_info=\u00bb{}\u00bb]<\/p>\n<p style=\"text-align: center;\">Identificarse ante la comunidad educativa, como referente principal para las comunicaciones relacionadas con posibles casos de violencia en el propio centro o en su entorno.<\/p>\n<p>[\/et_pb_blurb][\/et_pb_column][et_pb_column type=\u00bb1_4&#8243; _builder_version=\u00bb4.19.1&#8243; _module_preset=\u00bbdefault\u00bb global_colors_info=\u00bb{}\u00bb][et_pb_blurb image=\u00bbhttps:\/\/trinidad.salesianos.edu\/colegio\/wp-content\/uploads\/sites\/11\/2022\/11\/6.png\u00bb image_icon_width=\u00bb60%\u00bb image_icon_width_tablet=\u00bb48%\u00bb image_icon_width_phone=\u00bb49%\u00bb image_icon_width_last_edited=\u00bbon|desktop\u00bb _builder_version=\u00bb4.19.1&#8243; _module_preset=\u00bbdefault\u00bb border_radii_image=\u00bbon|100px|100px|100px|100px\u00bb global_colors_info=\u00bb{}\u00bb]<\/p>\n<p style=\"text-align: center;\">Informar al personal del centro sobre los protocolos en materia de prevenci\u00f3n y protecci\u00f3n de cualquier forma de violencia existentes en su localidad o comunidad aut\u00f3noma.<\/p>\n<p>[\/et_pb_blurb][\/et_pb_column][et_pb_column type=\u00bb1_4&#8243; _builder_version=\u00bb4.19.1&#8243; _module_preset=\u00bbdefault\u00bb global_colors_info=\u00bb{}\u00bb][et_pb_blurb image=\u00bbhttps:\/\/trinidad.salesianos.edu\/colegio\/wp-content\/uploads\/sites\/11\/2022\/11\/7.png\u00bb image_icon_width=\u00bb60%\u00bb image_icon_width_tablet=\u00bb48%\u00bb image_icon_width_phone=\u00bb49%\u00bb image_icon_width_last_edited=\u00bbon|desktop\u00bb _builder_version=\u00bb4.19.1&#8243; _module_preset=\u00bbdefault\u00bb border_radii_image=\u00bbon|100px|100px|100px|100px\u00bb global_colors_info=\u00bb{}\u00bb]<\/p>\n<p style=\"text-align: center;\">Coordinar los casos que requieran de intervenci\u00f3n por parte de los servicios sociales competentes, debiendo informar a las autoridades correspondientes y sin perjuicio del deber de comunicaci\u00f3n en los casos legalmente previstos.<\/p>\n<p>[\/et_pb_blurb][\/et_pb_column][et_pb_column type=\u00bb1_4&#8243; _builder_version=\u00bb4.19.1&#8243; _module_preset=\u00bbdefault\u00bb global_colors_info=\u00bb{}\u00bb][et_pb_blurb image=\u00bbhttps:\/\/trinidad.salesianos.edu\/colegio\/wp-content\/uploads\/sites\/11\/2022\/11\/8.png\u00bb image_icon_width=\u00bb60%\u00bb image_icon_width_tablet=\u00bb48%\u00bb image_icon_width_phone=\u00bb49%\u00bb image_icon_width_last_edited=\u00bbon|desktop\u00bb _builder_version=\u00bb4.19.1&#8243; _module_preset=\u00bbdefault\u00bb border_radii_image=\u00bbon|100px|100px|100px|100px\u00bb global_colors_info=\u00bb{}\u00bb]<\/p>\n<p style=\"text-align: center;\">Promover, en aquellas situaciones que supongan un riesgo para la seguridad de las personas menores de edad, la comunicaci\u00f3n inmediata por parte del centro educativo a las Fuerzas y Cuerpos de Seguridad del Estado.<\/p>\n<p>[\/et_pb_blurb][\/et_pb_column][\/et_pb_row][et_pb_row column_structure=\u00bb1_4,1_4,1_4,1_4&#8243; _builder_version=\u00bb4.19.1&#8243; _module_preset=\u00bbdefault\u00bb custom_margin=\u00bb|1px|||false|false\u00bb custom_margin_tablet=\u00bb|78px|||false|false\u00bb custom_margin_phone=\u00bb|26px|||false|false\u00bb custom_margin_last_edited=\u00bbon|desktop\u00bb global_colors_info=\u00bb{}\u00bb custom_margin__hover_enabled=\u00bboff|hover\u00bb][et_pb_column type=\u00bb1_4&#8243; _builder_version=\u00bb4.19.1&#8243; _module_preset=\u00bbdefault\u00bb global_colors_info=\u00bb{}\u00bb][et_pb_blurb image=\u00bbhttps:\/\/trinidad.salesianos.edu\/colegio\/wp-content\/uploads\/sites\/11\/2022\/11\/9.png\u00bb image_icon_width=\u00bb60%\u00bb image_icon_width_tablet=\u00bb48%\u00bb image_icon_width_phone=\u00bb49%\u00bb image_icon_width_last_edited=\u00bbon|desktop\u00bb _builder_version=\u00bb4.19.1&#8243; _module_preset=\u00bbdefault\u00bb border_radii_image=\u00bbon|100px|100px|100px|100px\u00bb global_colors_info=\u00bb{}\u00bb]<\/p>\n<p style=\"text-align: center;\">Promover planes de formaci\u00f3n sobre prevenci\u00f3n, detecci\u00f3n precoz y protecci\u00f3n del alumnado, dirigidos tanto al personal que trabaja en los centros docentes como al alumnado y sus familias con especial atenci\u00f3n al personal del centro que ejercen de tutores y a la adquisici\u00f3n por parte del alumnado de habilidades para detectar y responder a situaciones de violencia.<\/p>\n<p>[\/et_pb_blurb][\/et_pb_column][et_pb_column type=\u00bb1_4&#8243; _builder_version=\u00bb4.19.1&#8243; _module_preset=\u00bbdefault\u00bb global_colors_info=\u00bb{}\u00bb][et_pb_blurb image=\u00bbhttps:\/\/trinidad.salesianos.edu\/colegio\/wp-content\/uploads\/sites\/11\/2022\/11\/10.png\u00bb image_icon_width=\u00bb60%\u00bb image_icon_width_tablet=\u00bb48%\u00bb image_icon_width_phone=\u00bb49%\u00bb image_icon_width_last_edited=\u00bbon|desktop\u00bb _builder_version=\u00bb4.19.1&#8243; _module_preset=\u00bbdefault\u00bb border_radii_image=\u00bbon|100px|100px|100px|100px\u00bb global_colors_info=\u00bb{}\u00bb]<\/p>\n<p style=\"text-align: center;\">Fomentar que en el centro docente se lleve a cabo una alimentaci\u00f3n saludable y nutritiva que permita a los ni\u00f1os, ni\u00f1as y adolescentes, en especial a los m\u00e1s vulnerables, llevar una dieta equilibrada.<\/p>\n<p>[\/et_pb_blurb][\/et_pb_column][et_pb_column type=\u00bb1_4&#8243; _builder_version=\u00bb4.19.1&#8243; _module_preset=\u00bbdefault\u00bb global_colors_info=\u00bb{}\u00bb][et_pb_blurb image=\u00bbhttps:\/\/trinidad.salesianos.edu\/colegio\/wp-content\/uploads\/sites\/11\/2022\/11\/11.png\u00bb image_icon_width=\u00bb60%\u00bb image_icon_width_tablet=\u00bb48%\u00bb image_icon_width_phone=\u00bb49%\u00bb image_icon_width_last_edited=\u00bbon|desktop\u00bb _builder_version=\u00bb4.19.1&#8243; _module_preset=\u00bbdefault\u00bb border_radii_image=\u00bbon|100px|100px|100px|100px\u00bb global_colors_info=\u00bb{}\u00bb]<\/p>\n<p style=\"text-align: center;\">Promover, en aquellas situaciones que puedan implicar un tratamiento il\u00edcito de datos de car\u00e1cter<br \/>personal de las personas menores de edad, la comunicaci\u00f3n inmediata por parte del centro educativo a las Agencias de Protecci\u00f3n de Datos<\/p>\n<p>[\/et_pb_blurb][\/et_pb_column][et_pb_column type=\u00bb1_4&#8243; _builder_version=\u00bb4.19.1&#8243; _module_preset=\u00bbdefault\u00bb global_colors_info=\u00bb{}\u00bb][\/et_pb_column][\/et_pb_row][et_pb_row _builder_version=\u00bb4.17.6&#8243; _module_preset=\u00bbdefault\u00bb global_colors_info=\u00bb{}\u00bb][et_pb_column type=\u00bb4_4&#8243; _builder_version=\u00bb4.17.6&#8243; _module_preset=\u00bbdefault\u00bb global_colors_info=\u00bb{}\u00bb][et_pb_text _builder_version=\u00bb4.19.2&#8243; _module_preset=\u00bbdefault\u00bb text_font=\u00bb|800|||||||\u00bb text_font_size=\u00bb29px\u00bb global_colors_info=\u00bb{}\u00bb]<\/p>\n<p style=\"text-align: center;\">\u00bfQui\u00e9n es y c\u00f3mo contacto con el coordinador\/a de bienestar de mi centro?<\/p>\n<p>[\/et_pb_text][\/et_pb_column][\/et_pb_row][et_pb_row column_structure=\u00bb1_2,1_2&#8243; _builder_version=\u00bb4.17.6&#8243; _module_preset=\u00bbdefault\u00bb global_colors_info=\u00bb{}\u00bb][et_pb_column type=\u00bb1_2&#8243; _builder_version=\u00bb4.17.6&#8243; _module_preset=\u00bbdefault\u00bb global_colors_info=\u00bb{}\u00bb][et_pb_blurb use_icon=\u00bbon\u00bb font_icon=\u00bb&#xf2bd;||fa||900&#8243; _builder_version=\u00bb4.20.0&#8243; _module_preset=\u00bbdefault\u00bb body_text_align=\u00bbcenter\u00bb body_text_color=\u00bb#E02B20&#8243; body_font_size=\u00bb22px\u00bb body_font_size_tablet=\u00bb22px\u00bb body_font_size_phone=\u00bb17px\u00bb body_font_size_last_edited=\u00bbon|desktop\u00bb global_colors_info=\u00bb{}\u00bb]<\/p>\n<p>Diego P\u00e9rez Ord\u00f3\u00f1ez<\/p>\n<p>[\/et_pb_blurb][\/et_pb_column][et_pb_column type=\u00bb1_2&#8243; _builder_version=\u00bb4.17.6&#8243; _module_preset=\u00bbdefault\u00bb global_colors_info=\u00bb{}\u00bb][et_pb_blurb use_icon=\u00bbon\u00bb font_icon=\u00bb&#xe010;||divi||400&#8243; _builder_version=\u00bb4.27.4&#8243; _module_preset=\u00bbdefault\u00bb body_text_color=\u00bb#7a7a7a\u00bb body_font_size=\u00bb22px\u00bb hover_enabled=\u00bb0&#8243; body_font_size_tablet=\u00bb22px\u00bb body_font_size_phone=\u00bb12px\u00bb body_font_size_last_edited=\u00bbon|desktop\u00bb global_colors_info=\u00bb{}\u00bb url=\u00bbmailto:coordinadordebienestar@trinidad.salesianos.edu\u00bb sticky_enabled=\u00bb0&#8243;]<\/p>\n<p><a href=\"mailto:coordinadordebienestar@trinidad.salesianos.edu\" target=\"_blank\" rel=\"noopener\"><span class=\"JsGRdQ\">coordinadordebienestar@trinidad.salesianos.edu<\/span><\/a><\/p>\n<p>[\/et_pb_blurb][\/et_pb_column][\/et_pb_row][\/et_pb_section]<\/p>\n","protected":false},"excerpt":{"rendered":"<p>&nbsp; &nbsp; &nbsp; &nbsp; &nbsp; &nbsp; &nbsp; &nbsp; &nbsp; &nbsp;\u00bfQu\u00e9 es un coordinador\/a de bienestar?De acuerdo con los Reglamentos Org\u00e1nicos de los centros docentes de Andaluc\u00eda, la direcci\u00f3n y el equipo directivo tienen encomendado el cuidado de la convivencia escolar y la seguridad en los centros escolares, debiendo contemplar en su Plan de Centro un [&hellip;]<\/p>\n","protected":false},"author":3,"featured_media":0,"parent":0,"menu_order":0,"comment_status":"closed","ping_status":"closed","template":"","meta":{"_et_pb_use_builder":"on","_et_pb_old_content":"","_et_gb_content_width":"","footnotes":""},"class_list":["post-14914","page","type-page","status-publish","hentry"],"yoast_head":"<!-- This site is optimized with the Yoast SEO plugin v27.3 - https:\/\/yoast.com\/product\/yoast-seo-wordpress\/ -->\n<title>Bienestar - Colegio Salesianos Sant\u00edsima Trinidad<\/title>\n<meta name=\"robots\" content=\"index, follow, max-snippet:-1, max-image-preview:large, max-video-preview:-1\" \/>\n<link rel=\"canonical\" href=\"https:\/\/trinidad.salesianos.edu\/colegio\/bienestar\/\" \/>\n<meta property=\"og:locale\" content=\"es_ES\" \/>\n<meta property=\"og:type\" content=\"article\" \/>\n<meta property=\"og:title\" content=\"Bienestar - Colegio Salesianos Sant\u00edsima Trinidad\" \/>\n<meta property=\"og:description\" content=\"&nbsp; &nbsp; &nbsp; &nbsp; &nbsp; &nbsp; &nbsp; &nbsp; &nbsp; &nbsp;\u00bfQu\u00e9 es un coordinador\/a de bienestar?De acuerdo con los Reglamentos Org\u00e1nicos de los centros docentes de Andaluc\u00eda, la direcci\u00f3n y el equipo directivo tienen encomendado el cuidado de la convivencia escolar y la seguridad en los centros escolares, debiendo contemplar en su Plan de Centro un [&hellip;]\" \/>\n<meta property=\"og:url\" content=\"https:\/\/trinidad.salesianos.edu\/colegio\/bienestar\/\" \/>\n<meta property=\"og:site_name\" content=\"Colegio Salesianos Sant\u00edsima Trinidad\" \/>\n<meta property=\"article:modified_time\" content=\"2025-10-26T08:03:36+00:00\" \/>\n<meta name=\"twitter:card\" content=\"summary_large_image\" \/>\n<meta name=\"twitter:label1\" content=\"Tiempo de lectura\" \/>\n\t<meta name=\"twitter:data1\" content=\"5 minutos\" \/>\n<script type=\"application\/ld+json\" class=\"yoast-schema-graph\">{\"@context\":\"https:\\\/\\\/schema.org\",\"@graph\":[{\"@type\":\"WebPage\",\"@id\":\"https:\\\/\\\/trinidad.salesianos.edu\\\/colegio\\\/bienestar\\\/\",\"url\":\"https:\\\/\\\/trinidad.salesianos.edu\\\/colegio\\\/bienestar\\\/\",\"name\":\"Bienestar - Colegio Salesianos Sant\u00edsima Trinidad\",\"isPartOf\":{\"@id\":\"https:\\\/\\\/trinidad.salesianos.edu\\\/colegio\\\/#website\"},\"datePublished\":\"2022-11-29T18:07:30+00:00\",\"dateModified\":\"2025-10-26T08:03:36+00:00\",\"breadcrumb\":{\"@id\":\"https:\\\/\\\/trinidad.salesianos.edu\\\/colegio\\\/bienestar\\\/#breadcrumb\"},\"inLanguage\":\"es\",\"potentialAction\":[{\"@type\":\"ReadAction\",\"target\":[\"https:\\\/\\\/trinidad.salesianos.edu\\\/colegio\\\/bienestar\\\/\"]}]},{\"@type\":\"BreadcrumbList\",\"@id\":\"https:\\\/\\\/trinidad.salesianos.edu\\\/colegio\\\/bienestar\\\/#breadcrumb\",\"itemListElement\":[{\"@type\":\"ListItem\",\"position\":1,\"name\":\"Portada\",\"item\":\"https:\\\/\\\/trinidad.salesianos.edu\\\/colegio\\\/\"},{\"@type\":\"ListItem\",\"position\":2,\"name\":\"Bienestar\"}]},{\"@type\":\"WebSite\",\"@id\":\"https:\\\/\\\/trinidad.salesianos.edu\\\/colegio\\\/#website\",\"url\":\"https:\\\/\\\/trinidad.salesianos.edu\\\/colegio\\\/\",\"name\":\"Colegio Salesianos Sant\u00edsima Trinidad\",\"description\":\"P\u00e1gina oficial Salesianos Trinidad\",\"potentialAction\":[{\"@type\":\"SearchAction\",\"target\":{\"@type\":\"EntryPoint\",\"urlTemplate\":\"https:\\\/\\\/trinidad.salesianos.edu\\\/colegio\\\/?s={search_term_string}\"},\"query-input\":{\"@type\":\"PropertyValueSpecification\",\"valueRequired\":true,\"valueName\":\"search_term_string\"}}],\"inLanguage\":\"es\"}]}<\/script>\n<!-- \/ Yoast SEO plugin. -->","yoast_head_json":{"title":"Bienestar - Colegio Salesianos Sant\u00edsima Trinidad","robots":{"index":"index","follow":"follow","max-snippet":"max-snippet:-1","max-image-preview":"max-image-preview:large","max-video-preview":"max-video-preview:-1"},"canonical":"https:\/\/trinidad.salesianos.edu\/colegio\/bienestar\/","og_locale":"es_ES","og_type":"article","og_title":"Bienestar - Colegio Salesianos Sant\u00edsima Trinidad","og_description":"&nbsp; &nbsp; &nbsp; &nbsp; &nbsp; &nbsp; &nbsp; &nbsp; &nbsp; &nbsp;\u00bfQu\u00e9 es un coordinador\/a de bienestar?De acuerdo con los Reglamentos Org\u00e1nicos de los centros docentes de Andaluc\u00eda, la direcci\u00f3n y el equipo directivo tienen encomendado el cuidado de la convivencia escolar y la seguridad en los centros escolares, debiendo contemplar en su Plan de Centro un [&hellip;]","og_url":"https:\/\/trinidad.salesianos.edu\/colegio\/bienestar\/","og_site_name":"Colegio Salesianos Sant\u00edsima Trinidad","article_modified_time":"2025-10-26T08:03:36+00:00","twitter_card":"summary_large_image","twitter_misc":{"Tiempo de lectura":"5 minutos"},"schema":{"@context":"https:\/\/schema.org","@graph":[{"@type":"WebPage","@id":"https:\/\/trinidad.salesianos.edu\/colegio\/bienestar\/","url":"https:\/\/trinidad.salesianos.edu\/colegio\/bienestar\/","name":"Bienestar - Colegio Salesianos Sant\u00edsima Trinidad","isPartOf":{"@id":"https:\/\/trinidad.salesianos.edu\/colegio\/#website"},"datePublished":"2022-11-29T18:07:30+00:00","dateModified":"2025-10-26T08:03:36+00:00","breadcrumb":{"@id":"https:\/\/trinidad.salesianos.edu\/colegio\/bienestar\/#breadcrumb"},"inLanguage":"es","potentialAction":[{"@type":"ReadAction","target":["https:\/\/trinidad.salesianos.edu\/colegio\/bienestar\/"]}]},{"@type":"BreadcrumbList","@id":"https:\/\/trinidad.salesianos.edu\/colegio\/bienestar\/#breadcrumb","itemListElement":[{"@type":"ListItem","position":1,"name":"Portada","item":"https:\/\/trinidad.salesianos.edu\/colegio\/"},{"@type":"ListItem","position":2,"name":"Bienestar"}]},{"@type":"WebSite","@id":"https:\/\/trinidad.salesianos.edu\/colegio\/#website","url":"https:\/\/trinidad.salesianos.edu\/colegio\/","name":"Colegio Salesianos Sant\u00edsima Trinidad","description":"P\u00e1gina oficial Salesianos Trinidad","potentialAction":[{"@type":"SearchAction","target":{"@type":"EntryPoint","urlTemplate":"https:\/\/trinidad.salesianos.edu\/colegio\/?s={search_term_string}"},"query-input":{"@type":"PropertyValueSpecification","valueRequired":true,"valueName":"search_term_string"}}],"inLanguage":"es"}]}},"_links":{"self":[{"href":"https:\/\/trinidad.salesianos.edu\/colegio\/wp-json\/wp\/v2\/pages\/14914","targetHints":{"allow":["GET"]}}],"collection":[{"href":"https:\/\/trinidad.salesianos.edu\/colegio\/wp-json\/wp\/v2\/pages"}],"about":[{"href":"https:\/\/trinidad.salesianos.edu\/colegio\/wp-json\/wp\/v2\/types\/page"}],"author":[{"embeddable":true,"href":"https:\/\/trinidad.salesianos.edu\/colegio\/wp-json\/wp\/v2\/users\/3"}],"replies":[{"embeddable":true,"href":"https:\/\/trinidad.salesianos.edu\/colegio\/wp-json\/wp\/v2\/comments?post=14914"}],"version-history":[{"count":23,"href":"https:\/\/trinidad.salesianos.edu\/colegio\/wp-json\/wp\/v2\/pages\/14914\/revisions"}],"predecessor-version":[{"id":18721,"href":"https:\/\/trinidad.salesianos.edu\/colegio\/wp-json\/wp\/v2\/pages\/14914\/revisions\/18721"}],"wp:attachment":[{"href":"https:\/\/trinidad.salesianos.edu\/colegio\/wp-json\/wp\/v2\/media?parent=14914"}],"curies":[{"name":"wp","href":"https:\/\/api.w.org\/{rel}","templated":true}]}}