
{"id":12914,"date":"2021-12-09T11:07:18","date_gmt":"2021-12-09T10:07:18","guid":{"rendered":"https:\/\/trinidad.salesianos.edu\/colegio\/?page_id=12914"},"modified":"2021-12-26T18:36:26","modified_gmt":"2021-12-26T17:36:26","slug":"sistema-de-gestion-de-calidad","status":"publish","type":"page","link":"https:\/\/trinidad.salesianos.edu\/colegio\/sistema-de-gestion-de-calidad\/","title":{"rendered":"Sistema de Gesti\u00f3n de Calidad"},"content":{"rendered":"<p>[et_pb_section fb_built=\u00bb1&#8243; fullwidth=\u00bbon\u00bb _builder_version=\u00bb4.14.2&#8243; _module_preset=\u00bbdefault\u00bb global_colors_info=\u00bb{}\u00bb][et_pb_fullwidth_header title=\u00bbGesti\u00f3n de calidad \u00bb _builder_version=\u00bb4.14.2&#8243; _module_preset=\u00bbdefault\u00bb title_text_align=\u00bbright\u00bb title_font_size=\u00bb40px\u00bb background_color=\u00bbRGBA(255,255,255,0)\u00bb background_image=\u00bbhttps:\/\/trinidad.salesianos.edu\/colegio\/wp-content\/uploads\/sites\/11\/2021\/12\/christian-bowen-yuOAcypoF1I-unsplash-scaled-e1638908234715.jpg\u00bb title_text_shadow_style=\u00bbpreset1&#8243; global_colors_info=\u00bb{}\u00bb]<\/p>\n<p>&nbsp;<\/p>\n<p>&nbsp;<\/p>\n<p>&nbsp;<\/p>\n<p>&nbsp;<\/p>\n<p>&nbsp;<\/p>\n<p>&nbsp;<\/p>\n<p>[\/et_pb_fullwidth_header][\/et_pb_section][et_pb_section fb_built=\u00bb1&#8243; fullwidth=\u00bbon\u00bb _builder_version=\u00bb4.14.2&#8243; _module_preset=\u00bbdefault\u00bb global_colors_info=\u00bb{}\u00bb][\/et_pb_section][et_pb_section fb_built=\u00bb1&#8243; _builder_version=\u00bb4.14.2&#8243; _module_preset=\u00bbdefault\u00bb global_colors_info=\u00bb{}\u00bb][et_pb_row _builder_version=\u00bb4.14.2&#8243; _module_preset=\u00bbdefault\u00bb global_colors_info=\u00bb{}\u00bb][et_pb_column type=\u00bb4_4&#8243; _builder_version=\u00bb4.14.2&#8243; _module_preset=\u00bbdefault\u00bb global_colors_info=\u00bb{}\u00bb][et_pb_text _builder_version=\u00bb4.14.4&#8243; _module_preset=\u00bbdefault\u00bb hover_enabled=\u00bb0&#8243; global_colors_info=\u00bb{}\u00bb sticky_enabled=\u00bb0&#8243;]<\/p>\n<p style=\"text-align: justify;\">Nuestro departamento de Calidad trabaja bajo el amparo del sistema preventivo de D. Bosco as\u00ed como de la propuesta educativa-pastoral y de la planificaci\u00f3n estrat\u00e9gica de escuelas salesianas <strong>a<em>postando por los principios clave que establece la ISO 9001:2015<\/em>,<\/strong> y que yace con el objeto de garantizar una atenci\u00f3n que se ajusta a las necesidades particulares de nuestros j\u00f3venes, familias, docentes y personal de administraci\u00f3n y servicios.<\/p>\n<p>[\/et_pb_text][\/et_pb_column][\/et_pb_row][et_pb_row column_structure=\u00bb1_2,1_2&#8243; _builder_version=\u00bb4.14.2&#8243; _module_preset=\u00bbdefault\u00bb global_colors_info=\u00bb{}\u00bb][et_pb_column type=\u00bb1_2&#8243; _builder_version=\u00bb4.14.2&#8243; _module_preset=\u00bbdefault\u00bb global_colors_info=\u00bb{}\u00bb][et_pb_text _builder_version=\u00bb4.14.4&#8243; _module_preset=\u00bbdefault\u00bb hover_enabled=\u00bb0&#8243; global_colors_info=\u00bb{}\u00bb sticky_enabled=\u00bb0&#8243;]<\/p>\n<p>Cuidamos por un\/a:<\/p>\n<ul>\n<li style=\"list-style-type: none;\">\n<ul>\n<li style=\"list-style-type: none;\">\n<ul>\n<li style=\"text-align: justify;\">Planificaci\u00f3n estrat\u00e9gica viva, liderada por la direcci\u00f3n, cuya finalidad es la de cubrir las necesidades de nuestra comunidad educativa y entorno demogr\u00e1fico.<\/li>\n<li style=\"text-align: justify;\">Tener un enfoque en la mejora continua.<\/li>\n<li>Promoci\u00f3n de comunicaci\u00f3n e informaci\u00f3n efectiva<\/li>\n<li style=\"text-align: justify;\">Sistema Multisite que integra una gesti\u00f3n homog\u00e9nea en las escuelas de la Inspector\u00eda Salesiana Mar\u00eda Auxiliadora.<\/li>\n<li style=\"text-align: justify;\">Adopci\u00f3n de criterios comunes para una planificaci\u00f3n, ejecuci\u00f3n y evaluaci\u00f3n de la gesti\u00f3n educativa de nuestro Colegio Salesiano Sant\u00edsima Trinidad.<\/li>\n<li style=\"text-align: justify;\">Certificados de acuerdo a la Norma UNE-EN ISO 9001:2015 por EDUQATIA.<\/li>\n<li style=\"text-align: justify;\">Valor como centro educativo integral basado en los valores del evangelio.<\/li>\n<li style=\"text-align: justify;\">Sistematizaci\u00f3n de procesos que aseguran el rigor en cada uno de nuestros pasos.<\/li>\n<li style=\"text-align: justify;\">C\u00f3digo de conducta para la protecci\u00f3n de menores y adultos vulnerables.<\/li>\n<li style=\"text-align: justify;\">Cumplimiento de los requisitos legales y reglamentarios aplicables a la actividad educativa.<\/li>\n<\/ul>\n<\/li>\n<\/ul>\n<\/li>\n<\/ul>\n<ul><\/ul>\n<ul><\/ul>\n<p>&nbsp;<\/p>\n<p style=\"text-align: right;\"><em>Una tarea realizada con vocaci\u00f3n y amor para nuestros j\u00f3venes<\/em><\/p>\n<p>&nbsp;<\/p>\n<p>[\/et_pb_text][\/et_pb_column][et_pb_column type=\u00bb1_2&#8243; _builder_version=\u00bb4.14.2&#8243; _module_preset=\u00bbdefault\u00bb global_colors_info=\u00bb{}\u00bb][et_pb_image src=\u00bbhttps:\/\/trinidad.salesianos.edu\/colegio\/wp-content\/uploads\/sites\/11\/2021\/12\/Marca-EDUQATIA-ISO9001-162-06-nueva-1-1-scaled.jpg\u00bb title_text=\u00bbMarca EDUQATIA ISO9001 162-06 nueva (1) (1)\u00bb _builder_version=\u00bb4.14.2&#8243; _module_preset=\u00bbdefault\u00bb width=\u00bb58%\u00bb module_alignment=\u00bbleft\u00bb global_colors_info=\u00bb{}\u00bb][\/et_pb_image][\/et_pb_column][\/et_pb_row][\/et_pb_section]<\/p>\n","protected":false},"excerpt":{"rendered":"<p>&nbsp; &nbsp; &nbsp; &nbsp; &nbsp; &nbsp;Nuestro departamento de Calidad trabaja bajo el amparo del sistema preventivo de D. Bosco as\u00ed como de la propuesta educativa-pastoral y de la planificaci\u00f3n estrat\u00e9gica de escuelas salesianas apostando por los principios clave que establece la ISO 9001:2015, y que yace con el objeto de garantizar una atenci\u00f3n que se [&hellip;]<\/p>\n","protected":false},"author":3,"featured_media":0,"parent":0,"menu_order":0,"comment_status":"closed","ping_status":"closed","template":"","meta":{"_et_pb_use_builder":"on","_et_pb_old_content":"","_et_gb_content_width":"","footnotes":""},"class_list":["post-12914","page","type-page","status-publish","hentry"],"yoast_head":"<!-- This site is optimized with the Yoast SEO plugin v27.3 - https:\/\/yoast.com\/product\/yoast-seo-wordpress\/ -->\n<title>Sistema de Gesti\u00f3n de Calidad - Colegio Salesianos Sant\u00edsima Trinidad<\/title>\n<meta name=\"robots\" content=\"index, follow, max-snippet:-1, max-image-preview:large, max-video-preview:-1\" \/>\n<link rel=\"canonical\" href=\"https:\/\/trinidad.salesianos.edu\/colegio\/sistema-de-gestion-de-calidad\/\" \/>\n<meta property=\"og:locale\" content=\"es_ES\" \/>\n<meta property=\"og:type\" content=\"article\" \/>\n<meta property=\"og:title\" content=\"Sistema de Gesti\u00f3n de Calidad - Colegio Salesianos Sant\u00edsima Trinidad\" \/>\n<meta property=\"og:description\" content=\"&nbsp; &nbsp; &nbsp; &nbsp; &nbsp; &nbsp;Nuestro departamento de Calidad trabaja bajo el amparo del sistema preventivo de D. Bosco as\u00ed como de la propuesta educativa-pastoral y de la planificaci\u00f3n estrat\u00e9gica de escuelas salesianas apostando por los principios clave que establece la ISO 9001:2015, y que yace con el objeto de garantizar una atenci\u00f3n que se [&hellip;]\" \/>\n<meta property=\"og:url\" content=\"https:\/\/trinidad.salesianos.edu\/colegio\/sistema-de-gestion-de-calidad\/\" \/>\n<meta property=\"og:site_name\" content=\"Colegio Salesianos Sant\u00edsima Trinidad\" \/>\n<meta property=\"article:modified_time\" content=\"2021-12-26T17:36:26+00:00\" \/>\n<meta name=\"twitter:card\" content=\"summary_large_image\" \/>\n<meta name=\"twitter:label1\" content=\"Tiempo de lectura\" \/>\n\t<meta name=\"twitter:data1\" content=\"2 minutos\" \/>\n<script type=\"application\/ld+json\" class=\"yoast-schema-graph\">{\"@context\":\"https:\\\/\\\/schema.org\",\"@graph\":[{\"@type\":\"WebPage\",\"@id\":\"https:\\\/\\\/trinidad.salesianos.edu\\\/colegio\\\/sistema-de-gestion-de-calidad\\\/\",\"url\":\"https:\\\/\\\/trinidad.salesianos.edu\\\/colegio\\\/sistema-de-gestion-de-calidad\\\/\",\"name\":\"Sistema de Gesti\u00f3n de Calidad - Colegio Salesianos Sant\u00edsima Trinidad\",\"isPartOf\":{\"@id\":\"https:\\\/\\\/trinidad.salesianos.edu\\\/colegio\\\/#website\"},\"datePublished\":\"2021-12-09T10:07:18+00:00\",\"dateModified\":\"2021-12-26T17:36:26+00:00\",\"breadcrumb\":{\"@id\":\"https:\\\/\\\/trinidad.salesianos.edu\\\/colegio\\\/sistema-de-gestion-de-calidad\\\/#breadcrumb\"},\"inLanguage\":\"es\",\"potentialAction\":[{\"@type\":\"ReadAction\",\"target\":[\"https:\\\/\\\/trinidad.salesianos.edu\\\/colegio\\\/sistema-de-gestion-de-calidad\\\/\"]}]},{\"@type\":\"BreadcrumbList\",\"@id\":\"https:\\\/\\\/trinidad.salesianos.edu\\\/colegio\\\/sistema-de-gestion-de-calidad\\\/#breadcrumb\",\"itemListElement\":[{\"@type\":\"ListItem\",\"position\":1,\"name\":\"Portada\",\"item\":\"https:\\\/\\\/trinidad.salesianos.edu\\\/colegio\\\/\"},{\"@type\":\"ListItem\",\"position\":2,\"name\":\"Sistema de Gesti\u00f3n de Calidad\"}]},{\"@type\":\"WebSite\",\"@id\":\"https:\\\/\\\/trinidad.salesianos.edu\\\/colegio\\\/#website\",\"url\":\"https:\\\/\\\/trinidad.salesianos.edu\\\/colegio\\\/\",\"name\":\"Colegio Salesianos Sant\u00edsima Trinidad\",\"description\":\"P\u00e1gina oficial Salesianos Trinidad\",\"potentialAction\":[{\"@type\":\"SearchAction\",\"target\":{\"@type\":\"EntryPoint\",\"urlTemplate\":\"https:\\\/\\\/trinidad.salesianos.edu\\\/colegio\\\/?s={search_term_string}\"},\"query-input\":{\"@type\":\"PropertyValueSpecification\",\"valueRequired\":true,\"valueName\":\"search_term_string\"}}],\"inLanguage\":\"es\"}]}<\/script>\n<!-- \/ Yoast SEO plugin. -->","yoast_head_json":{"title":"Sistema de Gesti\u00f3n de Calidad - Colegio Salesianos Sant\u00edsima Trinidad","robots":{"index":"index","follow":"follow","max-snippet":"max-snippet:-1","max-image-preview":"max-image-preview:large","max-video-preview":"max-video-preview:-1"},"canonical":"https:\/\/trinidad.salesianos.edu\/colegio\/sistema-de-gestion-de-calidad\/","og_locale":"es_ES","og_type":"article","og_title":"Sistema de Gesti\u00f3n de Calidad - Colegio Salesianos Sant\u00edsima Trinidad","og_description":"&nbsp; &nbsp; &nbsp; &nbsp; &nbsp; &nbsp;Nuestro departamento de Calidad trabaja bajo el amparo del sistema preventivo de D. Bosco as\u00ed como de la propuesta educativa-pastoral y de la planificaci\u00f3n estrat\u00e9gica de escuelas salesianas apostando por los principios clave que establece la ISO 9001:2015, y que yace con el objeto de garantizar una atenci\u00f3n que se [&hellip;]","og_url":"https:\/\/trinidad.salesianos.edu\/colegio\/sistema-de-gestion-de-calidad\/","og_site_name":"Colegio Salesianos Sant\u00edsima Trinidad","article_modified_time":"2021-12-26T17:36:26+00:00","twitter_card":"summary_large_image","twitter_misc":{"Tiempo de lectura":"2 minutos"},"schema":{"@context":"https:\/\/schema.org","@graph":[{"@type":"WebPage","@id":"https:\/\/trinidad.salesianos.edu\/colegio\/sistema-de-gestion-de-calidad\/","url":"https:\/\/trinidad.salesianos.edu\/colegio\/sistema-de-gestion-de-calidad\/","name":"Sistema de Gesti\u00f3n de Calidad - Colegio Salesianos Sant\u00edsima Trinidad","isPartOf":{"@id":"https:\/\/trinidad.salesianos.edu\/colegio\/#website"},"datePublished":"2021-12-09T10:07:18+00:00","dateModified":"2021-12-26T17:36:26+00:00","breadcrumb":{"@id":"https:\/\/trinidad.salesianos.edu\/colegio\/sistema-de-gestion-de-calidad\/#breadcrumb"},"inLanguage":"es","potentialAction":[{"@type":"ReadAction","target":["https:\/\/trinidad.salesianos.edu\/colegio\/sistema-de-gestion-de-calidad\/"]}]},{"@type":"BreadcrumbList","@id":"https:\/\/trinidad.salesianos.edu\/colegio\/sistema-de-gestion-de-calidad\/#breadcrumb","itemListElement":[{"@type":"ListItem","position":1,"name":"Portada","item":"https:\/\/trinidad.salesianos.edu\/colegio\/"},{"@type":"ListItem","position":2,"name":"Sistema de Gesti\u00f3n de Calidad"}]},{"@type":"WebSite","@id":"https:\/\/trinidad.salesianos.edu\/colegio\/#website","url":"https:\/\/trinidad.salesianos.edu\/colegio\/","name":"Colegio Salesianos Sant\u00edsima Trinidad","description":"P\u00e1gina oficial Salesianos Trinidad","potentialAction":[{"@type":"SearchAction","target":{"@type":"EntryPoint","urlTemplate":"https:\/\/trinidad.salesianos.edu\/colegio\/?s={search_term_string}"},"query-input":{"@type":"PropertyValueSpecification","valueRequired":true,"valueName":"search_term_string"}}],"inLanguage":"es"}]}},"_links":{"self":[{"href":"https:\/\/trinidad.salesianos.edu\/colegio\/wp-json\/wp\/v2\/pages\/12914","targetHints":{"allow":["GET"]}}],"collection":[{"href":"https:\/\/trinidad.salesianos.edu\/colegio\/wp-json\/wp\/v2\/pages"}],"about":[{"href":"https:\/\/trinidad.salesianos.edu\/colegio\/wp-json\/wp\/v2\/types\/page"}],"author":[{"embeddable":true,"href":"https:\/\/trinidad.salesianos.edu\/colegio\/wp-json\/wp\/v2\/users\/3"}],"replies":[{"embeddable":true,"href":"https:\/\/trinidad.salesianos.edu\/colegio\/wp-json\/wp\/v2\/comments?post=12914"}],"version-history":[{"count":11,"href":"https:\/\/trinidad.salesianos.edu\/colegio\/wp-json\/wp\/v2\/pages\/12914\/revisions"}],"predecessor-version":[{"id":12965,"href":"https:\/\/trinidad.salesianos.edu\/colegio\/wp-json\/wp\/v2\/pages\/12914\/revisions\/12965"}],"wp:attachment":[{"href":"https:\/\/trinidad.salesianos.edu\/colegio\/wp-json\/wp\/v2\/media?parent=12914"}],"curies":[{"name":"wp","href":"https:\/\/api.w.org\/{rel}","templated":true}]}}