
{"id":11071,"date":"2021-02-07T16:53:58","date_gmt":"2021-02-07T15:53:58","guid":{"rendered":"https:\/\/trinidad.salesianos.edu\/colegio\/?page_id=11071"},"modified":"2023-03-23T16:28:07","modified_gmt":"2023-03-23T15:28:07","slug":"propuesta-educativa","status":"publish","type":"page","link":"https:\/\/trinidad.salesianos.edu\/colegio\/propuesta-educativa\/","title":{"rendered":"Propuesta educativa"},"content":{"rendered":"<p>[et_pb_section fb_built=\u00bb1&#8243; fullwidth=\u00bbon\u00bb _builder_version=\u00bb4.16&#8243; global_colors_info=\u00bb{}\u00bb][et_pb_fullwidth_header title=\u00bbPropuesta educativa\u00bb title_font_color=\u00bb#ffffff\u00bb module_class=\u00bbpagina-imagen-cabecera\u00bb _builder_version=\u00bb4.16&#8243; title_text_align=\u00bbright\u00bb title_text_color=\u00bb#ffffff\u00bb title_font_size=\u00bb40px\u00bb background_color=\u00bbrgba(255, 255, 255, 0)\u00bb background_image=\u00bbhttps:\/\/trinidad.salesianos.edu\/colegio\/wp-content\/uploads\/sites\/11\/2021\/09\/colegio_sistema-preventivo-e1631305846815.jpg\u00bb background_position=\u00bbtop_center\u00bb background_layout=\u00bblight\u00bb max_width_tablet=\u00bb50px\u00bb title_text_shadow_style=\u00bbpreset1&#8243; background_url=\u00bbhttps:\/\/alicante.salesianos.edu\/colegio\/wp-content\/uploads\/sites\/2\/2017\/03\/Archivo_003-1.jpeg\u00bb button_one_letter_spacing_hover=\u00bb0&#8243; button_two_letter_spacing_hover=\u00bb0&#8243; global_colors_info=\u00bb{}\u00bb button_one_text_size__hover_enabled=\u00bboff\u00bb button_two_text_size__hover_enabled=\u00bboff\u00bb button_one_text_color__hover_enabled=\u00bboff\u00bb button_two_text_color__hover_enabled=\u00bboff\u00bb button_one_border_width__hover_enabled=\u00bboff\u00bb button_two_border_width__hover_enabled=\u00bboff\u00bb button_one_border_color__hover_enabled=\u00bboff\u00bb button_two_border_color__hover_enabled=\u00bboff\u00bb button_one_border_radius__hover_enabled=\u00bboff\u00bb button_two_border_radius__hover_enabled=\u00bboff\u00bb button_one_letter_spacing__hover_enabled=\u00bbon\u00bb button_one_letter_spacing__hover=\u00bb0&#8243; button_two_letter_spacing__hover_enabled=\u00bbon\u00bb button_two_letter_spacing__hover=\u00bb0&#8243; button_one_bg_color__hover_enabled=\u00bboff\u00bb button_two_bg_color__hover_enabled=\u00bboff\u00bb]<\/p>\n<p>&nbsp;<\/p>\n<p>&nbsp;<\/p>\n<p>&nbsp;<\/p>\n<p>&nbsp;<\/p>\n<p>&nbsp;<\/p>\n<p>&nbsp;<\/p>\n<p>&nbsp;<\/p>\n<p>[\/et_pb_fullwidth_header][\/et_pb_section][et_pb_section fb_built=\u00bb1&#8243; module_class=\u00bbpagina-seccion-contenido\u00bb _builder_version=\u00bb4.16&#8243; custom_margin=\u00bb-25px||||false|false\u00bb custom_padding=\u00bb0px|0px||\u00bb global_colors_info=\u00bb{}\u00bb][et_pb_row column_structure=\u00bb2_3,1_3&#8243; module_class=\u00bbpagina-texto\u00bb _builder_version=\u00bb4.16&#8243; background_size=\u00bbinitial\u00bb background_position=\u00bbtop_left\u00bb background_repeat=\u00bbrepeat\u00bb custom_margin=\u00bb25px|||\u00bb custom_padding=\u00bb25px|||\u00bb global_colors_info=\u00bb{}\u00bb][et_pb_column type=\u00bb2_3&#8243; _builder_version=\u00bb4.16&#8243; custom_padding=\u00bb|||\u00bb global_colors_info=\u00bb{}\u00bb custom_padding__hover=\u00bb|||\u00bb][et_pb_text _builder_version=\u00bb4.16&#8243; global_colors_info=\u00bb{}\u00bb]<\/p>\n<h1>\u00bfCu\u00e1l es nuestra finalidad?<\/h1>\n<p>[\/et_pb_text][et_pb_text _builder_version=\u00bb4.16&#8243; background_size=\u00bbinitial\u00bb background_position=\u00bbtop_left\u00bb background_repeat=\u00bbrepeat\u00bb custom_margin=\u00bb-18px||||false|false\u00bb border_style=\u00bbsolid\u00bb global_colors_info=\u00bb{}\u00bb]<\/p>\n<div class=\"page\" style=\"text-align: justify;\" title=\"Page 3\">\n<div class=\"layoutArea\">\n<div class=\"column\">\n<p>La entidad titular de este colegio es la<span>\u00a0<\/span><a href=\"http:\/\/www.salesianos.edu\/\" target=\"_blank\" rel=\"noopener noreferrer\">Inspector\u00eda Salesiana de M\u00aa Auxiliadora<\/a>, \u00a0Sociedad de San Francisco de Sales (Congregaci\u00f3n Salesiana).<\/p>\n<p>Nuestro colegio tiene como finalidad favorecer el crecimiento y la maduraci\u00f3n integral del alumno dentro de una visi\u00f3n cristiana de la vida y la cultura, adoptando el proyecto educativo de Don Bosco.<\/p>\n<p>Para lograr esta finalidad, el colegio necesita la convergencia en las actuaciones de todos los que colaboran en \u00e9l. Por eso, nuestro Colegio orienta sus esfuerzos hacia la formaci\u00f3n y participaci\u00f3n de una Comunidad Educativa que sea a la vez sujeto y ambiente de educaci\u00f3n.<\/p>\n<\/div>\n<\/div>\n<\/div>\n<p>[\/et_pb_text][et_pb_text _builder_version=\u00bb4.16&#8243; custom_margin=\u00bb||0px|\u00bb custom_padding=\u00bb|||\u00bb global_colors_info=\u00bb{}\u00bb]<\/p>\n<h2>\u00bfConoces nuestros or\u00edgenes?<\/h2>\n<p>[\/et_pb_text][et_pb_text _builder_version=\u00bb4.16&#8243; background_size=\u00bbinitial\u00bb background_position=\u00bbtop_left\u00bb background_repeat=\u00bbrepeat\u00bb custom_margin=\u00bb||25px|\u00bb border_style=\u00bbsolid\u00bb global_colors_info=\u00bb{}\u00bb]<\/p>\n<div class=\"page\" style=\"text-align: justify;\" title=\"Page 3\">\n<div class=\"layoutArea\">\n<div class=\"column\">\n<h2><\/h2>\n<p><span>Las Escuelas Salesianas tienen su origen en la misi\u00f3n de <strong>Don Bosco<\/strong> con los j\u00f3venes de<strong> Tur\u00edn en el siglo XIX<\/strong>. Su preocupaci\u00f3n fue, desde el primer momento, la educaci\u00f3n y promoci\u00f3n integral de los j\u00f3venes: <strong>\u00abbuenos cristianos y honrados ciudadanos\u00bb<\/strong>, le gustaba decir. Su deseo por ampliar su misi\u00f3n es secundado al poco tiempo por <strong>Mar\u00eda Mazzarello<\/strong>, que asume, comparte y enriquece el estilo de Don Bosco, fundando nuevas escuelas y actividades en favor de las j\u00f3venes. Hoy, las Escuelas Salesianas son una realidad amplia y rica, que pretende ser fiel a la misi\u00f3n y al estilo educativo que sus fundadores pretendieron impulsar.<\/span><\/p>\n<\/div>\n<\/div>\n<\/div>\n<p>[\/et_pb_text][et_pb_image src=\u00bbhttps:\/\/trinidad.salesianos.edu\/colegio\/wp-content\/uploads\/sites\/11\/2022\/09\/48897111043_43f4a94449_o-scaled-1.jpg\u00bb title_text=\u00bb48897111043_43f4a94449_o-scaled-1&#8243; align_tablet=\u00bbcenter\u00bb align_phone=\u00bb\u00bb align_last_edited=\u00bbon|desktop\u00bb _builder_version=\u00bb4.18.0&#8243; custom_margin=\u00bb||25px|\u00bb animation_style=\u00bbslide\u00bb animation_direction=\u00bbleft\u00bb animation_duration=\u00bb500ms\u00bb animation_intensity_slide=\u00bb10%\u00bb global_colors_info=\u00bb{}\u00bb][\/et_pb_image][et_pb_tabs _builder_version=\u00bb4.16&#8243; background_size=\u00bbinitial\u00bb background_position=\u00bbtop_left\u00bb background_repeat=\u00bbrepeat\u00bb border_style=\u00bbsolid\u00bb global_colors_info=\u00bb{}\u00bb][et_pb_tab title=\u00bbMisi\u00f3n\u00bb _builder_version=\u00bb4.16&#8243; body_font=\u00bb||||\u00bb tab_font=\u00bb||||\u00bb background_size=\u00bbinitial\u00bb background_position=\u00bbtop_left\u00bb background_repeat=\u00bbrepeat\u00bb global_colors_info=\u00bb{}\u00bb]<\/p>\n<h2>\u00bfCu\u00e1l es nuestra misi\u00f3n?<\/h2>\n<p style=\"text-align: justify;\"><span>Las Escuelas Salesianas tienen su origen en la misi\u00f3n de Don Bosco con los j\u00f3venes de Tur\u00edn en el siglo XIX. Su preocupaci\u00f3n fue, desde el primer momento, la educaci\u00f3n y promoci\u00f3n integral de los j\u00f3venes: \u00abbuenos cristianos y honrados ciudadanos\u00bb, le gustaba decir. Su deseo por ampliar su misi\u00f3n es secundado al poco tiempo por Mar\u00eda Mazzarello, que asume, comparte y enriquece el estilo de Don Bosco, fundando nuevas escuelas y actividades en favor de las j\u00f3venes. Hoy, las Escuelas Salesianas son una realidad amplia y rica, que pretende ser fiel a la misi\u00f3n y al estilo educativo que sus fundadores pretendieron impulsar.<\/span><\/p>\n<p>[\/et_pb_tab][et_pb_tab title=\u00bbVisi\u00f3n\u00bb _builder_version=\u00bb4.16&#8243; body_font=\u00bb||||\u00bb tab_font=\u00bb||||\u00bb background_size=\u00bbinitial\u00bb background_position=\u00bbtop_left\u00bb background_repeat=\u00bbrepeat\u00bb global_colors_info=\u00bb{}\u00bb]<\/p>\n<h2 style=\"text-align: justify;\">\u00bfCu\u00e1l es nuestra visi\u00f3n?<\/h2>\n<p style=\"text-align: justify;\">El centro se propone desarrollar las siguientes l\u00edneas de visi\u00f3n:<\/p>\n<ul>\n<li>Mantener un alto nivel en la prestaci\u00f3n de sus servicios de formaci\u00f3n acad\u00e9mica y formaci\u00f3n humana-cristiana.<\/li>\n<li>Ofrecer, partiendo de su diversidad, y en colaboraci\u00f3n con sus familias, un acompa\u00f1amiento y una atenci\u00f3n personalizada a cada uno de nuestros alumnos.<\/li>\n<li>Fomentar las nuevas tecnolog\u00edas de la informaci\u00f3n y la comunicaci\u00f3n en el \u00e1mbito docente, en la gesti\u00f3n y en los servicios a los alumnos y las familias.<\/li>\n<li>Impulsar la acci\u00f3n evangelizadora del centro desarrollando actitudes abiertas a la \u00e9tica y la trascendencia, potenciando el d\u00edalogo fe-cultura, el compromiso solidario y la experiencia personal y comunitaria de la fe cristiana desde el carisma salesiano.<\/li>\n<li>Promover el sentido de pertenencia y un ambiente de familia entre todos los miembros de la Comunidad Educativo-Pastoral basado en los valores que inspira el carisma salesiano.<\/li>\n<li>Potenciar la implicaci\u00f3n de todo el personal del centro en el desarrollo del Proyecto Educativo, motivando su implicaci\u00f3n y ofreciendo los medios para su formaci\u00f3n continua.<\/li>\n<li>Desarrollar una gesti\u00f3n de su servicio educativo orientada a la excelencia en el marco de un sistema permanente de evaluaci\u00f3n y mejora continua.<\/li>\n<li>Dar respuesta a las necesidades del entorno integr\u00e1ndose en el contexto socio-cultural y religioso de la ciudad de Sevilla y ofreciendo sus recursos y espacios para desarrollar iniciativas acordes con la Propuesta Educativa del centro.<\/li>\n<\/ul>\n<p>[\/et_pb_tab][et_pb_tab title=\u00bbValores\u00bb _builder_version=\u00bb4.16&#8243; body_font=\u00bb||||\u00bb tab_font=\u00bb||||\u00bb background_size=\u00bbinitial\u00bb background_position=\u00bbtop_left\u00bb background_repeat=\u00bbrepeat\u00bb global_colors_info=\u00bb{}\u00bb]<\/p>\n<h2>\u00bfCu\u00e1les son nuestros valores?<\/h2>\n<p>La tarea educativa del Colegio Sant\u00edsima Trinidad se basa en los siguientes valores:<\/p>\n<ul>\n<li>Apertura a la trascendencia como fuente de humanizaci\u00f3n de la persona.<\/li>\n<li>Acci\u00f3n educativa salesiana fundamentada en los pilares b\u00e1sicos del<span>\u00a0<\/span><a href=\"https:\/\/trinidad.salesianos.edu\/colegio\/sistema-preventivo\/\">Sistema Preventivo<\/a><span>\u00a0<\/span>de Don Bosco: amor, raz\u00f3n y religi\u00f3n.<\/li>\n<li>Cercan\u00eda, capacidad de acogida, escucha y motivaci\u00f3n del educador salesiano hacia sus alumnos.<\/li>\n<li>Profesionalidad, dedicaci\u00f3n e implicaci\u00f3n de todo el equipo humano del Colegio.<\/li>\n<li>El trabajo y el esfuerzo como fuente de educaci\u00f3n, realizaci\u00f3n personal y mejora social.<\/li>\n<li>La confianza en los j\u00f3venes como protagonistas de su futuro y coraz\u00f3n de la Propuesta Educativa Salesiana.<\/li>\n<li>El respeto a la vida como don recibido y como fuente de compromiso y responsabilidad.<\/li>\n<li>La acogida incondicional de la persona, el apoyo positivo y el acompa\u00f1amiento en la construcci\u00f3n de su proyecto de vida.<\/li>\n<li>Personalizaci\u00f3n de las relaciones con una atenci\u00f3n particular a la diversidad de cada persona.<\/li>\n<li>Compromiso con la construcci\u00f3n de un mundo m\u00e1s solidario, justo y pac\u00edfico.<\/li>\n<li>Compromiso por una educaci\u00f3n integral que va m\u00e1s all\u00e1 del horario lectivo.<\/li>\n<li>Trabajo conjunto y coordinado con los otros ambientes de la Obra Salesiana.<\/li>\n<\/ul>\n<p>[\/et_pb_tab][\/et_pb_tabs][\/et_pb_column][et_pb_column type=\u00bb1_3&#8243; _builder_version=\u00bb4.16&#8243; custom_padding=\u00bb|||\u00bb global_colors_info=\u00bb{}\u00bb custom_padding__hover=\u00bb|||\u00bb][et_pb_text _builder_version=\u00bb4.16&#8243; custom_margin=\u00bb10px||10px|\u00bb custom_padding=\u00bb|||\u00bb global_colors_info=\u00bb{}\u00bb]<\/p>\n<h2>Nos definimos como&#8230;<\/h2>\n<p>[\/et_pb_text][et_pb_cta title=\u00bbEscuela\u00bb _builder_version=\u00bb4.20.2&#8243; header_font=\u00bbAmatic SC||||\u00bb header_font_size=\u00bb75px\u00bb body_font_size=\u00bb15px\u00bb background_color=\u00bb#e02218&#8243; background_image=\u00bbhttps:\/\/trinidad.salesianos.edu\/colegio\/wp-content\/uploads\/sites\/11\/2022\/09\/WhatsApp-Image-2022-09-13-at-09.02.12.jpeg\u00bb background_blend=\u00bbdarken\u00bb hover_enabled=\u00bb0&#8243; border_style=\u00bbsolid\u00bb button_letter_spacing_hover=\u00bb0&#8243; global_colors_info=\u00bb{}\u00bb button_text_size__hover_enabled=\u00bboff\u00bb button_one_text_size__hover_enabled=\u00bboff\u00bb button_two_text_size__hover_enabled=\u00bboff\u00bb button_text_color__hover_enabled=\u00bboff\u00bb button_one_text_color__hover_enabled=\u00bboff\u00bb button_two_text_color__hover_enabled=\u00bboff\u00bb button_border_width__hover_enabled=\u00bboff\u00bb button_one_border_width__hover_enabled=\u00bboff\u00bb button_two_border_width__hover_enabled=\u00bboff\u00bb button_border_color__hover_enabled=\u00bboff\u00bb button_one_border_color__hover_enabled=\u00bboff\u00bb button_two_border_color__hover_enabled=\u00bboff\u00bb button_border_radius__hover_enabled=\u00bboff\u00bb button_one_border_radius__hover_enabled=\u00bboff\u00bb button_two_border_radius__hover_enabled=\u00bboff\u00bb button_letter_spacing__hover_enabled=\u00bbon\u00bb button_letter_spacing__hover=\u00bb0&#8243; button_one_letter_spacing__hover_enabled=\u00bboff\u00bb button_two_letter_spacing__hover_enabled=\u00bboff\u00bb button_bg_color__hover_enabled=\u00bboff\u00bb button_one_bg_color__hover_enabled=\u00bboff\u00bb button_two_bg_color__hover_enabled=\u00bboff\u00bb button_text=\u00bbDescarga la propuesta educativa salesiana\u00bb sticky_enabled=\u00bb0&#8243; button_url=\u00bbhttps:\/\/trinidad.salesianos.edu\/colegio\/download\/propuesta-educativo-pastoral-escuelas-salesianas\/\u00bb link_option_url=\u00bbhttps:\/\/trinidad.salesianos.edu\/colegio\/download\/propuesta-educativo-pastoral-escuelas-salesianas\/\u00bb url_new_window=\u00bbon\u00bb]<\/p>\n<p>&nbsp;<\/p>\n<p>&nbsp;<\/p>\n<p>&nbsp;<\/p>\n<p>[\/et_pb_cta][et_pb_cta title=\u00bbCat\u00f3lica\u00bb _builder_version=\u00bb4.18.0&#8243; header_font=\u00bbAmatic SC||||\u00bb header_font_size=\u00bb75px\u00bb body_font_size=\u00bb15px\u00bb background_color=\u00bb#e02b20&#8243; background_image=\u00bbhttps:\/\/trinidad.salesianos.edu\/colegio\/wp-content\/uploads\/sites\/11\/2022\/09\/IMG_2538-scaled.jpeg\u00bb background_blend=\u00bbdarken\u00bb border_style=\u00bbsolid\u00bb button_letter_spacing_hover=\u00bb0&#8243; global_colors_info=\u00bb{}\u00bb button_text_size__hover_enabled=\u00bboff\u00bb button_one_text_size__hover_enabled=\u00bboff\u00bb button_two_text_size__hover_enabled=\u00bboff\u00bb button_text_color__hover_enabled=\u00bboff\u00bb button_one_text_color__hover_enabled=\u00bboff\u00bb button_two_text_color__hover_enabled=\u00bboff\u00bb button_border_width__hover_enabled=\u00bboff\u00bb button_one_border_width__hover_enabled=\u00bboff\u00bb button_two_border_width__hover_enabled=\u00bboff\u00bb button_border_color__hover_enabled=\u00bboff\u00bb button_one_border_color__hover_enabled=\u00bboff\u00bb button_two_border_color__hover_enabled=\u00bboff\u00bb button_border_radius__hover_enabled=\u00bboff\u00bb button_one_border_radius__hover_enabled=\u00bboff\u00bb button_two_border_radius__hover_enabled=\u00bboff\u00bb button_letter_spacing__hover_enabled=\u00bbon\u00bb button_letter_spacing__hover=\u00bb0&#8243; button_one_letter_spacing__hover_enabled=\u00bboff\u00bb button_two_letter_spacing__hover_enabled=\u00bboff\u00bb button_bg_color__hover_enabled=\u00bboff\u00bb button_one_bg_color__hover_enabled=\u00bboff\u00bb button_two_bg_color__hover_enabled=\u00bboff\u00bb]<\/p>\n<p>&nbsp;<\/p>\n<p>&nbsp;<\/p>\n<p>&nbsp;<\/p>\n<p>[\/et_pb_cta][et_pb_cta title=\u00bbSalesiana\u00bb button_url=\u00bbhttps:\/\/trinidad.salesianos.edu\/colegio\/sistema-preventivo\/\u00bb button_text=\u00bbSistema preventivo\u00bb _builder_version=\u00bb4.20.2&#8243; header_font=\u00bbAmatic SC||||\u00bb header_font_size=\u00bb72px\u00bb background_color=\u00bb#e02b20&#8243; background_image=\u00bbhttps:\/\/alicante.salesianos.edu\/colegio\/wp-content\/uploads\/sites\/2\/2017\/06\/Captura-de-pantalla-2017-06-09-a-las-9.23.48.png\u00bb background_blend=\u00bbdarken\u00bb hover_enabled=\u00bb0&#8243; border_style=\u00bbsolid\u00bb button_letter_spacing_hover=\u00bb0&#8243; global_colors_info=\u00bb{}\u00bb button_text_size__hover_enabled=\u00bboff\u00bb button_one_text_size__hover_enabled=\u00bboff\u00bb button_two_text_size__hover_enabled=\u00bboff\u00bb button_text_color__hover_enabled=\u00bboff\u00bb button_one_text_color__hover_enabled=\u00bboff\u00bb button_two_text_color__hover_enabled=\u00bboff\u00bb button_border_width__hover_enabled=\u00bboff\u00bb button_one_border_width__hover_enabled=\u00bboff\u00bb button_two_border_width__hover_enabled=\u00bboff\u00bb button_border_color__hover_enabled=\u00bboff\u00bb button_one_border_color__hover_enabled=\u00bboff\u00bb button_two_border_color__hover_enabled=\u00bboff\u00bb button_border_radius__hover_enabled=\u00bboff\u00bb button_one_border_radius__hover_enabled=\u00bboff\u00bb button_two_border_radius__hover_enabled=\u00bboff\u00bb button_letter_spacing__hover_enabled=\u00bbon\u00bb button_letter_spacing__hover=\u00bb0&#8243; button_one_letter_spacing__hover_enabled=\u00bboff\u00bb button_two_letter_spacing__hover_enabled=\u00bboff\u00bb button_bg_color__hover_enabled=\u00bboff\u00bb button_one_bg_color__hover_enabled=\u00bboff\u00bb button_two_bg_color__hover_enabled=\u00bboff\u00bb sticky_enabled=\u00bb0&#8243;]<\/p>\n<p>&nbsp;<\/p>\n<p>&nbsp;<\/p>\n<p>&nbsp;<\/p>\n<p>[\/et_pb_cta][et_pb_divider show_divider=\u00bboff\u00bb disabled_on=\u00bbon|on|off\u00bb _builder_version=\u00bb4.16&#8243; global_colors_info=\u00bb{}\u00bb][\/et_pb_divider][et_pb_image align_tablet=\u00bbcenter\u00bb align_phone=\u00bb\u00bb align_last_edited=\u00bbon|desktop\u00bb _builder_version=\u00bb4.16&#8243; animation_style=\u00bbslide\u00bb animation_direction=\u00bbleft\u00bb animation_duration=\u00bb500ms\u00bb animation_intensity_slide=\u00bb10%\u00bb global_colors_info=\u00bb{}\u00bb][\/et_pb_image][et_pb_gallery gallery_ids=\u00bb2445,2444&#8243; fullwidth=\u00bbon\u00bb _builder_version=\u00bb4.16&#8243; auto=\u00bbon\u00bb global_colors_info=\u00bb{}\u00bb][\/et_pb_gallery][\/et_pb_column][\/et_pb_row][\/et_pb_section]<\/p>\n","protected":false},"excerpt":{"rendered":"<p>&nbsp; &nbsp; &nbsp; &nbsp; &nbsp; &nbsp; &nbsp;\u00bfCu\u00e1l es nuestra finalidad? La entidad titular de este colegio es la\u00a0Inspector\u00eda Salesiana de M\u00aa Auxiliadora, \u00a0Sociedad de San Francisco de Sales (Congregaci\u00f3n Salesiana). Nuestro colegio tiene como finalidad favorecer el crecimiento y la maduraci\u00f3n integral del alumno dentro de una visi\u00f3n cristiana de la vida y la cultura, [&hellip;]<\/p>\n","protected":false},"author":3,"featured_media":0,"parent":0,"menu_order":0,"comment_status":"closed","ping_status":"closed","template":"","meta":{"_et_pb_use_builder":"on","_et_pb_old_content":"","_et_gb_content_width":"","footnotes":""},"class_list":["post-11071","page","type-page","status-publish","hentry"],"yoast_head":"<!-- This site is optimized with the Yoast SEO plugin v27.3 - https:\/\/yoast.com\/product\/yoast-seo-wordpress\/ -->\n<title>Propuesta educativa - Colegio Salesianos Sant\u00edsima Trinidad<\/title>\n<meta name=\"robots\" content=\"index, follow, max-snippet:-1, max-image-preview:large, max-video-preview:-1\" \/>\n<link rel=\"canonical\" href=\"https:\/\/trinidad.salesianos.edu\/colegio\/propuesta-educativa\/\" \/>\n<meta property=\"og:locale\" content=\"es_ES\" \/>\n<meta property=\"og:type\" content=\"article\" \/>\n<meta property=\"og:title\" content=\"Propuesta educativa - Colegio Salesianos Sant\u00edsima Trinidad\" \/>\n<meta property=\"og:description\" content=\"&nbsp; &nbsp; &nbsp; &nbsp; &nbsp; &nbsp; &nbsp;\u00bfCu\u00e1l es nuestra finalidad? La entidad titular de este colegio es la\u00a0Inspector\u00eda Salesiana de M\u00aa Auxiliadora, \u00a0Sociedad de San Francisco de Sales (Congregaci\u00f3n Salesiana). Nuestro colegio tiene como finalidad favorecer el crecimiento y la maduraci\u00f3n integral del alumno dentro de una visi\u00f3n cristiana de la vida y la cultura, [&hellip;]\" \/>\n<meta property=\"og:url\" content=\"https:\/\/trinidad.salesianos.edu\/colegio\/propuesta-educativa\/\" \/>\n<meta property=\"og:site_name\" content=\"Colegio Salesianos Sant\u00edsima Trinidad\" \/>\n<meta property=\"article:modified_time\" content=\"2023-03-23T15:28:07+00:00\" \/>\n<meta name=\"twitter:card\" content=\"summary_large_image\" \/>\n<meta name=\"twitter:label1\" content=\"Tiempo de lectura\" \/>\n\t<meta name=\"twitter:data1\" content=\"11 minutos\" \/>\n<script type=\"application\/ld+json\" class=\"yoast-schema-graph\">{\"@context\":\"https:\\\/\\\/schema.org\",\"@graph\":[{\"@type\":\"WebPage\",\"@id\":\"https:\\\/\\\/trinidad.salesianos.edu\\\/colegio\\\/propuesta-educativa\\\/\",\"url\":\"https:\\\/\\\/trinidad.salesianos.edu\\\/colegio\\\/propuesta-educativa\\\/\",\"name\":\"Propuesta educativa - Colegio Salesianos Sant\u00edsima Trinidad\",\"isPartOf\":{\"@id\":\"https:\\\/\\\/trinidad.salesianos.edu\\\/colegio\\\/#website\"},\"datePublished\":\"2021-02-07T15:53:58+00:00\",\"dateModified\":\"2023-03-23T15:28:07+00:00\",\"breadcrumb\":{\"@id\":\"https:\\\/\\\/trinidad.salesianos.edu\\\/colegio\\\/propuesta-educativa\\\/#breadcrumb\"},\"inLanguage\":\"es\",\"potentialAction\":[{\"@type\":\"ReadAction\",\"target\":[\"https:\\\/\\\/trinidad.salesianos.edu\\\/colegio\\\/propuesta-educativa\\\/\"]}]},{\"@type\":\"BreadcrumbList\",\"@id\":\"https:\\\/\\\/trinidad.salesianos.edu\\\/colegio\\\/propuesta-educativa\\\/#breadcrumb\",\"itemListElement\":[{\"@type\":\"ListItem\",\"position\":1,\"name\":\"Portada\",\"item\":\"https:\\\/\\\/trinidad.salesianos.edu\\\/colegio\\\/\"},{\"@type\":\"ListItem\",\"position\":2,\"name\":\"Propuesta educativa\"}]},{\"@type\":\"WebSite\",\"@id\":\"https:\\\/\\\/trinidad.salesianos.edu\\\/colegio\\\/#website\",\"url\":\"https:\\\/\\\/trinidad.salesianos.edu\\\/colegio\\\/\",\"name\":\"Colegio Salesianos Sant\u00edsima Trinidad\",\"description\":\"P\u00e1gina oficial Salesianos Trinidad\",\"potentialAction\":[{\"@type\":\"SearchAction\",\"target\":{\"@type\":\"EntryPoint\",\"urlTemplate\":\"https:\\\/\\\/trinidad.salesianos.edu\\\/colegio\\\/?s={search_term_string}\"},\"query-input\":{\"@type\":\"PropertyValueSpecification\",\"valueRequired\":true,\"valueName\":\"search_term_string\"}}],\"inLanguage\":\"es\"}]}<\/script>\n<!-- \/ Yoast SEO plugin. -->","yoast_head_json":{"title":"Propuesta educativa - Colegio Salesianos Sant\u00edsima Trinidad","robots":{"index":"index","follow":"follow","max-snippet":"max-snippet:-1","max-image-preview":"max-image-preview:large","max-video-preview":"max-video-preview:-1"},"canonical":"https:\/\/trinidad.salesianos.edu\/colegio\/propuesta-educativa\/","og_locale":"es_ES","og_type":"article","og_title":"Propuesta educativa - Colegio Salesianos Sant\u00edsima Trinidad","og_description":"&nbsp; &nbsp; &nbsp; &nbsp; &nbsp; &nbsp; &nbsp;\u00bfCu\u00e1l es nuestra finalidad? La entidad titular de este colegio es la\u00a0Inspector\u00eda Salesiana de M\u00aa Auxiliadora, \u00a0Sociedad de San Francisco de Sales (Congregaci\u00f3n Salesiana). Nuestro colegio tiene como finalidad favorecer el crecimiento y la maduraci\u00f3n integral del alumno dentro de una visi\u00f3n cristiana de la vida y la cultura, [&hellip;]","og_url":"https:\/\/trinidad.salesianos.edu\/colegio\/propuesta-educativa\/","og_site_name":"Colegio Salesianos Sant\u00edsima Trinidad","article_modified_time":"2023-03-23T15:28:07+00:00","twitter_card":"summary_large_image","twitter_misc":{"Tiempo de lectura":"11 minutos"},"schema":{"@context":"https:\/\/schema.org","@graph":[{"@type":"WebPage","@id":"https:\/\/trinidad.salesianos.edu\/colegio\/propuesta-educativa\/","url":"https:\/\/trinidad.salesianos.edu\/colegio\/propuesta-educativa\/","name":"Propuesta educativa - Colegio Salesianos Sant\u00edsima Trinidad","isPartOf":{"@id":"https:\/\/trinidad.salesianos.edu\/colegio\/#website"},"datePublished":"2021-02-07T15:53:58+00:00","dateModified":"2023-03-23T15:28:07+00:00","breadcrumb":{"@id":"https:\/\/trinidad.salesianos.edu\/colegio\/propuesta-educativa\/#breadcrumb"},"inLanguage":"es","potentialAction":[{"@type":"ReadAction","target":["https:\/\/trinidad.salesianos.edu\/colegio\/propuesta-educativa\/"]}]},{"@type":"BreadcrumbList","@id":"https:\/\/trinidad.salesianos.edu\/colegio\/propuesta-educativa\/#breadcrumb","itemListElement":[{"@type":"ListItem","position":1,"name":"Portada","item":"https:\/\/trinidad.salesianos.edu\/colegio\/"},{"@type":"ListItem","position":2,"name":"Propuesta educativa"}]},{"@type":"WebSite","@id":"https:\/\/trinidad.salesianos.edu\/colegio\/#website","url":"https:\/\/trinidad.salesianos.edu\/colegio\/","name":"Colegio Salesianos Sant\u00edsima Trinidad","description":"P\u00e1gina oficial Salesianos Trinidad","potentialAction":[{"@type":"SearchAction","target":{"@type":"EntryPoint","urlTemplate":"https:\/\/trinidad.salesianos.edu\/colegio\/?s={search_term_string}"},"query-input":{"@type":"PropertyValueSpecification","valueRequired":true,"valueName":"search_term_string"}}],"inLanguage":"es"}]}},"_links":{"self":[{"href":"https:\/\/trinidad.salesianos.edu\/colegio\/wp-json\/wp\/v2\/pages\/11071","targetHints":{"allow":["GET"]}}],"collection":[{"href":"https:\/\/trinidad.salesianos.edu\/colegio\/wp-json\/wp\/v2\/pages"}],"about":[{"href":"https:\/\/trinidad.salesianos.edu\/colegio\/wp-json\/wp\/v2\/types\/page"}],"author":[{"embeddable":true,"href":"https:\/\/trinidad.salesianos.edu\/colegio\/wp-json\/wp\/v2\/users\/3"}],"replies":[{"embeddable":true,"href":"https:\/\/trinidad.salesianos.edu\/colegio\/wp-json\/wp\/v2\/comments?post=11071"}],"version-history":[{"count":19,"href":"https:\/\/trinidad.salesianos.edu\/colegio\/wp-json\/wp\/v2\/pages\/11071\/revisions"}],"predecessor-version":[{"id":15314,"href":"https:\/\/trinidad.salesianos.edu\/colegio\/wp-json\/wp\/v2\/pages\/11071\/revisions\/15314"}],"wp:attachment":[{"href":"https:\/\/trinidad.salesianos.edu\/colegio\/wp-json\/wp\/v2\/media?parent=11071"}],"curies":[{"name":"wp","href":"https:\/\/api.w.org\/{rel}","templated":true}]}}