
{"id":10884,"date":"2021-02-02T18:38:42","date_gmt":"2021-02-02T17:38:42","guid":{"rendered":"https:\/\/trinidad.salesianos.edu\/colegio\/?page_id=10884"},"modified":"2025-05-14T18:01:34","modified_gmt":"2025-05-14T16:01:34","slug":"oferta-educativa","status":"publish","type":"page","link":"https:\/\/trinidad.salesianos.edu\/colegio\/oferta-educativa\/","title":{"rendered":"Oferta educativa"},"content":{"rendered":"<p>[et_pb_section fb_built=\u00bb1&#8243; fullwidth=\u00bbon\u00bb _builder_version=\u00bb4.16&#8243; _module_preset=\u00bbdefault\u00bb global_colors_info=\u00bb{}\u00bb][et_pb_fullwidth_header title=\u00bbOferta educativa\u00bb text_orientation=\u00bbright\u00bb _builder_version=\u00bb4.16&#8243; _module_preset=\u00bbdefault\u00bb title_text_align=\u00bbright\u00bb title_font_size=\u00bb40px\u00bb background_color=\u00bb#afafaf\u00bb background_image=\u00bbhttps:\/\/trinidad.salesianos.edu\/colegio\/wp-content\/uploads\/sites\/11\/2021\/08\/crayons-1445053_1920.jpg\u00bb background_blend=\u00bbmultiply\u00bb title_text_shadow_style=\u00bbpreset1&#8243; global_colors_info=\u00bb{}\u00bb]<\/p>\n<p>&nbsp;<\/p>\n<p>&nbsp;<\/p>\n<p>&nbsp;<\/p>\n<p>&nbsp;<\/p>\n<p>&nbsp;<\/p>\n<p>&nbsp;<\/p>\n<p>&nbsp;<\/p>\n<p>[\/et_pb_fullwidth_header][\/et_pb_section][et_pb_section fb_built=\u00bb1&#8243; module_class=\u00bbpagina-seccion-contenido\u00bb _builder_version=\u00bb4.16&#8243; custom_padding=\u00bb0px|0px|54px|0px\u00bb global_colors_info=\u00bb{}\u00bb][et_pb_row column_structure=\u00bb3_5,2_5&#8243; module_class=\u00bbpagina-texto\u00bb _builder_version=\u00bb4.16&#8243; background_size=\u00bbinitial\u00bb background_position=\u00bbtop_left\u00bb background_repeat=\u00bbrepeat\u00bb custom_margin=\u00bb|||\u00bb custom_padding=\u00bb|||\u00bb global_colors_info=\u00bb{}\u00bb][et_pb_column type=\u00bb3_5&#8243; _builder_version=\u00bb4.16&#8243; custom_padding=\u00bb|||\u00bb global_colors_info=\u00bb{}\u00bb custom_padding__hover=\u00bb|||\u00bb][et_pb_text _builder_version=\u00bb4.16&#8243; text_font=\u00bbAladin||||||||\u00bb text_text_color=\u00bb#E09900&#8243; header_font=\u00bbAbel||||||||\u00bb header_font_size=\u00bb36px\u00bb custom_margin=\u00bb|||\u00bb custom_padding=\u00bb25px|||\u00bb global_colors_info=\u00bb{}\u00bb]<\/p>\n<h1>Una escuela que acompa\u00f1a<\/h1>\n<p>[\/et_pb_text][et_pb_text _builder_version=\u00bb4.27.4&#8243; background_size=\u00bbinitial\u00bb background_position=\u00bbtop_left\u00bb background_repeat=\u00bbrepeat\u00bb border_style=\u00bbsolid\u00bb global_colors_info=\u00bb{}\u00bb]<\/p>\n<div align=\"justify\">\n<p style=\"text-align: justify;\">En nuestro centro tus hijos\/as podr\u00e1n cursar tanto las<span>\u00a0<\/span><strong>etapas obligatorias<\/strong><span>\u00a0<\/span>(<em><a href=\"https:\/\/trinidad.salesianos.edu\/colegio\/educacion-primaria\/\" title=\"Sobre la etapa de Primaria\">Primaria<\/a><span>\u00a0<\/span>y<span>\u00a0<\/span><a href=\"https:\/\/trinidad.salesianos.edu\/colegio\/e-s-o\/\" title=\"Sobre la E.S.O.\">Secundaria<\/a><\/em>) como las<span>\u00a0<\/span><strong>no obligatorias<\/strong><span>\u00a0<\/span>(<em><a href=\"https:\/\/trinidad.salesianos.edu\/colegio\/bachillerato\/\" title=\"Sobre Bachillerato\">Bachillerato<\/a> y <a href=\"https:\/\/trinidad.salesianos.edu\/colegio\/ciclos-formativos\/\">Ciclos Formativos<\/a><\/em>).\u00a0Esto significa que desde los 6 a\u00f1os hasta su formaci\u00f3n profesional o pre-universitaria podr\u00e1n disfrutar de una<span>\u00a0<\/span><strong>educaci\u00f3n continuada<\/strong><span>\u00a0<\/span>y en sinton\u00eda con los valores propios de una escuela<span>\u00a0<\/span><strong>salesiana y cristiana<\/strong>.<\/p>\n<p style=\"text-align: justify;\">Para poder atender a la demanda del centro, disponemos de<span> <\/span><strong>2 l\u00edneas en Primaria, 3 l\u00edneas en ESO, 4 en Bachillerato, 5 especialidades en Ciclos Formativos y 3 en Ciclos Formativos de Grado B\u00e1sico.<\/strong><\/p>\n<p style=\"text-align: justify;\">Adem\u00e1s, con el objetivo de ofrecer una<span>\u00a0<\/span><strong>educaci\u00f3n de calidad abierta a todas aquellas familias que nos quieran escoger<\/strong><span>\u00a0<\/span>como centro educativo, hemos procurado que todas nuestras aulas<span>\u00a0<\/span>est\u00e9n<span>\u00a0<\/span><strong>subvencionadas por concierto<\/strong><span>\u00a0<\/span>con la Junta de Andaluc\u00eda.<\/p>\n<p style=\"text-align: justify;\">Pincha en los siguientes<span>\u00a0<\/span><strong>enlaces<\/strong><span>\u00a0<\/span>para saber m\u00e1s sobre cada una de las etapas:<\/p>\n<\/div>\n<p>[\/et_pb_text][\/et_pb_column][et_pb_column type=\u00bb2_5&#8243; _builder_version=\u00bb4.16&#8243; custom_padding=\u00bb|||\u00bb global_colors_info=\u00bb{}\u00bb custom_padding__hover=\u00bb|||\u00bb][et_pb_number_counter title=\u00bbAulas\u00bb number=\u00bb60&#8243; percent_sign=\u00bboff\u00bb _builder_version=\u00bb4.16&#8243; title_font=\u00bbLato|700|||||||\u00bb title_text_color=\u00bb#7a7a7a\u00bb title_font_size=\u00bb30px\u00bb number_font=\u00bbLato||||\u00bb global_colors_info=\u00bb{}\u00bb number_font_size=\u00bb60px\u00bb][\/et_pb_number_counter][et_pb_number_counter title=\u00bbAlumnos\u00bb number=\u00bb1533&#8243; percent_sign=\u00bboff\u00bb _builder_version=\u00bb4.27.4&#8243; title_font=\u00bbLato|700|||||||\u00bb title_text_color=\u00bb#7a7a7a\u00bb title_font_size=\u00bb30px\u00bb number_font=\u00bbLato||||\u00bb hover_enabled=\u00bb0&#8243; global_colors_info=\u00bb{}\u00bb sticky_enabled=\u00bb0&#8243; number_font_size=\u00bb60px\u00bb][\/et_pb_number_counter][et_pb_blurb title=\u00bbPropuesta educativa \u00bb _builder_version=\u00bb4.27.4&#8243; _module_preset=\u00bbdefault\u00bb hover_enabled=\u00bb0&#8243; sticky_enabled=\u00bb0&#8243; use_icon=\u00bbon\u00bb font_icon=\u00bb&#xf19d;||fa||900&#8243; image_icon_width=\u00bb76px\u00bb header_text_align=\u00bbcenter\u00bb header_font=\u00bbLato|700|||||||\u00bb header_text_color=\u00bb#6b6b6b\u00bb url=\u00bbhttps:\/\/trinidad.salesianos.edu\/colegio\/propuesta-educativa\/\u00bb link_option_url=\u00bbhttps:\/\/trinidad.salesianos.edu\/colegio\/propuesta-educativa\/\u00bb][\/et_pb_blurb][\/et_pb_column][\/et_pb_row][et_pb_row column_structure=\u00bb1_2,1_2&#8243; _builder_version=\u00bb4.16&#8243; custom_padding=\u00bb0px|0px|0px|0px\u00bb global_colors_info=\u00bb{}\u00bb][et_pb_column type=\u00bb1_2&#8243; _builder_version=\u00bb4.16&#8243; custom_padding=\u00bb|||\u00bb global_colors_info=\u00bb{}\u00bb custom_padding__hover=\u00bb|||\u00bb][et_pb_blurb title=\u00bbEducaci\u00f3n Primaria\u00bb url=\u00bbhttps:\/\/trinidad.salesianos.edu\/colegio\/educacion-primaria\/\u00bb url_new_window=\u00bbon\u00bb admin_label=\u00bbBot\u00f3n a etapa educativa (Anuncio)\u00bb _builder_version=\u00bb4.24.0&#8243; header_font=\u00bbLato Light||||\u00bb header_text_color=\u00bb#ffffff\u00bb header_font_size=\u00bb45px\u00bb background_color=\u00bb#dc001b\u00bb background_image=\u00bbhttps:\/\/trinidad.salesianos.edu\/colegio\/wp-content\/uploads\/sites\/11\/2022\/02\/DSC_0079.MOV.00_00_18_08.Imagen-fija009.png\u00bb background_blend=\u00bbdarken\u00bb text_orientation=\u00bbcenter\u00bb max_width_tablet=\u00bb50px\u00bb custom_margin=\u00bb||25px|\u00bb custom_padding=\u00bb76px||82px|\u00bb link_option_url=\u00bbhttps:\/\/trinidad.salesianos.edu\/colegio\/educacion-primaria\/\u00bb link_option_url_new_window=\u00bbon\u00bb border_radii=\u00bbon|10px|10px|10px|10px\u00bb border_radii_image=\u00bbon|10px|10px|10px|10px\u00bb border_style=\u00bbsolid\u00bb global_colors_info=\u00bb{}\u00bb background__hover_enabled=\u00bbon|hover\u00bb background_color__hover=\u00bbRGBA(255,255,255,0)\u00bb background_enable_color__hover=\u00bbon\u00bb content_max_width__hover_enabled=\u00bbon|hover\u00bb][\/et_pb_blurb][\/et_pb_column][et_pb_column type=\u00bb1_2&#8243; _builder_version=\u00bb4.16&#8243; custom_padding=\u00bb|||\u00bb global_colors_info=\u00bb{}\u00bb custom_padding__hover=\u00bb|||\u00bb][et_pb_blurb title=\u00bbEducaci\u00f3n Secundaria\u00bb url=\u00bbhttps:\/\/trinidad.salesianos.edu\/colegio\/e-s-o\/\u00bb url_new_window=\u00bbon\u00bb admin_label=\u00bbBot\u00f3n a etapa educativa (Anuncio)\u00bb _builder_version=\u00bb4.24.0&#8243; header_font=\u00bbLato Light||||\u00bb header_text_color=\u00bb#ffffff\u00bb header_font_size=\u00bb42px\u00bb background_color=\u00bb#dc001b\u00bb background_image=\u00bbhttps:\/\/trinidad.salesianos.edu\/colegio\/wp-content\/uploads\/sites\/11\/2022\/09\/C0040.MP4.03_19_22_110.Imagen-fija001.png\u00bb background_position=\u00bbtop_center\u00bb background_blend=\u00bbdarken\u00bb text_orientation=\u00bbcenter\u00bb max_width_tablet=\u00bb50px\u00bb custom_margin=\u00bb||25px|\u00bb custom_padding=\u00bb79px||84px|\u00bb link_option_url=\u00bbhttps:\/\/trinidad.salesianos.edu\/colegio\/e-s-o\/\u00bb link_option_url_new_window=\u00bbon\u00bb border_radii=\u00bbon|10px|10px|10px|10px\u00bb border_style=\u00bbsolid\u00bb global_colors_info=\u00bb{}\u00bb background__hover_enabled=\u00bbon|hover\u00bb background_color__hover=\u00bbRGBA(255,255,255,0)\u00bb background_enable_color__hover=\u00bbon\u00bb][\/et_pb_blurb][\/et_pb_column][\/et_pb_row][et_pb_row column_structure=\u00bb1_2,1_2&#8243; admin_label=\u00bbrow\u00bb _builder_version=\u00bb4.16&#8243; background_size=\u00bbinitial\u00bb background_position=\u00bbtop_left\u00bb background_repeat=\u00bbrepeat\u00bb custom_padding=\u00bb|0px|0px|0px\u00bb global_colors_info=\u00bb{}\u00bb][et_pb_column type=\u00bb1_2&#8243; _builder_version=\u00bb4.16&#8243; custom_padding=\u00bb|||\u00bb global_colors_info=\u00bb{}\u00bb custom_padding__hover=\u00bb|||\u00bb][et_pb_blurb title=\u00bbBachillerato\u00bb url=\u00bbhttps:\/\/trinidad.salesianos.edu\/colegio\/bachillerato\/\u00bb url_new_window=\u00bbon\u00bb admin_label=\u00bbBot\u00f3n a etapa educativa (Anuncio)\u00bb _builder_version=\u00bb4.24.0&#8243; header_font=\u00bbLato Light||||\u00bb header_text_color=\u00bb#ffffff\u00bb header_font_size=\u00bb47px\u00bb background_color=\u00bb#dc001b\u00bb background_image=\u00bbhttps:\/\/trinidad.salesianos.edu\/colegio\/wp-content\/uploads\/sites\/11\/2022\/02\/C0059.MP4.03_34_00_018.Imagen-fija004.png\u00bb background_blend=\u00bbdarken\u00bb text_orientation=\u00bbcenter\u00bb max_width_tablet=\u00bb50px\u00bb custom_margin=\u00bb||25px|\u00bb custom_padding=\u00bb76px||82px|\u00bb link_option_url=\u00bbhttps:\/\/trinidad.salesianos.edu\/colegio\/bachillerato\/\u00bb link_option_url_new_window=\u00bbon\u00bb border_radii=\u00bbon|10px|10px|10px|10px\u00bb border_style=\u00bbsolid\u00bb global_colors_info=\u00bb{}\u00bb background__hover_enabled=\u00bbon|hover\u00bb background_color__hover=\u00bbRGBA(255,255,255,0)\u00bb background_enable_color__hover=\u00bbon\u00bb][\/et_pb_blurb][\/et_pb_column][et_pb_column type=\u00bb1_2&#8243; _builder_version=\u00bb4.16&#8243; custom_padding=\u00bb|||\u00bb global_colors_info=\u00bb{}\u00bb custom_padding__hover=\u00bb|||\u00bb][et_pb_blurb title=\u00bbCiclos Formativos\u00bb url=\u00bbhttps:\/\/trinidad.salesianos.edu\/colegio\/ciclos-formativos\/\u00bb url_new_window=\u00bbon\u00bb admin_label=\u00bbBot\u00f3n a etapa educativa (Anuncio)\u00bb _builder_version=\u00bb4.27.4&#8243; header_font=\u00bbLato Light||||\u00bb header_text_color=\u00bb#ffffff\u00bb header_font_size=\u00bb47px\u00bb background_color=\u00bb#dc001b\u00bb background_image=\u00bbhttps:\/\/trinidad.salesianos.edu\/colegio\/wp-content\/uploads\/sites\/11\/2022\/02\/DSC_0128.MOV.00_00_05_44.Imagen-fija001.png\u00bb background_blend=\u00bbdarken\u00bb text_orientation=\u00bbcenter\u00bb max_width_tablet=\u00bb50px\u00bb custom_margin=\u00bb|||\u00bb custom_padding=\u00bb76px||82px|\u00bb link_option_url=\u00bbhttps:\/\/trinidad.salesianos.edu\/colegio\/ciclos-formativos\/\u00bb link_option_url_new_window=\u00bbon\u00bb border_radii=\u00bbon|10px|10px|10px|10px\u00bb border_style=\u00bbsolid\u00bb global_colors_info=\u00bb{}\u00bb background__hover_enabled=\u00bbon|hover\u00bb background_color__hover=\u00bbRGBA(255,255,255,0)\u00bb background_enable_color__hover=\u00bbon\u00bb][\/et_pb_blurb][\/et_pb_column][\/et_pb_row][\/et_pb_section]<\/p>\n","protected":false},"excerpt":{"rendered":"<p>&nbsp; &nbsp; &nbsp; &nbsp; &nbsp; &nbsp; &nbsp;Una escuela que acompa\u00f1a En nuestro centro tus hijos\/as podr\u00e1n cursar tanto las\u00a0etapas obligatorias\u00a0(Primaria\u00a0y\u00a0Secundaria) como las\u00a0no obligatorias\u00a0(Bachillerato y Ciclos Formativos).\u00a0Esto significa que desde los 6 a\u00f1os hasta su formaci\u00f3n profesional o pre-universitaria podr\u00e1n disfrutar de una\u00a0educaci\u00f3n continuada\u00a0y en sinton\u00eda con los valores propios de una escuela\u00a0salesiana y cristiana. Para [&hellip;]<\/p>\n","protected":false},"author":3,"featured_media":0,"parent":0,"menu_order":0,"comment_status":"closed","ping_status":"closed","template":"","meta":{"_et_pb_use_builder":"on","_et_pb_old_content":"","_et_gb_content_width":"","footnotes":""},"class_list":["post-10884","page","type-page","status-publish","hentry"],"yoast_head":"<!-- This site is optimized with the Yoast SEO plugin v27.3 - https:\/\/yoast.com\/product\/yoast-seo-wordpress\/ -->\n<title>Oferta educativa - Colegio Salesianos Sant\u00edsima Trinidad<\/title>\n<meta name=\"robots\" content=\"index, follow, max-snippet:-1, max-image-preview:large, max-video-preview:-1\" \/>\n<link rel=\"canonical\" href=\"https:\/\/trinidad.salesianos.edu\/colegio\/oferta-educativa\/\" \/>\n<meta property=\"og:locale\" content=\"es_ES\" \/>\n<meta property=\"og:type\" content=\"article\" \/>\n<meta property=\"og:title\" content=\"Oferta educativa - Colegio Salesianos Sant\u00edsima Trinidad\" \/>\n<meta property=\"og:description\" content=\"&nbsp; &nbsp; &nbsp; &nbsp; &nbsp; &nbsp; &nbsp;Una escuela que acompa\u00f1a En nuestro centro tus hijos\/as podr\u00e1n cursar tanto las\u00a0etapas obligatorias\u00a0(Primaria\u00a0y\u00a0Secundaria) como las\u00a0no obligatorias\u00a0(Bachillerato y Ciclos Formativos).\u00a0Esto significa que desde los 6 a\u00f1os hasta su formaci\u00f3n profesional o pre-universitaria podr\u00e1n disfrutar de una\u00a0educaci\u00f3n continuada\u00a0y en sinton\u00eda con los valores propios de una escuela\u00a0salesiana y cristiana. Para [&hellip;]\" \/>\n<meta property=\"og:url\" content=\"https:\/\/trinidad.salesianos.edu\/colegio\/oferta-educativa\/\" \/>\n<meta property=\"og:site_name\" content=\"Colegio Salesianos Sant\u00edsima Trinidad\" \/>\n<meta property=\"article:modified_time\" content=\"2025-05-14T16:01:34+00:00\" \/>\n<meta name=\"twitter:card\" content=\"summary_large_image\" \/>\n<meta name=\"twitter:label1\" content=\"Tiempo de lectura\" \/>\n\t<meta name=\"twitter:data1\" content=\"6 minutos\" \/>\n<script type=\"application\/ld+json\" class=\"yoast-schema-graph\">{\"@context\":\"https:\\\/\\\/schema.org\",\"@graph\":[{\"@type\":\"WebPage\",\"@id\":\"https:\\\/\\\/trinidad.salesianos.edu\\\/colegio\\\/oferta-educativa\\\/\",\"url\":\"https:\\\/\\\/trinidad.salesianos.edu\\\/colegio\\\/oferta-educativa\\\/\",\"name\":\"Oferta educativa - Colegio Salesianos Sant\u00edsima Trinidad\",\"isPartOf\":{\"@id\":\"https:\\\/\\\/trinidad.salesianos.edu\\\/colegio\\\/#website\"},\"datePublished\":\"2021-02-02T17:38:42+00:00\",\"dateModified\":\"2025-05-14T16:01:34+00:00\",\"breadcrumb\":{\"@id\":\"https:\\\/\\\/trinidad.salesianos.edu\\\/colegio\\\/oferta-educativa\\\/#breadcrumb\"},\"inLanguage\":\"es\",\"potentialAction\":[{\"@type\":\"ReadAction\",\"target\":[\"https:\\\/\\\/trinidad.salesianos.edu\\\/colegio\\\/oferta-educativa\\\/\"]}]},{\"@type\":\"BreadcrumbList\",\"@id\":\"https:\\\/\\\/trinidad.salesianos.edu\\\/colegio\\\/oferta-educativa\\\/#breadcrumb\",\"itemListElement\":[{\"@type\":\"ListItem\",\"position\":1,\"name\":\"Portada\",\"item\":\"https:\\\/\\\/trinidad.salesianos.edu\\\/colegio\\\/\"},{\"@type\":\"ListItem\",\"position\":2,\"name\":\"Oferta educativa\"}]},{\"@type\":\"WebSite\",\"@id\":\"https:\\\/\\\/trinidad.salesianos.edu\\\/colegio\\\/#website\",\"url\":\"https:\\\/\\\/trinidad.salesianos.edu\\\/colegio\\\/\",\"name\":\"Colegio Salesianos Sant\u00edsima Trinidad\",\"description\":\"P\u00e1gina oficial Salesianos Trinidad\",\"potentialAction\":[{\"@type\":\"SearchAction\",\"target\":{\"@type\":\"EntryPoint\",\"urlTemplate\":\"https:\\\/\\\/trinidad.salesianos.edu\\\/colegio\\\/?s={search_term_string}\"},\"query-input\":{\"@type\":\"PropertyValueSpecification\",\"valueRequired\":true,\"valueName\":\"search_term_string\"}}],\"inLanguage\":\"es\"}]}<\/script>\n<!-- \/ Yoast SEO plugin. -->","yoast_head_json":{"title":"Oferta educativa - Colegio Salesianos Sant\u00edsima Trinidad","robots":{"index":"index","follow":"follow","max-snippet":"max-snippet:-1","max-image-preview":"max-image-preview:large","max-video-preview":"max-video-preview:-1"},"canonical":"https:\/\/trinidad.salesianos.edu\/colegio\/oferta-educativa\/","og_locale":"es_ES","og_type":"article","og_title":"Oferta educativa - Colegio Salesianos Sant\u00edsima Trinidad","og_description":"&nbsp; &nbsp; &nbsp; &nbsp; &nbsp; &nbsp; &nbsp;Una escuela que acompa\u00f1a En nuestro centro tus hijos\/as podr\u00e1n cursar tanto las\u00a0etapas obligatorias\u00a0(Primaria\u00a0y\u00a0Secundaria) como las\u00a0no obligatorias\u00a0(Bachillerato y Ciclos Formativos).\u00a0Esto significa que desde los 6 a\u00f1os hasta su formaci\u00f3n profesional o pre-universitaria podr\u00e1n disfrutar de una\u00a0educaci\u00f3n continuada\u00a0y en sinton\u00eda con los valores propios de una escuela\u00a0salesiana y cristiana. Para [&hellip;]","og_url":"https:\/\/trinidad.salesianos.edu\/colegio\/oferta-educativa\/","og_site_name":"Colegio Salesianos Sant\u00edsima Trinidad","article_modified_time":"2025-05-14T16:01:34+00:00","twitter_card":"summary_large_image","twitter_misc":{"Tiempo de lectura":"6 minutos"},"schema":{"@context":"https:\/\/schema.org","@graph":[{"@type":"WebPage","@id":"https:\/\/trinidad.salesianos.edu\/colegio\/oferta-educativa\/","url":"https:\/\/trinidad.salesianos.edu\/colegio\/oferta-educativa\/","name":"Oferta educativa - Colegio Salesianos Sant\u00edsima Trinidad","isPartOf":{"@id":"https:\/\/trinidad.salesianos.edu\/colegio\/#website"},"datePublished":"2021-02-02T17:38:42+00:00","dateModified":"2025-05-14T16:01:34+00:00","breadcrumb":{"@id":"https:\/\/trinidad.salesianos.edu\/colegio\/oferta-educativa\/#breadcrumb"},"inLanguage":"es","potentialAction":[{"@type":"ReadAction","target":["https:\/\/trinidad.salesianos.edu\/colegio\/oferta-educativa\/"]}]},{"@type":"BreadcrumbList","@id":"https:\/\/trinidad.salesianos.edu\/colegio\/oferta-educativa\/#breadcrumb","itemListElement":[{"@type":"ListItem","position":1,"name":"Portada","item":"https:\/\/trinidad.salesianos.edu\/colegio\/"},{"@type":"ListItem","position":2,"name":"Oferta educativa"}]},{"@type":"WebSite","@id":"https:\/\/trinidad.salesianos.edu\/colegio\/#website","url":"https:\/\/trinidad.salesianos.edu\/colegio\/","name":"Colegio Salesianos Sant\u00edsima Trinidad","description":"P\u00e1gina oficial Salesianos Trinidad","potentialAction":[{"@type":"SearchAction","target":{"@type":"EntryPoint","urlTemplate":"https:\/\/trinidad.salesianos.edu\/colegio\/?s={search_term_string}"},"query-input":{"@type":"PropertyValueSpecification","valueRequired":true,"valueName":"search_term_string"}}],"inLanguage":"es"}]}},"_links":{"self":[{"href":"https:\/\/trinidad.salesianos.edu\/colegio\/wp-json\/wp\/v2\/pages\/10884","targetHints":{"allow":["GET"]}}],"collection":[{"href":"https:\/\/trinidad.salesianos.edu\/colegio\/wp-json\/wp\/v2\/pages"}],"about":[{"href":"https:\/\/trinidad.salesianos.edu\/colegio\/wp-json\/wp\/v2\/types\/page"}],"author":[{"embeddable":true,"href":"https:\/\/trinidad.salesianos.edu\/colegio\/wp-json\/wp\/v2\/users\/3"}],"replies":[{"embeddable":true,"href":"https:\/\/trinidad.salesianos.edu\/colegio\/wp-json\/wp\/v2\/comments?post=10884"}],"version-history":[{"count":57,"href":"https:\/\/trinidad.salesianos.edu\/colegio\/wp-json\/wp\/v2\/pages\/10884\/revisions"}],"predecessor-version":[{"id":18444,"href":"https:\/\/trinidad.salesianos.edu\/colegio\/wp-json\/wp\/v2\/pages\/10884\/revisions\/18444"}],"wp:attachment":[{"href":"https:\/\/trinidad.salesianos.edu\/colegio\/wp-json\/wp\/v2\/media?parent=10884"}],"curies":[{"name":"wp","href":"https:\/\/api.w.org\/{rel}","templated":true}]}}