
{"id":10630,"date":"2019-08-31T18:47:28","date_gmt":"2019-08-31T16:47:28","guid":{"rendered":"https:\/\/trinidad.salesianos.edu\/colegio\/?page_id=10630"},"modified":"2024-01-24T20:22:56","modified_gmt":"2024-01-24T19:22:56","slug":"proyecto-tic","status":"publish","type":"page","link":"https:\/\/trinidad.salesianos.edu\/colegio\/proyecto-tic\/","title":{"rendered":"Proyecto TIC"},"content":{"rendered":"<p>[et_pb_section fb_built=\u00bb1&#8243; fullwidth=\u00bbon\u00bb _builder_version=\u00bb4.16&#8243; _module_preset=\u00bbdefault\u00bb global_colors_info=\u00bb{}\u00bb][et_pb_fullwidth_header title=\u00bbProyecto TIC\u00bb text_orientation=\u00bbright\u00bb background_overlay_color=\u00bbRGBA(255,255,255,0)\u00bb _builder_version=\u00bb4.19.5&#8243; _module_preset=\u00bbdefault\u00bb title_font_size=\u00bb40px\u00bb background_color=\u00bbrgba(155,155,155,0.22)\u00bb background_image=\u00bbhttps:\/\/trinidad.salesianos.edu\/colegio\/wp-content\/uploads\/sites\/11\/2022\/02\/portada-scaled.jpg\u00bb background_position=\u00bbbottom_center\u00bb background_blend=\u00bbmultiply\u00bb title_text_shadow_style=\u00bbpreset1&#8243; global_colors_info=\u00bb{}\u00bb]<\/p>\n<p style=\"text-align: left;\">\n<p>&nbsp;<\/p>\n<p>&nbsp;<\/p>\n<p>&nbsp;<\/p>\n<p>&nbsp;<\/p>\n<p>&nbsp;<\/p>\n<p>&nbsp;<\/p>\n<p>&nbsp;<\/p>\n<p>&nbsp;<\/p>\n<p>&nbsp;<\/p>\n<p>&nbsp;<\/p>\n<p>&nbsp;<\/p>\n<p>&nbsp;<\/p>\n<p>[\/et_pb_fullwidth_header][\/et_pb_section][et_pb_section fb_built=\u00bb1&#8243; _builder_version=\u00bb4.16&#8243; min_height=\u00bb762.9px\u00bb global_colors_info=\u00bb{}\u00bb][et_pb_row column_structure=\u00bb1_3,2_3&#8243; _builder_version=\u00bb4.16&#8243; global_colors_info=\u00bb{}\u00bb][et_pb_column type=\u00bb1_3&#8243; _builder_version=\u00bb4.16&#8243; global_colors_info=\u00bb{}\u00bb][et_pb_blurb title=\u00bbApostamos por las TIC\u00bb image=\u00bbhttps:\/\/trinidad.salesianos.edu\/colegio\/wp-content\/uploads\/sites\/11\/2022\/02\/InternetAndInformationTechnologySpecialist.jpg\u00bb _builder_version=\u00bb4.16&#8243; header_text_align=\u00bbcenter\u00bb global_colors_info=\u00bb{}\u00bb]<\/p>\n<p style=\"text-align: justify;\">Las tecnolog\u00edas de la informaci\u00f3n y la comunicaci\u00f3n han experimentado en un corto espacio de tiempo un gran auge hasta tal punto de llegar a configurar un nuevo modelo de sociedad: la sociedad de la informaci\u00f3n y de la comunicaci\u00f3n.<br \/>Nuestro sistema educativo por tanto no puede mantenerse al margen de estos cambios continuos que estamos viviendo, por tanto es estrictamente<br \/>necesario que estas tecnolog\u00edas se acerquen a nuestros centros.<\/p>\n<p>[\/et_pb_blurb][\/et_pb_column][et_pb_column type=\u00bb2_3&#8243; _builder_version=\u00bb4.16&#8243; global_colors_info=\u00bb{}\u00bb][et_pb_text _builder_version=\u00bb4.19.5&#8243; text_font=\u00bbRubik||||||||\u00bb text_text_color=\u00bb#e02b20&#8243; text_font_size=\u00bb29px\u00bb global_colors_info=\u00bb{}\u00bb]<\/p>\n<p>CURSO APP CONTROL PARENTAL<\/p>\n<p>[\/et_pb_text][et_pb_code _builder_version=\u00bb4.19.5&#8243; _module_preset=\u00bbdefault\u00bb dd_use_password=\u00bbon\u00bb dd_form_title=\u00bbAcceso restringido a familias del centro\u00bb dd_form_password=\u00bbtrinidad1888&#8243; dd_form_error=\u00bb\u00a1Contrase\u00f1a inv\u00e1lida!\u00bb border_radii=\u00bbon|15px|15px|15px|15px\u00bb box_shadow_style=\u00bbpreset2&#8243; global_colors_info=\u00bb{}\u00bb]<iframe loading=\"lazy\" width=\"942\" height=\"530\" src=\"https:\/\/www.youtube.com\/embed\/a9SNhR0vs-A\" title=\"Curso Control Parental\" frameborder=\"0\" allow=\"accelerometer; autoplay; clipboard-write; encrypted-media; gyroscope; picture-in-picture; web-share\" allowfullscreen><\/iframe>[\/et_pb_code][et_pb_text _builder_version=\u00bb4.16&#8243; text_font=\u00bbRubik||||||||\u00bb text_text_color=\u00bb#e02b20&#8243; text_font_size=\u00bb29px\u00bb global_colors_info=\u00bb{}\u00bb]<\/p>\n<p>DOCUMENTOS DE INTER\u00c9S<\/p>\n<p>[\/et_pb_text][et_pb_toggle title=\u00bbCURSO %22CONTROL PARENTAL%22&#8243; _builder_version=\u00bb4.16&#8243; link_option_url=\u00bbhttps:\/\/trinidad.salesianos.edu\/download\/presentacion-curso-control-parental\/\u00bb link_option_url_new_window=\u00bbon\u00bb global_colors_info=\u00bb{}\u00bb]<\/p>\n<p>Estamos convencidos de la trascendental importancia de la formaci\u00f3n de los padres a las nuevas tecnolog\u00edas para que puedan educar y acompa\u00f1ar a sus hijos. <a href=\"https:\/\/trinidad.salesianos.edu\/download\/presentacion-curso-control-parental\/\">Pulsando en este enlace<\/a> podr\u00e1s acceder a al presentaci\u00f3n del curso de \u00abcontrol parental\u00bb que ofrecemos a todos los padres de nuestro centro<\/p>\n<p>[\/et_pb_toggle][et_pb_toggle title=\u00bbEDAD LEGAL USO REDES SOCIALES\u00bb _builder_version=\u00bb4.16&#8243; link_option_url=\u00bbhttps:\/\/trinidad.salesianos.edu\/download\/edad-legas-uso-de-las-redes-sociales\/\u00bb link_option_url_new_window=\u00bbon\u00bb global_colors_info=\u00bb{}\u00bb]<\/p>\n<p>Nuestra legislaci\u00f3n indica una edad m\u00ednima para el uso de las redes sociales.\u00a0<a href=\"https:\/\/trinidad.salesianos.edu\/download\/edad-legal-para-el-uso-de-las-redes-sociales\/\" target=\"_blank\" rel=\"noopener\">Pulsando en este enlace<\/a> podr\u00e1s acceder a una presentaci\u00f3n que resume los principios fundamentales que los padres deber\u00edan conocer.<\/p>\n<p>[\/et_pb_toggle][et_pb_toggle title=\u00bbGU\u00cdA %22EDUCAR PARA PROTEGER%22 (NI\u00d1OS DE 3 A 11 A\u00d1OS)\u00bb _builder_version=\u00bb4.16&#8243; link_option_url=\u00bbhttps:\/\/trinidad.salesianos.edu\/download\/guia-educar-para-proteger-ninos-3-a-11-anos\/\u00bb link_option_url_new_window=\u00bbon\u00bb global_colors_info=\u00bb{}\u00bb]<\/p>\n<p>La Junta de Andaluc\u00eda te ofrece una gu\u00eda para padres destinada a la educaci\u00f3n en las TIC de los hijos de 3 a a 11 a\u00f1os.<a href=\"https:\/\/trinidad.salesianos.edu\/download\/guia-educar-para-proteger-ninos-3-a-11-anos\/\">\u00a0Pulsando en este enlace<\/a> podr\u00e1s acceder a ella.<\/p>\n<p>[\/et_pb_toggle][et_pb_toggle title=\u00bbGU\u00cdA %22EDUCAR PARA PROTEGER%22 (ADOLESCENTES)\u00bb _builder_version=\u00bb4.16&#8243; link_option_url=\u00bbhttps:\/\/trinidad.salesianos.edu\/download\/guia-educar-para-proteger-adolescentes\/\u00bb link_option_url_new_window=\u00bbon\u00bb global_colors_info=\u00bb{}\u00bb]<\/p>\n<p>La Junta de Andaluc\u00eda te ofrece una gu\u00eda para padres destinada a la educaci\u00f3n en las TIC de los hijos adolescentes.<a href=\"https:\/\/trinidad.salesianos.edu\/download\/guia-educar-para-proteger-adolescentes\/\">\u00a0Pulsando en este enlace<\/a> podr\u00e1s acceder a ella.<\/p>\n<p>[\/et_pb_toggle][et_pb_toggle title=\u00bbOTROS RECURSOS\u00bb _builder_version=\u00bb4.24.0&#8243; link_option_url_new_window=\u00bbon\u00bb hover_enabled=\u00bb0&#8243; global_colors_info=\u00bb{}\u00bb sticky_enabled=\u00bb0&#8243;]<\/p>\n<p>Desde el centro hemos creado una p\u00e1gina en el que hemos ido subiendo contenido que creemos que puede ser de utilidad. Muchos de ellos, relacionados con las nuevas tecnolog\u00eda. Echa un vistazo pinchando <a href=\"https:\/\/trinidad.salesianos.edu\/colegio\/recursos-familia\/\" target=\"_blank\" rel=\"noopener\">aqu\u00ed<\/a><\/p>\n<p>[\/et_pb_toggle][\/et_pb_column][\/et_pb_row][\/et_pb_section][et_pb_section fb_built=\u00bb1&#8243; _builder_version=\u00bb4.16&#8243; _module_preset=\u00bbdefault\u00bb custom_margin=\u00bb-114px|||||\u00bb bottom_divider_color=\u00bb#9e9e9e\u00bb global_colors_info=\u00bb{}\u00bb][et_pb_row column_structure=\u00bb1_3,2_3&#8243; _builder_version=\u00bb4.16&#8243; _module_preset=\u00bbdefault\u00bb global_colors_info=\u00bb{}\u00bb][et_pb_column type=\u00bb1_3&#8243; _builder_version=\u00bb4.16&#8243; _module_preset=\u00bbdefault\u00bb global_colors_info=\u00bb{}\u00bb][et_pb_blurb title=\u00bbAccesos directos\u00bb use_icon=\u00bbon\u00bb font_icon=\u00bb&#xe60c;||divi||400&#8243; icon_color=\u00bb#636a70&#8243; icon_placement=\u00bbleft\u00bb image_icon_width=\u00bb35px\u00bb _builder_version=\u00bb4.16&#8243; _module_preset=\u00bbdefault\u00bb header_font=\u00bb|700|||||||\u00bb header_text_align=\u00bbleft\u00bb header_text_color=\u00bb#636a70&#8243; header_font_size=\u00bb23px\u00bb header_line_height=\u00bb1.4em\u00bb body_font_size=\u00bb18px\u00bb icon_font_size=\u00bb35px\u00bb global_colors_info=\u00bb{}\u00bb][\/et_pb_blurb][\/et_pb_column][et_pb_column type=\u00bb2_3&#8243; _builder_version=\u00bb4.16&#8243; _module_preset=\u00bbdefault\u00bb global_colors_info=\u00bb{}\u00bb][et_pb_divider divider_position=\u00bbbottom\u00bb divider_weight=\u00bb9px\u00bb disabled_on=\u00bboff|off|off\u00bb _builder_version=\u00bb4.16&#8243; _module_preset=\u00bbdefault\u00bb overflow-x=\u00bbhidden\u00bb custom_margin=\u00bb|0px|||false|false\u00bb overflow-x_tablet=\u00bb\u00bb overflow-x_phone=\u00bbhidden\u00bb overflow-x_last_edited=\u00bbon|phone\u00bb overflow-y_tablet=\u00bb\u00bb overflow-y_phone=\u00bb\u00bb overflow-y_last_edited=\u00bbon|phone\u00bb global_colors_info=\u00bb{}\u00bb][\/et_pb_divider][\/et_pb_column][\/et_pb_row][et_pb_row column_structure=\u00bb1_6,1_6,1_6,1_6,1_6,1_6&#8243; _builder_version=\u00bb4.16&#8243; _module_preset=\u00bbdefault\u00bb custom_padding=\u00bb0px|50px||50px|false|false\u00bb box_shadow_style=\u00bbpreset3&#8243; global_colors_info=\u00bb{}\u00bb][et_pb_column type=\u00bb1_6&#8243; _builder_version=\u00bb4.16&#8243; _module_preset=\u00bbdefault\u00bb global_colors_info=\u00bb{}\u00bb][et_pb_blurb title=\u00bbBolsa de trabajo\u00bb url=\u00bbhttp:\/\/bolsatrabajo.salesianostrinidad.com\/\u00bb url_new_window=\u00bbon\u00bb image=\u00bbhttps:\/\/trinidad.salesianos.edu\/colegio\/wp-content\/uploads\/sites\/11\/2019\/05\/logo_small.jpg\u00bb image_icon_width=\u00bb75%\u00bb _builder_version=\u00bb4.16&#8243; _module_preset=\u00bbdefault\u00bb header_text_align=\u00bbcenter\u00bb header_font_size=\u00bb20px\u00bb body_text_align=\u00bbcenter\u00bb image_max_width=\u00bb75%\u00bb global_colors_info=\u00bb{}\u00bb]<\/p>\n<p>Accede a la bolsa de trabajo de la Trinidad para alumnos de FP<\/p>\n<p>[\/et_pb_blurb][\/et_pb_column][et_pb_column type=\u00bb1_6&#8243; _builder_version=\u00bb4.16&#8243; _module_preset=\u00bbdefault\u00bb global_colors_info=\u00bb{}\u00bb][et_pb_blurb title=\u00bbAula virtual\u00bb url=\u00bbhttp:\/\/aulasalesianostrinidad.com\/\u00bb url_new_window=\u00bbon\u00bb image=\u00bbhttps:\/\/trinidad.salesianos.edu\/colegio\/wp-content\/uploads\/sites\/11\/2021\/08\/logo_salesianos_portada-min.png\u00bb image_icon_width=\u00bb75%\u00bb _builder_version=\u00bb4.16&#8243; _module_preset=\u00bbdefault\u00bb header_text_align=\u00bbcenter\u00bb header_font_size=\u00bb20px\u00bb body_text_align=\u00bbcenter\u00bb image_max_width=\u00bb75%\u00bb global_colors_info=\u00bb{}\u00bb]<\/p>\n<p>Tu aula donde quieras<\/p>\n<p>[\/et_pb_blurb][\/et_pb_column][et_pb_column type=\u00bb1_6&#8243; _builder_version=\u00bb4.16&#8243; _module_preset=\u00bbdefault\u00bb global_colors_info=\u00bb{}\u00bb][et_pb_blurb title=\u00bbQualitas  Familia\u00bb url=\u00bbhttps:\/\/trinidad.salesianos.edu\/qualitas-escuela-familia-2\/\u00bb url_new_window=\u00bbon\u00bb image=\u00bbhttps:\/\/trinidad.salesianos.edu\/colegio\/wp-content\/uploads\/sites\/11\/2019\/05\/unnamed.png\u00bb image_icon_width=\u00bb75%\u00bb _builder_version=\u00bb4.16&#8243; _module_preset=\u00bbdefault\u00bb header_text_align=\u00bbcenter\u00bb header_font_size=\u00bb20px\u00bb body_text_align=\u00bbcenter\u00bb image_max_width=\u00bb75%\u00bb global_colors_info=\u00bb{}\u00bb]<\/p>\n<p>Accede a la plataforma de seguimiento escolar<\/p>\n<p>[\/et_pb_blurb][\/et_pb_column][et_pb_column type=\u00bb1_6&#8243; _builder_version=\u00bb4.16&#8243; _module_preset=\u00bbdefault\u00bb global_colors_info=\u00bb{}\u00bb][et_pb_blurb title=\u00bbProyecto TIC\u00bb url=\u00bbhttps:\/\/trinidad.salesianos.edu\/colegio\/proyecto-tic\/\u00bb url_new_window=\u00bbon\u00bb image=\u00bbhttps:\/\/trinidad.salesianos.edu\/colegio\/wp-content\/uploads\/sites\/11\/2021\/08\/laptop-2298286.png\u00bb image_icon_width=\u00bb80%\u00bb _builder_version=\u00bb4.16&#8243; _module_preset=\u00bbdefault\u00bb header_text_align=\u00bbcenter\u00bb header_font_size=\u00bb20px\u00bb body_text_align=\u00bbcenter\u00bb custom_padding=\u00bb16px||||false|false\u00bb image_max_width=\u00bb80%\u00bb global_colors_info=\u00bb{}\u00bb]<\/p>\n<p>Conoce nuestra apuesta por las TIC en la educaci\u00f3n<\/p>\n<p>[\/et_pb_blurb][\/et_pb_column][et_pb_column type=\u00bb1_6&#8243; _builder_version=\u00bb4.16&#8243; _module_preset=\u00bbdefault\u00bb global_colors_info=\u00bb{}\u00bb][et_pb_blurb title=\u00bbEnglish Corner\u00bb url=\u00bbhttps:\/\/trinidad.salesianos.edu\/englishcorner\/\u00bb image=\u00bbhttps:\/\/trinidad.salesianos.edu\/colegio\/wp-content\/uploads\/sites\/11\/2021\/08\/corner.jpg\u00bb image_icon_width=\u00bb75%\u00bb _builder_version=\u00bb4.16&#8243; _module_preset=\u00bbdefault\u00bb header_text_align=\u00bbcenter\u00bb header_font_size=\u00bb20px\u00bb body_text_align=\u00bbcenter\u00bb image_max_width=\u00bb75%\u00bb global_colors_info=\u00bb{}\u00bb]<\/p>\n<p>Accede a nuestra p\u00e1gina de biling\u00fcismo<\/p>\n<p>[\/et_pb_blurb][\/et_pb_column][et_pb_column type=\u00bb1_6&#8243; _builder_version=\u00bb4.16&#8243; _module_preset=\u00bbdefault\u00bb global_colors_info=\u00bb{}\u00bb][et_pb_blurb title=\u00bbErasmus\u00bb url=\u00bbhttps:\/\/trinidad.salesianos.edu\/colegio\/programa-erasmus-2\/\u00bb image=\u00bbhttps:\/\/trinidad.salesianos.edu\/colegio\/wp-content\/uploads\/sites\/11\/2021\/08\/erasmus.png\u00bb image_icon_width=\u00bb75%\u00bb _builder_version=\u00bb4.16&#8243; _module_preset=\u00bbdefault\u00bb header_text_align=\u00bbcenter\u00bb header_font_size=\u00bb20px\u00bb body_text_align=\u00bbcenter\u00bb custom_padding=\u00bb27px||||false|false\u00bb image_max_width=\u00bb75%\u00bb global_colors_info=\u00bb{}\u00bb]<\/p>\n<p>Conoce nuestros programas de movilidad por Europa<\/p>\n<p>[\/et_pb_blurb][\/et_pb_column][\/et_pb_row][\/et_pb_section]<\/p>\n","protected":false},"excerpt":{"rendered":"<p>&nbsp; &nbsp; &nbsp; &nbsp; &nbsp; &nbsp; &nbsp; &nbsp; &nbsp; &nbsp; &nbsp; &nbsp;Las tecnolog\u00edas de la informaci\u00f3n y la comunicaci\u00f3n han experimentado en un corto espacio de tiempo un gran auge hasta tal punto de llegar a configurar un nuevo modelo de sociedad: la sociedad de la informaci\u00f3n y de la comunicaci\u00f3n.Nuestro sistema educativo por tanto [&hellip;]<\/p>\n","protected":false},"author":3,"featured_media":0,"parent":0,"menu_order":0,"comment_status":"closed","ping_status":"closed","template":"","meta":{"_et_pb_use_builder":"on","_et_pb_old_content":"","_et_gb_content_width":"","footnotes":""},"class_list":["post-10630","page","type-page","status-publish","hentry"],"yoast_head":"<!-- This site is optimized with the Yoast SEO plugin v27.3 - https:\/\/yoast.com\/product\/yoast-seo-wordpress\/ -->\n<title>Proyecto TIC - Colegio Salesianos Sant\u00edsima Trinidad<\/title>\n<meta name=\"robots\" content=\"index, follow, max-snippet:-1, max-image-preview:large, max-video-preview:-1\" \/>\n<link rel=\"canonical\" href=\"https:\/\/trinidad.salesianos.edu\/colegio\/proyecto-tic\/\" \/>\n<meta property=\"og:locale\" content=\"es_ES\" \/>\n<meta property=\"og:type\" content=\"article\" \/>\n<meta property=\"og:title\" content=\"Proyecto TIC - Colegio Salesianos Sant\u00edsima Trinidad\" \/>\n<meta property=\"og:description\" content=\"&nbsp; &nbsp; &nbsp; &nbsp; &nbsp; &nbsp; &nbsp; &nbsp; &nbsp; &nbsp; &nbsp; &nbsp;Las tecnolog\u00edas de la informaci\u00f3n y la comunicaci\u00f3n han experimentado en un corto espacio de tiempo un gran auge hasta tal punto de llegar a configurar un nuevo modelo de sociedad: la sociedad de la informaci\u00f3n y de la comunicaci\u00f3n.Nuestro sistema educativo por tanto [&hellip;]\" \/>\n<meta property=\"og:url\" content=\"https:\/\/trinidad.salesianos.edu\/colegio\/proyecto-tic\/\" \/>\n<meta property=\"og:site_name\" content=\"Colegio Salesianos Sant\u00edsima Trinidad\" \/>\n<meta property=\"article:modified_time\" content=\"2024-01-24T19:22:56+00:00\" \/>\n<meta name=\"twitter:card\" content=\"summary_large_image\" \/>\n<meta name=\"twitter:label1\" content=\"Tiempo de lectura\" \/>\n\t<meta name=\"twitter:data1\" content=\"7 minutos\" \/>\n<script type=\"application\/ld+json\" class=\"yoast-schema-graph\">{\"@context\":\"https:\\\/\\\/schema.org\",\"@graph\":[{\"@type\":\"WebPage\",\"@id\":\"https:\\\/\\\/trinidad.salesianos.edu\\\/colegio\\\/proyecto-tic\\\/\",\"url\":\"https:\\\/\\\/trinidad.salesianos.edu\\\/colegio\\\/proyecto-tic\\\/\",\"name\":\"Proyecto TIC - Colegio Salesianos Sant\u00edsima Trinidad\",\"isPartOf\":{\"@id\":\"https:\\\/\\\/trinidad.salesianos.edu\\\/colegio\\\/#website\"},\"datePublished\":\"2019-08-31T16:47:28+00:00\",\"dateModified\":\"2024-01-24T19:22:56+00:00\",\"breadcrumb\":{\"@id\":\"https:\\\/\\\/trinidad.salesianos.edu\\\/colegio\\\/proyecto-tic\\\/#breadcrumb\"},\"inLanguage\":\"es\",\"potentialAction\":[{\"@type\":\"ReadAction\",\"target\":[\"https:\\\/\\\/trinidad.salesianos.edu\\\/colegio\\\/proyecto-tic\\\/\"]}]},{\"@type\":\"BreadcrumbList\",\"@id\":\"https:\\\/\\\/trinidad.salesianos.edu\\\/colegio\\\/proyecto-tic\\\/#breadcrumb\",\"itemListElement\":[{\"@type\":\"ListItem\",\"position\":1,\"name\":\"Portada\",\"item\":\"https:\\\/\\\/trinidad.salesianos.edu\\\/colegio\\\/\"},{\"@type\":\"ListItem\",\"position\":2,\"name\":\"Proyecto TIC\"}]},{\"@type\":\"WebSite\",\"@id\":\"https:\\\/\\\/trinidad.salesianos.edu\\\/colegio\\\/#website\",\"url\":\"https:\\\/\\\/trinidad.salesianos.edu\\\/colegio\\\/\",\"name\":\"Colegio Salesianos Sant\u00edsima Trinidad\",\"description\":\"P\u00e1gina oficial Salesianos Trinidad\",\"potentialAction\":[{\"@type\":\"SearchAction\",\"target\":{\"@type\":\"EntryPoint\",\"urlTemplate\":\"https:\\\/\\\/trinidad.salesianos.edu\\\/colegio\\\/?s={search_term_string}\"},\"query-input\":{\"@type\":\"PropertyValueSpecification\",\"valueRequired\":true,\"valueName\":\"search_term_string\"}}],\"inLanguage\":\"es\"}]}<\/script>\n<!-- \/ Yoast SEO plugin. -->","yoast_head_json":{"title":"Proyecto TIC - Colegio Salesianos Sant\u00edsima Trinidad","robots":{"index":"index","follow":"follow","max-snippet":"max-snippet:-1","max-image-preview":"max-image-preview:large","max-video-preview":"max-video-preview:-1"},"canonical":"https:\/\/trinidad.salesianos.edu\/colegio\/proyecto-tic\/","og_locale":"es_ES","og_type":"article","og_title":"Proyecto TIC - Colegio Salesianos Sant\u00edsima Trinidad","og_description":"&nbsp; &nbsp; &nbsp; &nbsp; &nbsp; &nbsp; &nbsp; &nbsp; &nbsp; &nbsp; &nbsp; &nbsp;Las tecnolog\u00edas de la informaci\u00f3n y la comunicaci\u00f3n han experimentado en un corto espacio de tiempo un gran auge hasta tal punto de llegar a configurar un nuevo modelo de sociedad: la sociedad de la informaci\u00f3n y de la comunicaci\u00f3n.Nuestro sistema educativo por tanto [&hellip;]","og_url":"https:\/\/trinidad.salesianos.edu\/colegio\/proyecto-tic\/","og_site_name":"Colegio Salesianos Sant\u00edsima Trinidad","article_modified_time":"2024-01-24T19:22:56+00:00","twitter_card":"summary_large_image","twitter_misc":{"Tiempo de lectura":"7 minutos"},"schema":{"@context":"https:\/\/schema.org","@graph":[{"@type":"WebPage","@id":"https:\/\/trinidad.salesianos.edu\/colegio\/proyecto-tic\/","url":"https:\/\/trinidad.salesianos.edu\/colegio\/proyecto-tic\/","name":"Proyecto TIC - Colegio Salesianos Sant\u00edsima Trinidad","isPartOf":{"@id":"https:\/\/trinidad.salesianos.edu\/colegio\/#website"},"datePublished":"2019-08-31T16:47:28+00:00","dateModified":"2024-01-24T19:22:56+00:00","breadcrumb":{"@id":"https:\/\/trinidad.salesianos.edu\/colegio\/proyecto-tic\/#breadcrumb"},"inLanguage":"es","potentialAction":[{"@type":"ReadAction","target":["https:\/\/trinidad.salesianos.edu\/colegio\/proyecto-tic\/"]}]},{"@type":"BreadcrumbList","@id":"https:\/\/trinidad.salesianos.edu\/colegio\/proyecto-tic\/#breadcrumb","itemListElement":[{"@type":"ListItem","position":1,"name":"Portada","item":"https:\/\/trinidad.salesianos.edu\/colegio\/"},{"@type":"ListItem","position":2,"name":"Proyecto TIC"}]},{"@type":"WebSite","@id":"https:\/\/trinidad.salesianos.edu\/colegio\/#website","url":"https:\/\/trinidad.salesianos.edu\/colegio\/","name":"Colegio Salesianos Sant\u00edsima Trinidad","description":"P\u00e1gina oficial Salesianos Trinidad","potentialAction":[{"@type":"SearchAction","target":{"@type":"EntryPoint","urlTemplate":"https:\/\/trinidad.salesianos.edu\/colegio\/?s={search_term_string}"},"query-input":{"@type":"PropertyValueSpecification","valueRequired":true,"valueName":"search_term_string"}}],"inLanguage":"es"}]}},"_links":{"self":[{"href":"https:\/\/trinidad.salesianos.edu\/colegio\/wp-json\/wp\/v2\/pages\/10630","targetHints":{"allow":["GET"]}}],"collection":[{"href":"https:\/\/trinidad.salesianos.edu\/colegio\/wp-json\/wp\/v2\/pages"}],"about":[{"href":"https:\/\/trinidad.salesianos.edu\/colegio\/wp-json\/wp\/v2\/types\/page"}],"author":[{"embeddable":true,"href":"https:\/\/trinidad.salesianos.edu\/colegio\/wp-json\/wp\/v2\/users\/3"}],"replies":[{"embeddable":true,"href":"https:\/\/trinidad.salesianos.edu\/colegio\/wp-json\/wp\/v2\/comments?post=10630"}],"version-history":[{"count":52,"href":"https:\/\/trinidad.salesianos.edu\/colegio\/wp-json\/wp\/v2\/pages\/10630\/revisions"}],"predecessor-version":[{"id":16342,"href":"https:\/\/trinidad.salesianos.edu\/colegio\/wp-json\/wp\/v2\/pages\/10630\/revisions\/16342"}],"wp:attachment":[{"href":"https:\/\/trinidad.salesianos.edu\/colegio\/wp-json\/wp\/v2\/media?parent=10630"}],"curies":[{"name":"wp","href":"https:\/\/api.w.org\/{rel}","templated":true}]}}