
{"id":9752,"date":"2019-09-11T17:42:52","date_gmt":"2019-09-11T15:42:52","guid":{"rendered":"https:\/\/trinidad.salesianos.edu\/centrojuvenil\/?page_id=9752"},"modified":"2025-10-07T17:21:39","modified_gmt":"2025-10-07T15:21:39","slug":"grupo-de-liturgia","status":"publish","type":"page","link":"https:\/\/trinidad.salesianos.edu\/centrojuvenil\/grupo-de-liturgia\/","title":{"rendered":"Grupo de Liturgia"},"content":{"rendered":"<p>[et_pb_section fb_built=\u00bb1&#8243; fullwidth=\u00bbon\u00bb _builder_version=\u00bb4.16&#8243; _module_preset=\u00bbdefault\u00bb global_colors_info=\u00bb{}\u00bb][et_pb_fullwidth_header title=\u00bbEucarist\u00eda Dominical\u00bb title_tablet=\u00bbEucarist\u00eda Dominical\u00bb title_phone=\u00bbEucarist\u00eda Dominical\u00bb title_last_edited=\u00bbon|tablet\u00bb content_tablet=\u00bb<\/p>\n<\/p>\n<\/p>\n<\/p>\n<\/p>\n<p>\u00bb content_phone=\u00bb<\/p>\n<\/p>\n<\/p>\n<p>\u00bb content_last_edited=\u00bbon|desktop\u00bb _builder_version=\u00bb4.18.0&#8243; _module_preset=\u00bbdefault\u00bb title_text_align=\u00bbright\u00bb title_font_size=\u00bb37px\u00bb background_image=\u00bbhttps:\/\/trinidad.salesianos.edu\/centrojuvenil\/wp-content\/uploads\/sites\/6\/2021\/12\/remehernandez-1556573216574-cathopic-scaled.jpg\u00bb background_position=\u00bbbottom_left\u00bb title_font_size_tablet=\u00bb37px\u00bb title_font_size_phone=\u00bb37px\u00bb title_font_size_last_edited=\u00bbon|desktop\u00bb global_colors_info=\u00bb{}\u00bb]<\/p>\n<p>&nbsp;<\/p>\n<p>&nbsp;<\/p>\n<p>&nbsp;<\/p>\n<p>&nbsp;<\/p>\n<p>&nbsp;<\/p>\n<p>&nbsp;<\/p>\n<p>&nbsp;<\/p>\n<p>&nbsp;<\/p>\n<p>&nbsp;<\/p>\n<p>&nbsp;<\/p>\n<p>&nbsp;<\/p>\n<p>&nbsp;<\/p>\n<p>&nbsp;<\/p>\n<p>&nbsp;<\/p>\n<p>&nbsp;<\/p>\n<p>[\/et_pb_fullwidth_header][\/et_pb_section][et_pb_section fb_built=\u00bb1&#8243; _builder_version=\u00bb4.27.0&#8243; background_color=\u00bbrgba(193,193,193,0.24)\u00bb custom_margin=\u00bb||20px|||\u00bb custom_padding=\u00bb||60px|||\u00bb global_colors_info=\u00bb{}\u00bb][et_pb_row column_structure=\u00bb1_3,1_3,1_3&#8243; _builder_version=\u00bb4.16&#8243; width=\u00bb79.7%\u00bb global_colors_info=\u00bb{}\u00bb][et_pb_column type=\u00bb1_3&#8243; _builder_version=\u00bb4.16&#8243; global_colors_info=\u00bb{}\u00bb][et_pb_blurb title=\u00bb\u00bfQui\u00e9nes somos?\u00bb use_icon=\u00bbon\u00bb font_icon=\u00bb&#xf0c0;||fa||900&#8243; image_icon_width=\u00bb80px\u00bb _builder_version=\u00bb4.18.0&#8243; _module_preset=\u00bbdefault\u00bb header_font=\u00bbActor||||||||\u00bb header_text_align=\u00bbcenter\u00bb body_font=\u00bbActor|700|||||||\u00bb body_text_align=\u00bbcenter\u00bb body_font_size=\u00bb16px\u00bb body_line_height=\u00bb1.2em\u00bb global_colors_info=\u00bb{}\u00bb]<\/p>\n<p>Somos un grupo de personas que animamos la Eucarist\u00eda Dominical. Lo formamos todos los grupos que pertenecemos a esta Casa Salesiana de la Sant\u00edsima Trinidad.<\/p>\n<p>[\/et_pb_blurb][\/et_pb_column][et_pb_column type=\u00bb1_3&#8243; _builder_version=\u00bb4.16&#8243; global_colors_info=\u00bb{}\u00bb][et_pb_blurb title=\u00bb\u00bfD\u00f3nde celebramos la Eucarist\u00eda?\u00bb use_icon=\u00bbon\u00bb font_icon=\u00bb&#xf3c5;||fa||900&#8243; image_icon_width=\u00bb80px\u00bb _builder_version=\u00bb4.18.0&#8243; _module_preset=\u00bbdefault\u00bb header_font=\u00bbActor||||||||\u00bb header_text_align=\u00bbcenter\u00bb body_font=\u00bbActor|700|||||||\u00bb body_text_align=\u00bbcenter\u00bb body_font_size=\u00bb16px\u00bb body_line_height=\u00bb0.7em\u00bb global_colors_info=\u00bb{}\u00bb]<\/p>\n<p>Lugar: Bas\u00edlica de Mar\u00eda Auxiliadora<\/p>\n<p>Hora: 13.00 h<\/p>\n<p>[\/et_pb_blurb][\/et_pb_column][et_pb_column type=\u00bb1_3&#8243; _builder_version=\u00bb4.16&#8243; global_colors_info=\u00bb{}\u00bb][et_pb_blurb title=\u00bb\u00bfQu\u00e9 hacemos?\u00bb use_icon=\u00bbon\u00bb font_icon=\u00bb&#xf51d;||fa||900&#8243; image_icon_width=\u00bb80px\u00bb _builder_version=\u00bb4.18.0&#8243; _module_preset=\u00bbdefault\u00bb header_font=\u00bbActor||||||||\u00bb header_text_align=\u00bbcenter\u00bb body_font=\u00bbActor|700|||||||\u00bb body_text_align=\u00bbcenter\u00bb body_font_size=\u00bb16px\u00bb body_line_height=\u00bb1.2em\u00bb global_colors_info=\u00bb{}\u00bb]<\/p>\n<p>Compartimos la palabra a trav\u00e9s de la Lectio Divina. Preparamos las moniciones y peticiones con su tem\u00e1tica correspondiente. Preparamos un gesto especial relacionado con el Evangelio del Domingo.<\/p>\n<p>[\/et_pb_blurb][\/et_pb_column][\/et_pb_row][\/et_pb_section][et_pb_section fb_built=\u00bb1&#8243; fullwidth=\u00bbon\u00bb _builder_version=\u00bb4.27.0&#8243; _module_preset=\u00bbdefault\u00bb custom_margin=\u00bb-21px||||false|false\u00bb global_colors_info=\u00bb{}\u00bb][et_pb_fullwidth_header title=\u00bbCalendario animaci\u00f3n 2025-2026&#8243; _builder_version=\u00bb4.27.4&#8243; _module_preset=\u00bbdefault\u00bb title_text_align=\u00bbright\u00bb title_text_color=\u00bb#FFFFFF\u00bb background_color=\u00bb#E02B20&#8243; background_enable_image=\u00bboff\u00bb background_size=\u00bbcontain\u00bb custom_margin=\u00bb13px||||false|false\u00bb custom_padding=\u00bb10px||0px||false|false\u00bb global_colors_info=\u00bb{}\u00bb][\/et_pb_fullwidth_header][\/et_pb_section][et_pb_section fb_built=\u00bb1&#8243; _builder_version=\u00bb4.18.0&#8243; _module_preset=\u00bbdefault\u00bb global_colors_info=\u00bb{}\u00bb][et_pb_row column_structure=\u00bb1_3,1_3,1_3&#8243; module_id=\u00bbcalendario\u00bb _builder_version=\u00bb4.27.0&#8243; _module_preset=\u00bbdefault\u00bb global_colors_info=\u00bb{}\u00bb][et_pb_column type=\u00bb1_3&#8243; _builder_version=\u00bb4.16&#8243; _module_preset=\u00bbdefault\u00bb global_colors_info=\u00bb{}\u00bb][et_pb_image src=\u00bbhttps:\/\/trinidad.salesianos.edu\/centrojuvenil\/wp-content\/uploads\/sites\/6\/2025\/09\/1.jpg\u00bb title_text=\u00bb1&#8243; url=\u00bbhttps:\/\/trinidad.salesianos.edu\/centrojuvenil\/wp-content\/uploads\/sites\/6\/2025\/10\/Calendario-animacion-CEP-sept-dic-scaled.png\u00bb url_new_window=\u00bbon\u00bb _builder_version=\u00bb4.27.4&#8243; _module_preset=\u00bbdefault\u00bb hover_enabled=\u00bb0&#8243; border_radii=\u00bbon|10px|10px|10px|10px\u00bb box_shadow_style=\u00bbpreset2&#8243; global_colors_info=\u00bb{}\u00bb sticky_enabled=\u00bb0&#8243;][\/et_pb_image][\/et_pb_column][et_pb_column type=\u00bb1_3&#8243; _builder_version=\u00bb4.16&#8243; _module_preset=\u00bbdefault\u00bb global_colors_info=\u00bb{}\u00bb][et_pb_image src=\u00bbhttps:\/\/trinidad.salesianos.edu\/centrojuvenil\/wp-content\/uploads\/sites\/6\/2025\/09\/2.jpg\u00bb title_text=\u00bb2&#8243; url=\u00bbhttps:\/\/trinidad.salesianos.edu\/centrojuvenil\/wp-content\/uploads\/sites\/6\/2025\/09\/Calendario-animacion-CEP-ene-mar.png\u00bb url_new_window=\u00bbon\u00bb _builder_version=\u00bb4.27.4&#8243; _module_preset=\u00bbdefault\u00bb border_radii=\u00bbon|10px|10px|10px|10px\u00bb box_shadow_style=\u00bbpreset2&#8243; global_colors_info=\u00bb{}\u00bb][\/et_pb_image][\/et_pb_column][et_pb_column type=\u00bb1_3&#8243; _builder_version=\u00bb4.16&#8243; _module_preset=\u00bbdefault\u00bb global_colors_info=\u00bb{}\u00bb][et_pb_image src=\u00bbhttps:\/\/trinidad.salesianos.edu\/centrojuvenil\/wp-content\/uploads\/sites\/6\/2025\/09\/3.jpg\u00bb title_text=\u00bb3&#8243; url=\u00bbhttps:\/\/trinidad.salesianos.edu\/centrojuvenil\/wp-content\/uploads\/sites\/6\/2025\/09\/Calendario-animacion-CEP-abr-jun.png\u00bb url_new_window=\u00bbon\u00bb _builder_version=\u00bb4.27.4&#8243; _module_preset=\u00bbdefault\u00bb border_radii=\u00bbon|10px|10px|10px|10px\u00bb box_shadow_style=\u00bbpreset2&#8243; global_colors_info=\u00bb{}\u00bb][\/et_pb_image][\/et_pb_column][\/et_pb_row][\/et_pb_section]<\/p>\n","protected":false},"excerpt":{"rendered":"<p>&nbsp; &nbsp; &nbsp; &nbsp; &nbsp; &nbsp; &nbsp; &nbsp; &nbsp; &nbsp; &nbsp; &nbsp; &nbsp; &nbsp; &nbsp;Somos un grupo de personas que animamos la Eucarist\u00eda Dominical. Lo formamos todos los grupos que pertenecemos a esta Casa Salesiana de la Sant\u00edsima Trinidad.Lugar: Bas\u00edlica de Mar\u00eda Auxiliadora Hora: 13.00 hCompartimos la palabra a trav\u00e9s de la Lectio Divina. Preparamos [&hellip;]<\/p>\n","protected":false},"author":6,"featured_media":0,"parent":0,"menu_order":0,"comment_status":"closed","ping_status":"closed","template":"","meta":{"_et_pb_use_builder":"on","_et_pb_old_content":"","_et_gb_content_width":"","footnotes":""},"class_list":["post-9752","page","type-page","status-publish","hentry"],"yoast_head":"<!-- This site is optimized with the Yoast SEO plugin v27.3 - https:\/\/yoast.com\/product\/yoast-seo-wordpress\/ -->\n<title>Grupo de Liturgia - Centro Juvenil Adelante<\/title>\n<meta name=\"robots\" content=\"index, follow, max-snippet:-1, max-image-preview:large, max-video-preview:-1\" \/>\n<link rel=\"canonical\" href=\"https:\/\/trinidad.salesianos.edu\/centrojuvenil\/grupo-de-liturgia\/\" \/>\n<meta property=\"og:locale\" content=\"es_ES\" \/>\n<meta property=\"og:type\" content=\"article\" \/>\n<meta property=\"og:title\" content=\"Grupo de Liturgia - Centro Juvenil Adelante\" \/>\n<meta property=\"og:description\" content=\"&nbsp; &nbsp; &nbsp; &nbsp; &nbsp; &nbsp; &nbsp; &nbsp; &nbsp; &nbsp; &nbsp; &nbsp; &nbsp; &nbsp; &nbsp;Somos un grupo de personas que animamos la Eucarist\u00eda Dominical. Lo formamos todos los grupos que pertenecemos a esta Casa Salesiana de la Sant\u00edsima Trinidad.Lugar: Bas\u00edlica de Mar\u00eda Auxiliadora Hora: 13.00 hCompartimos la palabra a trav\u00e9s de la Lectio Divina. Preparamos [&hellip;]\" \/>\n<meta property=\"og:url\" content=\"https:\/\/trinidad.salesianos.edu\/centrojuvenil\/grupo-de-liturgia\/\" \/>\n<meta property=\"og:site_name\" content=\"Centro Juvenil Adelante\" \/>\n<meta property=\"article:modified_time\" content=\"2025-10-07T15:21:39+00:00\" \/>\n<meta name=\"twitter:card\" content=\"summary_large_image\" \/>\n<meta name=\"twitter:label1\" content=\"Tiempo de lectura\" \/>\n\t<meta name=\"twitter:data1\" content=\"4 minutos\" \/>\n<script type=\"application\/ld+json\" class=\"yoast-schema-graph\">{\"@context\":\"https:\\\/\\\/schema.org\",\"@graph\":[{\"@type\":\"WebPage\",\"@id\":\"https:\\\/\\\/trinidad.salesianos.edu\\\/centrojuvenil\\\/grupo-de-liturgia\\\/\",\"url\":\"https:\\\/\\\/trinidad.salesianos.edu\\\/centrojuvenil\\\/grupo-de-liturgia\\\/\",\"name\":\"Grupo de Liturgia - Centro Juvenil Adelante\",\"isPartOf\":{\"@id\":\"https:\\\/\\\/trinidad.salesianos.edu\\\/centrojuvenil\\\/#website\"},\"datePublished\":\"2019-09-11T15:42:52+00:00\",\"dateModified\":\"2025-10-07T15:21:39+00:00\",\"breadcrumb\":{\"@id\":\"https:\\\/\\\/trinidad.salesianos.edu\\\/centrojuvenil\\\/grupo-de-liturgia\\\/#breadcrumb\"},\"inLanguage\":\"es\",\"potentialAction\":[{\"@type\":\"ReadAction\",\"target\":[\"https:\\\/\\\/trinidad.salesianos.edu\\\/centrojuvenil\\\/grupo-de-liturgia\\\/\"]}]},{\"@type\":\"BreadcrumbList\",\"@id\":\"https:\\\/\\\/trinidad.salesianos.edu\\\/centrojuvenil\\\/grupo-de-liturgia\\\/#breadcrumb\",\"itemListElement\":[{\"@type\":\"ListItem\",\"position\":1,\"name\":\"Portada\",\"item\":\"https:\\\/\\\/trinidad.salesianos.edu\\\/centrojuvenil\\\/\"},{\"@type\":\"ListItem\",\"position\":2,\"name\":\"Grupo de Liturgia\"}]},{\"@type\":\"WebSite\",\"@id\":\"https:\\\/\\\/trinidad.salesianos.edu\\\/centrojuvenil\\\/#website\",\"url\":\"https:\\\/\\\/trinidad.salesianos.edu\\\/centrojuvenil\\\/\",\"name\":\"Centro Juvenil Adelante\",\"description\":\"P\u00e1gina oficial Salesianos Trinidad\",\"potentialAction\":[{\"@type\":\"SearchAction\",\"target\":{\"@type\":\"EntryPoint\",\"urlTemplate\":\"https:\\\/\\\/trinidad.salesianos.edu\\\/centrojuvenil\\\/?s={search_term_string}\"},\"query-input\":{\"@type\":\"PropertyValueSpecification\",\"valueRequired\":true,\"valueName\":\"search_term_string\"}}],\"inLanguage\":\"es\"}]}<\/script>\n<!-- \/ Yoast SEO plugin. -->","yoast_head_json":{"title":"Grupo de Liturgia - Centro Juvenil Adelante","robots":{"index":"index","follow":"follow","max-snippet":"max-snippet:-1","max-image-preview":"max-image-preview:large","max-video-preview":"max-video-preview:-1"},"canonical":"https:\/\/trinidad.salesianos.edu\/centrojuvenil\/grupo-de-liturgia\/","og_locale":"es_ES","og_type":"article","og_title":"Grupo de Liturgia - Centro Juvenil Adelante","og_description":"&nbsp; &nbsp; &nbsp; &nbsp; &nbsp; &nbsp; &nbsp; &nbsp; &nbsp; &nbsp; &nbsp; &nbsp; &nbsp; &nbsp; &nbsp;Somos un grupo de personas que animamos la Eucarist\u00eda Dominical. Lo formamos todos los grupos que pertenecemos a esta Casa Salesiana de la Sant\u00edsima Trinidad.Lugar: Bas\u00edlica de Mar\u00eda Auxiliadora Hora: 13.00 hCompartimos la palabra a trav\u00e9s de la Lectio Divina. Preparamos [&hellip;]","og_url":"https:\/\/trinidad.salesianos.edu\/centrojuvenil\/grupo-de-liturgia\/","og_site_name":"Centro Juvenil Adelante","article_modified_time":"2025-10-07T15:21:39+00:00","twitter_card":"summary_large_image","twitter_misc":{"Tiempo de lectura":"4 minutos"},"schema":{"@context":"https:\/\/schema.org","@graph":[{"@type":"WebPage","@id":"https:\/\/trinidad.salesianos.edu\/centrojuvenil\/grupo-de-liturgia\/","url":"https:\/\/trinidad.salesianos.edu\/centrojuvenil\/grupo-de-liturgia\/","name":"Grupo de Liturgia - Centro Juvenil Adelante","isPartOf":{"@id":"https:\/\/trinidad.salesianos.edu\/centrojuvenil\/#website"},"datePublished":"2019-09-11T15:42:52+00:00","dateModified":"2025-10-07T15:21:39+00:00","breadcrumb":{"@id":"https:\/\/trinidad.salesianos.edu\/centrojuvenil\/grupo-de-liturgia\/#breadcrumb"},"inLanguage":"es","potentialAction":[{"@type":"ReadAction","target":["https:\/\/trinidad.salesianos.edu\/centrojuvenil\/grupo-de-liturgia\/"]}]},{"@type":"BreadcrumbList","@id":"https:\/\/trinidad.salesianos.edu\/centrojuvenil\/grupo-de-liturgia\/#breadcrumb","itemListElement":[{"@type":"ListItem","position":1,"name":"Portada","item":"https:\/\/trinidad.salesianos.edu\/centrojuvenil\/"},{"@type":"ListItem","position":2,"name":"Grupo de Liturgia"}]},{"@type":"WebSite","@id":"https:\/\/trinidad.salesianos.edu\/centrojuvenil\/#website","url":"https:\/\/trinidad.salesianos.edu\/centrojuvenil\/","name":"Centro Juvenil Adelante","description":"P\u00e1gina oficial Salesianos Trinidad","potentialAction":[{"@type":"SearchAction","target":{"@type":"EntryPoint","urlTemplate":"https:\/\/trinidad.salesianos.edu\/centrojuvenil\/?s={search_term_string}"},"query-input":{"@type":"PropertyValueSpecification","valueRequired":true,"valueName":"search_term_string"}}],"inLanguage":"es"}]}},"_links":{"self":[{"href":"https:\/\/trinidad.salesianos.edu\/centrojuvenil\/wp-json\/wp\/v2\/pages\/9752","targetHints":{"allow":["GET"]}}],"collection":[{"href":"https:\/\/trinidad.salesianos.edu\/centrojuvenil\/wp-json\/wp\/v2\/pages"}],"about":[{"href":"https:\/\/trinidad.salesianos.edu\/centrojuvenil\/wp-json\/wp\/v2\/types\/page"}],"author":[{"embeddable":true,"href":"https:\/\/trinidad.salesianos.edu\/centrojuvenil\/wp-json\/wp\/v2\/users\/6"}],"replies":[{"embeddable":true,"href":"https:\/\/trinidad.salesianos.edu\/centrojuvenil\/wp-json\/wp\/v2\/comments?post=9752"}],"version-history":[{"count":39,"href":"https:\/\/trinidad.salesianos.edu\/centrojuvenil\/wp-json\/wp\/v2\/pages\/9752\/revisions"}],"predecessor-version":[{"id":10993,"href":"https:\/\/trinidad.salesianos.edu\/centrojuvenil\/wp-json\/wp\/v2\/pages\/9752\/revisions\/10993"}],"wp:attachment":[{"href":"https:\/\/trinidad.salesianos.edu\/centrojuvenil\/wp-json\/wp\/v2\/media?parent=9752"}],"curies":[{"name":"wp","href":"https:\/\/api.w.org\/{rel}","templated":true}]}}