
{"id":9691,"date":"2019-09-11T13:01:07","date_gmt":"2019-09-11T11:01:07","guid":{"rendered":"https:\/\/trinidad.salesianos.edu\/centrojuvenil\/?page_id=9691"},"modified":"2019-09-16T08:52:09","modified_gmt":"2019-09-16T06:52:09","slug":"circulo-magico","status":"publish","type":"page","link":"https:\/\/trinidad.salesianos.edu\/centrojuvenil\/circulo-magico\/","title":{"rendered":"C\u00edrculo M\u00e1gico"},"content":{"rendered":"<p><img loading=\"lazy\" decoding=\"async\" class=\"alignnone wp-image-9924\" src=\"https:\/\/trinidad.salesianos.edu\/centrojuvenil\/wp-content\/uploads\/sites\/6\/2019\/09\/cmidb_2b.jpg\" alt=\"\" width=\"493\" height=\"444\" srcset=\"https:\/\/trinidad.salesianos.edu\/centrojuvenil\/wp-content\/uploads\/sites\/6\/2019\/09\/cmidb_2b.jpg 493w, https:\/\/trinidad.salesianos.edu\/centrojuvenil\/wp-content\/uploads\/sites\/6\/2019\/09\/cmidb_2b-480x432.jpg 480w\" sizes=\"(min-width: 0px) and (max-width: 480px) 480px, (min-width: 481px) 493px, 100vw\" \/><\/p>\n<p>&nbsp;<\/p>\n<p>El C\u00edrculo M\u00e1gico Internacional Don Bosco (@CMIDB) tiene aqu\u00ed su Sede Local de Sevilla, inserta en nuestro Centro Juvenil. \u00c9sta es una iniciativa del \u00e1mbito \u00abArte y Evangelizaci\u00f3n\u00bb de la Delegaci\u00f3n Nacional Salesiana de Pastoral Juvenil. (Cor&#8217;s).<\/p>\n<p>En nuestro centro juvenil un grupo de j\u00f3venes aficionados a la magia, junto con algunos profesionales, se re\u00fanen peri\u00f3dicamente para seguir creciendo juntos, aprendiendo nuevos juegos y preparando eventos solidarios.<\/p>\n<p>San Juan Bosco es el patr\u00f3n de los ilusionistas, y para nosotros es un orgullo contar con el C\u00edrculo M\u00e1gico Internacional Don Bosco en nuestra casa.<\/p>\n<p><img loading=\"lazy\" decoding=\"async\" class=\"alignnone  wp-image-9928\" src=\"https:\/\/trinidad.salesianos.edu\/centrojuvenil\/wp-content\/uploads\/sites\/6\/2019\/09\/IMG_6307-1024x683.jpg\" alt=\"\" width=\"783\" height=\"522\" \/><\/p>\n<p>Si est\u00e1s interesado, puedes contactar por instagram: @CMIDB<\/p>\n","protected":false},"excerpt":{"rendered":"<p>&nbsp; El C\u00edrculo M\u00e1gico Internacional Don Bosco (@CMIDB) tiene aqu\u00ed su Sede Local de Sevilla, inserta en nuestro Centro Juvenil. \u00c9sta es una iniciativa del \u00e1mbito \u00abArte y Evangelizaci\u00f3n\u00bb de la Delegaci\u00f3n Nacional Salesiana de Pastoral Juvenil. (Cor&#8217;s). En nuestro centro juvenil un grupo de j\u00f3venes aficionados a la magia, junto con algunos profesionales, se [&hellip;]<\/p>\n","protected":false},"author":6,"featured_media":0,"parent":0,"menu_order":0,"comment_status":"closed","ping_status":"closed","template":"","meta":{"_et_pb_use_builder":"","_et_pb_old_content":"","_et_gb_content_width":"","footnotes":""},"class_list":["post-9691","page","type-page","status-publish","hentry"],"yoast_head":"<!-- This site is optimized with the Yoast SEO plugin v27.3 - https:\/\/yoast.com\/product\/yoast-seo-wordpress\/ -->\n<title>C\u00edrculo M\u00e1gico - Centro Juvenil Adelante<\/title>\n<meta name=\"robots\" content=\"index, follow, max-snippet:-1, max-image-preview:large, max-video-preview:-1\" \/>\n<link rel=\"canonical\" href=\"https:\/\/trinidad.salesianos.edu\/centrojuvenil\/circulo-magico\/\" \/>\n<meta property=\"og:locale\" content=\"es_ES\" \/>\n<meta property=\"og:type\" content=\"article\" \/>\n<meta property=\"og:title\" content=\"C\u00edrculo M\u00e1gico - Centro Juvenil Adelante\" \/>\n<meta property=\"og:description\" content=\"&nbsp; El C\u00edrculo M\u00e1gico Internacional Don Bosco (@CMIDB) tiene aqu\u00ed su Sede Local de Sevilla, inserta en nuestro Centro Juvenil. \u00c9sta es una iniciativa del \u00e1mbito \u00abArte y Evangelizaci\u00f3n\u00bb de la Delegaci\u00f3n Nacional Salesiana de Pastoral Juvenil. (Cor&#8217;s). En nuestro centro juvenil un grupo de j\u00f3venes aficionados a la magia, junto con algunos profesionales, se [&hellip;]\" \/>\n<meta property=\"og:url\" content=\"https:\/\/trinidad.salesianos.edu\/centrojuvenil\/circulo-magico\/\" \/>\n<meta property=\"og:site_name\" content=\"Centro Juvenil Adelante\" \/>\n<meta property=\"article:modified_time\" content=\"2019-09-16T06:52:09+00:00\" \/>\n<meta property=\"og:image\" content=\"https:\/\/trinidad.salesianos.edu\/centrojuvenil\/wp-content\/uploads\/sites\/6\/2019\/09\/cmidb_2b.jpg\" \/>\n<meta name=\"twitter:card\" content=\"summary_large_image\" \/>\n<meta name=\"twitter:label1\" content=\"Tiempo de lectura\" \/>\n\t<meta name=\"twitter:data1\" content=\"1 minuto\" \/>\n<script type=\"application\/ld+json\" class=\"yoast-schema-graph\">{\"@context\":\"https:\\\/\\\/schema.org\",\"@graph\":[{\"@type\":\"WebPage\",\"@id\":\"https:\\\/\\\/trinidad.salesianos.edu\\\/centrojuvenil\\\/circulo-magico\\\/\",\"url\":\"https:\\\/\\\/trinidad.salesianos.edu\\\/centrojuvenil\\\/circulo-magico\\\/\",\"name\":\"C\u00edrculo M\u00e1gico - Centro Juvenil Adelante\",\"isPartOf\":{\"@id\":\"https:\\\/\\\/trinidad.salesianos.edu\\\/centrojuvenil\\\/#website\"},\"primaryImageOfPage\":{\"@id\":\"https:\\\/\\\/trinidad.salesianos.edu\\\/centrojuvenil\\\/circulo-magico\\\/#primaryimage\"},\"image\":{\"@id\":\"https:\\\/\\\/trinidad.salesianos.edu\\\/centrojuvenil\\\/circulo-magico\\\/#primaryimage\"},\"thumbnailUrl\":\"https:\\\/\\\/trinidad.salesianos.edu\\\/centrojuvenil\\\/wp-content\\\/uploads\\\/sites\\\/6\\\/2019\\\/09\\\/cmidb_2b.jpg\",\"datePublished\":\"2019-09-11T11:01:07+00:00\",\"dateModified\":\"2019-09-16T06:52:09+00:00\",\"breadcrumb\":{\"@id\":\"https:\\\/\\\/trinidad.salesianos.edu\\\/centrojuvenil\\\/circulo-magico\\\/#breadcrumb\"},\"inLanguage\":\"es\",\"potentialAction\":[{\"@type\":\"ReadAction\",\"target\":[\"https:\\\/\\\/trinidad.salesianos.edu\\\/centrojuvenil\\\/circulo-magico\\\/\"]}]},{\"@type\":\"ImageObject\",\"inLanguage\":\"es\",\"@id\":\"https:\\\/\\\/trinidad.salesianos.edu\\\/centrojuvenil\\\/circulo-magico\\\/#primaryimage\",\"url\":\"https:\\\/\\\/trinidad.salesianos.edu\\\/centrojuvenil\\\/wp-content\\\/uploads\\\/sites\\\/6\\\/2019\\\/09\\\/cmidb_2b.jpg\",\"contentUrl\":\"https:\\\/\\\/trinidad.salesianos.edu\\\/centrojuvenil\\\/wp-content\\\/uploads\\\/sites\\\/6\\\/2019\\\/09\\\/cmidb_2b.jpg\",\"width\":800,\"height\":720},{\"@type\":\"BreadcrumbList\",\"@id\":\"https:\\\/\\\/trinidad.salesianos.edu\\\/centrojuvenil\\\/circulo-magico\\\/#breadcrumb\",\"itemListElement\":[{\"@type\":\"ListItem\",\"position\":1,\"name\":\"Portada\",\"item\":\"https:\\\/\\\/trinidad.salesianos.edu\\\/centrojuvenil\\\/\"},{\"@type\":\"ListItem\",\"position\":2,\"name\":\"C\u00edrculo M\u00e1gico\"}]},{\"@type\":\"WebSite\",\"@id\":\"https:\\\/\\\/trinidad.salesianos.edu\\\/centrojuvenil\\\/#website\",\"url\":\"https:\\\/\\\/trinidad.salesianos.edu\\\/centrojuvenil\\\/\",\"name\":\"Centro Juvenil Adelante\",\"description\":\"P\u00e1gina oficial Salesianos Trinidad\",\"potentialAction\":[{\"@type\":\"SearchAction\",\"target\":{\"@type\":\"EntryPoint\",\"urlTemplate\":\"https:\\\/\\\/trinidad.salesianos.edu\\\/centrojuvenil\\\/?s={search_term_string}\"},\"query-input\":{\"@type\":\"PropertyValueSpecification\",\"valueRequired\":true,\"valueName\":\"search_term_string\"}}],\"inLanguage\":\"es\"}]}<\/script>\n<!-- \/ Yoast SEO plugin. -->","yoast_head_json":{"title":"C\u00edrculo M\u00e1gico - Centro Juvenil Adelante","robots":{"index":"index","follow":"follow","max-snippet":"max-snippet:-1","max-image-preview":"max-image-preview:large","max-video-preview":"max-video-preview:-1"},"canonical":"https:\/\/trinidad.salesianos.edu\/centrojuvenil\/circulo-magico\/","og_locale":"es_ES","og_type":"article","og_title":"C\u00edrculo M\u00e1gico - Centro Juvenil Adelante","og_description":"&nbsp; El C\u00edrculo M\u00e1gico Internacional Don Bosco (@CMIDB) tiene aqu\u00ed su Sede Local de Sevilla, inserta en nuestro Centro Juvenil. \u00c9sta es una iniciativa del \u00e1mbito \u00abArte y Evangelizaci\u00f3n\u00bb de la Delegaci\u00f3n Nacional Salesiana de Pastoral Juvenil. (Cor&#8217;s). En nuestro centro juvenil un grupo de j\u00f3venes aficionados a la magia, junto con algunos profesionales, se [&hellip;]","og_url":"https:\/\/trinidad.salesianos.edu\/centrojuvenil\/circulo-magico\/","og_site_name":"Centro Juvenil Adelante","article_modified_time":"2019-09-16T06:52:09+00:00","og_image":[{"url":"https:\/\/trinidad.salesianos.edu\/centrojuvenil\/wp-content\/uploads\/sites\/6\/2019\/09\/cmidb_2b.jpg","type":"","width":"","height":""}],"twitter_card":"summary_large_image","twitter_misc":{"Tiempo de lectura":"1 minuto"},"schema":{"@context":"https:\/\/schema.org","@graph":[{"@type":"WebPage","@id":"https:\/\/trinidad.salesianos.edu\/centrojuvenil\/circulo-magico\/","url":"https:\/\/trinidad.salesianos.edu\/centrojuvenil\/circulo-magico\/","name":"C\u00edrculo M\u00e1gico - Centro Juvenil Adelante","isPartOf":{"@id":"https:\/\/trinidad.salesianos.edu\/centrojuvenil\/#website"},"primaryImageOfPage":{"@id":"https:\/\/trinidad.salesianos.edu\/centrojuvenil\/circulo-magico\/#primaryimage"},"image":{"@id":"https:\/\/trinidad.salesianos.edu\/centrojuvenil\/circulo-magico\/#primaryimage"},"thumbnailUrl":"https:\/\/trinidad.salesianos.edu\/centrojuvenil\/wp-content\/uploads\/sites\/6\/2019\/09\/cmidb_2b.jpg","datePublished":"2019-09-11T11:01:07+00:00","dateModified":"2019-09-16T06:52:09+00:00","breadcrumb":{"@id":"https:\/\/trinidad.salesianos.edu\/centrojuvenil\/circulo-magico\/#breadcrumb"},"inLanguage":"es","potentialAction":[{"@type":"ReadAction","target":["https:\/\/trinidad.salesianos.edu\/centrojuvenil\/circulo-magico\/"]}]},{"@type":"ImageObject","inLanguage":"es","@id":"https:\/\/trinidad.salesianos.edu\/centrojuvenil\/circulo-magico\/#primaryimage","url":"https:\/\/trinidad.salesianos.edu\/centrojuvenil\/wp-content\/uploads\/sites\/6\/2019\/09\/cmidb_2b.jpg","contentUrl":"https:\/\/trinidad.salesianos.edu\/centrojuvenil\/wp-content\/uploads\/sites\/6\/2019\/09\/cmidb_2b.jpg","width":800,"height":720},{"@type":"BreadcrumbList","@id":"https:\/\/trinidad.salesianos.edu\/centrojuvenil\/circulo-magico\/#breadcrumb","itemListElement":[{"@type":"ListItem","position":1,"name":"Portada","item":"https:\/\/trinidad.salesianos.edu\/centrojuvenil\/"},{"@type":"ListItem","position":2,"name":"C\u00edrculo M\u00e1gico"}]},{"@type":"WebSite","@id":"https:\/\/trinidad.salesianos.edu\/centrojuvenil\/#website","url":"https:\/\/trinidad.salesianos.edu\/centrojuvenil\/","name":"Centro Juvenil Adelante","description":"P\u00e1gina oficial Salesianos Trinidad","potentialAction":[{"@type":"SearchAction","target":{"@type":"EntryPoint","urlTemplate":"https:\/\/trinidad.salesianos.edu\/centrojuvenil\/?s={search_term_string}"},"query-input":{"@type":"PropertyValueSpecification","valueRequired":true,"valueName":"search_term_string"}}],"inLanguage":"es"}]}},"_links":{"self":[{"href":"https:\/\/trinidad.salesianos.edu\/centrojuvenil\/wp-json\/wp\/v2\/pages\/9691","targetHints":{"allow":["GET"]}}],"collection":[{"href":"https:\/\/trinidad.salesianos.edu\/centrojuvenil\/wp-json\/wp\/v2\/pages"}],"about":[{"href":"https:\/\/trinidad.salesianos.edu\/centrojuvenil\/wp-json\/wp\/v2\/types\/page"}],"author":[{"embeddable":true,"href":"https:\/\/trinidad.salesianos.edu\/centrojuvenil\/wp-json\/wp\/v2\/users\/6"}],"replies":[{"embeddable":true,"href":"https:\/\/trinidad.salesianos.edu\/centrojuvenil\/wp-json\/wp\/v2\/comments?post=9691"}],"version-history":[{"count":5,"href":"https:\/\/trinidad.salesianos.edu\/centrojuvenil\/wp-json\/wp\/v2\/pages\/9691\/revisions"}],"predecessor-version":[{"id":9929,"href":"https:\/\/trinidad.salesianos.edu\/centrojuvenil\/wp-json\/wp\/v2\/pages\/9691\/revisions\/9929"}],"wp:attachment":[{"href":"https:\/\/trinidad.salesianos.edu\/centrojuvenil\/wp-json\/wp\/v2\/media?parent=9691"}],"curies":[{"name":"wp","href":"https:\/\/api.w.org\/{rel}","templated":true}]}}