
{"id":9689,"date":"2019-09-11T13:00:53","date_gmt":"2019-09-11T11:00:53","guid":{"rendered":"https:\/\/trinidad.salesianos.edu\/centrojuvenil\/?page_id=9689"},"modified":"2019-09-26T16:28:31","modified_gmt":"2019-09-26T14:28:31","slug":"escolania","status":"publish","type":"page","link":"https:\/\/trinidad.salesianos.edu\/centrojuvenil\/escolania\/","title":{"rendered":"Escolan\u00eda"},"content":{"rendered":"<p>[et_pb_section fb_built=\u00bb1&#8243; _builder_version=\u00bb3.27.4&#8243; fb_built=\u00bb1&#8243; _i=\u00bb0&#8243; _address=\u00bb0&#8243;][et_pb_row column_structure=\u00bb1_2,1_2&#8243; _builder_version=\u00bb3.27.4&#8243; _i=\u00bb0&#8243; _address=\u00bb0.0&#8243;][et_pb_column type=\u00bb1_2&#8243; _builder_version=\u00bb3.27.4&#8243; _i=\u00bb0&#8243; _address=\u00bb0.0.0&#8243;][et_pb_image src=\u00bbhttps:\/\/trinidad.salesianos.edu\/centrojuvenil\/wp-content\/uploads\/sites\/6\/2019\/09\/IMG-20190912-WA0007.jpg\u00bb _builder_version=\u00bb3.27.4&#8243; _i=\u00bb0&#8243; _address=\u00bb0.0.0.0&#8243;][\/et_pb_image][\/et_pb_column][et_pb_column type=\u00bb1_2&#8243; _builder_version=\u00bb3.27.4&#8243; _i=\u00bb1&#8243; _address=\u00bb0.0.1&#8243;][et_pb_image src=\u00bbhttps:\/\/trinidad.salesianos.edu\/centrojuvenil\/wp-content\/uploads\/sites\/6\/2019\/09\/IMG-20190912-WA0008.jpg\u00bb _builder_version=\u00bb3.27.4&#8243; _i=\u00bb0&#8243; _address=\u00bb0.0.1.0&#8243;][\/et_pb_image][\/et_pb_column][\/et_pb_row][et_pb_row column_structure=\u00bb2_5,3_5&#8243; _builder_version=\u00bb3.27.4&#8243; _i=\u00bb1&#8243; _address=\u00bb0.1&#8243;][et_pb_column type=\u00bb2_5&#8243; _builder_version=\u00bb3.27.4&#8243; _i=\u00bb0&#8243; _address=\u00bb0.1.0&#8243;][et_pb_image src=\u00bbhttps:\/\/trinidad.salesianos.edu\/centrojuvenil\/wp-content\/uploads\/sites\/6\/2019\/09\/D9hLv9eXoAMHAOD.jpeg\u00bb _builder_version=\u00bb3.27.4&#8243; _i=\u00bb0&#8243; _address=\u00bb0.1.0.0&#8243;][\/et_pb_image][et_pb_image src=\u00bbhttps:\/\/trinidad.salesianos.edu\/centrojuvenil\/wp-content\/uploads\/sites\/6\/2019\/09\/EE1rvo7XsAcWcYa-1.jpg\u00bb _builder_version=\u00bb3.29.3&#8243; _i=\u00bb0&#8243; _address=\u00bb0.2.0.0&#8243;][\/et_pb_image][\/et_pb_column][et_pb_column type=\u00bb3_5&#8243; _builder_version=\u00bb3.27.4&#8243; _i=\u00bb1&#8243; _address=\u00bb0.1.1&#8243;][et_pb_text _builder_version=\u00bb3.27.4&#8243; _i=\u00bb0&#8243; _address=\u00bb0.1.1.0&#8243;]<\/p>\n<p><strong>La Escolan\u00eda Salesiana Mar\u00eda Auxiliadora (ESMA) vuelve a los ensayos este pr\u00f3ximo s\u00e1bado.<\/strong><\/p>\n<p>La Escolan\u00eda Salesiana Mar\u00eda Auxiliadora de Sevilla (ESMA) sigue inmersa en la celebraci\u00f3n de su XX Aniversario de existencia y ya este pr\u00f3ximo s\u00e1bado, 14 de Septiembre, retoma sus ensayos para preparar sus pr\u00f3ximos compromisos musicales. El primero de los cuales ser\u00e1 la propia tarde del s\u00e1bado 14 en la Iglesia de San Antonio de Padua en la Solemne Eucarist\u00eda que, con motivo de la celebraci\u00f3n del 125 Aniversario de la llegada de las religiosas salesianas a San Vicente, presidir\u00e1 Monse\u00f1or D. Juan Jos\u00e9 Asenjo Pelegrina en la Iglesia Conventual de San Antonio de Padua.<\/p>\n<p>Posteriormente, est\u00e1 prevista su participaci\u00f3n en tres compromisos m\u00e1s:<\/p>\n<ul>\n<li>Concierto ben\u00e9fico organizado por la comisi\u00f3n diocesana de \u00abAyuda a la Iglesia Necesitada\u00bb: 19 de Octubre en la Parroquia de San Vicente<br \/>Concierto de Navidad, pendiente de confirmaci\u00f3n de lugar y d\u00eda<br \/>Misa en rito Moz\u00e1rabe: 30 de Diciembre en la Iglesia de Santiago.<\/li>\n<li>La ESMA es una escuela de cantores, ni\u00f1os y ni\u00f1as, adolescentes y j\u00f3venes, dedicada a la difusi\u00f3n y ense\u00f1anza de la m\u00fasica, fundada en 1999 e integrada en el Colegio Salesiano Sant\u00edsima Trinidad de Sevilla, que trabaja adem\u00e1s en estrecha cooperaci\u00f3n con los otros Colegios Salesianos de Sevilla (Nervi\u00f3n, San Vicente, Triana), pero abierta a toda la ciudad.<\/li>\n<li>Dirigida musicalmente por \u00d3scar Grau, la opci\u00f3n preferente de ESMA es por la m\u00fasica polif\u00f3nica renacentista, aunque en su repertorio tambi\u00e9n abundan piezas barrocas, cl\u00e1sicas y rom\u00e1nticas.<\/li>\n<li>La Escolan\u00eda participa a lo largo del a\u00f1o en numerosos conciertos, procesiones y otros actos lit\u00fargicos fundamentalmente por Sevilla, pero tambi\u00e9n en ocasiones por otros puntos de Andaluc\u00eda y cuenta con varias grabaciones discogr\u00e1ficas publicadas en torno a su repertorio.<\/li>\n<\/ul>\n<p><strong>Objetivo: Seguir creciendo<\/strong><\/p>\n<ul>\n<li>La Escolan\u00eda lleva a cabo sus ensayos todos los s\u00e1bados del curso escolar por las ma\u00f1anas, en la capilla y aulas del Colegio Salesiano de la Trinidad. En ellos se incluye el juego y los deportes como parte de su oferta l\u00fadica y educativa, siguiendo la l\u00ednea y el esp\u00edritu del Oratorio de Don Bosco. Con el tiempo, ha ido creciendo en calidad y en n\u00famero de ni\u00f1os, contando en la actualidad con unos sesenta escolanos, chicos y chicas desde los 7 a\u00f1os hasta m\u00e1s all\u00e1 de la veintena. No obstante, para el pr\u00f3ximo curso una de las prioridades es el crecimiento en n\u00famero de escolanos mediante la colaboraci\u00f3n con el resto de colegios salesianos de Sevilla, sin descartar por supuesto a otros centros educativos. Es, por ello, que todos aquellos chicos y chicas peque\u00f1os, medianos y mayores que deseen formar parte de la ESMA pueden hacerlo previa una sencilla prueba de voz.<span style=\"text-decoration: underline\"><strong> NO se requieren conocimientos musicales previos, aunque s\u00ed buen o\u00eddo y especialmente muchas ganas de disfrutar y compartir.<\/strong><\/span><\/li>\n<\/ul>\n<p>Los pr\u00f3ximos <span style=\"text-decoration: underline\">s\u00e1bados 21 y 28 de Septiembre a las 12 de la ma\u00f1ana se realizar\u00e1n estas pruebas<\/span>, aunque el resto del a\u00f1o, pueden hacerlo contactando previamente a trav\u00e9s de las siguientes v\u00edas:<\/p>\n<p>Correo electr\u00f3nico: info@escolania.es<\/p>\n<p>Tel\u00e9fono: 692 434 468<\/p>\n<p>M\u00e1s informaci\u00f3n: http:\/\/escolania.es\/<\/p>\n<p>[\/et_pb_text][\/et_pb_column][\/et_pb_row][\/et_pb_section]<\/p>\n","protected":false},"excerpt":{"rendered":"<p>La Escolan\u00eda Salesiana Mar\u00eda Auxiliadora (ESMA) vuelve a los ensayos este pr\u00f3ximo s\u00e1bado. La Escolan\u00eda Salesiana Mar\u00eda Auxiliadora de Sevilla (ESMA) sigue inmersa en la celebraci\u00f3n de su XX Aniversario de existencia y ya este pr\u00f3ximo s\u00e1bado, 14 de Septiembre, retoma sus ensayos para preparar sus pr\u00f3ximos compromisos musicales. El primero de los cuales ser\u00e1 [&hellip;]<\/p>\n","protected":false},"author":6,"featured_media":0,"parent":0,"menu_order":0,"comment_status":"closed","ping_status":"closed","template":"","meta":{"_et_pb_use_builder":"on","_et_pb_old_content":"","_et_gb_content_width":"","footnotes":""},"class_list":["post-9689","page","type-page","status-publish","hentry"],"yoast_head":"<!-- This site is optimized with the Yoast SEO plugin v27.3 - https:\/\/yoast.com\/product\/yoast-seo-wordpress\/ -->\n<title>Escolan\u00eda - Centro Juvenil Adelante<\/title>\n<meta name=\"robots\" content=\"index, follow, max-snippet:-1, max-image-preview:large, max-video-preview:-1\" \/>\n<link rel=\"canonical\" href=\"https:\/\/trinidad.salesianos.edu\/centrojuvenil\/escolania\/\" \/>\n<meta property=\"og:locale\" content=\"es_ES\" \/>\n<meta property=\"og:type\" content=\"article\" \/>\n<meta property=\"og:title\" content=\"Escolan\u00eda - Centro Juvenil Adelante\" \/>\n<meta property=\"og:description\" content=\"La Escolan\u00eda Salesiana Mar\u00eda Auxiliadora (ESMA) vuelve a los ensayos este pr\u00f3ximo s\u00e1bado. La Escolan\u00eda Salesiana Mar\u00eda Auxiliadora de Sevilla (ESMA) sigue inmersa en la celebraci\u00f3n de su XX Aniversario de existencia y ya este pr\u00f3ximo s\u00e1bado, 14 de Septiembre, retoma sus ensayos para preparar sus pr\u00f3ximos compromisos musicales. El primero de los cuales ser\u00e1 [&hellip;]\" \/>\n<meta property=\"og:url\" content=\"https:\/\/trinidad.salesianos.edu\/centrojuvenil\/escolania\/\" \/>\n<meta property=\"og:site_name\" content=\"Centro Juvenil Adelante\" \/>\n<meta property=\"article:modified_time\" content=\"2019-09-26T14:28:31+00:00\" \/>\n<meta name=\"twitter:card\" content=\"summary_large_image\" \/>\n<meta name=\"twitter:label1\" content=\"Tiempo de lectura\" \/>\n\t<meta name=\"twitter:data1\" content=\"4 minutos\" \/>\n<script type=\"application\/ld+json\" class=\"yoast-schema-graph\">{\"@context\":\"https:\\\/\\\/schema.org\",\"@graph\":[{\"@type\":\"WebPage\",\"@id\":\"https:\\\/\\\/trinidad.salesianos.edu\\\/centrojuvenil\\\/escolania\\\/\",\"url\":\"https:\\\/\\\/trinidad.salesianos.edu\\\/centrojuvenil\\\/escolania\\\/\",\"name\":\"Escolan\u00eda - Centro Juvenil Adelante\",\"isPartOf\":{\"@id\":\"https:\\\/\\\/trinidad.salesianos.edu\\\/centrojuvenil\\\/#website\"},\"datePublished\":\"2019-09-11T11:00:53+00:00\",\"dateModified\":\"2019-09-26T14:28:31+00:00\",\"breadcrumb\":{\"@id\":\"https:\\\/\\\/trinidad.salesianos.edu\\\/centrojuvenil\\\/escolania\\\/#breadcrumb\"},\"inLanguage\":\"es\",\"potentialAction\":[{\"@type\":\"ReadAction\",\"target\":[\"https:\\\/\\\/trinidad.salesianos.edu\\\/centrojuvenil\\\/escolania\\\/\"]}]},{\"@type\":\"BreadcrumbList\",\"@id\":\"https:\\\/\\\/trinidad.salesianos.edu\\\/centrojuvenil\\\/escolania\\\/#breadcrumb\",\"itemListElement\":[{\"@type\":\"ListItem\",\"position\":1,\"name\":\"Portada\",\"item\":\"https:\\\/\\\/trinidad.salesianos.edu\\\/centrojuvenil\\\/\"},{\"@type\":\"ListItem\",\"position\":2,\"name\":\"Escolan\u00eda\"}]},{\"@type\":\"WebSite\",\"@id\":\"https:\\\/\\\/trinidad.salesianos.edu\\\/centrojuvenil\\\/#website\",\"url\":\"https:\\\/\\\/trinidad.salesianos.edu\\\/centrojuvenil\\\/\",\"name\":\"Centro Juvenil Adelante\",\"description\":\"P\u00e1gina oficial Salesianos Trinidad\",\"potentialAction\":[{\"@type\":\"SearchAction\",\"target\":{\"@type\":\"EntryPoint\",\"urlTemplate\":\"https:\\\/\\\/trinidad.salesianos.edu\\\/centrojuvenil\\\/?s={search_term_string}\"},\"query-input\":{\"@type\":\"PropertyValueSpecification\",\"valueRequired\":true,\"valueName\":\"search_term_string\"}}],\"inLanguage\":\"es\"}]}<\/script>\n<!-- \/ Yoast SEO plugin. -->","yoast_head_json":{"title":"Escolan\u00eda - Centro Juvenil Adelante","robots":{"index":"index","follow":"follow","max-snippet":"max-snippet:-1","max-image-preview":"max-image-preview:large","max-video-preview":"max-video-preview:-1"},"canonical":"https:\/\/trinidad.salesianos.edu\/centrojuvenil\/escolania\/","og_locale":"es_ES","og_type":"article","og_title":"Escolan\u00eda - Centro Juvenil Adelante","og_description":"La Escolan\u00eda Salesiana Mar\u00eda Auxiliadora (ESMA) vuelve a los ensayos este pr\u00f3ximo s\u00e1bado. La Escolan\u00eda Salesiana Mar\u00eda Auxiliadora de Sevilla (ESMA) sigue inmersa en la celebraci\u00f3n de su XX Aniversario de existencia y ya este pr\u00f3ximo s\u00e1bado, 14 de Septiembre, retoma sus ensayos para preparar sus pr\u00f3ximos compromisos musicales. El primero de los cuales ser\u00e1 [&hellip;]","og_url":"https:\/\/trinidad.salesianos.edu\/centrojuvenil\/escolania\/","og_site_name":"Centro Juvenil Adelante","article_modified_time":"2019-09-26T14:28:31+00:00","twitter_card":"summary_large_image","twitter_misc":{"Tiempo de lectura":"4 minutos"},"schema":{"@context":"https:\/\/schema.org","@graph":[{"@type":"WebPage","@id":"https:\/\/trinidad.salesianos.edu\/centrojuvenil\/escolania\/","url":"https:\/\/trinidad.salesianos.edu\/centrojuvenil\/escolania\/","name":"Escolan\u00eda - Centro Juvenil Adelante","isPartOf":{"@id":"https:\/\/trinidad.salesianos.edu\/centrojuvenil\/#website"},"datePublished":"2019-09-11T11:00:53+00:00","dateModified":"2019-09-26T14:28:31+00:00","breadcrumb":{"@id":"https:\/\/trinidad.salesianos.edu\/centrojuvenil\/escolania\/#breadcrumb"},"inLanguage":"es","potentialAction":[{"@type":"ReadAction","target":["https:\/\/trinidad.salesianos.edu\/centrojuvenil\/escolania\/"]}]},{"@type":"BreadcrumbList","@id":"https:\/\/trinidad.salesianos.edu\/centrojuvenil\/escolania\/#breadcrumb","itemListElement":[{"@type":"ListItem","position":1,"name":"Portada","item":"https:\/\/trinidad.salesianos.edu\/centrojuvenil\/"},{"@type":"ListItem","position":2,"name":"Escolan\u00eda"}]},{"@type":"WebSite","@id":"https:\/\/trinidad.salesianos.edu\/centrojuvenil\/#website","url":"https:\/\/trinidad.salesianos.edu\/centrojuvenil\/","name":"Centro Juvenil Adelante","description":"P\u00e1gina oficial Salesianos Trinidad","potentialAction":[{"@type":"SearchAction","target":{"@type":"EntryPoint","urlTemplate":"https:\/\/trinidad.salesianos.edu\/centrojuvenil\/?s={search_term_string}"},"query-input":{"@type":"PropertyValueSpecification","valueRequired":true,"valueName":"search_term_string"}}],"inLanguage":"es"}]}},"_links":{"self":[{"href":"https:\/\/trinidad.salesianos.edu\/centrojuvenil\/wp-json\/wp\/v2\/pages\/9689","targetHints":{"allow":["GET"]}}],"collection":[{"href":"https:\/\/trinidad.salesianos.edu\/centrojuvenil\/wp-json\/wp\/v2\/pages"}],"about":[{"href":"https:\/\/trinidad.salesianos.edu\/centrojuvenil\/wp-json\/wp\/v2\/types\/page"}],"author":[{"embeddable":true,"href":"https:\/\/trinidad.salesianos.edu\/centrojuvenil\/wp-json\/wp\/v2\/users\/6"}],"replies":[{"embeddable":true,"href":"https:\/\/trinidad.salesianos.edu\/centrojuvenil\/wp-json\/wp\/v2\/comments?post=9689"}],"version-history":[{"count":5,"href":"https:\/\/trinidad.salesianos.edu\/centrojuvenil\/wp-json\/wp\/v2\/pages\/9689\/revisions"}],"predecessor-version":[{"id":9951,"href":"https:\/\/trinidad.salesianos.edu\/centrojuvenil\/wp-json\/wp\/v2\/pages\/9689\/revisions\/9951"}],"wp:attachment":[{"href":"https:\/\/trinidad.salesianos.edu\/centrojuvenil\/wp-json\/wp\/v2\/media?parent=9689"}],"curies":[{"name":"wp","href":"https:\/\/api.w.org\/{rel}","templated":true}]}}