
{"id":9674,"date":"2019-09-11T12:54:51","date_gmt":"2019-09-11T10:54:51","guid":{"rendered":"https:\/\/trinidad.salesianos.edu\/centrojuvenil\/?page_id=9674"},"modified":"2023-01-21T23:03:15","modified_gmt":"2023-01-21T22:03:15","slug":"grupo-audiovisual","status":"publish","type":"page","link":"https:\/\/trinidad.salesianos.edu\/centrojuvenil\/grupo-audiovisual\/","title":{"rendered":"Grupo Audiovisual"},"content":{"rendered":"<p>[et_pb_section fb_built=\u00bb1&#8243; specialty=\u00bbon\u00bb _builder_version=\u00bb4.17.1&#8243; _module_preset=\u00bbdefault\u00bb background_image=\u00bbhttps:\/\/trinidad.salesianos.edu\/centrojuvenil\/wp-content\/uploads\/sites\/6\/2022\/04\/style-woman-in-vr-glasses-and-80s-tracksuit-with-a-2022-01-10-17-47-17-utc-scaled.jpg\u00bb global_colors_info=\u00bb{}\u00bb][et_pb_column type=\u00bb1_2&#8243; specialty_columns=\u00bb2&#8243; _builder_version=\u00bb4.16&#8243; custom_padding=\u00bb|||\u00bb global_colors_info=\u00bb{}\u00bb custom_padding__hover=\u00bb|||\u00bb][et_pb_row_inner admin_label=\u00bbrow\u00bb _builder_version=\u00bb4.16&#8243; background_size=\u00bbinitial\u00bb background_position=\u00bbtop_left\u00bb background_repeat=\u00bbrepeat\u00bb global_colors_info=\u00bb{}\u00bb][et_pb_column_inner saved_specialty_column_type=\u00bb1_2&#8243; _builder_version=\u00bb4.16&#8243; custom_padding=\u00bb|||\u00bb global_colors_info=\u00bb{}\u00bb custom_padding__hover=\u00bb|||\u00bb][et_pb_text _builder_version=\u00bb4.18.0&#8243; _module_preset=\u00bbdefault\u00bb text_font=\u00bb|800|||||||\u00bb text_text_color=\u00bb#FFFFFF\u00bb text_font_size=\u00bb48px\u00bb text_orientation=\u00bbcenter\u00bb text_line_height_tablet=\u00bb\u00bb text_line_height_phone=\u00bb0.9em\u00bb text_line_height_last_edited=\u00bbon|phone\u00bb text_text_shadow_style=\u00bbpreset1&#8243; global_colors_info=\u00bb{}\u00bb]<\/p>\n<p>Grupo Audiovisual<\/p>\n<p>[\/et_pb_text][\/et_pb_column_inner][\/et_pb_row_inner][et_pb_row_inner column_structure=\u00bb1_2,1_2&#8243; _builder_version=\u00bb4.17.1&#8243; _module_preset=\u00bbdefault\u00bb global_colors_info=\u00bb{}\u00bb][et_pb_column_inner type=\u00bb1_2&#8243; saved_specialty_column_type=\u00bb1_2&#8243; _builder_version=\u00bb4.17.1&#8243; _module_preset=\u00bbdefault\u00bb global_colors_info=\u00bb{}\u00bb][et_pb_accordion open_toggle_text_color=\u00bb#E02B20&#8243; icon_color=\u00bb#E02B20&#8243; _builder_version=\u00bb4.19.4&#8243; _module_preset=\u00bbdefault\u00bb toggle_font=\u00bb|800|||||||\u00bb hover_enabled=\u00bb0&#8243; border_radii=\u00bbon|10px|10px|10px|10px\u00bb box_shadow_style=\u00bbpreset2&#8243; global_colors_info=\u00bb{}\u00bb sticky_enabled=\u00bb0&#8243;][et_pb_accordion_item title=\u00bb\u00bfQu\u00e9 hacemos y qui\u00e9nes forman el equipo?\u00bb open=\u00bbon\u00bb toggle_icon=\u00bb&#xf03d;||fa||900&#8243; use_icon_font_size=\u00bbon\u00bb icon_font_size=\u00bb30px\u00bb _builder_version=\u00bb4.18.0&#8243; _module_preset=\u00bbdefault\u00bb global_colors_info=\u00bb{}\u00bb]<\/p>\n<p>En nuestro equipo, queremos que todos los momentos que suceden en nuestro centro juvenil, queden capturados, de manera que as\u00ed, todo el mundo pueda verlo.<\/p>\n<blockquote>\n<p>Sergio Codera<\/p>\n<p>Alejandro Castel<\/p>\n<p>Juan Carlos Iglesias<\/p>\n<\/blockquote>\n<p><strong>Pronto daremos m\u00e1s informaci\u00f3n sobre nosotros!<\/strong><\/p>\n<blockquote><\/blockquote>\n<p>[\/et_pb_accordion_item][et_pb_accordion_item title=\u00bbAlgunos de nuestros trabajos\u00bb toggle_icon=\u00bb&#x22;||divi||400&#8243; _builder_version=\u00bb4.19.4&#8243; _module_preset=\u00bbdefault\u00bb hover_enabled=\u00bb0&#8243; global_colors_info=\u00bb{}\u00bb open=\u00bboff\u00bb sticky_enabled=\u00bb0&#8243;][\/et_pb_accordion_item][\/et_pb_accordion][\/et_pb_column_inner][et_pb_column_inner type=\u00bb1_2&#8243; saved_specialty_column_type=\u00bb1_2&#8243; _builder_version=\u00bb4.17.1&#8243; _module_preset=\u00bbdefault\u00bb global_colors_info=\u00bb{}\u00bb][\/et_pb_column_inner][\/et_pb_row_inner][et_pb_row_inner column_structure=\u00bb1_2,1_2&#8243; _builder_version=\u00bb4.18.0&#8243; _module_preset=\u00bbdefault\u00bb global_colors_info=\u00bb{}\u00bb][et_pb_column_inner type=\u00bb1_2&#8243; saved_specialty_column_type=\u00bb1_2&#8243; _builder_version=\u00bb4.18.0&#8243; _module_preset=\u00bbdefault\u00bb global_colors_info=\u00bb{}\u00bb][et_pb_code _builder_version=\u00bb4.18.0&#8243; _module_preset=\u00bbdefault\u00bb global_colors_info=\u00bb{}\u00bb]<iframe loading=\"lazy\" width=\"900\" height=\"506\" src=\"https:\/\/www.youtube.com\/embed\/6TI4DIqKHGY\" title=\"YO ERA EL \u00daLTIMO Y AHORA SOY EL PRIMERO | @SalesianosSTRD\" frameborder=\"0\" allow=\"accelerometer; autoplay; clipboard-write; encrypted-media; gyroscope; picture-in-picture\" allowfullscreen><\/iframe>[\/et_pb_code][\/et_pb_column_inner][et_pb_column_inner type=\u00bb1_2&#8243; saved_specialty_column_type=\u00bb1_2&#8243; _builder_version=\u00bb4.18.0&#8243; _module_preset=\u00bbdefault\u00bb global_colors_info=\u00bb{}\u00bb][et_pb_code _builder_version=\u00bb4.18.0&#8243; _module_preset=\u00bbdefault\u00bb global_colors_info=\u00bb{}\u00bb]<iframe loading=\"lazy\" width=\"900\" height=\"506\" src=\"https:\/\/www.youtube.com\/embed\/820HBf0L_Q8\" title=\"EPILOGO\" frameborder=\"0\" allow=\"accelerometer; autoplay; clipboard-write; encrypted-media; gyroscope; picture-in-picture\" allowfullscreen><\/iframe>[\/et_pb_code][\/et_pb_column_inner][\/et_pb_row_inner][\/et_pb_column][et_pb_column type=\u00bb1_2&#8243; _builder_version=\u00bb4.16&#8243; custom_padding=\u00bb|||\u00bb global_colors_info=\u00bb{}\u00bb custom_padding__hover=\u00bb|||\u00bb][\/et_pb_column][\/et_pb_section]<\/p>\n","protected":false},"excerpt":{"rendered":"<p>Grupo AudiovisualEn nuestro equipo, queremos que todos los momentos que suceden en nuestro centro juvenil, queden capturados, de manera que as\u00ed, todo el mundo pueda verlo. Sergio Codera Alejandro Castel Juan Carlos Iglesias Pronto daremos m\u00e1s informaci\u00f3n sobre nosotros!<\/p>\n","protected":false},"author":6,"featured_media":0,"parent":0,"menu_order":0,"comment_status":"closed","ping_status":"closed","template":"","meta":{"_et_pb_use_builder":"on","_et_pb_old_content":"","_et_gb_content_width":"","footnotes":""},"class_list":["post-9674","page","type-page","status-publish","hentry"],"yoast_head":"<!-- This site is optimized with the Yoast SEO plugin v27.3 - https:\/\/yoast.com\/product\/yoast-seo-wordpress\/ -->\n<title>Grupo Audiovisual - Centro Juvenil Adelante<\/title>\n<meta name=\"robots\" content=\"index, follow, max-snippet:-1, max-image-preview:large, max-video-preview:-1\" \/>\n<link rel=\"canonical\" href=\"https:\/\/trinidad.salesianos.edu\/centrojuvenil\/grupo-audiovisual\/\" \/>\n<meta property=\"og:locale\" content=\"es_ES\" \/>\n<meta property=\"og:type\" content=\"article\" \/>\n<meta property=\"og:title\" content=\"Grupo Audiovisual - Centro Juvenil Adelante\" \/>\n<meta property=\"og:description\" content=\"Grupo AudiovisualEn nuestro equipo, queremos que todos los momentos que suceden en nuestro centro juvenil, queden capturados, de manera que as\u00ed, todo el mundo pueda verlo. Sergio Codera Alejandro Castel Juan Carlos Iglesias Pronto daremos m\u00e1s informaci\u00f3n sobre nosotros!\" \/>\n<meta property=\"og:url\" content=\"https:\/\/trinidad.salesianos.edu\/centrojuvenil\/grupo-audiovisual\/\" \/>\n<meta property=\"og:site_name\" content=\"Centro Juvenil Adelante\" \/>\n<meta property=\"article:modified_time\" content=\"2023-01-21T22:03:15+00:00\" \/>\n<meta name=\"twitter:card\" content=\"summary_large_image\" \/>\n<meta name=\"twitter:label1\" content=\"Tiempo de lectura\" \/>\n\t<meta name=\"twitter:data1\" content=\"2 minutos\" \/>\n<script type=\"application\/ld+json\" class=\"yoast-schema-graph\">{\"@context\":\"https:\\\/\\\/schema.org\",\"@graph\":[{\"@type\":\"WebPage\",\"@id\":\"https:\\\/\\\/trinidad.salesianos.edu\\\/centrojuvenil\\\/grupo-audiovisual\\\/\",\"url\":\"https:\\\/\\\/trinidad.salesianos.edu\\\/centrojuvenil\\\/grupo-audiovisual\\\/\",\"name\":\"Grupo Audiovisual - Centro Juvenil Adelante\",\"isPartOf\":{\"@id\":\"https:\\\/\\\/trinidad.salesianos.edu\\\/centrojuvenil\\\/#website\"},\"datePublished\":\"2019-09-11T10:54:51+00:00\",\"dateModified\":\"2023-01-21T22:03:15+00:00\",\"breadcrumb\":{\"@id\":\"https:\\\/\\\/trinidad.salesianos.edu\\\/centrojuvenil\\\/grupo-audiovisual\\\/#breadcrumb\"},\"inLanguage\":\"es\",\"potentialAction\":[{\"@type\":\"ReadAction\",\"target\":[\"https:\\\/\\\/trinidad.salesianos.edu\\\/centrojuvenil\\\/grupo-audiovisual\\\/\"]}]},{\"@type\":\"BreadcrumbList\",\"@id\":\"https:\\\/\\\/trinidad.salesianos.edu\\\/centrojuvenil\\\/grupo-audiovisual\\\/#breadcrumb\",\"itemListElement\":[{\"@type\":\"ListItem\",\"position\":1,\"name\":\"Portada\",\"item\":\"https:\\\/\\\/trinidad.salesianos.edu\\\/centrojuvenil\\\/\"},{\"@type\":\"ListItem\",\"position\":2,\"name\":\"Grupo Audiovisual\"}]},{\"@type\":\"WebSite\",\"@id\":\"https:\\\/\\\/trinidad.salesianos.edu\\\/centrojuvenil\\\/#website\",\"url\":\"https:\\\/\\\/trinidad.salesianos.edu\\\/centrojuvenil\\\/\",\"name\":\"Centro Juvenil Adelante\",\"description\":\"P\u00e1gina oficial Salesianos Trinidad\",\"potentialAction\":[{\"@type\":\"SearchAction\",\"target\":{\"@type\":\"EntryPoint\",\"urlTemplate\":\"https:\\\/\\\/trinidad.salesianos.edu\\\/centrojuvenil\\\/?s={search_term_string}\"},\"query-input\":{\"@type\":\"PropertyValueSpecification\",\"valueRequired\":true,\"valueName\":\"search_term_string\"}}],\"inLanguage\":\"es\"}]}<\/script>\n<!-- \/ Yoast SEO plugin. -->","yoast_head_json":{"title":"Grupo Audiovisual - Centro Juvenil Adelante","robots":{"index":"index","follow":"follow","max-snippet":"max-snippet:-1","max-image-preview":"max-image-preview:large","max-video-preview":"max-video-preview:-1"},"canonical":"https:\/\/trinidad.salesianos.edu\/centrojuvenil\/grupo-audiovisual\/","og_locale":"es_ES","og_type":"article","og_title":"Grupo Audiovisual - Centro Juvenil Adelante","og_description":"Grupo AudiovisualEn nuestro equipo, queremos que todos los momentos que suceden en nuestro centro juvenil, queden capturados, de manera que as\u00ed, todo el mundo pueda verlo. Sergio Codera Alejandro Castel Juan Carlos Iglesias Pronto daremos m\u00e1s informaci\u00f3n sobre nosotros!","og_url":"https:\/\/trinidad.salesianos.edu\/centrojuvenil\/grupo-audiovisual\/","og_site_name":"Centro Juvenil Adelante","article_modified_time":"2023-01-21T22:03:15+00:00","twitter_card":"summary_large_image","twitter_misc":{"Tiempo de lectura":"2 minutos"},"schema":{"@context":"https:\/\/schema.org","@graph":[{"@type":"WebPage","@id":"https:\/\/trinidad.salesianos.edu\/centrojuvenil\/grupo-audiovisual\/","url":"https:\/\/trinidad.salesianos.edu\/centrojuvenil\/grupo-audiovisual\/","name":"Grupo Audiovisual - Centro Juvenil Adelante","isPartOf":{"@id":"https:\/\/trinidad.salesianos.edu\/centrojuvenil\/#website"},"datePublished":"2019-09-11T10:54:51+00:00","dateModified":"2023-01-21T22:03:15+00:00","breadcrumb":{"@id":"https:\/\/trinidad.salesianos.edu\/centrojuvenil\/grupo-audiovisual\/#breadcrumb"},"inLanguage":"es","potentialAction":[{"@type":"ReadAction","target":["https:\/\/trinidad.salesianos.edu\/centrojuvenil\/grupo-audiovisual\/"]}]},{"@type":"BreadcrumbList","@id":"https:\/\/trinidad.salesianos.edu\/centrojuvenil\/grupo-audiovisual\/#breadcrumb","itemListElement":[{"@type":"ListItem","position":1,"name":"Portada","item":"https:\/\/trinidad.salesianos.edu\/centrojuvenil\/"},{"@type":"ListItem","position":2,"name":"Grupo Audiovisual"}]},{"@type":"WebSite","@id":"https:\/\/trinidad.salesianos.edu\/centrojuvenil\/#website","url":"https:\/\/trinidad.salesianos.edu\/centrojuvenil\/","name":"Centro Juvenil Adelante","description":"P\u00e1gina oficial Salesianos Trinidad","potentialAction":[{"@type":"SearchAction","target":{"@type":"EntryPoint","urlTemplate":"https:\/\/trinidad.salesianos.edu\/centrojuvenil\/?s={search_term_string}"},"query-input":{"@type":"PropertyValueSpecification","valueRequired":true,"valueName":"search_term_string"}}],"inLanguage":"es"}]}},"_links":{"self":[{"href":"https:\/\/trinidad.salesianos.edu\/centrojuvenil\/wp-json\/wp\/v2\/pages\/9674","targetHints":{"allow":["GET"]}}],"collection":[{"href":"https:\/\/trinidad.salesianos.edu\/centrojuvenil\/wp-json\/wp\/v2\/pages"}],"about":[{"href":"https:\/\/trinidad.salesianos.edu\/centrojuvenil\/wp-json\/wp\/v2\/types\/page"}],"author":[{"embeddable":true,"href":"https:\/\/trinidad.salesianos.edu\/centrojuvenil\/wp-json\/wp\/v2\/users\/6"}],"replies":[{"embeddable":true,"href":"https:\/\/trinidad.salesianos.edu\/centrojuvenil\/wp-json\/wp\/v2\/comments?post=9674"}],"version-history":[{"count":16,"href":"https:\/\/trinidad.salesianos.edu\/centrojuvenil\/wp-json\/wp\/v2\/pages\/9674\/revisions"}],"predecessor-version":[{"id":10750,"href":"https:\/\/trinidad.salesianos.edu\/centrojuvenil\/wp-json\/wp\/v2\/pages\/9674\/revisions\/10750"}],"wp:attachment":[{"href":"https:\/\/trinidad.salesianos.edu\/centrojuvenil\/wp-json\/wp\/v2\/media?parent=9674"}],"curies":[{"name":"wp","href":"https:\/\/api.w.org\/{rel}","templated":true}]}}