
{"id":9416,"date":"2019-09-05T14:14:54","date_gmt":"2019-09-05T12:14:54","guid":{"rendered":"https:\/\/trinidad.salesianos.edu\/centrojuvenil\/?page_id=9416"},"modified":"2019-09-05T14:14:57","modified_gmt":"2019-09-05T12:14:57","slug":"liturgia","status":"publish","type":"page","link":"https:\/\/trinidad.salesianos.edu\/centrojuvenil\/liturgia\/","title":{"rendered":"Liturgia"},"content":{"rendered":"<p>[et_pb_section fb_built=\u00bb1&#8243; _builder_version=\u00bb3.27.4&#8243;][et_pb_row _builder_version=\u00bb3.27.4&#8243; hover_enabled=\u00bb0&#8243;][et_pb_column _builder_version=\u00bb3.27.4&#8243; type=\u00bb4_4&#8243;][et_pb_text _builder_version=\u00bb3.27.4&#8243; hover_enabled=\u00bb0&#8243;]<\/p>\n<ul>\n<li><strong>Objetivo general:<\/strong><br \/>Cuidar la vida espiritual de todos los miembros del Centro Juvenil.<\/li>\n<li><strong>Objetivos espec\u00edficos:<\/strong><br \/>Despertar el deseo de encuentro personal con el Se\u00f1or<br \/>Celebrar comunitariamente los sacramentos, especialmente la Eucarist\u00eda y la Reconciliaci\u00f3n.<br \/>Ofrecer una amplia oferta de oraci\u00f3n comunitaria que inicie y cimente la oraci\u00f3n personal.<\/li>\n<li><strong>L\u00edneas de acci\u00f3n:<\/strong><br \/>Ofreciendo un momento de oraci\u00f3n semanal los viernes a las 20.30 horas.<br \/>Estableciendo un calendario lit\u00fargico que coordine a todos los grupos de la casa para la animaci\u00f3n y motivaci\u00f3n de la oraci\u00f3n del Centro Juvenil y la Eucarist\u00eda de la CEP.<br \/>Participando activamente en los retiros y EE.EE. que desde la casa y la inspector\u00eda se ofrecen.<\/li>\n<\/ul>\n<p>[\/et_pb_text][\/et_pb_column][\/et_pb_row][\/et_pb_section]<\/p>\n","protected":false},"excerpt":{"rendered":"<p>Objetivo general:Cuidar la vida espiritual de todos los miembros del Centro Juvenil. Objetivos espec\u00edficos:Despertar el deseo de encuentro personal con el Se\u00f1orCelebrar comunitariamente los sacramentos, especialmente la Eucarist\u00eda y la Reconciliaci\u00f3n.Ofrecer una amplia oferta de oraci\u00f3n comunitaria que inicie y cimente la oraci\u00f3n personal. L\u00edneas de acci\u00f3n:Ofreciendo un momento de oraci\u00f3n semanal los viernes a [&hellip;]<\/p>\n","protected":false},"author":6,"featured_media":0,"parent":0,"menu_order":0,"comment_status":"closed","ping_status":"closed","template":"","meta":{"_et_pb_use_builder":"on","_et_pb_old_content":"","_et_gb_content_width":"","footnotes":""},"class_list":["post-9416","page","type-page","status-publish","hentry"],"yoast_head":"<!-- This site is optimized with the Yoast SEO plugin v27.3 - https:\/\/yoast.com\/product\/yoast-seo-wordpress\/ -->\n<title>Liturgia - Centro Juvenil Adelante<\/title>\n<meta name=\"robots\" content=\"index, follow, max-snippet:-1, max-image-preview:large, max-video-preview:-1\" \/>\n<link rel=\"canonical\" href=\"https:\/\/trinidad.salesianos.edu\/centrojuvenil\/liturgia\/\" \/>\n<meta property=\"og:locale\" content=\"es_ES\" \/>\n<meta property=\"og:type\" content=\"article\" \/>\n<meta property=\"og:title\" content=\"Liturgia - Centro Juvenil Adelante\" \/>\n<meta property=\"og:description\" content=\"Objetivo general:Cuidar la vida espiritual de todos los miembros del Centro Juvenil. Objetivos espec\u00edficos:Despertar el deseo de encuentro personal con el Se\u00f1orCelebrar comunitariamente los sacramentos, especialmente la Eucarist\u00eda y la Reconciliaci\u00f3n.Ofrecer una amplia oferta de oraci\u00f3n comunitaria que inicie y cimente la oraci\u00f3n personal. L\u00edneas de acci\u00f3n:Ofreciendo un momento de oraci\u00f3n semanal los viernes a [&hellip;]\" \/>\n<meta property=\"og:url\" content=\"https:\/\/trinidad.salesianos.edu\/centrojuvenil\/liturgia\/\" \/>\n<meta property=\"og:site_name\" content=\"Centro Juvenil Adelante\" \/>\n<meta property=\"article:modified_time\" content=\"2019-09-05T12:14:57+00:00\" \/>\n<meta name=\"twitter:card\" content=\"summary_large_image\" \/>\n<meta name=\"twitter:label1\" content=\"Tiempo de lectura\" \/>\n\t<meta name=\"twitter:data1\" content=\"1 minuto\" \/>\n<script type=\"application\/ld+json\" class=\"yoast-schema-graph\">{\"@context\":\"https:\\\/\\\/schema.org\",\"@graph\":[{\"@type\":\"WebPage\",\"@id\":\"https:\\\/\\\/trinidad.salesianos.edu\\\/centrojuvenil\\\/liturgia\\\/\",\"url\":\"https:\\\/\\\/trinidad.salesianos.edu\\\/centrojuvenil\\\/liturgia\\\/\",\"name\":\"Liturgia - Centro Juvenil Adelante\",\"isPartOf\":{\"@id\":\"https:\\\/\\\/trinidad.salesianos.edu\\\/centrojuvenil\\\/#website\"},\"datePublished\":\"2019-09-05T12:14:54+00:00\",\"dateModified\":\"2019-09-05T12:14:57+00:00\",\"breadcrumb\":{\"@id\":\"https:\\\/\\\/trinidad.salesianos.edu\\\/centrojuvenil\\\/liturgia\\\/#breadcrumb\"},\"inLanguage\":\"es\",\"potentialAction\":[{\"@type\":\"ReadAction\",\"target\":[\"https:\\\/\\\/trinidad.salesianos.edu\\\/centrojuvenil\\\/liturgia\\\/\"]}]},{\"@type\":\"BreadcrumbList\",\"@id\":\"https:\\\/\\\/trinidad.salesianos.edu\\\/centrojuvenil\\\/liturgia\\\/#breadcrumb\",\"itemListElement\":[{\"@type\":\"ListItem\",\"position\":1,\"name\":\"Portada\",\"item\":\"https:\\\/\\\/trinidad.salesianos.edu\\\/centrojuvenil\\\/\"},{\"@type\":\"ListItem\",\"position\":2,\"name\":\"Liturgia\"}]},{\"@type\":\"WebSite\",\"@id\":\"https:\\\/\\\/trinidad.salesianos.edu\\\/centrojuvenil\\\/#website\",\"url\":\"https:\\\/\\\/trinidad.salesianos.edu\\\/centrojuvenil\\\/\",\"name\":\"Centro Juvenil Adelante\",\"description\":\"P\u00e1gina oficial Salesianos Trinidad\",\"potentialAction\":[{\"@type\":\"SearchAction\",\"target\":{\"@type\":\"EntryPoint\",\"urlTemplate\":\"https:\\\/\\\/trinidad.salesianos.edu\\\/centrojuvenil\\\/?s={search_term_string}\"},\"query-input\":{\"@type\":\"PropertyValueSpecification\",\"valueRequired\":true,\"valueName\":\"search_term_string\"}}],\"inLanguage\":\"es\"}]}<\/script>\n<!-- \/ Yoast SEO plugin. -->","yoast_head_json":{"title":"Liturgia - Centro Juvenil Adelante","robots":{"index":"index","follow":"follow","max-snippet":"max-snippet:-1","max-image-preview":"max-image-preview:large","max-video-preview":"max-video-preview:-1"},"canonical":"https:\/\/trinidad.salesianos.edu\/centrojuvenil\/liturgia\/","og_locale":"es_ES","og_type":"article","og_title":"Liturgia - Centro Juvenil Adelante","og_description":"Objetivo general:Cuidar la vida espiritual de todos los miembros del Centro Juvenil. Objetivos espec\u00edficos:Despertar el deseo de encuentro personal con el Se\u00f1orCelebrar comunitariamente los sacramentos, especialmente la Eucarist\u00eda y la Reconciliaci\u00f3n.Ofrecer una amplia oferta de oraci\u00f3n comunitaria que inicie y cimente la oraci\u00f3n personal. L\u00edneas de acci\u00f3n:Ofreciendo un momento de oraci\u00f3n semanal los viernes a [&hellip;]","og_url":"https:\/\/trinidad.salesianos.edu\/centrojuvenil\/liturgia\/","og_site_name":"Centro Juvenil Adelante","article_modified_time":"2019-09-05T12:14:57+00:00","twitter_card":"summary_large_image","twitter_misc":{"Tiempo de lectura":"1 minuto"},"schema":{"@context":"https:\/\/schema.org","@graph":[{"@type":"WebPage","@id":"https:\/\/trinidad.salesianos.edu\/centrojuvenil\/liturgia\/","url":"https:\/\/trinidad.salesianos.edu\/centrojuvenil\/liturgia\/","name":"Liturgia - Centro Juvenil Adelante","isPartOf":{"@id":"https:\/\/trinidad.salesianos.edu\/centrojuvenil\/#website"},"datePublished":"2019-09-05T12:14:54+00:00","dateModified":"2019-09-05T12:14:57+00:00","breadcrumb":{"@id":"https:\/\/trinidad.salesianos.edu\/centrojuvenil\/liturgia\/#breadcrumb"},"inLanguage":"es","potentialAction":[{"@type":"ReadAction","target":["https:\/\/trinidad.salesianos.edu\/centrojuvenil\/liturgia\/"]}]},{"@type":"BreadcrumbList","@id":"https:\/\/trinidad.salesianos.edu\/centrojuvenil\/liturgia\/#breadcrumb","itemListElement":[{"@type":"ListItem","position":1,"name":"Portada","item":"https:\/\/trinidad.salesianos.edu\/centrojuvenil\/"},{"@type":"ListItem","position":2,"name":"Liturgia"}]},{"@type":"WebSite","@id":"https:\/\/trinidad.salesianos.edu\/centrojuvenil\/#website","url":"https:\/\/trinidad.salesianos.edu\/centrojuvenil\/","name":"Centro Juvenil Adelante","description":"P\u00e1gina oficial Salesianos Trinidad","potentialAction":[{"@type":"SearchAction","target":{"@type":"EntryPoint","urlTemplate":"https:\/\/trinidad.salesianos.edu\/centrojuvenil\/?s={search_term_string}"},"query-input":{"@type":"PropertyValueSpecification","valueRequired":true,"valueName":"search_term_string"}}],"inLanguage":"es"}]}},"_links":{"self":[{"href":"https:\/\/trinidad.salesianos.edu\/centrojuvenil\/wp-json\/wp\/v2\/pages\/9416","targetHints":{"allow":["GET"]}}],"collection":[{"href":"https:\/\/trinidad.salesianos.edu\/centrojuvenil\/wp-json\/wp\/v2\/pages"}],"about":[{"href":"https:\/\/trinidad.salesianos.edu\/centrojuvenil\/wp-json\/wp\/v2\/types\/page"}],"author":[{"embeddable":true,"href":"https:\/\/trinidad.salesianos.edu\/centrojuvenil\/wp-json\/wp\/v2\/users\/6"}],"replies":[{"embeddable":true,"href":"https:\/\/trinidad.salesianos.edu\/centrojuvenil\/wp-json\/wp\/v2\/comments?post=9416"}],"version-history":[{"count":4,"href":"https:\/\/trinidad.salesianos.edu\/centrojuvenil\/wp-json\/wp\/v2\/pages\/9416\/revisions"}],"predecessor-version":[{"id":9428,"href":"https:\/\/trinidad.salesianos.edu\/centrojuvenil\/wp-json\/wp\/v2\/pages\/9416\/revisions\/9428"}],"wp:attachment":[{"href":"https:\/\/trinidad.salesianos.edu\/centrojuvenil\/wp-json\/wp\/v2\/media?parent=9416"}],"curies":[{"name":"wp","href":"https:\/\/api.w.org\/{rel}","templated":true}]}}