
{"id":10443,"date":"2022-03-15T10:52:34","date_gmt":"2022-03-15T09:52:34","guid":{"rendered":"https:\/\/trinidad.salesianos.edu\/centrojuvenil\/?page_id=10443"},"modified":"2026-03-03T11:31:20","modified_gmt":"2026-03-03T10:31:20","slug":"campamentos","status":"publish","type":"page","link":"https:\/\/trinidad.salesianos.edu\/centrojuvenil\/campamentos\/","title":{"rendered":"Campamentos"},"content":{"rendered":"<p>[et_pb_section fb_built=\u00bb1&#8243; _builder_version=\u00bb4.21.0&#8243; _module_preset=\u00bbdefault\u00bb background_image=\u00bbhttps:\/\/trinidad.salesianos.edu\/centrojuvenil\/wp-content\/uploads\/sites\/6\/2022\/03\/cathopic_1527537583110472-scaled.jpg\u00bb global_colors_info=\u00bb{}\u00bb][et_pb_row column_structure=\u00bb3_5,2_5&#8243; _builder_version=\u00bb4.16&#8243; global_colors_info=\u00bb{}\u00bb][et_pb_column type=\u00bb3_5&#8243; _builder_version=\u00bb4.16&#8243; global_colors_info=\u00bb{}\u00bb][et_pb_text _builder_version=\u00bb4.16&#8243; _module_preset=\u00bbdefault\u00bb text_font=\u00bb|800||on|||||\u00bb text_text_color=\u00bb#FFFFFF\u00bb text_font_size=\u00bb46px\u00bb text_orientation=\u00bbcenter\u00bb text_font_size_tablet=\u00bb46px\u00bb text_font_size_phone=\u00bb35px\u00bb text_font_size_last_edited=\u00bbon|phone\u00bb text_text_shadow_style=\u00bbpreset1&#8243; global_colors_info=\u00bb{}\u00bb]<\/p>\n<p>campamentos<\/p>\n<p>[\/et_pb_text][\/et_pb_column][et_pb_column type=\u00bb2_5&#8243; _builder_version=\u00bb4.16&#8243; global_colors_info=\u00bb{}\u00bb][\/et_pb_column][\/et_pb_row][et_pb_row column_structure=\u00bb1_2,1_2&#8243; _builder_version=\u00bb4.27.5&#8243; _module_preset=\u00bbdefault\u00bb hover_enabled=\u00bb0&#8243; global_colors_info=\u00bb{}\u00bb sticky_enabled=\u00bb0&#8243;][et_pb_column type=\u00bb1_2&#8243; _builder_version=\u00bb4.27.5&#8243; _module_preset=\u00bbdefault\u00bb hover_enabled=\u00bb0&#8243; global_colors_info=\u00bb{}\u00bb background_color=\u00bbrgba(12,137,209,0.71)\u00bb sticky_enabled=\u00bb0&#8243; border_radii=\u00bbon|50px|50px|50px|50px\u00bb][et_pb_text _builder_version=\u00bb4.27.5&#8243; _module_preset=\u00bbdefault\u00bb text_font=\u00bb|600|||||||\u00bb text_text_color=\u00bb#FFFFFF\u00bb text_font_size=\u00bb16px\u00bb use_background_color_gradient=\u00bbon\u00bb background_color_gradient_stops=\u00bb#1d93d2 0%|rgba(255,255,255,0) 100%\u00bb text_orientation=\u00bbcenter\u00bb custom_margin=\u00bb||||false|false\u00bb custom_padding=\u00bb50px|25px|16px|25px|false|false\u00bb hover_enabled=\u00bb0&#8243; border_radii=\u00bboff|50px|50px||\u00bb global_colors_info=\u00bb{}\u00bb sticky_enabled=\u00bb0&#8243; min_height=\u00bb353.4px\u00bb]<\/p>\n<h3 data-start=\"125\" data-end=\"323\"><span style=\"color: #ffffff;\">Ya est\u00e1n aqu\u00ed los campamentos del <strong data-start=\"145\" data-end=\"163\">Centro Juvenil\u00a0 Adelante<\/strong><\/span><\/h3>\n<p>Como todos los a\u00f1os, es un momento muy importante que sirve como culmen a todo un a\u00f1o de vivencia de Fe en los Grupos.<\/p>\n<p>Este a\u00f1o la inscripci\u00f3n del campamento ser\u00e1 como el a\u00f1o anterior, a trav\u00e9s de la <span style=\"text-decoration: underline;\"><strong>plataforma Bosconecta<\/strong><\/span>. Puedes acceder pinchando <span style=\"text-decoration: underline; color: #ffffff;\"><a href=\"https:\/\/confedonbosco.org\/areaprivada\/\" target=\"_blank\" rel=\"noopener\" style=\"color: #ffffff; text-decoration: underline;\">aqu\u00ed\u00a0<\/a>.<\/span><\/p>\n<p>A continuaci\u00f3n, te puedes descargar un documento donde viene recogido el precio, lo necesario a llevarse, el proceso de inscripci\u00f3n a seguir y c\u00f3mo subir los diferentes documentos a bosconecta.<\/p>\n<p>[\/et_pb_text][et_pb_icon _builder_version=\u00bb4.27.5&#8243; _module_preset=\u00bbdefault\u00bb font_icon=\u00bb&#xf56d;||fa||900&#8243; icon_color=\u00bb#FFFFFF\u00bb hover_enabled=\u00bb0&#8243; sticky_enabled=\u00bb0&#8243; url=\u00bbhttps:\/\/trinidad.salesianos.edu\/centrojuvenil\/wp-content\/uploads\/sites\/6\/2026\/03\/CAMPAMENTOS-2026-V4.pdf\u00bb custom_margin=\u00bb-18px||||false|false\u00bb][\/et_pb_icon][et_pb_text _builder_version=\u00bb4.27.5&#8243; _module_preset=\u00bbdefault\u00bb text_font=\u00bb|600|||||||\u00bb text_text_color=\u00bb#FFFFFF\u00bb text_font_size=\u00bb16px\u00bb text_orientation=\u00bbcenter\u00bb custom_margin=\u00bb||||false|false\u00bb custom_padding=\u00bb50px|25px|13px|25px|false|false\u00bb hover_enabled=\u00bb0&#8243; border_radii=\u00bboff|50px|50px||\u00bb global_colors_info=\u00bb{}\u00bb sticky_enabled=\u00bb0&#8243; header_3_text_color=\u00bb#FFFFFF\u00bb]<\/p>\n<h3 data-start=\"125\" data-end=\"323\"><span>\u00a1Nos vemos en el campamento! <\/span><\/h3>\n<p>[\/et_pb_text][\/et_pb_column][et_pb_column type=\u00bb1_2&#8243; _builder_version=\u00bb4.21.0&#8243; _module_preset=\u00bbdefault\u00bb global_colors_info=\u00bb{}\u00bb][et_pb_image src=\u00bbhttps:\/\/trinidad.salesianos.edu\/centrojuvenil\/wp-content\/uploads\/sites\/6\/2026\/01\/Copia-de-CAMPAMENTOs-DE-VERANO-2026-1080-x-1920-px-scaled.png\u00bb title_text=\u00bbCopia de CAMPAMENTOs DE VERANO 2026 (1080 x 1920 px)\u00bb show_in_lightbox=\u00bbon\u00bb src_tablet=\u00bbhttps:\/\/trinidad.salesianos.edu\/centrojuvenil\/wp-content\/uploads\/sites\/6\/2026\/01\/CAMPAMENTOs-DE-VERANO-2026.png\u00bb src_phone=\u00bbhttps:\/\/trinidad.salesianos.edu\/centrojuvenil\/wp-content\/uploads\/sites\/6\/2026\/01\/Copia-de-CAMPAMENTOs-DE-VERANO-2026-1080-x-1920-px-scaled.png\u00bb src_last_edited=\u00bbon|phone\u00bb _builder_version=\u00bb4.27.5&#8243; _module_preset=\u00bbdefault\u00bb width=\u00bb76%\u00bb module_alignment=\u00bbcenter\u00bb border_radii=\u00bbon|10px|10px|10px|10px\u00bb box_shadow_style=\u00bbpreset2&#8243; global_colors_info=\u00bb{}\u00bb][\/et_pb_image][\/et_pb_column][\/et_pb_row][\/et_pb_section]<\/p>\n","protected":false},"excerpt":{"rendered":"<p>campamentosYa est\u00e1n aqu\u00ed los campamentos del Centro Juvenil\u00a0 Adelante Como todos los a\u00f1os, es un momento muy importante que sirve como culmen a todo un a\u00f1o de vivencia de Fe en los Grupos. Este a\u00f1o la inscripci\u00f3n del campamento ser\u00e1 como el a\u00f1o anterior, a trav\u00e9s de la plataforma Bosconecta. Puedes acceder pinchando aqu\u00ed\u00a0. A [&hellip;]<\/p>\n","protected":false},"author":3,"featured_media":0,"parent":0,"menu_order":0,"comment_status":"closed","ping_status":"closed","template":"","meta":{"_et_pb_use_builder":"on","_et_pb_old_content":"","_et_gb_content_width":"","footnotes":""},"class_list":["post-10443","page","type-page","status-publish","hentry"],"yoast_head":"<!-- This site is optimized with the Yoast SEO plugin v27.3 - https:\/\/yoast.com\/product\/yoast-seo-wordpress\/ -->\n<title>Campamentos - Centro Juvenil Adelante<\/title>\n<meta name=\"robots\" content=\"index, follow, max-snippet:-1, max-image-preview:large, max-video-preview:-1\" \/>\n<link rel=\"canonical\" href=\"https:\/\/trinidad.salesianos.edu\/centrojuvenil\/campamentos\/\" \/>\n<meta property=\"og:locale\" content=\"es_ES\" \/>\n<meta property=\"og:type\" content=\"article\" \/>\n<meta property=\"og:title\" content=\"Campamentos - Centro Juvenil Adelante\" \/>\n<meta property=\"og:description\" content=\"campamentosYa est\u00e1n aqu\u00ed los campamentos del Centro Juvenil\u00a0 Adelante Como todos los a\u00f1os, es un momento muy importante que sirve como culmen a todo un a\u00f1o de vivencia de Fe en los Grupos. Este a\u00f1o la inscripci\u00f3n del campamento ser\u00e1 como el a\u00f1o anterior, a trav\u00e9s de la plataforma Bosconecta. Puedes acceder pinchando aqu\u00ed\u00a0. A [&hellip;]\" \/>\n<meta property=\"og:url\" content=\"https:\/\/trinidad.salesianos.edu\/centrojuvenil\/campamentos\/\" \/>\n<meta property=\"og:site_name\" content=\"Centro Juvenil Adelante\" \/>\n<meta property=\"article:modified_time\" content=\"2026-03-03T10:31:20+00:00\" \/>\n<meta name=\"twitter:card\" content=\"summary_large_image\" \/>\n<meta name=\"twitter:label1\" content=\"Tiempo de lectura\" \/>\n\t<meta name=\"twitter:data1\" content=\"3 minutos\" \/>\n<script type=\"application\/ld+json\" class=\"yoast-schema-graph\">{\"@context\":\"https:\\\/\\\/schema.org\",\"@graph\":[{\"@type\":\"WebPage\",\"@id\":\"https:\\\/\\\/trinidad.salesianos.edu\\\/centrojuvenil\\\/campamentos\\\/\",\"url\":\"https:\\\/\\\/trinidad.salesianos.edu\\\/centrojuvenil\\\/campamentos\\\/\",\"name\":\"Campamentos - Centro Juvenil Adelante\",\"isPartOf\":{\"@id\":\"https:\\\/\\\/trinidad.salesianos.edu\\\/centrojuvenil\\\/#website\"},\"datePublished\":\"2022-03-15T09:52:34+00:00\",\"dateModified\":\"2026-03-03T10:31:20+00:00\",\"breadcrumb\":{\"@id\":\"https:\\\/\\\/trinidad.salesianos.edu\\\/centrojuvenil\\\/campamentos\\\/#breadcrumb\"},\"inLanguage\":\"es\",\"potentialAction\":[{\"@type\":\"ReadAction\",\"target\":[\"https:\\\/\\\/trinidad.salesianos.edu\\\/centrojuvenil\\\/campamentos\\\/\"]}]},{\"@type\":\"BreadcrumbList\",\"@id\":\"https:\\\/\\\/trinidad.salesianos.edu\\\/centrojuvenil\\\/campamentos\\\/#breadcrumb\",\"itemListElement\":[{\"@type\":\"ListItem\",\"position\":1,\"name\":\"Portada\",\"item\":\"https:\\\/\\\/trinidad.salesianos.edu\\\/centrojuvenil\\\/\"},{\"@type\":\"ListItem\",\"position\":2,\"name\":\"Campamentos\"}]},{\"@type\":\"WebSite\",\"@id\":\"https:\\\/\\\/trinidad.salesianos.edu\\\/centrojuvenil\\\/#website\",\"url\":\"https:\\\/\\\/trinidad.salesianos.edu\\\/centrojuvenil\\\/\",\"name\":\"Centro Juvenil Adelante\",\"description\":\"P\u00e1gina oficial Salesianos Trinidad\",\"potentialAction\":[{\"@type\":\"SearchAction\",\"target\":{\"@type\":\"EntryPoint\",\"urlTemplate\":\"https:\\\/\\\/trinidad.salesianos.edu\\\/centrojuvenil\\\/?s={search_term_string}\"},\"query-input\":{\"@type\":\"PropertyValueSpecification\",\"valueRequired\":true,\"valueName\":\"search_term_string\"}}],\"inLanguage\":\"es\"}]}<\/script>\n<!-- \/ Yoast SEO plugin. -->","yoast_head_json":{"title":"Campamentos - Centro Juvenil Adelante","robots":{"index":"index","follow":"follow","max-snippet":"max-snippet:-1","max-image-preview":"max-image-preview:large","max-video-preview":"max-video-preview:-1"},"canonical":"https:\/\/trinidad.salesianos.edu\/centrojuvenil\/campamentos\/","og_locale":"es_ES","og_type":"article","og_title":"Campamentos - Centro Juvenil Adelante","og_description":"campamentosYa est\u00e1n aqu\u00ed los campamentos del Centro Juvenil\u00a0 Adelante Como todos los a\u00f1os, es un momento muy importante que sirve como culmen a todo un a\u00f1o de vivencia de Fe en los Grupos. Este a\u00f1o la inscripci\u00f3n del campamento ser\u00e1 como el a\u00f1o anterior, a trav\u00e9s de la plataforma Bosconecta. Puedes acceder pinchando aqu\u00ed\u00a0. A [&hellip;]","og_url":"https:\/\/trinidad.salesianos.edu\/centrojuvenil\/campamentos\/","og_site_name":"Centro Juvenil Adelante","article_modified_time":"2026-03-03T10:31:20+00:00","twitter_card":"summary_large_image","twitter_misc":{"Tiempo de lectura":"3 minutos"},"schema":{"@context":"https:\/\/schema.org","@graph":[{"@type":"WebPage","@id":"https:\/\/trinidad.salesianos.edu\/centrojuvenil\/campamentos\/","url":"https:\/\/trinidad.salesianos.edu\/centrojuvenil\/campamentos\/","name":"Campamentos - Centro Juvenil Adelante","isPartOf":{"@id":"https:\/\/trinidad.salesianos.edu\/centrojuvenil\/#website"},"datePublished":"2022-03-15T09:52:34+00:00","dateModified":"2026-03-03T10:31:20+00:00","breadcrumb":{"@id":"https:\/\/trinidad.salesianos.edu\/centrojuvenil\/campamentos\/#breadcrumb"},"inLanguage":"es","potentialAction":[{"@type":"ReadAction","target":["https:\/\/trinidad.salesianos.edu\/centrojuvenil\/campamentos\/"]}]},{"@type":"BreadcrumbList","@id":"https:\/\/trinidad.salesianos.edu\/centrojuvenil\/campamentos\/#breadcrumb","itemListElement":[{"@type":"ListItem","position":1,"name":"Portada","item":"https:\/\/trinidad.salesianos.edu\/centrojuvenil\/"},{"@type":"ListItem","position":2,"name":"Campamentos"}]},{"@type":"WebSite","@id":"https:\/\/trinidad.salesianos.edu\/centrojuvenil\/#website","url":"https:\/\/trinidad.salesianos.edu\/centrojuvenil\/","name":"Centro Juvenil Adelante","description":"P\u00e1gina oficial Salesianos Trinidad","potentialAction":[{"@type":"SearchAction","target":{"@type":"EntryPoint","urlTemplate":"https:\/\/trinidad.salesianos.edu\/centrojuvenil\/?s={search_term_string}"},"query-input":{"@type":"PropertyValueSpecification","valueRequired":true,"valueName":"search_term_string"}}],"inLanguage":"es"}]}},"_links":{"self":[{"href":"https:\/\/trinidad.salesianos.edu\/centrojuvenil\/wp-json\/wp\/v2\/pages\/10443","targetHints":{"allow":["GET"]}}],"collection":[{"href":"https:\/\/trinidad.salesianos.edu\/centrojuvenil\/wp-json\/wp\/v2\/pages"}],"about":[{"href":"https:\/\/trinidad.salesianos.edu\/centrojuvenil\/wp-json\/wp\/v2\/types\/page"}],"author":[{"embeddable":true,"href":"https:\/\/trinidad.salesianos.edu\/centrojuvenil\/wp-json\/wp\/v2\/users\/3"}],"replies":[{"embeddable":true,"href":"https:\/\/trinidad.salesianos.edu\/centrojuvenil\/wp-json\/wp\/v2\/comments?post=10443"}],"version-history":[{"count":19,"href":"https:\/\/trinidad.salesianos.edu\/centrojuvenil\/wp-json\/wp\/v2\/pages\/10443\/revisions"}],"predecessor-version":[{"id":11029,"href":"https:\/\/trinidad.salesianos.edu\/centrojuvenil\/wp-json\/wp\/v2\/pages\/10443\/revisions\/11029"}],"wp:attachment":[{"href":"https:\/\/trinidad.salesianos.edu\/centrojuvenil\/wp-json\/wp\/v2\/media?parent=10443"}],"curies":[{"name":"wp","href":"https:\/\/api.w.org\/{rel}","templated":true}]}}