
{"id":9887,"date":"2022-10-25T21:39:37","date_gmt":"2022-10-25T19:39:37","guid":{"rendered":"https:\/\/trinidad.salesianos.edu\/ampa\/?page_id=9887"},"modified":"2022-10-31T12:11:26","modified_gmt":"2022-10-31T11:11:26","slug":"quehacemos","status":"publish","type":"page","link":"https:\/\/trinidad.salesianos.edu\/ampa\/quehacemos\/","title":{"rendered":"Qu\u00e9 hacemos"},"content":{"rendered":"<p>[et_pb_section fb_built=\u00bb1&#8243; fullwidth=\u00bbon\u00bb _builder_version=\u00bb4.18.0&#8243; _module_preset=\u00bbdefault\u00bb global_colors_info=\u00bb{}\u00bb][et_pb_fullwidth_header title=\u00bbQu\u00e9 hacemos\u00bb _builder_version=\u00bb4.18.1&#8243; _module_preset=\u00bbdefault\u00bb title_text_align=\u00bbright\u00bb title_font_size=\u00bb44px\u00bb content_font=\u00bbBad Script||||||||\u00bb content_text_align=\u00bbright\u00bb content_font_size=\u00bb35px\u00bb background_image=\u00bbhttps:\/\/trinidad.salesianos.edu\/ampa\/wp-content\/uploads\/sites\/15\/2022\/05\/encabezado_noticias_casa-min.png\u00bb content_line_height_tablet=\u00bb\u00bb content_line_height_phone=\u00bb1em\u00bb content_line_height_last_edited=\u00bbon|phone\u00bb title_text_shadow_style=\u00bbpreset1&#8243; global_colors_info=\u00bb{}\u00bb]<\/p>\n<p>Funciones y principales actividades<\/p>\n<p>[\/et_pb_fullwidth_header][\/et_pb_section][et_pb_section fb_built=\u00bb1&#8243; _builder_version=\u00bb4.18.0&#8243; _module_preset=\u00bbdefault\u00bb global_colors_info=\u00bb{}\u00bb][et_pb_row _builder_version=\u00bb4.18.0&#8243; _module_preset=\u00bbdefault\u00bb global_colors_info=\u00bb{}\u00bb][et_pb_column type=\u00bb4_4&#8243; _builder_version=\u00bb4.18.0&#8243; _module_preset=\u00bbdefault\u00bb global_colors_info=\u00bb{}\u00bb][et_pb_text _builder_version=\u00bb4.18.0&#8243; _module_preset=\u00bbdefault\u00bb text_font=\u00bbActor||||||||\u00bb text_font_size=\u00bb19px\u00bb text_orientation=\u00bbcenter\u00bb global_colors_info=\u00bb{}\u00bb]<\/p>\n<p>Nuestra A.M.P.A. est\u00e1 formado por madres y padres de alumnos del Colegio Salesianos Trinidad que voluntariamente quieren pertenecer a la Asociaci\u00f3n, nuestro objetivo es representar y colaborar respecto a los diferentes intereses de nuestros hijos en materia cultural, deportiva, recreativa, etc.<\/p>\n<p>A continuaci\u00f3n os dejamos una muestra de las principales actividades en las que participamos como A.M.P.A:\u00a0<\/p>\n<p>[\/et_pb_text][\/et_pb_column][\/et_pb_row][et_pb_row column_structure=\u00bb1_3,1_3,1_3&#8243; _builder_version=\u00bb4.18.0&#8243; _module_preset=\u00bbdefault\u00bb global_colors_info=\u00bb{}\u00bb][et_pb_column type=\u00bb1_3&#8243; _builder_version=\u00bb4.18.0&#8243; _module_preset=\u00bbdefault\u00bb global_colors_info=\u00bb{}\u00bb][et_pb_blurb image=\u00bbhttps:\/\/trinidad.salesianos.edu\/ampa\/wp-content\/uploads\/sites\/15\/2022\/10\/1.jpg\u00bb image_icon_width=\u00bb36%\u00bb _builder_version=\u00bb4.18.1&#8243; _module_preset=\u00bbdefault\u00bb body_font=\u00bbActor||||||||\u00bb body_text_align=\u00bbleft\u00bb body_font_size=\u00bb16px\u00bb border_radii_image=\u00bbon|200px|200px|200px|200px\u00bb box_shadow_style_image=\u00bbpreset2&#8243; global_colors_info=\u00bb{}\u00bb]<\/p>\n<ul>\n<li>Presentaci\u00f3n de la Asociaci\u00f3n a todos los cursos.<\/li>\n<li>TALLERES de confecci\u00f3n flamenca, guitarra,\u2026<\/li>\n<li><strong> <\/strong>ESCUELA de PATINAJE de familia.<\/li>\n<li><strong> <\/strong>Reuni\u00f3n DELEGACIONES \/ SUBDELEGACIONES de clases.<\/li>\n<li><strong> <\/strong>VENTA de LOTER\u00cdA de Navidad y otros ART\u00cdCULOS Salesianos para NAVIDAD.<\/li>\n<li><strong> <\/strong>COLABORACI\u00d3N con otros grupos de la CASA como, por ejemplo, la venta de flores de pascua, \u2026<\/li>\n<li><strong> <\/strong>CONCURSO de belenes y DECORACI\u00d3N navide\u00f1a de AULAS.<\/li>\n<li><strong> <\/strong>CONCURSO de FELICITACIONES NAVIDE\u00d1AS.<\/li>\n<li><strong> <\/strong>Visita del PAJE REAL a los alumnos del Centro.<\/li>\n<li><strong><\/strong> CONCURSO de dibujos conmemorativos de D. BOSCO en su fiesta.<\/li>\n<li>ANIMACI\u00d3N en las Eucarist\u00edas del TRIDUO de D. Bosco, NOVENA de M\u00aa Auxiliadora,\u2026<\/li>\n<\/ul>\n<p>[\/et_pb_blurb][\/et_pb_column][et_pb_column type=\u00bb1_3&#8243; _builder_version=\u00bb4.18.0&#8243; _module_preset=\u00bbdefault\u00bb global_colors_info=\u00bb{}\u00bb][et_pb_blurb image=\u00bbhttps:\/\/trinidad.salesianos.edu\/ampa\/wp-content\/uploads\/sites\/15\/2022\/10\/2.jpg\u00bb image_icon_width=\u00bb36%\u00bb _builder_version=\u00bb4.18.1&#8243; _module_preset=\u00bbdefault\u00bb body_font=\u00bbActor||||||||\u00bb body_text_align=\u00bbleft\u00bb body_font_size=\u00bb16px\u00bb border_radii_image=\u00bbon|200px|200px|200px|200px\u00bb box_shadow_style_image=\u00bbpreset2&#8243; global_colors_info=\u00bb{}\u00bb]<\/p>\n<ul>\n<li>Ofrenda FLORAL d\u00eda de D. BOSCO.<\/li>\n<li><strong><\/strong> \u201cCORAZONES SOLIDARIOS\u201d para el d\u00eda de San Valent\u00edn.<\/li>\n<li><strong><\/strong> CONCURSO de carteles de SEMANA SANTA.<\/li>\n<li><strong><\/strong> Ofrenda FLORAL conmemoraci\u00f3n d\u00eda de M\u00aa AUXILIADORA.<\/li>\n<li><strong><\/strong> PR\u00c9STAMO de T\u00daNICAS de ANGELITOS para asociados que las soliciten.<\/li>\n<li><strong><\/strong> ALMUERZO del d\u00eda del MONTAJE de CASETAS de la Verbena.<\/li>\n<li><strong><\/strong> COLABORACI\u00d3N y REPOSICI\u00d3N de materiales de las casetas de la Verbena.<\/li>\n<li><strong><\/strong> ECONOMATO social.<\/li>\n<li><strong><\/strong> ARMARIO solidario.<\/li>\n<li>Colaboraci\u00f3n en el Proyecto APRES.<\/li>\n<li><strong><\/strong> Recogida de alimentos en la \u201cOPERACI\u00d3N KILO\u201d.<\/li>\n<\/ul>\n<p>[\/et_pb_blurb][\/et_pb_column][et_pb_column type=\u00bb1_3&#8243; _builder_version=\u00bb4.18.0&#8243; _module_preset=\u00bbdefault\u00bb global_colors_info=\u00bb{}\u00bb][et_pb_blurb image=\u00bbhttps:\/\/trinidad.salesianos.edu\/ampa\/wp-content\/uploads\/sites\/15\/2022\/10\/3.jpg\u00bb image_icon_width=\u00bb36%\u00bb _builder_version=\u00bb4.18.1&#8243; _module_preset=\u00bbdefault\u00bb body_font=\u00bbActor||||||||\u00bb body_text_align=\u00bbleft\u00bb body_font_size=\u00bb16px\u00bb border_radii_image=\u00bbon|200px|200px|200px|200px\u00bb box_shadow_style_image=\u00bbpreset2&#8243; global_colors_info=\u00bb{}\u00bb]<\/p>\n<ul>\n<li>DONACI\u00d3N de alimentos en el \u201cDESAYUNO SOLIDARIO\u201d.<\/li>\n<li><strong><\/strong> ENTREGA gratuita de AGENDAS para los socios del AMPA y venta para las familias que no pertenecen al AMPA.<\/li>\n<li><strong><\/strong> Colaboraci\u00f3n con el Centro Educativo en la REFORMA integral de las AULAS.<\/li>\n<li><strong><\/strong> ACTUALIZACI\u00d3N de las PANTALLAS DIGITALES en las aulas.<\/li>\n<li><strong><\/strong> COORDINACI\u00d3N y COLABORACI\u00d3N con el Centro Educativo (Consejo Escolar, Comisiones de Convivencia, Consejos de la Comunidad Educativa y Pastoral, Actos de despedida de las diferentes etapas educativas).<\/li>\n<li><strong><\/strong> Sesiones de FORMACI\u00d3N y ASESORAMIENTO a las familias de los alumnos\/as del centro.<\/li>\n<li><strong><\/strong> CORO MUSICAL formado por padres y madres de alumnos del centro.<\/li>\n<\/ul>\n<p>[\/et_pb_blurb][\/et_pb_column][\/et_pb_row][et_pb_row _builder_version=\u00bb4.18.0&#8243; _module_preset=\u00bbdefault\u00bb global_colors_info=\u00bb{}\u00bb][et_pb_column type=\u00bb4_4&#8243; _builder_version=\u00bb4.18.0&#8243; _module_preset=\u00bbdefault\u00bb global_colors_info=\u00bb{}\u00bb][et_pb_text _builder_version=\u00bb4.18.0&#8243; _module_preset=\u00bbdefault\u00bb text_font=\u00bbActor||||||||\u00bb text_font_size=\u00bb19px\u00bb text_orientation=\u00bbcenter\u00bb global_colors_info=\u00bb{}\u00bb]<\/p>\n<p>Para llevar a cabo nuestro objetivo contamos con la colaboraci\u00f3n de madres y padres que ofrecen su tiempo de manera altruista. Para una buena organizaci\u00f3n la Asociaci\u00f3n tiene diferentes vocal\u00edas y cada una de ellas cumple, entre otras, con las siguientes funciones:<\/p>\n<p>[\/et_pb_text][\/et_pb_column][\/et_pb_row][\/et_pb_section][et_pb_section fb_built=\u00bb1&#8243; fullwidth=\u00bbon\u00bb theme_builder_area=\u00bbpost_content\u00bb _builder_version=\u00bb4.18.1&#8243; _module_preset=\u00bbdefault\u00bb custom_margin=\u00bb-17px||||false|false\u00bb hover_enabled=\u00bb0&#8243; sticky_enabled=\u00bb0&#8243;][et_pb_fullwidth_code _builder_version=\u00bb4.18.1&#8243; _module_preset=\u00bbdefault\u00bb theme_builder_area=\u00bbpost_content\u00bb hover_enabled=\u00bb0&#8243; sticky_enabled=\u00bb0&#8243; raw_content_last_edited=\u00bbon|tablet\u00bb raw_content_tablet=\u00bb<\/p>\n<div style=%22width: 100%;%22>\n<div style=%22position: relative; padding-bottom: 125.00%; padding-top: 0; height: 0;%22><iframe title=%22Copia - Funciones vocal\u00eda m\u00f3vil%22 frameborder=%220%22 width=%221080%22 height=%221350%22 style=%22position: absolute; top: 0; left: 0; width: 100%; height: 100%;%22 src=%22https:\/\/view.genial.ly\/635faa3667987c001321b726%22 type=%22text\/html%22 allowscriptaccess=%22always%22 allowfullscreen=%22true%22 scrolling=%22yes%22 allownetworking=%22all%22><\/iframe> <\/div>\n<\/p><\/div>\n<p>\u00bb raw_content_phone=\u00bb<\/p>\n<div style=%22width: 100%;%22>\n<div style=%22position: relative; padding-bottom: 125.00%; padding-top: 0; height: 0;%22><iframe title=%22Copia - Funciones vocal\u00eda m\u00f3vil%22 frameborder=%220%22 width=%221080%22 height=%221350%22 style=%22position: absolute; top: 0; left: 0; width: 100%; height: 100%;%22 src=%22https:\/\/view.genial.ly\/635faa3667987c001321b726%22 type=%22text\/html%22 allowscriptaccess=%22always%22 allowfullscreen=%22true%22 scrolling=%22yes%22 allownetworking=%22all%22><\/iframe> <\/div>\n<\/p><\/div>\n<p>\u00ab]<\/p>\n<div style=\"width: 100%;\">\n<div style=\"position: relative; padding-bottom: 56.25%; padding-top: 0; height: 0;\"><iframe loading=\"lazy\" title=\"MAPA DE EXPERIENCIA DEL CLIENTE\" frameborder=\"0\" width=\"1200\" height=\"675\" style=\"position: absolute; top: 0; left: 0; width: 100%; height: 100%;\" src=\"https:\/\/view.genial.ly\/63582be41b7a360011f135d8\" type=\"text\/html\" allowscriptaccess=\"always\" allowfullscreen=\"true\" scrolling=\"yes\" allownetworking=\"all\"><\/iframe> <\/div>\n<\/p><\/div>\n<p>[\/et_pb_fullwidth_code][\/et_pb_section]<\/p>\n","protected":false},"excerpt":{"rendered":"<p>Funciones y principales actividadesNuestra A.M.P.A. est\u00e1 formado por madres y padres de alumnos del Colegio Salesianos Trinidad que voluntariamente quieren pertenecer a la Asociaci\u00f3n, nuestro objetivo es representar y colaborar respecto a los diferentes intereses de nuestros hijos en materia cultural, deportiva, recreativa, etc. A continuaci\u00f3n os dejamos una muestra de las principales actividades en [&hellip;]<\/p>\n","protected":false},"author":3,"featured_media":0,"parent":0,"menu_order":0,"comment_status":"closed","ping_status":"closed","template":"","meta":{"_et_pb_use_builder":"on","_et_pb_old_content":"","_et_gb_content_width":"","footnotes":""},"class_list":["post-9887","page","type-page","status-publish","hentry"],"yoast_head":"<!-- This site is optimized with the Yoast SEO plugin v27.4 - https:\/\/yoast.com\/product\/yoast-seo-wordpress\/ -->\n<title>Qu\u00e9 hacemos - Ampa Pedro Ricaldone<\/title>\n<meta name=\"robots\" content=\"index, follow, max-snippet:-1, max-image-preview:large, max-video-preview:-1\" \/>\n<link rel=\"canonical\" href=\"https:\/\/trinidad.salesianos.edu\/ampa\/quehacemos\/\" \/>\n<meta property=\"og:locale\" content=\"es_ES\" \/>\n<meta property=\"og:type\" content=\"article\" \/>\n<meta property=\"og:title\" content=\"Qu\u00e9 hacemos - Ampa Pedro Ricaldone\" \/>\n<meta property=\"og:description\" content=\"Funciones y principales actividadesNuestra A.M.P.A. est\u00e1 formado por madres y padres de alumnos del Colegio Salesianos Trinidad que voluntariamente quieren pertenecer a la Asociaci\u00f3n, nuestro objetivo es representar y colaborar respecto a los diferentes intereses de nuestros hijos en materia cultural, deportiva, recreativa, etc. A continuaci\u00f3n os dejamos una muestra de las principales actividades en [&hellip;]\" \/>\n<meta property=\"og:url\" content=\"https:\/\/trinidad.salesianos.edu\/ampa\/quehacemos\/\" \/>\n<meta property=\"og:site_name\" content=\"Ampa Pedro Ricaldone\" \/>\n<meta property=\"article:publisher\" content=\"https:\/\/m.facebook.com\/amparicaldone\/\" \/>\n<meta property=\"article:modified_time\" content=\"2022-10-31T11:11:26+00:00\" \/>\n<meta name=\"twitter:card\" content=\"summary_large_image\" \/>\n<meta name=\"twitter:site\" content=\"@amparicaldone\" \/>\n<meta name=\"twitter:label1\" content=\"Tiempo de lectura\" \/>\n\t<meta name=\"twitter:data1\" content=\"1 minuto\" \/>\n<script type=\"application\/ld+json\" class=\"yoast-schema-graph\">{\"@context\":\"https:\\\/\\\/schema.org\",\"@graph\":[{\"@type\":\"WebPage\",\"@id\":\"https:\\\/\\\/trinidad.salesianos.edu\\\/ampa\\\/quehacemos\\\/\",\"url\":\"https:\\\/\\\/trinidad.salesianos.edu\\\/ampa\\\/quehacemos\\\/\",\"name\":\"Qu\u00e9 hacemos - Ampa Pedro Ricaldone\",\"isPartOf\":{\"@id\":\"https:\\\/\\\/trinidad.salesianos.edu\\\/ampa\\\/#website\"},\"datePublished\":\"2022-10-25T19:39:37+00:00\",\"dateModified\":\"2022-10-31T11:11:26+00:00\",\"breadcrumb\":{\"@id\":\"https:\\\/\\\/trinidad.salesianos.edu\\\/ampa\\\/quehacemos\\\/#breadcrumb\"},\"inLanguage\":\"es\",\"potentialAction\":[{\"@type\":\"ReadAction\",\"target\":[\"https:\\\/\\\/trinidad.salesianos.edu\\\/ampa\\\/quehacemos\\\/\"]}]},{\"@type\":\"BreadcrumbList\",\"@id\":\"https:\\\/\\\/trinidad.salesianos.edu\\\/ampa\\\/quehacemos\\\/#breadcrumb\",\"itemListElement\":[{\"@type\":\"ListItem\",\"position\":1,\"name\":\"Portada\",\"item\":\"https:\\\/\\\/trinidad.salesianos.edu\\\/ampa\\\/\"},{\"@type\":\"ListItem\",\"position\":2,\"name\":\"Qu\u00e9 hacemos\"}]},{\"@type\":\"WebSite\",\"@id\":\"https:\\\/\\\/trinidad.salesianos.edu\\\/ampa\\\/#website\",\"url\":\"https:\\\/\\\/trinidad.salesianos.edu\\\/ampa\\\/\",\"name\":\"Ampa Pedro Ricaldone\",\"description\":\"P\u00e1gina oficial Ampa Pedro Ricaldone\",\"publisher\":{\"@id\":\"https:\\\/\\\/trinidad.salesianos.edu\\\/ampa\\\/#organization\"},\"potentialAction\":[{\"@type\":\"SearchAction\",\"target\":{\"@type\":\"EntryPoint\",\"urlTemplate\":\"https:\\\/\\\/trinidad.salesianos.edu\\\/ampa\\\/?s={search_term_string}\"},\"query-input\":{\"@type\":\"PropertyValueSpecification\",\"valueRequired\":true,\"valueName\":\"search_term_string\"}}],\"inLanguage\":\"es\"},{\"@type\":\"Organization\",\"@id\":\"https:\\\/\\\/trinidad.salesianos.edu\\\/ampa\\\/#organization\",\"name\":\"AMPA SALESIANOS TRINDAD PEDRO RICALDONE\",\"url\":\"https:\\\/\\\/trinidad.salesianos.edu\\\/ampa\\\/\",\"logo\":{\"@type\":\"ImageObject\",\"inLanguage\":\"es\",\"@id\":\"https:\\\/\\\/trinidad.salesianos.edu\\\/ampa\\\/#\\\/schema\\\/logo\\\/image\\\/\",\"url\":\"https:\\\/\\\/trinidad.salesianos.edu\\\/ampa\\\/wp-content\\\/uploads\\\/sites\\\/15\\\/2020\\\/02\\\/logo_ampa_small_200.jpg\",\"contentUrl\":\"https:\\\/\\\/trinidad.salesianos.edu\\\/ampa\\\/wp-content\\\/uploads\\\/sites\\\/15\\\/2020\\\/02\\\/logo_ampa_small_200.jpg\",\"width\":567,\"height\":310,\"caption\":\"AMPA SALESIANOS TRINDAD PEDRO RICALDONE\"},\"image\":{\"@id\":\"https:\\\/\\\/trinidad.salesianos.edu\\\/ampa\\\/#\\\/schema\\\/logo\\\/image\\\/\"},\"sameAs\":[\"https:\\\/\\\/m.facebook.com\\\/amparicaldone\\\/\",\"https:\\\/\\\/x.com\\\/amparicaldone\"]}]}<\/script>\n<!-- \/ Yoast SEO plugin. -->","yoast_head_json":{"title":"Qu\u00e9 hacemos - Ampa Pedro Ricaldone","robots":{"index":"index","follow":"follow","max-snippet":"max-snippet:-1","max-image-preview":"max-image-preview:large","max-video-preview":"max-video-preview:-1"},"canonical":"https:\/\/trinidad.salesianos.edu\/ampa\/quehacemos\/","og_locale":"es_ES","og_type":"article","og_title":"Qu\u00e9 hacemos - Ampa Pedro Ricaldone","og_description":"Funciones y principales actividadesNuestra A.M.P.A. est\u00e1 formado por madres y padres de alumnos del Colegio Salesianos Trinidad que voluntariamente quieren pertenecer a la Asociaci\u00f3n, nuestro objetivo es representar y colaborar respecto a los diferentes intereses de nuestros hijos en materia cultural, deportiva, recreativa, etc. A continuaci\u00f3n os dejamos una muestra de las principales actividades en [&hellip;]","og_url":"https:\/\/trinidad.salesianos.edu\/ampa\/quehacemos\/","og_site_name":"Ampa Pedro Ricaldone","article_publisher":"https:\/\/m.facebook.com\/amparicaldone\/","article_modified_time":"2022-10-31T11:11:26+00:00","twitter_card":"summary_large_image","twitter_site":"@amparicaldone","twitter_misc":{"Tiempo de lectura":"1 minuto"},"schema":{"@context":"https:\/\/schema.org","@graph":[{"@type":"WebPage","@id":"https:\/\/trinidad.salesianos.edu\/ampa\/quehacemos\/","url":"https:\/\/trinidad.salesianos.edu\/ampa\/quehacemos\/","name":"Qu\u00e9 hacemos - Ampa Pedro Ricaldone","isPartOf":{"@id":"https:\/\/trinidad.salesianos.edu\/ampa\/#website"},"datePublished":"2022-10-25T19:39:37+00:00","dateModified":"2022-10-31T11:11:26+00:00","breadcrumb":{"@id":"https:\/\/trinidad.salesianos.edu\/ampa\/quehacemos\/#breadcrumb"},"inLanguage":"es","potentialAction":[{"@type":"ReadAction","target":["https:\/\/trinidad.salesianos.edu\/ampa\/quehacemos\/"]}]},{"@type":"BreadcrumbList","@id":"https:\/\/trinidad.salesianos.edu\/ampa\/quehacemos\/#breadcrumb","itemListElement":[{"@type":"ListItem","position":1,"name":"Portada","item":"https:\/\/trinidad.salesianos.edu\/ampa\/"},{"@type":"ListItem","position":2,"name":"Qu\u00e9 hacemos"}]},{"@type":"WebSite","@id":"https:\/\/trinidad.salesianos.edu\/ampa\/#website","url":"https:\/\/trinidad.salesianos.edu\/ampa\/","name":"Ampa Pedro Ricaldone","description":"P\u00e1gina oficial Ampa Pedro Ricaldone","publisher":{"@id":"https:\/\/trinidad.salesianos.edu\/ampa\/#organization"},"potentialAction":[{"@type":"SearchAction","target":{"@type":"EntryPoint","urlTemplate":"https:\/\/trinidad.salesianos.edu\/ampa\/?s={search_term_string}"},"query-input":{"@type":"PropertyValueSpecification","valueRequired":true,"valueName":"search_term_string"}}],"inLanguage":"es"},{"@type":"Organization","@id":"https:\/\/trinidad.salesianos.edu\/ampa\/#organization","name":"AMPA SALESIANOS TRINDAD PEDRO RICALDONE","url":"https:\/\/trinidad.salesianos.edu\/ampa\/","logo":{"@type":"ImageObject","inLanguage":"es","@id":"https:\/\/trinidad.salesianos.edu\/ampa\/#\/schema\/logo\/image\/","url":"https:\/\/trinidad.salesianos.edu\/ampa\/wp-content\/uploads\/sites\/15\/2020\/02\/logo_ampa_small_200.jpg","contentUrl":"https:\/\/trinidad.salesianos.edu\/ampa\/wp-content\/uploads\/sites\/15\/2020\/02\/logo_ampa_small_200.jpg","width":567,"height":310,"caption":"AMPA SALESIANOS TRINDAD PEDRO RICALDONE"},"image":{"@id":"https:\/\/trinidad.salesianos.edu\/ampa\/#\/schema\/logo\/image\/"},"sameAs":["https:\/\/m.facebook.com\/amparicaldone\/","https:\/\/x.com\/amparicaldone"]}]}},"_links":{"self":[{"href":"https:\/\/trinidad.salesianos.edu\/ampa\/wp-json\/wp\/v2\/pages\/9887","targetHints":{"allow":["GET"]}}],"collection":[{"href":"https:\/\/trinidad.salesianos.edu\/ampa\/wp-json\/wp\/v2\/pages"}],"about":[{"href":"https:\/\/trinidad.salesianos.edu\/ampa\/wp-json\/wp\/v2\/types\/page"}],"author":[{"embeddable":true,"href":"https:\/\/trinidad.salesianos.edu\/ampa\/wp-json\/wp\/v2\/users\/3"}],"replies":[{"embeddable":true,"href":"https:\/\/trinidad.salesianos.edu\/ampa\/wp-json\/wp\/v2\/comments?post=9887"}],"version-history":[{"count":17,"href":"https:\/\/trinidad.salesianos.edu\/ampa\/wp-json\/wp\/v2\/pages\/9887\/revisions"}],"predecessor-version":[{"id":9990,"href":"https:\/\/trinidad.salesianos.edu\/ampa\/wp-json\/wp\/v2\/pages\/9887\/revisions\/9990"}],"wp:attachment":[{"href":"https:\/\/trinidad.salesianos.edu\/ampa\/wp-json\/wp\/v2\/media?parent=9887"}],"curies":[{"name":"wp","href":"https:\/\/api.w.org\/{rel}","templated":true}]}}