
{"id":9477,"date":"2019-09-10T23:32:20","date_gmt":"2019-09-10T21:32:20","guid":{"rendered":"https:\/\/trinidad.salesianos.edu\/ampa\/?page_id=9477"},"modified":"2025-10-06T14:19:27","modified_gmt":"2025-10-06T12:19:27","slug":"agenda","status":"publish","type":"page","link":"https:\/\/trinidad.salesianos.edu\/ampa\/agenda\/","title":{"rendered":"Agenda"},"content":{"rendered":"<p>[et_pb_section fb_built=\u00bb1&#8243; fullwidth=\u00bbon\u00bb _builder_version=\u00bb4.18.1&#8243; _module_preset=\u00bbdefault\u00bb global_colors_info=\u00bb{}\u00bb][et_pb_fullwidth_header title=\u00bbAgenda\u00bb _builder_version=\u00bb4.18.1&#8243; _module_preset=\u00bbdefault\u00bb title_text_align=\u00bbright\u00bb title_font_size=\u00bb44px\u00bb content_font=\u00bbBad Script||||||||\u00bb content_text_align=\u00bbright\u00bb content_font_size=\u00bb35px\u00bb background_image=\u00bbhttps:\/\/trinidad.salesianos.edu\/ampa\/wp-content\/uploads\/sites\/15\/2022\/05\/encabezado_noticias_casa-min.png\u00bb content_line_height_tablet=\u00bb\u00bb content_line_height_phone=\u00bb1em\u00bb content_line_height_last_edited=\u00bbon|phone\u00bb title_text_shadow_style=\u00bbpreset1&#8243; global_colors_info=\u00bb{}\u00bb]<\/p>\n<p>Todas nuestras actividades est\u00e1n pensadas para ti<\/p>\n<p>[\/et_pb_fullwidth_header][\/et_pb_section][et_pb_section fb_built=\u00bb1&#8243; _builder_version=\u00bb4.18.0&#8243; _module_preset=\u00bbdefault\u00bb global_colors_info=\u00bb{}\u00bb][et_pb_row column_structure=\u00bb2_5,3_5&#8243; _builder_version=\u00bb4.18.0&#8243; _module_preset=\u00bbdefault\u00bb global_colors_info=\u00bb{}\u00bb][et_pb_column type=\u00bb2_5&#8243; _builder_version=\u00bb4.18.0&#8243; _module_preset=\u00bbdefault\u00bb global_colors_info=\u00bb{}\u00bb][et_pb_blurb title=\u00bbTALLERES CURSO 2025-26&#8243; url=\u00bb@ET-DC@eyJkeW5hbWljIjp0cnVlLCJjb250ZW50IjoicG9zdF9saW5rX3VybF9wYWdlIiwic2V0dGluZ3MiOnsicG9zdF9pZCI6Ijk5MDciLCJlbmFibGVfaHRtbCI6Im9mZiJ9fQ==@\u00bb content_max_width=\u00bb400px\u00bb _builder_version=\u00bb4.27.4&#8243; _dynamic_attributes=\u00bburl\u00bb _module_preset=\u00bbdefault\u00bb header_font_size=\u00bb37px\u00bb header_line_height=\u00bb1.3em\u00bb body_text_align=\u00bbleft\u00bb body_font_size=\u00bb19px\u00bb body_line_height=\u00bb1.8em\u00bb custom_margin=\u00bb4px||||false|false\u00bb custom_padding=\u00bb0px||||false|false\u00bb header_text_shadow_style=\u00bbpreset5&#8243; global_colors_info=\u00bb{}\u00bb]<\/p>\n<p>&nbsp;<\/p>\n<p>Para el pr\u00f3ximo<br \/>Curso 2025-26 nuestra AMPA ofrecer\u00e1<br \/>diversos talleres<br \/>con exclusivas ventajas<br \/>para nuestros Socios.<br \/>Inf\u00f3rmate en esta secci\u00f3n web.<\/p>\n<p>[\/et_pb_blurb][\/et_pb_column][et_pb_column type=\u00bb3_5&#8243; _builder_version=\u00bb4.18.0&#8243; _module_preset=\u00bbdefault\u00bb global_colors_info=\u00bb{}\u00bb][\/et_pb_column][\/et_pb_row][et_pb_row _builder_version=\u00bb4.22.1&#8243; _module_preset=\u00bbdefault\u00bb global_colors_info=\u00bb{}\u00bb][et_pb_column type=\u00bb4_4&#8243; _builder_version=\u00bb4.22.1&#8243; _module_preset=\u00bbdefault\u00bb global_colors_info=\u00bb{}\u00bb][\/et_pb_column][\/et_pb_row][et_pb_row _builder_version=\u00bb4.22.1&#8243; _module_preset=\u00bbdefault\u00bb global_colors_info=\u00bb{}\u00bb][et_pb_column type=\u00bb4_4&#8243; _builder_version=\u00bb4.22.1&#8243; _module_preset=\u00bbdefault\u00bb global_colors_info=\u00bb{}\u00bb][et_pb_image src=\u00bbhttps:\/\/trinidad.salesianos.edu\/ampa\/wp-content\/uploads\/sites\/15\/2025\/09\/confeccion_Flamenca_202526_red.jpg\u00bb title_text=\u00bbconfeccion_Flamenca_202526_red\u00bb align=\u00bbcenter\u00bb _builder_version=\u00bb4.27.4&#8243; _module_preset=\u00bbdefault\u00bb global_colors_info=\u00bb{}\u00bb][\/et_pb_image][et_pb_text _builder_version=\u00bb4.27.4&#8243; _module_preset=\u00bbdefault\u00bb text_font=\u00bb|600|||||||\u00bb text_text_color=\u00bb#FFFFFF\u00bb background_color=\u00bb#E02B20&#8243; custom_margin=\u00bb|0px|||false|false\u00bb custom_padding=\u00bb|||22px|false|false\u00bb link_option_url=\u00bbhttps:\/\/forms.gle\/etfPoiEHb9pqmQMt7&#8243; global_colors_info=\u00bb{}\u00bb]<\/p>\n<p>INSCRIPCI\u00d3N TALLER CONFECCI\u00d3N FLAMENCA CURSO 2.025-26<\/p>\n<p>[\/et_pb_text][et_pb_text _builder_version=\u00bb4.27.4&#8243; _dynamic_attributes=\u00bblink_option_url\u00bb _module_preset=\u00bbdefault\u00bb text_font=\u00bb|600|||||||\u00bb text_text_color=\u00bb#FFFFFF\u00bb background_color=\u00bb#E02B20&#8243; custom_margin=\u00bb|0px|||false|false\u00bb custom_padding=\u00bb||0px|22px|false|false\u00bb link_option_url=\u00bb@ET-DC@eyJkeW5hbWljIjp0cnVlLCJjb250ZW50IjoicG9zdF9saW5rX3VybF9hdHRhY2htZW50Iiwic2V0dGluZ3MiOnsicG9zdF9pZCI6IjEwNDEwIiwiZW5hYmxlX2h0bWwiOiJvZmYifX0=@\u00bb global_colors_info=\u00bb{}\u00bb]<\/p>\n<p>NORMAS TALLER CONFECCI\u00d3N FLAMENCA CURSO 2025-26<\/p>\n<p>[\/et_pb_text][\/et_pb_column][\/et_pb_row][et_pb_row _builder_version=\u00bb4.22.1&#8243; _module_preset=\u00bbdefault\u00bb global_colors_info=\u00bb{}\u00bb][et_pb_column type=\u00bb4_4&#8243; _builder_version=\u00bb4.22.1&#8243; _module_preset=\u00bbdefault\u00bb global_colors_info=\u00bb{}\u00bb][et_pb_image src=\u00bbhttps:\/\/trinidad.salesianos.edu\/ampa\/wp-content\/uploads\/sites\/15\/2025\/09\/guitarra_2526_redi.jpg\u00bb title_text=\u00bbguitarra_2526_redi\u00bb align=\u00bbcenter\u00bb _builder_version=\u00bb4.27.4&#8243; _module_preset=\u00bbdefault\u00bb global_colors_info=\u00bb{}\u00bb][\/et_pb_image][et_pb_text _builder_version=\u00bb4.27.4&#8243; _module_preset=\u00bbdefault\u00bb text_font=\u00bb|600|||||||\u00bb text_text_color=\u00bb#FFFFFF\u00bb background_color=\u00bb#E02B20&#8243; custom_padding=\u00bb|||22px|false|false\u00bb link_option_url=\u00bbhttps:\/\/forms.gle\/Jd1ppTAVTUhJT1d37&#8243; global_colors_info=\u00bb{}\u00bb]<\/p>\n<p>INSCRIPCI\u00d3N TALLER GUITARRA CURSO 2.025-26<\/p>\n<p>[\/et_pb_text][et_pb_text _builder_version=\u00bb4.27.4&#8243; _dynamic_attributes=\u00bblink_option_url\u00bb _module_preset=\u00bbdefault\u00bb text_font=\u00bb|600|||||||\u00bb text_text_color=\u00bb#FFFFFF\u00bb background_color=\u00bb#E02B20&#8243; custom_padding=\u00bb|||22px|false|false\u00bb link_option_url=\u00bb@ET-DC@eyJkeW5hbWljIjp0cnVlLCJjb250ZW50IjoicG9zdF9saW5rX3VybF9hdHRhY2htZW50Iiwic2V0dGluZ3MiOnsicG9zdF9pZCI6IjEwNDQ3IiwiZW5hYmxlX2h0bWwiOiJvZmYifX0=@\u00bb global_colors_info=\u00bb{}\u00bb]<\/p>\n<p>NORMAS TALLER GUITARRA CURSO 2.025-26<\/p>\n<p>[\/et_pb_text][\/et_pb_column][\/et_pb_row][et_pb_row _builder_version=\u00bb4.22.2&#8243; _module_preset=\u00bbdefault\u00bb global_colors_info=\u00bb{}\u00bb][et_pb_column type=\u00bb4_4&#8243; _builder_version=\u00bb4.22.2&#8243; _module_preset=\u00bbdefault\u00bb global_colors_info=\u00bb{}\u00bb][et_pb_image src=\u00bbhttps:\/\/trinidad.salesianos.edu\/ampa\/wp-content\/uploads\/sites\/15\/2025\/09\/defensa_personal_2526_redi.jpeg\u00bb title_text=\u00bbdefensa_personal_2526_redi\u00bb align=\u00bbcenter\u00bb _builder_version=\u00bb4.27.4&#8243; _module_preset=\u00bbdefault\u00bb global_colors_info=\u00bb{}\u00bb][\/et_pb_image][\/et_pb_column][\/et_pb_row][et_pb_row _builder_version=\u00bb4.27.4&#8243; _module_preset=\u00bbdefault\u00bb][et_pb_column _builder_version=\u00bb4.27.4&#8243; _module_preset=\u00bbdefault\u00bb type=\u00bb4_4&#8243;][et_pb_image src=\u00bbhttps:\/\/trinidad.salesianos.edu\/ampa\/wp-content\/uploads\/sites\/15\/2025\/10\/CARTEL_CORO_202526_redi.jpg\u00bb _builder_version=\u00bb4.27.4&#8243; _module_preset=\u00bbdefault\u00bb title_text=\u00bbCARTEL_CORO_202526_redi\u00bb hover_enabled=\u00bb0&#8243; sticky_enabled=\u00bb0&#8243; align=\u00bbcenter\u00bb][\/et_pb_image][\/et_pb_column][\/et_pb_row][et_pb_row _builder_version=\u00bb4.27.4&#8243; _module_preset=\u00bbdefault\u00bb][et_pb_column _builder_version=\u00bb4.27.4&#8243; _module_preset=\u00bbdefault\u00bb type=\u00bb4_4&#8243;][et_pb_text _builder_version=\u00bb4.27.4&#8243; _module_preset=\u00bbdefault\u00bb background_color=\u00bb#E02B20&#8243; text_font=\u00bb|600|||||||\u00bb text_text_color=\u00bb#FFFFFF\u00bb hover_enabled=\u00bb0&#8243; sticky_enabled=\u00bb0&#8243; custom_padding=\u00bb|||25px|false|false\u00bb link_option_url=\u00bb@ET-DC@eyJkeW5hbWljIjp0cnVlLCJjb250ZW50IjoicG9zdF9saW5rX3VybF9hdHRhY2htZW50Iiwic2V0dGluZ3MiOnsicG9zdF9pZCI6IjEwNDU4IiwiZW5hYmxlX2h0bWwiOiJvZmYifX0=@\u00bb _dynamic_attributes=\u00bblink_option_url\u00bb]<\/p>\n<p>NORMAS CORO A.M.P.A.<\/p>\n<p>[\/et_pb_text][\/et_pb_column][\/et_pb_row][et_pb_row _builder_version=\u00bb4.22.2&#8243; _module_preset=\u00bbdefault\u00bb global_colors_info=\u00bb{}\u00bb][et_pb_column type=\u00bb4_4&#8243; _builder_version=\u00bb4.22.2&#8243; _module_preset=\u00bbdefault\u00bb global_colors_info=\u00bb{}\u00bb][et_pb_image src=\u00bbhttps:\/\/trinidad.salesianos.edu\/ampa\/wp-content\/uploads\/sites\/15\/2025\/09\/intensivo_sevillanas_202526_redi.jpg\u00bb title_text=\u00bbintensivo_sevillanas_202526_redi\u00bb align=\u00bbcenter\u00bb _builder_version=\u00bb4.27.4&#8243; _module_preset=\u00bbdefault\u00bb global_colors_info=\u00bb{}\u00bb][\/et_pb_image][\/et_pb_column][\/et_pb_row][\/et_pb_section]<\/p>\n","protected":false},"excerpt":{"rendered":"<p>Todas nuestras actividades est\u00e1n pensadas para ti&nbsp; Para el pr\u00f3ximoCurso 2025-26 nuestra AMPA ofrecer\u00e1diversos tallerescon exclusivas ventajaspara nuestros Socios.Inf\u00f3rmate en esta secci\u00f3n web.INSCRIPCI\u00d3N TALLER CONFECCI\u00d3N FLAMENCA CURSO 2.025-26NORMAS TALLER CONFECCI\u00d3N FLAMENCA CURSO 2025-26INSCRIPCI\u00d3N TALLER GUITARRA CURSO 2.025-26NORMAS TALLER GUITARRA CURSO 2.025-26NORMAS CORO A.M.P.A.<\/p>\n","protected":false},"author":8,"featured_media":0,"parent":0,"menu_order":0,"comment_status":"closed","ping_status":"closed","template":"","meta":{"_et_pb_use_builder":"on","_et_pb_old_content":"","_et_gb_content_width":"","footnotes":""},"class_list":["post-9477","page","type-page","status-publish","hentry"],"yoast_head":"<!-- This site is optimized with the Yoast SEO plugin v27.4 - https:\/\/yoast.com\/product\/yoast-seo-wordpress\/ -->\n<title>Agenda - Ampa Pedro Ricaldone<\/title>\n<meta name=\"robots\" content=\"index, follow, max-snippet:-1, max-image-preview:large, max-video-preview:-1\" \/>\n<link rel=\"canonical\" href=\"https:\/\/trinidad.salesianos.edu\/ampa\/agenda\/\" \/>\n<meta property=\"og:locale\" content=\"es_ES\" \/>\n<meta property=\"og:type\" content=\"article\" \/>\n<meta property=\"og:title\" content=\"Agenda - Ampa Pedro Ricaldone\" \/>\n<meta property=\"og:description\" content=\"Todas nuestras actividades est\u00e1n pensadas para ti&nbsp; Para el pr\u00f3ximoCurso 2025-26 nuestra AMPA ofrecer\u00e1diversos tallerescon exclusivas ventajaspara nuestros Socios.Inf\u00f3rmate en esta secci\u00f3n web.INSCRIPCI\u00d3N TALLER CONFECCI\u00d3N FLAMENCA CURSO 2.025-26NORMAS TALLER CONFECCI\u00d3N FLAMENCA CURSO 2025-26INSCRIPCI\u00d3N TALLER GUITARRA CURSO 2.025-26NORMAS TALLER GUITARRA CURSO 2.025-26NORMAS CORO A.M.P.A.\" \/>\n<meta property=\"og:url\" content=\"https:\/\/trinidad.salesianos.edu\/ampa\/agenda\/\" \/>\n<meta property=\"og:site_name\" content=\"Ampa Pedro Ricaldone\" \/>\n<meta property=\"article:publisher\" content=\"https:\/\/m.facebook.com\/amparicaldone\/\" \/>\n<meta property=\"article:modified_time\" content=\"2025-10-06T12:19:27+00:00\" \/>\n<meta name=\"twitter:card\" content=\"summary_large_image\" \/>\n<meta name=\"twitter:site\" content=\"@amparicaldone\" \/>\n<meta name=\"twitter:label1\" content=\"Tiempo de lectura\" \/>\n\t<meta name=\"twitter:data1\" content=\"2 minutos\" \/>\n<script type=\"application\/ld+json\" class=\"yoast-schema-graph\">{\"@context\":\"https:\\\/\\\/schema.org\",\"@graph\":[{\"@type\":\"WebPage\",\"@id\":\"https:\\\/\\\/trinidad.salesianos.edu\\\/ampa\\\/agenda\\\/\",\"url\":\"https:\\\/\\\/trinidad.salesianos.edu\\\/ampa\\\/agenda\\\/\",\"name\":\"Agenda - Ampa Pedro Ricaldone\",\"isPartOf\":{\"@id\":\"https:\\\/\\\/trinidad.salesianos.edu\\\/ampa\\\/#website\"},\"datePublished\":\"2019-09-10T21:32:20+00:00\",\"dateModified\":\"2025-10-06T12:19:27+00:00\",\"breadcrumb\":{\"@id\":\"https:\\\/\\\/trinidad.salesianos.edu\\\/ampa\\\/agenda\\\/#breadcrumb\"},\"inLanguage\":\"es\",\"potentialAction\":[{\"@type\":\"ReadAction\",\"target\":[\"https:\\\/\\\/trinidad.salesianos.edu\\\/ampa\\\/agenda\\\/\"]}]},{\"@type\":\"BreadcrumbList\",\"@id\":\"https:\\\/\\\/trinidad.salesianos.edu\\\/ampa\\\/agenda\\\/#breadcrumb\",\"itemListElement\":[{\"@type\":\"ListItem\",\"position\":1,\"name\":\"Portada\",\"item\":\"https:\\\/\\\/trinidad.salesianos.edu\\\/ampa\\\/\"},{\"@type\":\"ListItem\",\"position\":2,\"name\":\"Agenda\"}]},{\"@type\":\"WebSite\",\"@id\":\"https:\\\/\\\/trinidad.salesianos.edu\\\/ampa\\\/#website\",\"url\":\"https:\\\/\\\/trinidad.salesianos.edu\\\/ampa\\\/\",\"name\":\"Ampa Pedro Ricaldone\",\"description\":\"P\u00e1gina oficial Ampa Pedro Ricaldone\",\"publisher\":{\"@id\":\"https:\\\/\\\/trinidad.salesianos.edu\\\/ampa\\\/#organization\"},\"potentialAction\":[{\"@type\":\"SearchAction\",\"target\":{\"@type\":\"EntryPoint\",\"urlTemplate\":\"https:\\\/\\\/trinidad.salesianos.edu\\\/ampa\\\/?s={search_term_string}\"},\"query-input\":{\"@type\":\"PropertyValueSpecification\",\"valueRequired\":true,\"valueName\":\"search_term_string\"}}],\"inLanguage\":\"es\"},{\"@type\":\"Organization\",\"@id\":\"https:\\\/\\\/trinidad.salesianos.edu\\\/ampa\\\/#organization\",\"name\":\"AMPA SALESIANOS TRINDAD PEDRO RICALDONE\",\"url\":\"https:\\\/\\\/trinidad.salesianos.edu\\\/ampa\\\/\",\"logo\":{\"@type\":\"ImageObject\",\"inLanguage\":\"es\",\"@id\":\"https:\\\/\\\/trinidad.salesianos.edu\\\/ampa\\\/#\\\/schema\\\/logo\\\/image\\\/\",\"url\":\"https:\\\/\\\/trinidad.salesianos.edu\\\/ampa\\\/wp-content\\\/uploads\\\/sites\\\/15\\\/2020\\\/02\\\/logo_ampa_small_200.jpg\",\"contentUrl\":\"https:\\\/\\\/trinidad.salesianos.edu\\\/ampa\\\/wp-content\\\/uploads\\\/sites\\\/15\\\/2020\\\/02\\\/logo_ampa_small_200.jpg\",\"width\":567,\"height\":310,\"caption\":\"AMPA SALESIANOS TRINDAD PEDRO RICALDONE\"},\"image\":{\"@id\":\"https:\\\/\\\/trinidad.salesianos.edu\\\/ampa\\\/#\\\/schema\\\/logo\\\/image\\\/\"},\"sameAs\":[\"https:\\\/\\\/m.facebook.com\\\/amparicaldone\\\/\",\"https:\\\/\\\/x.com\\\/amparicaldone\"]}]}<\/script>\n<!-- \/ Yoast SEO plugin. -->","yoast_head_json":{"title":"Agenda - Ampa Pedro Ricaldone","robots":{"index":"index","follow":"follow","max-snippet":"max-snippet:-1","max-image-preview":"max-image-preview:large","max-video-preview":"max-video-preview:-1"},"canonical":"https:\/\/trinidad.salesianos.edu\/ampa\/agenda\/","og_locale":"es_ES","og_type":"article","og_title":"Agenda - Ampa Pedro Ricaldone","og_description":"Todas nuestras actividades est\u00e1n pensadas para ti&nbsp; Para el pr\u00f3ximoCurso 2025-26 nuestra AMPA ofrecer\u00e1diversos tallerescon exclusivas ventajaspara nuestros Socios.Inf\u00f3rmate en esta secci\u00f3n web.INSCRIPCI\u00d3N TALLER CONFECCI\u00d3N FLAMENCA CURSO 2.025-26NORMAS TALLER CONFECCI\u00d3N FLAMENCA CURSO 2025-26INSCRIPCI\u00d3N TALLER GUITARRA CURSO 2.025-26NORMAS TALLER GUITARRA CURSO 2.025-26NORMAS CORO A.M.P.A.","og_url":"https:\/\/trinidad.salesianos.edu\/ampa\/agenda\/","og_site_name":"Ampa Pedro Ricaldone","article_publisher":"https:\/\/m.facebook.com\/amparicaldone\/","article_modified_time":"2025-10-06T12:19:27+00:00","twitter_card":"summary_large_image","twitter_site":"@amparicaldone","twitter_misc":{"Tiempo de lectura":"2 minutos"},"schema":{"@context":"https:\/\/schema.org","@graph":[{"@type":"WebPage","@id":"https:\/\/trinidad.salesianos.edu\/ampa\/agenda\/","url":"https:\/\/trinidad.salesianos.edu\/ampa\/agenda\/","name":"Agenda - Ampa Pedro Ricaldone","isPartOf":{"@id":"https:\/\/trinidad.salesianos.edu\/ampa\/#website"},"datePublished":"2019-09-10T21:32:20+00:00","dateModified":"2025-10-06T12:19:27+00:00","breadcrumb":{"@id":"https:\/\/trinidad.salesianos.edu\/ampa\/agenda\/#breadcrumb"},"inLanguage":"es","potentialAction":[{"@type":"ReadAction","target":["https:\/\/trinidad.salesianos.edu\/ampa\/agenda\/"]}]},{"@type":"BreadcrumbList","@id":"https:\/\/trinidad.salesianos.edu\/ampa\/agenda\/#breadcrumb","itemListElement":[{"@type":"ListItem","position":1,"name":"Portada","item":"https:\/\/trinidad.salesianos.edu\/ampa\/"},{"@type":"ListItem","position":2,"name":"Agenda"}]},{"@type":"WebSite","@id":"https:\/\/trinidad.salesianos.edu\/ampa\/#website","url":"https:\/\/trinidad.salesianos.edu\/ampa\/","name":"Ampa Pedro Ricaldone","description":"P\u00e1gina oficial Ampa Pedro Ricaldone","publisher":{"@id":"https:\/\/trinidad.salesianos.edu\/ampa\/#organization"},"potentialAction":[{"@type":"SearchAction","target":{"@type":"EntryPoint","urlTemplate":"https:\/\/trinidad.salesianos.edu\/ampa\/?s={search_term_string}"},"query-input":{"@type":"PropertyValueSpecification","valueRequired":true,"valueName":"search_term_string"}}],"inLanguage":"es"},{"@type":"Organization","@id":"https:\/\/trinidad.salesianos.edu\/ampa\/#organization","name":"AMPA SALESIANOS TRINDAD PEDRO RICALDONE","url":"https:\/\/trinidad.salesianos.edu\/ampa\/","logo":{"@type":"ImageObject","inLanguage":"es","@id":"https:\/\/trinidad.salesianos.edu\/ampa\/#\/schema\/logo\/image\/","url":"https:\/\/trinidad.salesianos.edu\/ampa\/wp-content\/uploads\/sites\/15\/2020\/02\/logo_ampa_small_200.jpg","contentUrl":"https:\/\/trinidad.salesianos.edu\/ampa\/wp-content\/uploads\/sites\/15\/2020\/02\/logo_ampa_small_200.jpg","width":567,"height":310,"caption":"AMPA SALESIANOS TRINDAD PEDRO RICALDONE"},"image":{"@id":"https:\/\/trinidad.salesianos.edu\/ampa\/#\/schema\/logo\/image\/"},"sameAs":["https:\/\/m.facebook.com\/amparicaldone\/","https:\/\/x.com\/amparicaldone"]}]}},"_links":{"self":[{"href":"https:\/\/trinidad.salesianos.edu\/ampa\/wp-json\/wp\/v2\/pages\/9477","targetHints":{"allow":["GET"]}}],"collection":[{"href":"https:\/\/trinidad.salesianos.edu\/ampa\/wp-json\/wp\/v2\/pages"}],"about":[{"href":"https:\/\/trinidad.salesianos.edu\/ampa\/wp-json\/wp\/v2\/types\/page"}],"author":[{"embeddable":true,"href":"https:\/\/trinidad.salesianos.edu\/ampa\/wp-json\/wp\/v2\/users\/8"}],"replies":[{"embeddable":true,"href":"https:\/\/trinidad.salesianos.edu\/ampa\/wp-json\/wp\/v2\/comments?post=9477"}],"version-history":[{"count":47,"href":"https:\/\/trinidad.salesianos.edu\/ampa\/wp-json\/wp\/v2\/pages\/9477\/revisions"}],"predecessor-version":[{"id":10460,"href":"https:\/\/trinidad.salesianos.edu\/ampa\/wp-json\/wp\/v2\/pages\/9477\/revisions\/10460"}],"wp:attachment":[{"href":"https:\/\/trinidad.salesianos.edu\/ampa\/wp-json\/wp\/v2\/media?parent=9477"}],"curies":[{"name":"wp","href":"https:\/\/api.w.org\/{rel}","templated":true}]}}